{"id":394668,"date":"2026-04-05T14:34:29","date_gmt":"2026-04-05T12:34:29","guid":{"rendered":"https:\/\/bogensportdiscount.ch\/produkt\/qad-armguard-sleeve-ultra-black\/"},"modified":"2026-04-15T12:56:08","modified_gmt":"2026-04-15T10:56:08","slug":"qad-armschutz-huelle-ultra-schwarz","status":"publish","type":"product","link":"https:\/\/bogensportdiscount.ch\/it\/prodotto\/qad-armschutz-huelle-ultra-schwarz\/","title":{"rendered":"QAD ARMGUARD SLEEVE ULTRA BLACK"},"content":{"rendered":"<p>Die QAD Armschutz-H\u00fclle Ultra ist eine praktische Aufbewahrungsl\u00f6sung f\u00fcr Armsch\u00fctzer im Bogensport. Die H\u00fclle in klassischem Schwarz ist auf den Einsatz mit Armschutzschienen ausgelegt und sch\u00fctzt diese zuverl\u00e4ssig vor Kratzern und Verschmutzungen.<\/p>\n<p>Geeignet f\u00fcr den Einsatz im Training und bei Wettk\u00e4mpfen, l\u00e4sst sich die H\u00fclle einfach auf- und abziehen. Sie eignet sich f\u00fcr Bogensch\u00fctzen, die ihren Armschutz sicher transportieren oder lagern m\u00f6chten.<\/p>\n<ul>\n<li>Schutzh\u00fclle f\u00fcr Armschienen<\/li>\n<li>Farbe: Schwarz<\/li>\n<li>Einfache Handhabung<\/li>\n<li>Von QAD, bekannt f\u00fcr Bogensport-Zubeh\u00f6r<\/li>\n<\/ul>","protected":false},"excerpt":{"rendered":"<p><strong>Marchio:<\/strong> QAD<br \/><strong>Farbe:<\/strong> Schwarz<br \/><strong>GTIN:<\/strong> 710504035902<\/p>","protected":false},"featured_media":444895,"comment_status":"open","ping_status":"closed","template":"","meta":[],"product_brand":[493],"product_cat":[4446],"product_tag":[3546],"class_list":{"0":"post-394668","1":"product","2":"type-product","3":"status-publish","4":"has-post-thumbnail","6":"product_brand-qad","7":"product_cat-armschutz-aermel","8":"product_tag-neuheit","10":"first","11":"instock","12":"shipping-taxable","13":"purchasable","14":"product-type-simple"},"_links":{"self":[{"href":"https:\/\/bogensportdiscount.ch\/it\/wp-json\/wp\/v2\/product\/394668","targetHints":{"allow":["GET"]}}],"collection":[{"href":"https:\/\/bogensportdiscount.ch\/it\/wp-json\/wp\/v2\/product"}],"about":[{"href":"https:\/\/bogensportdiscount.ch\/it\/wp-json\/wp\/v2\/types\/product"}],"replies":[{"embeddable":true,"href":"https:\/\/bogensportdiscount.ch\/it\/wp-json\/wp\/v2\/comments?post=394668"}],"wp:featuredmedia":[{"embeddable":true,"href":"https:\/\/bogensportdiscount.ch\/it\/wp-json\/wp\/v2\/media\/444895"}],"wp:attachment":[{"href":"https:\/\/bogensportdiscount.ch\/it\/wp-json\/wp\/v2\/media?parent=394668"}],"wp:term":[{"taxonomy":"product_brand","embeddable":true,"href":"https:\/\/bogensportdiscount.ch\/it\/wp-json\/wp\/v2\/product_brand?post=394668"},{"taxonomy":"product_cat","embeddable":true,"href":"https:\/\/bogensportdiscount.ch\/it\/wp-json\/wp\/v2\/product_cat?post=394668"},{"taxonomy":"product_tag","embeddable":true,"href":"https:\/\/bogensportdiscount.ch\/it\/wp-json\/wp\/v2\/product_tag?post=394668"}],"curies":[{"name":"wp","href":"https:\/\/api.w.org\/{rel}","templated":true}]}}