{"id":394666,"date":"2026-04-05T14:34:28","date_gmt":"2026-04-05T12:34:28","guid":{"rendered":"https:\/\/bogensportdiscount.ch\/produkt\/truglo-quiver-tectro-6-arrow-black\/"},"modified":"2026-04-15T12:56:08","modified_gmt":"2026-04-15T10:56:08","slug":"truglo-bogenkoecher-tectro-6-pfeil-schwarz","status":"publish","type":"product","link":"https:\/\/bogensportdiscount.ch\/it\/prodotto\/truglo-bogenkoecher-tectro-6-pfeil-schwarz\/","title":{"rendered":"TRUGLO FARETRA TECTRO\u2018 6 FRECCE \/ NERO"},"content":{"rendered":"<p>Der TRUGLO Tectro ist ein Bogenk\u00f6cher mit einer Kapazit\u00e4t von 6 Pfeilen. Er ist f\u00fcr Links- und Rechtsh\u00e4nder geeignet und in Schwarz gehalten.<\/p>\n<p>Der K\u00f6cher l\u00e4sst sich universell einsetzen und eignet sich f\u00fcr den Einsatz beim Training sowie im Feldbogenschiessen. Die beidh\u00e4ndige Ausf\u00fchrung macht ihn flexibel f\u00fcr verschiedene Sch\u00fctzen.<\/p>\n<ul>\n<li>Kapazit\u00e4t f\u00fcr 6 Pfeile<\/li>\n<li>Geeignet f\u00fcr Links- und Rechtsh\u00e4nder<\/li>\n<li>Farbe: Schwarz<\/li>\n<li>Prodotto negli Stati Uniti<\/li>\n<\/ul>","protected":false},"excerpt":{"rendered":"<table>\n<tr>\n<th>Propriet\u00e0<\/th>\n<th>Valore<\/th>\n<\/tr>\n<tr>\n<td>Marchio<\/td>\n<td>TRUGLO<\/td>\n<\/tr>\n<tr>\n<td>Mano<\/td>\n<td>Beidh\u00e4ndig<\/td>\n<\/tr>\n<tr>\n<td>Colore<\/td>\n<td>Schwarz<\/td>\n<\/tr>\n<tr>\n<td>Pfeilkapazit\u00e4t<\/td>\n<td>6 Pfeile<\/td>\n<\/tr>\n<tr>\n<td>Herkunftsland<\/td>\n<td>USA<\/td>\n<\/tr>\n<\/table>","protected":false},"featured_media":444904,"comment_status":"open","ping_status":"closed","template":"","meta":[],"product_brand":[560],"product_cat":[4163],"product_tag":[3546],"class_list":{"0":"post-394666","1":"product","2":"type-product","3":"status-publish","4":"has-post-thumbnail","6":"product_brand-truglo","7":"product_cat-anbaukoecher","8":"product_tag-neuheit","10":"first","11":"instock","12":"shipping-taxable","13":"purchasable","14":"product-type-simple"},"_links":{"self":[{"href":"https:\/\/bogensportdiscount.ch\/it\/wp-json\/wp\/v2\/product\/394666","targetHints":{"allow":["GET"]}}],"collection":[{"href":"https:\/\/bogensportdiscount.ch\/it\/wp-json\/wp\/v2\/product"}],"about":[{"href":"https:\/\/bogensportdiscount.ch\/it\/wp-json\/wp\/v2\/types\/product"}],"replies":[{"embeddable":true,"href":"https:\/\/bogensportdiscount.ch\/it\/wp-json\/wp\/v2\/comments?post=394666"}],"wp:featuredmedia":[{"embeddable":true,"href":"https:\/\/bogensportdiscount.ch\/it\/wp-json\/wp\/v2\/media\/444904"}],"wp:attachment":[{"href":"https:\/\/bogensportdiscount.ch\/it\/wp-json\/wp\/v2\/media?parent=394666"}],"wp:term":[{"taxonomy":"product_brand","embeddable":true,"href":"https:\/\/bogensportdiscount.ch\/it\/wp-json\/wp\/v2\/product_brand?post=394666"},{"taxonomy":"product_cat","embeddable":true,"href":"https:\/\/bogensportdiscount.ch\/it\/wp-json\/wp\/v2\/product_cat?post=394666"},{"taxonomy":"product_tag","embeddable":true,"href":"https:\/\/bogensportdiscount.ch\/it\/wp-json\/wp\/v2\/product_tag?post=394666"}],"curies":[{"name":"wp","href":"https:\/\/api.w.org\/{rel}","templated":true}]}}