{"id":394654,"date":"2026-04-05T14:34:25","date_gmt":"2026-04-05T12:34:25","guid":{"rendered":"https:\/\/bogensportdiscount.ch\/produkt\/axcel-weight-1-3oz-aluminum-1-25-dia-ball-shape-blue\/"},"modified":"2026-04-16T12:28:24","modified_gmt":"2026-04-16T10:28:24","slug":"axcel-stabilisatorgewicht-1-3oz-aluminium-kugelform-blau","status":"publish","type":"product","link":"https:\/\/bogensportdiscount.ch\/it\/prodotto\/axcel-stabilisatorgewicht-1-3oz-aluminium-kugelform-blau\/","title":{"rendered":"PESO DELL'ASSA 1,3 oz ALLUMINIO - \u00d8 1,25\u2033 FORMA A SFERA BLU"},"content":{"rendered":"<p>Das AXCEL Stabilisatorgewicht in Kugelform erm\u00f6glicht die gezielte Anpassung des Gewichtsverteilung am Bogenstabilisator. Mit einem Gewicht von 1.3 oz (ca. 37 g) und einem Durchmesser von 1.25&#8243; (ca. 32 mm) l\u00e4sst es sich pr\u00e4zise zur Balance-Abstimmung einsetzen.<\/p>\n<p>Die Ausf\u00fchrung in Aluminium sorgt f\u00fcr ein gutes Verh\u00e4ltnis zwischen Gewicht und Stabilit\u00e4t. Die blaue Farbe erm\u00f6glicht eine einfache Unterscheidung bei der Verwendung mehrerer Gewichte.<\/p>\n<ul>\n<li>Material: Aluminium<\/li>\n<li>Gewicht: 1.3 oz (ca. 37 g)<\/li>\n<li>Durchmesser: 1.25&#8243; (ca. 32 mm)<\/li>\n<li>Form: Kugel<\/li>\n<\/ul>","protected":false},"excerpt":{"rendered":"<p><strong>Marchio:<\/strong> Axcel<br \/><strong>Farbe:<\/strong> Blau<br \/><strong>Tipo:<\/strong> Ball weight<br \/><strong>Materiale:<\/strong> Aluminium<\/p>","protected":false},"featured_media":440595,"comment_status":"open","ping_status":"closed","template":"","meta":[],"product_brand":[467],"product_cat":[4199],"product_tag":[3546],"class_list":{"0":"post-394654","1":"product","2":"type-product","3":"status-publish","4":"has-post-thumbnail","6":"product_brand-axcel","7":"product_cat-gewichte-stabilisation","8":"product_tag-neuheit","10":"first","11":"instock","12":"shipping-taxable","13":"purchasable","14":"product-type-simple"},"_links":{"self":[{"href":"https:\/\/bogensportdiscount.ch\/it\/wp-json\/wp\/v2\/product\/394654","targetHints":{"allow":["GET"]}}],"collection":[{"href":"https:\/\/bogensportdiscount.ch\/it\/wp-json\/wp\/v2\/product"}],"about":[{"href":"https:\/\/bogensportdiscount.ch\/it\/wp-json\/wp\/v2\/types\/product"}],"replies":[{"embeddable":true,"href":"https:\/\/bogensportdiscount.ch\/it\/wp-json\/wp\/v2\/comments?post=394654"}],"wp:featuredmedia":[{"embeddable":true,"href":"https:\/\/bogensportdiscount.ch\/it\/wp-json\/wp\/v2\/media\/440595"}],"wp:attachment":[{"href":"https:\/\/bogensportdiscount.ch\/it\/wp-json\/wp\/v2\/media?parent=394654"}],"wp:term":[{"taxonomy":"product_brand","embeddable":true,"href":"https:\/\/bogensportdiscount.ch\/it\/wp-json\/wp\/v2\/product_brand?post=394654"},{"taxonomy":"product_cat","embeddable":true,"href":"https:\/\/bogensportdiscount.ch\/it\/wp-json\/wp\/v2\/product_cat?post=394654"},{"taxonomy":"product_tag","embeddable":true,"href":"https:\/\/bogensportdiscount.ch\/it\/wp-json\/wp\/v2\/product_tag?post=394654"}],"curies":[{"name":"wp","href":"https:\/\/api.w.org\/{rel}","templated":true}]}}