{"id":394647,"date":"2026-04-05T14:34:24","date_gmt":"2026-04-05T12:34:24","guid":{"rendered":"https:\/\/bogensportdiscount.ch\/produkt\/skylon-glue-in-points-for-arrows-23-id8-0-empros-bruxx-size-300-500-weight-180gr-exceeds-9-4mm-wa-limit-12-pk\/"},"modified":"2026-04-15T12:50:44","modified_gmt":"2026-04-15T10:50:44","slug":"skylon-einklebespitzen-pfeile-23-id80-empros-bruxx-300-500-180gr-12er-pack","status":"publish","type":"product","link":"https:\/\/bogensportdiscount.ch\/it\/prodotto\/skylon-einklebespitzen-pfeile-23-id80-empros-bruxx-300-500-180gr-12er-pack\/","title":{"rendered":"SKYLON PUNTI A COLLA PER FRECCE 23 \/ ID8.0 EMPROS\/BRUXX misura 300-500 peso 180gr ECCEDE LIMITE WA 9,4mm 12\/pz."},"content":{"rendered":"<p>Diese Einklebespitzen von SKYLON sind speziell f\u00fcr Carbonpfeile mit einem Innendurchmesser von 8.0 mm (Shaft-Gr\u00f6sse 23) konzipiert und passen zu den SKYLON-Modellen Empros und Bruxx in den Schaftgr\u00f6ssen 300 bis 500. Das Gewicht von 180 Grain macht sie geeignet f\u00fcr B\u00f6gen mit entsprechend st\u00e4rkerem Zuggewicht.<\/p>\n<p>Der Aussendurchmesser dieser Spitzen \u00fcberschreitet das offizielle WA-Limit von 9.4 mm, weshalb sie f\u00fcr WA-regulierte Wettk\u00e4mpfe nicht zugelassen sind. Sie eignen sich daher prim\u00e4r f\u00fcr Training, Feldbogen oder nicht-reglementierte Turniere.<\/p>\n<ul>\n<li>Innendurchmesser: 8.0 mm (passend f\u00fcr Shaft-Gr\u00f6sse 23)<\/li>\n<li>Kompatibel mit SKYLON Empros und Bruxx<\/li>\n<li>Gewicht: 180 Grain<\/li>\n<li>12 Spitzen pro Packung<\/li>\n<\/ul>","protected":false},"excerpt":{"rendered":"<p><strong>Marchio:<\/strong> Skylon<br \/><strong>Tipo:<\/strong> One-piece<br \/><strong>ID:<\/strong> 8<br \/><strong>Gewicht:<\/strong> 180<br \/><strong>GTIN:<\/strong> 6426022922993<\/p>","protected":false},"featured_media":440597,"comment_status":"open","ping_status":"closed","template":"","meta":[],"product_brand":[457],"product_cat":[4543],"product_tag":[3546],"class_list":{"0":"post-394647","1":"product","2":"type-product","3":"status-publish","4":"has-post-thumbnail","6":"product_brand-skylon","7":"product_cat-einklebe-spitzen-pfeil-komponenten","8":"product_tag-neuheit","10":"first","11":"instock","12":"shipping-taxable","13":"purchasable","14":"product-type-simple"},"_links":{"self":[{"href":"https:\/\/bogensportdiscount.ch\/it\/wp-json\/wp\/v2\/product\/394647","targetHints":{"allow":["GET"]}}],"collection":[{"href":"https:\/\/bogensportdiscount.ch\/it\/wp-json\/wp\/v2\/product"}],"about":[{"href":"https:\/\/bogensportdiscount.ch\/it\/wp-json\/wp\/v2\/types\/product"}],"replies":[{"embeddable":true,"href":"https:\/\/bogensportdiscount.ch\/it\/wp-json\/wp\/v2\/comments?post=394647"}],"wp:featuredmedia":[{"embeddable":true,"href":"https:\/\/bogensportdiscount.ch\/it\/wp-json\/wp\/v2\/media\/440597"}],"wp:attachment":[{"href":"https:\/\/bogensportdiscount.ch\/it\/wp-json\/wp\/v2\/media?parent=394647"}],"wp:term":[{"taxonomy":"product_brand","embeddable":true,"href":"https:\/\/bogensportdiscount.ch\/it\/wp-json\/wp\/v2\/product_brand?post=394647"},{"taxonomy":"product_cat","embeddable":true,"href":"https:\/\/bogensportdiscount.ch\/it\/wp-json\/wp\/v2\/product_cat?post=394647"},{"taxonomy":"product_tag","embeddable":true,"href":"https:\/\/bogensportdiscount.ch\/it\/wp-json\/wp\/v2\/product_tag?post=394647"}],"curies":[{"name":"wp","href":"https:\/\/api.w.org\/{rel}","templated":true}]}}