{"id":394645,"date":"2026-04-05T14:34:23","date_gmt":"2026-04-05T12:34:23","guid":{"rendered":"https:\/\/bogensportdiscount.ch\/produkt\/mathews-bow-quivers-q-lite-2pc-lh-realtree-edge\/"},"modified":"2026-04-15T12:50:05","modified_gmt":"2026-04-15T10:50:05","slug":"mathews-bogenkoecher-q-lite-2-teilig-lh-realtree-edge","status":"publish","type":"product","link":"https:\/\/bogensportdiscount.ch\/it\/prodotto\/mathews-bogenkoecher-q-lite-2-teilig-lh-realtree-edge\/","title":{"rendered":"MATHEWS QUIVERS Q-LITE 2 pezzi LH REALTREE EDGE"},"content":{"rendered":"<p>Der Mathews Q-Lite Bogenk\u00f6cher ist ein zweiteiliger K\u00f6cher, der direkt am Bogen montiert wird und speziell f\u00fcr Linksh\u00e4nder konzipiert ist. Er bietet Platz f\u00fcr bis zu 4 Pfeile und ist im Realtree Edge Camouflage-Muster erh\u00e4ltlich.<\/p>\n<p>Das leichte Design des Q-Lite sorgt f\u00fcr minimales Zusatzgewicht am Bogen, ohne dabei auf sicheren Pfeilhalt zu verzichten. Dank der zweiteiligen Konstruktion l\u00e4sst sich der K\u00f6cher einfach montieren und bei Bedarf abnehmen.<\/p>\n<ul>\n<li>Linksh\u00e4nder-Ausf\u00fchrung (LH)<\/li>\n<li>Kapazit\u00e4t f\u00fcr 4 Pfeile<\/li>\n<li>Realtree Edge Camouflage-Muster<\/li>\n<li>Prodotto negli Stati Uniti<\/li>\n<\/ul>","protected":false},"excerpt":{"rendered":"<table>\n<tr>\n<th>Propriet\u00e0<\/th>\n<th>Valore<\/th>\n<\/tr>\n<tr>\n<td>Marchio<\/td>\n<td>Mathews<\/td>\n<\/tr>\n<tr>\n<td>Mano<\/td>\n<td>Linksh\u00e4nder (LH)<\/td>\n<\/tr>\n<tr>\n<td>Colore<\/td>\n<td>Camo (Realtree Edge)<\/td>\n<\/tr>\n<tr>\n<td>Pfeilkapazit\u00e4t<\/td>\n<td>4 Pfeile<\/td>\n<\/tr>\n<tr>\n<td>Ausf\u00fchrung<\/td>\n<td>2-teilig<\/td>\n<\/tr>\n<tr>\n<td>Origine<\/td>\n<td>USA<\/td>\n<\/tr>\n<\/table>","protected":false},"featured_media":440601,"comment_status":"open","ping_status":"closed","template":"","meta":[],"product_brand":[427],"product_cat":[4163],"product_tag":[3546],"class_list":{"0":"post-394645","1":"product","2":"type-product","3":"status-publish","4":"has-post-thumbnail","6":"product_brand-mathews","7":"product_cat-anbaukoecher","8":"product_tag-neuheit","10":"first","11":"instock","12":"shipping-taxable","13":"purchasable","14":"product-type-simple"},"_links":{"self":[{"href":"https:\/\/bogensportdiscount.ch\/it\/wp-json\/wp\/v2\/product\/394645","targetHints":{"allow":["GET"]}}],"collection":[{"href":"https:\/\/bogensportdiscount.ch\/it\/wp-json\/wp\/v2\/product"}],"about":[{"href":"https:\/\/bogensportdiscount.ch\/it\/wp-json\/wp\/v2\/types\/product"}],"replies":[{"embeddable":true,"href":"https:\/\/bogensportdiscount.ch\/it\/wp-json\/wp\/v2\/comments?post=394645"}],"wp:featuredmedia":[{"embeddable":true,"href":"https:\/\/bogensportdiscount.ch\/it\/wp-json\/wp\/v2\/media\/440601"}],"wp:attachment":[{"href":"https:\/\/bogensportdiscount.ch\/it\/wp-json\/wp\/v2\/media?parent=394645"}],"wp:term":[{"taxonomy":"product_brand","embeddable":true,"href":"https:\/\/bogensportdiscount.ch\/it\/wp-json\/wp\/v2\/product_brand?post=394645"},{"taxonomy":"product_cat","embeddable":true,"href":"https:\/\/bogensportdiscount.ch\/it\/wp-json\/wp\/v2\/product_cat?post=394645"},{"taxonomy":"product_tag","embeddable":true,"href":"https:\/\/bogensportdiscount.ch\/it\/wp-json\/wp\/v2\/product_tag?post=394645"}],"curies":[{"name":"wp","href":"https:\/\/api.w.org\/{rel}","templated":true}]}}