{"id":394637,"date":"2026-04-05T14:34:21","date_gmt":"2026-04-05T12:34:21","guid":{"rendered":"https:\/\/bogensportdiscount.ch\/produkt\/nockturnal-lighted-nocks-x-bow-launchpad-green-3pk\/"},"modified":"2026-04-19T11:43:06","modified_gmt":"2026-04-19T09:43:06","slug":"nockturnal-leuchtnocke-x-bow-launchpad-gruen-3er-pack","status":"publish","type":"product","link":"https:\/\/bogensportdiscount.ch\/it\/prodotto\/nockturnal-leuchtnocke-x-bow-launchpad-gruen-3er-pack\/","title":{"rendered":"NOCKTURNAL LEUCHTNOCKEN X-BOW LAUNCHPAD GRUEN 3PK"},"content":{"rendered":"<p>Le nocche luminose NOCKTURNAL X-Bow Launchpad sono state sviluppate per l'uso con frecce da balestra. Il colore luminoso verde garantisce una buona visibilit\u00e0 della traiettoria della freccia dopo lo sparo, il che \u00e8 particolarmente vantaggioso durante la caccia e in condizioni di scarsa illuminazione.<\/p>\n<p>Il design Launchpad \u00e8 adattato alle esigenze specifiche delle frecce da balestra. Le nocche si attivano autonomamente al momento dello sparo e si spengono automaticamente dopo l'impatto, preservando cos\u00ec la batteria.<\/p>\n<ul>\n<li>Specificamente progettato per frecce da balestra (X-Bow)<\/li>\n<li>Attivazione automatica allo scocco<\/li>\n<li>Colore luminoso verde per una buona visibilit\u00e0<\/li>\n<li>Contenuto della confezione: 3 pezzi<\/li>\n<\/ul>","protected":false},"excerpt":{"rendered":"<p><strong>Marchio:<\/strong> Nockturnal<br \/><strong>Colore:<\/strong> Verde<br \/><strong>GTIN:<\/strong> 818322012461<\/p>","protected":false},"featured_media":516858,"comment_status":"open","ping_status":"closed","template":"","meta":[],"product_brand":[589],"product_cat":[4254],"product_tag":[3546],"class_list":{"0":"post-394637","1":"product","2":"type-product","3":"status-publish","4":"has-post-thumbnail","6":"product_brand-nockturnal","7":"product_cat-leuchtnocken-vanes-nocks-wraps","8":"product_tag-neuheit","10":"first","11":"instock","12":"shipping-taxable","13":"purchasable","14":"product-type-simple"},"yoast_head":"<!-- This site is optimized with the Yoast SEO plugin v27.4 - https:\/\/yoast.com\/product\/yoast-seo-wordpress\/ -->\n<title>NOCKTURNAL LEUCHTNOCKEN X-BOW LAUNCHPAD GRUEN 3PK - Bogensportdiscount \u2013 B\u00f6gen, Pfeile, Targets &amp; Zubeh\u00f6r<\/title>\n<meta name=\"robots\" content=\"noindex, follow, max-snippet:-1, max-image-preview:large, max-video-preview:-1\" \/>\n<meta property=\"og:locale\" content=\"it_IT\" \/>\n<meta property=\"og:type\" content=\"article\" \/>\n<meta property=\"og:title\" content=\"NOCKTURNAL LEUCHTNOCKEN X-BOW LAUNCHPAD GRUEN 3PK - Bogensportdiscount \u2013 B\u00f6gen, Pfeile, Targets &amp; Zubeh\u00f6r\" \/>\n<meta property=\"og:description\" content=\"Marke: NockturnalFarbe: Gr\u00fcnGTIN: 818322012461\" \/>\n<meta property=\"og:url\" content=\"https:\/\/bogensportdiscount.ch\/it\/prodotto\/nockturnal-leuchtnocke-x-bow-launchpad-gruen-3er-pack\/\" \/>\n<meta property=\"og:site_name\" content=\"Bogensportdiscount \u2013 B\u00f6gen, Pfeile, Targets &amp; Zubeh\u00f6r\" \/>\n<meta property=\"article:modified_time\" content=\"2026-04-19T09:43:06+00:00\" \/>\n<meta property=\"og:image\" content=\"https:\/\/bogensportdiscount.ch\/wp-content\/uploads\/bsm-images\/A034115_1.png\" \/>\n\t<meta property=\"og:image:width\" content=\"998\" \/>\n\t<meta property=\"og:image:height\" content=\"887\" \/>\n\t<meta property=\"og:image:type\" content=\"image\/png\" \/>\n<meta name=\"twitter:card\" content=\"summary_large_image\" \/>\n<script type=\"application\/ld+json\" class=\"yoast-schema-graph\">{\"@context\":\"https:\\\/\\\/schema.org\",\"@graph\":[{\"@type\":\"WebPage\",\"@id\":\"https:\\\/\\\/bogensportdiscount.ch\\\/it\\\/prodotto\\\/nockturnal-leuchtnocke-x-bow-launchpad-gruen-3er-pack\\\/\",\"url\":\"https:\\\/\\\/bogensportdiscount.ch\\\/it\\\/prodotto\\\/nockturnal-leuchtnocke-x-bow-launchpad-gruen-3er-pack\\\/\",\"name\":\"NOCKTURNAL LEUCHTNOCKEN X-BOW LAUNCHPAD GRUEN 3PK - Bogensportdiscount \u2013 B\u00f6gen, Pfeile, Targets &amp; Zubeh\u00f6r\",\"isPartOf\":{\"@id\":\"https:\\\/\\\/bogensportdiscount.ch\\\/#website\"},\"primaryImageOfPage\":{\"@id\":\"https:\\\/\\\/bogensportdiscount.ch\\\/it\\\/prodotto\\\/nockturnal-leuchtnocke-x-bow-launchpad-gruen-3er-pack\\\/#primaryimage\"},\"image\":{\"@id\":\"https:\\\/\\\/bogensportdiscount.ch\\\/it\\\/prodotto\\\/nockturnal-leuchtnocke-x-bow-launchpad-gruen-3er-pack\\\/#primaryimage\"},\"thumbnailUrl\":\"https:\\\/\\\/bogensportdiscount.ch\\\/wp-content\\\/uploads\\\/bsm-images\\\/A034115_1.png\",\"datePublished\":\"2026-04-05T12:34:21+00:00\",\"dateModified\":\"2026-04-19T09:43:06+00:00\",\"breadcrumb\":{\"@id\":\"https:\\\/\\\/bogensportdiscount.ch\\\/it\\\/prodotto\\\/nockturnal-leuchtnocke-x-bow-launchpad-gruen-3er-pack\\\/#breadcrumb\"},\"inLanguage\":\"it-IT\",\"potentialAction\":[{\"@type\":\"ReadAction\",\"target\":[\"https:\\\/\\\/bogensportdiscount.ch\\\/it\\\/prodotto\\\/nockturnal-leuchtnocke-x-bow-launchpad-gruen-3er-pack\\\/\"]}]},{\"@type\":\"ImageObject\",\"inLanguage\":\"it-IT\",\"@id\":\"https:\\\/\\\/bogensportdiscount.ch\\\/it\\\/prodotto\\\/nockturnal-leuchtnocke-x-bow-launchpad-gruen-3er-pack\\\/#primaryimage\",\"url\":\"https:\\\/\\\/bogensportdiscount.ch\\\/wp-content\\\/uploads\\\/bsm-images\\\/A034115_1.png\",\"contentUrl\":\"https:\\\/\\\/bogensportdiscount.ch\\\/wp-content\\\/uploads\\\/bsm-images\\\/A034115_1.png\",\"width\":998,\"height\":887},{\"@type\":\"BreadcrumbList\",\"@id\":\"https:\\\/\\\/bogensportdiscount.ch\\\/it\\\/prodotto\\\/nockturnal-leuchtnocke-x-bow-launchpad-gruen-3er-pack\\\/#breadcrumb\",\"itemListElement\":[{\"@type\":\"ListItem\",\"position\":1,\"name\":\"Home\",\"item\":\"https:\\\/\\\/bogensportdiscount.ch\\\/\"},{\"@type\":\"ListItem\",\"position\":2,\"name\":\"Shop\",\"item\":\"https:\\\/\\\/bogensportdiscount.ch\\\/shop\\\/\"},{\"@type\":\"ListItem\",\"position\":3,\"name\":\"NOCKTURNAL LEUCHTNOCKEN X-BOW LAUNCHPAD GRUEN 3PK\"}]},{\"@type\":\"WebSite\",\"@id\":\"https:\\\/\\\/bogensportdiscount.ch\\\/#website\",\"url\":\"https:\\\/\\\/bogensportdiscount.ch\\\/\",\"name\":\"Bogensportdiscount\",\"description\":\"\",\"potentialAction\":[{\"@type\":\"SearchAction\",\"target\":{\"@type\":\"EntryPoint\",\"urlTemplate\":\"https:\\\/\\\/bogensportdiscount.ch\\\/?s={search_term_string}\"},\"query-input\":{\"@type\":\"PropertyValueSpecification\",\"valueRequired\":true,\"valueName\":\"search_term_string\"}}],\"inLanguage\":\"it-IT\"}]}<\/script>\n<!-- \/ Yoast SEO plugin. -->","yoast_head_json":{"title":"NOCKTURNAL LEUCHTNOCKEN X-BOW LAUNCHPAD GRUEN 3PK - Bogensportdiscount \u2013 B\u00f6gen, Pfeile, Targets &amp; Zubeh\u00f6r","robots":{"index":"noindex","follow":"follow","max-snippet":"max-snippet:-1","max-image-preview":"max-image-preview:large","max-video-preview":"max-video-preview:-1"},"og_locale":"it_IT","og_type":"article","og_title":"NOCKTURNAL LEUCHTNOCKEN X-BOW LAUNCHPAD GRUEN 3PK - Bogensportdiscount \u2013 B\u00f6gen, Pfeile, Targets &amp; Zubeh\u00f6r","og_description":"Marke: NockturnalFarbe: Gr\u00fcnGTIN: 818322012461","og_url":"https:\/\/bogensportdiscount.ch\/it\/prodotto\/nockturnal-leuchtnocke-x-bow-launchpad-gruen-3er-pack\/","og_site_name":"Bogensportdiscount \u2013 B\u00f6gen, Pfeile, Targets &amp; Zubeh\u00f6r","article_modified_time":"2026-04-19T09:43:06+00:00","og_image":[{"width":998,"height":887,"url":"https:\/\/bogensportdiscount.ch\/wp-content\/uploads\/bsm-images\/A034115_1.png","type":"image\/png"}],"twitter_card":"summary_large_image","schema":{"@context":"https:\/\/schema.org","@graph":[{"@type":"WebPage","@id":"https:\/\/bogensportdiscount.ch\/it\/prodotto\/nockturnal-leuchtnocke-x-bow-launchpad-gruen-3er-pack\/","url":"https:\/\/bogensportdiscount.ch\/it\/prodotto\/nockturnal-leuchtnocke-x-bow-launchpad-gruen-3er-pack\/","name":"NOCKTURNAL LEUCHTNOCKEN X-BOW LAUNCHPAD GRUEN 3PK - Bogensportdiscount \u2013 B\u00f6gen, Pfeile, Targets &amp; Zubeh\u00f6r","isPartOf":{"@id":"https:\/\/bogensportdiscount.ch\/#website"},"primaryImageOfPage":{"@id":"https:\/\/bogensportdiscount.ch\/it\/prodotto\/nockturnal-leuchtnocke-x-bow-launchpad-gruen-3er-pack\/#primaryimage"},"image":{"@id":"https:\/\/bogensportdiscount.ch\/it\/prodotto\/nockturnal-leuchtnocke-x-bow-launchpad-gruen-3er-pack\/#primaryimage"},"thumbnailUrl":"https:\/\/bogensportdiscount.ch\/wp-content\/uploads\/bsm-images\/A034115_1.png","datePublished":"2026-04-05T12:34:21+00:00","dateModified":"2026-04-19T09:43:06+00:00","breadcrumb":{"@id":"https:\/\/bogensportdiscount.ch\/it\/prodotto\/nockturnal-leuchtnocke-x-bow-launchpad-gruen-3er-pack\/#breadcrumb"},"inLanguage":"it-IT","potentialAction":[{"@type":"ReadAction","target":["https:\/\/bogensportdiscount.ch\/it\/prodotto\/nockturnal-leuchtnocke-x-bow-launchpad-gruen-3er-pack\/"]}]},{"@type":"ImageObject","inLanguage":"it-IT","@id":"https:\/\/bogensportdiscount.ch\/it\/prodotto\/nockturnal-leuchtnocke-x-bow-launchpad-gruen-3er-pack\/#primaryimage","url":"https:\/\/bogensportdiscount.ch\/wp-content\/uploads\/bsm-images\/A034115_1.png","contentUrl":"https:\/\/bogensportdiscount.ch\/wp-content\/uploads\/bsm-images\/A034115_1.png","width":998,"height":887},{"@type":"BreadcrumbList","@id":"https:\/\/bogensportdiscount.ch\/it\/prodotto\/nockturnal-leuchtnocke-x-bow-launchpad-gruen-3er-pack\/#breadcrumb","itemListElement":[{"@type":"ListItem","position":1,"name":"Home","item":"https:\/\/bogensportdiscount.ch\/"},{"@type":"ListItem","position":2,"name":"Shop","item":"https:\/\/bogensportdiscount.ch\/shop\/"},{"@type":"ListItem","position":3,"name":"NOCKTURNAL LEUCHTNOCKEN X-BOW LAUNCHPAD GRUEN 3PK"}]},{"@type":"WebSite","@id":"https:\/\/bogensportdiscount.ch\/#website","url":"https:\/\/bogensportdiscount.ch\/","name":"Bogensportdiscount","description":"","potentialAction":[{"@type":"SearchAction","target":{"@type":"EntryPoint","urlTemplate":"https:\/\/bogensportdiscount.ch\/?s={search_term_string}"},"query-input":{"@type":"PropertyValueSpecification","valueRequired":true,"valueName":"search_term_string"}}],"inLanguage":"it-IT"}]}},"_links":{"self":[{"href":"https:\/\/bogensportdiscount.ch\/it\/wp-json\/wp\/v2\/product\/394637","targetHints":{"allow":["GET"]}}],"collection":[{"href":"https:\/\/bogensportdiscount.ch\/it\/wp-json\/wp\/v2\/product"}],"about":[{"href":"https:\/\/bogensportdiscount.ch\/it\/wp-json\/wp\/v2\/types\/product"}],"replies":[{"embeddable":true,"href":"https:\/\/bogensportdiscount.ch\/it\/wp-json\/wp\/v2\/comments?post=394637"}],"wp:featuredmedia":[{"embeddable":true,"href":"https:\/\/bogensportdiscount.ch\/it\/wp-json\/wp\/v2\/media\/516858"}],"wp:attachment":[{"href":"https:\/\/bogensportdiscount.ch\/it\/wp-json\/wp\/v2\/media?parent=394637"}],"wp:term":[{"taxonomy":"product_brand","embeddable":true,"href":"https:\/\/bogensportdiscount.ch\/it\/wp-json\/wp\/v2\/product_brand?post=394637"},{"taxonomy":"product_cat","embeddable":true,"href":"https:\/\/bogensportdiscount.ch\/it\/wp-json\/wp\/v2\/product_cat?post=394637"},{"taxonomy":"product_tag","embeddable":true,"href":"https:\/\/bogensportdiscount.ch\/it\/wp-json\/wp\/v2\/product_tag?post=394637"}],"curies":[{"name":"wp","href":"https:\/\/api.w.org\/{rel}","templated":true}]}}