{"id":394592,"date":"2026-04-05T14:34:11","date_gmt":"2026-04-05T12:34:11","guid":{"rendered":"https:\/\/bogensportdiscount.ch\/produkt\/spothogg-hunting-3d-sights-hogg-father-mrt-3-pin-019-micro-lh-blk\/"},"modified":"2026-04-15T12:37:25","modified_gmt":"2026-04-15T10:37:25","slug":"spothogg-compound-jagd-3d-visier-hogg-father-mrt-3-pin-019-micro-lh-schwarz","status":"publish","type":"product","link":"https:\/\/bogensportdiscount.ch\/it\/prodotto\/spothogg-compound-jagd-3d-visier-hogg-father-mrt-3-pin-019-micro-lh-schwarz\/","title":{"rendered":"MIRINO SPOTHOGG HUNTING &amp; 3D HOGG-FATHER MRT \/ 3 PIN .019\u2033 MICRO LH BLK"},"content":{"rendered":"<p>Das SPOTHOGG Hogg-Father MRT ist ein robustes Compound-Visier, das speziell f\u00fcr den Einsatz bei der Jagd und im 3D-Bogensport entwickelt wurde. Die Linkshand-Version (LH) richtet sich an Linksh\u00e4nder-Sch\u00fctzen und bietet mit dem 3-Pin-Setup eine klare Entfernungsaufteilung f\u00fcr unterschiedliche Schiessabst\u00e4nde.<\/p>\n<p>Der Micro-Verstellmechanismus (MRT) erm\u00f6glicht eine feinf\u00fchlige Ausrichtung des Visiers in alle Richtungen. Die Pins mit .019&#8243; Durchmesser sorgen f\u00fcr eine gute Sicht bei wechselnden Lichtverh\u00e4ltnissen, wie sie im Jagdeinsatz typisch sind.<\/p>\n<ul>\n<li>3 Pins mit .019&#8243; Durchmesser<\/li>\n<li>Micro-Einstellung (MRT) f\u00fcr pr\u00e4zise Ausrichtung<\/li>\n<li>Linksh\u00e4nder-Ausf\u00fchrung (LH)<\/li>\n<li>Ausf\u00fchrung in Schwarz, geeignet f\u00fcr Jagd und 3D-Bogensport<\/li>\n<\/ul>","protected":false},"excerpt":{"rendered":"<p><strong>Marchio:<\/strong> Spot-Hogg<br \/><strong>LH\/RH:<\/strong> LH<br \/><strong>Farbe:<\/strong> Schwarz<br \/><strong>Tipo:<\/strong> Extension mount<br \/><strong>Pin count:<\/strong> 3<br \/><strong>Pin size:<\/strong> 019<\/p>","protected":false},"featured_media":452428,"comment_status":"open","ping_status":"closed","template":"","meta":[],"product_brand":[538],"product_cat":[4263],"product_tag":[3546],"class_list":{"0":"post-394592","1":"product","2":"type-product","3":"status-publish","4":"has-post-thumbnail","6":"product_brand-spothogg","7":"product_cat-jagd-und-3d-visiere","8":"product_tag-neuheit","10":"first","11":"instock","12":"shipping-taxable","13":"purchasable","14":"product-type-simple"},"_links":{"self":[{"href":"https:\/\/bogensportdiscount.ch\/it\/wp-json\/wp\/v2\/product\/394592","targetHints":{"allow":["GET"]}}],"collection":[{"href":"https:\/\/bogensportdiscount.ch\/it\/wp-json\/wp\/v2\/product"}],"about":[{"href":"https:\/\/bogensportdiscount.ch\/it\/wp-json\/wp\/v2\/types\/product"}],"replies":[{"embeddable":true,"href":"https:\/\/bogensportdiscount.ch\/it\/wp-json\/wp\/v2\/comments?post=394592"}],"wp:featuredmedia":[{"embeddable":true,"href":"https:\/\/bogensportdiscount.ch\/it\/wp-json\/wp\/v2\/media\/452428"}],"wp:attachment":[{"href":"https:\/\/bogensportdiscount.ch\/it\/wp-json\/wp\/v2\/media?parent=394592"}],"wp:term":[{"taxonomy":"product_brand","embeddable":true,"href":"https:\/\/bogensportdiscount.ch\/it\/wp-json\/wp\/v2\/product_brand?post=394592"},{"taxonomy":"product_cat","embeddable":true,"href":"https:\/\/bogensportdiscount.ch\/it\/wp-json\/wp\/v2\/product_cat?post=394592"},{"taxonomy":"product_tag","embeddable":true,"href":"https:\/\/bogensportdiscount.ch\/it\/wp-json\/wp\/v2\/product_tag?post=394592"}],"curies":[{"name":"wp","href":"https:\/\/api.w.org\/{rel}","templated":true}]}}