{"id":394591,"date":"2026-04-05T14:34:10","date_gmt":"2026-04-05T12:34:10","guid":{"rendered":"https:\/\/bogensportdiscount.ch\/produkt\/spothogg-hunting-3d-sights-fast-eddie-xl-mrt-3-pin-019-micro-lh-black\/"},"modified":"2026-04-15T12:37:22","modified_gmt":"2026-04-15T10:37:22","slug":"spothogg-jagd-3d-visier-fast-eddie-xl-mrt-3-pin-019-micro-lh-schwarz","status":"publish","type":"product","link":"https:\/\/bogensportdiscount.ch\/it\/prodotto\/spothogg-jagd-3d-visier-fast-eddie-xl-mrt-3-pin-019-micro-lh-schwarz\/","title":{"rendered":"MIRINO SPOTHOGG CACCIA E 3D FAST EDDIE XL MRT \/ 3 PIN .019\u2033 MICRO LH NERO"},"content":{"rendered":"<p>Das SPOTHOGG Fast Eddie XL MRT ist ein Jagd- und 3D-Visier f\u00fcr Compound-B\u00f6gen, ausgef\u00fchrt in der Linksh\u00e4nder-Version (LH) in Schwarz. Es ist mit einem Extension Mount ausgestattet, der eine flexible Positionierung des Visiers am Bogen erm\u00f6glicht.<\/p>\n<p>Das Visier verf\u00fcgt \u00fcber 3 Pins mit einem Durchmesser von .019&#8243; (Micro), die eine pr\u00e4zise Zielpunktdefinition bei unterschiedlichen Entfernungen erlauben. Die feine Pin-Gr\u00f6sse eignet sich besonders f\u00fcr helles Licht und pr\u00e4zise Anwendungen im 3D-Sport sowie auf der Jagd.<\/p>\n<ul>\n<li>3-Pin-Konfiguration mit .019&#8243; Micro-Pins<\/li>\n<li>Extension Mount f\u00fcr flexible Visierpositionierung<\/li>\n<li>Linksh\u00e4nder-Ausf\u00fchrung (LH)<\/li>\n<li>Herstellung in den USA<\/li>\n<\/ul>","protected":false},"excerpt":{"rendered":"<table>\n<tr>\n<th>Propriet\u00e0<\/th>\n<th>Valore<\/th>\n<\/tr>\n<tr>\n<td>Marchio<\/td>\n<td>Spot-Hogg<\/td>\n<\/tr>\n<tr>\n<td>Links-\/Rechtshand<\/td>\n<td>Linksh\u00e4nder (LH)<\/td>\n<\/tr>\n<tr>\n<td>Colore<\/td>\n<td>Schwarz<\/td>\n<\/tr>\n<tr>\n<td>Tipo<\/td>\n<td>Extension Mount<\/td>\n<\/tr>\n<tr>\n<td>Anzahl Pins<\/td>\n<td>3<\/td>\n<\/tr>\n<tr>\n<td>Pin-Durchmesser<\/td>\n<td>.019&#8243;<\/td>\n<\/tr>\n<tr>\n<td>Herkunftsland<\/td>\n<td>USA<\/td>\n<\/tr>\n<\/table>","protected":false},"featured_media":452427,"comment_status":"open","ping_status":"closed","template":"","meta":[],"product_brand":[538],"product_cat":[4263],"product_tag":[3546],"class_list":{"0":"post-394591","1":"product","2":"type-product","3":"status-publish","4":"has-post-thumbnail","6":"product_brand-spothogg","7":"product_cat-jagd-und-3d-visiere","8":"product_tag-neuheit","10":"first","11":"instock","12":"shipping-taxable","13":"purchasable","14":"product-type-simple"},"_links":{"self":[{"href":"https:\/\/bogensportdiscount.ch\/it\/wp-json\/wp\/v2\/product\/394591","targetHints":{"allow":["GET"]}}],"collection":[{"href":"https:\/\/bogensportdiscount.ch\/it\/wp-json\/wp\/v2\/product"}],"about":[{"href":"https:\/\/bogensportdiscount.ch\/it\/wp-json\/wp\/v2\/types\/product"}],"replies":[{"embeddable":true,"href":"https:\/\/bogensportdiscount.ch\/it\/wp-json\/wp\/v2\/comments?post=394591"}],"wp:featuredmedia":[{"embeddable":true,"href":"https:\/\/bogensportdiscount.ch\/it\/wp-json\/wp\/v2\/media\/452427"}],"wp:attachment":[{"href":"https:\/\/bogensportdiscount.ch\/it\/wp-json\/wp\/v2\/media?parent=394591"}],"wp:term":[{"taxonomy":"product_brand","embeddable":true,"href":"https:\/\/bogensportdiscount.ch\/it\/wp-json\/wp\/v2\/product_brand?post=394591"},{"taxonomy":"product_cat","embeddable":true,"href":"https:\/\/bogensportdiscount.ch\/it\/wp-json\/wp\/v2\/product_cat?post=394591"},{"taxonomy":"product_tag","embeddable":true,"href":"https:\/\/bogensportdiscount.ch\/it\/wp-json\/wp\/v2\/product_tag?post=394591"}],"curies":[{"name":"wp","href":"https:\/\/api.w.org\/{rel}","templated":true}]}}