{"id":394589,"date":"2026-04-05T14:34:10","date_gmt":"2026-04-05T12:34:10","guid":{"rendered":"https:\/\/bogensportdiscount.ch\/produkt\/blackgold-hunting-3d-sights-ascent-verdict-single-pin-019-micro-rh-blk\/"},"modified":"2026-04-16T13:28:31","modified_gmt":"2026-04-16T11:28:31","slug":"blackgold-compound-jagd-3d-visier-ascent-verdict-single-pin-019-mikro-rh-schwarz","status":"publish","type":"product","link":"https:\/\/bogensportdiscount.ch\/it\/prodotto\/blackgold-compound-jagd-3d-visier-ascent-verdict-single-pin-019-mikro-rh-schwarz\/","title":{"rendered":"BLACKGOLD HUNTING &amp; 3D SIGHTS ASCENT VERDICT \/ SINGLE PIN .019\u2033 MICRO RH BLK"},"content":{"rendered":"<p>Das BLACKGOLD Ascent Verdict ist ein Compound-Visier aus dem Jagd- und 3D-Segment. Als Single-Pin-Visier bietet es eine klare, ungest\u00f6rte Sicht auf das Ziel und eignet sich f\u00fcr Situationen, in denen Pr\u00e4zision und ein sauberes Sichtfeld entscheidend sind.<\/p>\n<p>Das Visier ist f\u00fcr Rechtsschiessen (RH) ausgelegt und verf\u00fcgt \u00fcber einen .019&#8243; Pin sowie eine Mikro-Verstelleinheit f\u00fcr eine feine Windage- und Elevation-Justierung. Das schwarze Finish sorgt f\u00fcr ein unauff\u00e4lliges Erscheinungsbild auf der Jagd.<\/p>\n<ul>\n<li>Single-Pin-Konzept f\u00fcr freie Zielsicht<\/li>\n<li>Pinbreite .019&#8243; f\u00fcr pr\u00e4zises Anvisieren<\/li>\n<li>Mikro-Verstellung f\u00fcr genaue Einstellungen<\/li>\n<li>F\u00fcr Rechtsschiessen (RH) ausgelegt<\/li>\n<\/ul>","protected":false},"excerpt":{"rendered":"<p><strong>Marchio:<\/strong> Black Gold<br \/><strong>LH\/RH:<\/strong> RH<br \/><strong>Farbe:<\/strong> Schwarz<br \/><strong>Tipo:<\/strong> Direct mount<br \/><strong>Pin count:<\/strong> 1<br \/><strong>Pin size:<\/strong> 019<br \/><strong>GTIN:<\/strong> 760823007241<\/p>","protected":false},"featured_media":452426,"comment_status":"open","ping_status":"closed","template":"","meta":[],"product_brand":[513],"product_cat":[4263],"product_tag":[3546],"class_list":{"0":"post-394589","1":"product","2":"type-product","3":"status-publish","4":"has-post-thumbnail","6":"product_brand-blackgold","7":"product_cat-jagd-und-3d-visiere","8":"product_tag-neuheit","10":"first","11":"instock","12":"shipping-taxable","13":"purchasable","14":"product-type-simple"},"_links":{"self":[{"href":"https:\/\/bogensportdiscount.ch\/it\/wp-json\/wp\/v2\/product\/394589","targetHints":{"allow":["GET"]}}],"collection":[{"href":"https:\/\/bogensportdiscount.ch\/it\/wp-json\/wp\/v2\/product"}],"about":[{"href":"https:\/\/bogensportdiscount.ch\/it\/wp-json\/wp\/v2\/types\/product"}],"replies":[{"embeddable":true,"href":"https:\/\/bogensportdiscount.ch\/it\/wp-json\/wp\/v2\/comments?post=394589"}],"wp:featuredmedia":[{"embeddable":true,"href":"https:\/\/bogensportdiscount.ch\/it\/wp-json\/wp\/v2\/media\/452426"}],"wp:attachment":[{"href":"https:\/\/bogensportdiscount.ch\/it\/wp-json\/wp\/v2\/media?parent=394589"}],"wp:term":[{"taxonomy":"product_brand","embeddable":true,"href":"https:\/\/bogensportdiscount.ch\/it\/wp-json\/wp\/v2\/product_brand?post=394589"},{"taxonomy":"product_cat","embeddable":true,"href":"https:\/\/bogensportdiscount.ch\/it\/wp-json\/wp\/v2\/product_cat?post=394589"},{"taxonomy":"product_tag","embeddable":true,"href":"https:\/\/bogensportdiscount.ch\/it\/wp-json\/wp\/v2\/product_tag?post=394589"}],"curies":[{"name":"wp","href":"https:\/\/api.w.org\/{rel}","templated":true}]}}