{"id":394583,"date":"2026-04-05T14:34:08","date_gmt":"2026-04-05T12:34:08","guid":{"rendered":"https:\/\/bogensportdiscount.ch\/produkt\/bohning-vanes-x-3-american-flag-shield-100-pk\/"},"modified":"2026-04-16T13:34:01","modified_gmt":"2026-04-16T11:34:01","slug":"bohning-vanes-x-3-american-flag-shield-100er-packung","status":"publish","type":"product","link":"https:\/\/bogensportdiscount.ch\/it\/prodotto\/bohning-vanes-x-3-american-flag-shield-100er-packung\/","title":{"rendered":"PALETTE BOHNING X 3\u2033 BANDIERA AMERICANA SCUDO 100\/PZ."},"content":{"rendered":"<p>Die Bohning Vanes X in der 3-Zoll-Shield-Form sind Kunststoffbefiederungen im American-Flag-Design und werden als 100er-Packung geliefert. Die Shield-Form bietet eine bew\u00e4hrte Steuerungsfl\u00e4che f\u00fcr eine stabile Pfeilf\u00fchrung auf mittleren und l\u00e4ngeren Distanzen.<\/p>\n<p>Bohning Vanes sind im Bogensport weit verbreitet und bekannt f\u00fcr ihre Verarbeitungsqualit\u00e4t sowie gute Klebekompatibilit\u00e4t mit g\u00e4ngigen Pfeilsch\u00e4ften aus Carbon und Aluminium. Das auff\u00e4llige American-Flag-Design erm\u00f6glicht eine einfache Flugbeobachtung.<\/p>\n<ul>\n<li>3 Zoll Shield-Form f\u00fcr stabile Pfeilf\u00fchrung<\/li>\n<li>100 Vanes pro Packung<\/li>\n<li>American-Flag-Design f\u00fcr gute Sichtbarkeit im Flug<\/li>\n<li>Prodotto negli Stati Uniti<\/li>\n<\/ul>","protected":false},"excerpt":{"rendered":"<table>\n<tr>\n<th>Propriet\u00e0<\/th>\n<th>Valore<\/th>\n<\/tr>\n<tr>\n<td>Marchio<\/td>\n<td>Bohning<\/td>\n<\/tr>\n<tr>\n<td>Lunghezza<\/td>\n<td>3 Zoll<\/td>\n<\/tr>\n<tr>\n<td>Forma<\/td>\n<td>Shield<\/td>\n<\/tr>\n<tr>\n<td>Design<\/td>\n<td>American Flag<\/td>\n<\/tr>\n<tr>\n<td>Packungsinhalt<\/td>\n<td>100 St\u00fcck<\/td>\n<\/tr>\n<tr>\n<td>Origine<\/td>\n<td>USA<\/td>\n<\/tr>\n<\/table>","protected":false},"featured_media":440621,"comment_status":"open","ping_status":"closed","template":"","meta":[],"product_brand":[444],"product_cat":[4552],"product_tag":[3546],"class_list":{"0":"post-394583","1":"product","2":"type-product","3":"status-publish","4":"has-post-thumbnail","6":"product_brand-bohning","7":"product_cat-plastik-vanes-vanes-nocks-wraps","8":"product_tag-neuheit","10":"first","11":"instock","12":"shipping-taxable","13":"purchasable","14":"product-type-simple"},"_links":{"self":[{"href":"https:\/\/bogensportdiscount.ch\/it\/wp-json\/wp\/v2\/product\/394583","targetHints":{"allow":["GET"]}}],"collection":[{"href":"https:\/\/bogensportdiscount.ch\/it\/wp-json\/wp\/v2\/product"}],"about":[{"href":"https:\/\/bogensportdiscount.ch\/it\/wp-json\/wp\/v2\/types\/product"}],"replies":[{"embeddable":true,"href":"https:\/\/bogensportdiscount.ch\/it\/wp-json\/wp\/v2\/comments?post=394583"}],"wp:featuredmedia":[{"embeddable":true,"href":"https:\/\/bogensportdiscount.ch\/it\/wp-json\/wp\/v2\/media\/440621"}],"wp:attachment":[{"href":"https:\/\/bogensportdiscount.ch\/it\/wp-json\/wp\/v2\/media?parent=394583"}],"wp:term":[{"taxonomy":"product_brand","embeddable":true,"href":"https:\/\/bogensportdiscount.ch\/it\/wp-json\/wp\/v2\/product_brand?post=394583"},{"taxonomy":"product_cat","embeddable":true,"href":"https:\/\/bogensportdiscount.ch\/it\/wp-json\/wp\/v2\/product_cat?post=394583"},{"taxonomy":"product_tag","embeddable":true,"href":"https:\/\/bogensportdiscount.ch\/it\/wp-json\/wp\/v2\/product_tag?post=394583"}],"curies":[{"name":"wp","href":"https:\/\/api.w.org\/{rel}","templated":true}]}}