{"id":394573,"date":"2026-04-05T14:34:05","date_gmt":"2026-04-05T12:34:05","guid":{"rendered":"https:\/\/bogensportdiscount.ch\/produkt\/blackgold-scope-lenses-kit-w-shunshade-2x-1-3-4-sight-housing-rh\/"},"modified":"2026-04-16T13:28:31","modified_gmt":"2026-04-16T11:28:31","slug":"blackgold-scope-linsen-set-sonnenblende-2x-1-3-4-zoll-visiergehaeuse-rh","status":"publish","type":"product","link":"https:\/\/bogensportdiscount.ch\/it\/prodotto\/blackgold-scope-linsen-set-sonnenblende-2x-1-3-4-zoll-visiergehaeuse-rh\/","title":{"rendered":"KIT LENTI CANNOCCHIALE BLACKGOLD CON PARALUCE 2X - 1 3\/4\u2033 ALLOGGIAMENTO MIRINO RH"},"content":{"rendered":"<p>Das BLACKGOLD Scope-Linsen-Set ist f\u00fcr den Einsatz in Compound-Visieren mit einem Geh\u00e4usedurchmesser von 1 3\/4&#8243; ausgelegt. Die enthaltene 2-fache Vergr\u00f6sserungslinse erm\u00f6glicht eine pr\u00e4zisere Zielerfassung und unterst\u00fctzt den Sch\u00fctzen beim genauen Anvisieren auf l\u00e4ngere Distanzen.<\/p>\n<p>Im Lieferumfang enthalten ist eine Sonnenblende (Sunshade), die st\u00f6rendes Gegenlicht reduziert und die Sicht auf das Ziel verbessert. Die Ausf\u00fchrung ist f\u00fcr Rechtsh\u00e4nder (RH) konzipiert.<\/p>\n<ul>\n<li>2-fache Vergr\u00f6sserung f\u00fcr verbesserte Zielgenauigkeit<\/li>\n<li>Sonnenblende zur Reduzierung von Gegenlicht<\/li>\n<li>Passend f\u00fcr Visiergeh\u00e4use mit 1 3\/4&#8243; Durchmesser<\/li>\n<li>Ausf\u00fchrung f\u00fcr Rechtsh\u00e4nder<\/li>\n<\/ul>","protected":false},"excerpt":{"rendered":"<p><strong>Marchio:<\/strong> Black Gold<br \/><strong>Diameter (mm):<\/strong> 44,50<br \/><strong>Magnification:<\/strong> X2<br \/><strong>GTIN:<\/strong> 760823006503<\/p>","protected":false},"featured_media":440629,"comment_status":"open","ping_status":"closed","template":"","meta":[],"product_brand":[513],"product_cat":[4248],"product_tag":[3546],"class_list":{"0":"post-394573","1":"product","2":"type-product","3":"status-publish","4":"has-post-thumbnail","6":"product_brand-blackgold","7":"product_cat-linsen-compound-scope","8":"product_tag-neuheit","10":"first","11":"instock","12":"shipping-taxable","13":"purchasable","14":"product-type-simple"},"_links":{"self":[{"href":"https:\/\/bogensportdiscount.ch\/it\/wp-json\/wp\/v2\/product\/394573","targetHints":{"allow":["GET"]}}],"collection":[{"href":"https:\/\/bogensportdiscount.ch\/it\/wp-json\/wp\/v2\/product"}],"about":[{"href":"https:\/\/bogensportdiscount.ch\/it\/wp-json\/wp\/v2\/types\/product"}],"replies":[{"embeddable":true,"href":"https:\/\/bogensportdiscount.ch\/it\/wp-json\/wp\/v2\/comments?post=394573"}],"wp:featuredmedia":[{"embeddable":true,"href":"https:\/\/bogensportdiscount.ch\/it\/wp-json\/wp\/v2\/media\/440629"}],"wp:attachment":[{"href":"https:\/\/bogensportdiscount.ch\/it\/wp-json\/wp\/v2\/media?parent=394573"}],"wp:term":[{"taxonomy":"product_brand","embeddable":true,"href":"https:\/\/bogensportdiscount.ch\/it\/wp-json\/wp\/v2\/product_brand?post=394573"},{"taxonomy":"product_cat","embeddable":true,"href":"https:\/\/bogensportdiscount.ch\/it\/wp-json\/wp\/v2\/product_cat?post=394573"},{"taxonomy":"product_tag","embeddable":true,"href":"https:\/\/bogensportdiscount.ch\/it\/wp-json\/wp\/v2\/product_tag?post=394573"}],"curies":[{"name":"wp","href":"https:\/\/api.w.org\/{rel}","templated":true}]}}