{"id":394570,"date":"2026-04-05T14:34:04","date_gmt":"2026-04-05T12:34:04","guid":{"rendered":"https:\/\/bogensportdiscount.ch\/produkt\/bcy-serving-material-twist-endloop-008-1lbs-black\/"},"modified":"2026-04-16T12:59:33","modified_gmt":"2026-04-16T10:59:33","slug":"bcy-serving-material-twist-endloop-008-1lbs-schwarz","status":"publish","type":"product","link":"https:\/\/bogensportdiscount.ch\/it\/prodotto\/bcy-serving-material-twist-endloop-008-1lbs-schwarz\/","title":{"rendered":"BCY MATERIALE DI SERVIZIO TWIST ENDLOOP .008 1LBS NERO"},"content":{"rendered":"<p>Das BCY Serving-Material Twist Endloop ist speziell f\u00fcr die Endschlaufen-Bewicklung von Bogensehnen ausgelegt. Mit einem Durchmesser von .008 Zoll eignet es sich f\u00fcr pr\u00e4zise und gleichm\u00e4ssige Wicklungen im Schlaufenbereich der Sehne.<\/p>\n<p>Die 1-lbs-Spule bietet eine grosse Materialmenge, die sich f\u00fcr den regelm\u00e4ssigen Einsatz in der Sehnenherstellung oder Werkstatt empfiehlt. Das Material ist in Schwarz erh\u00e4ltlich und wird in den USA gefertigt.<\/p>\n<ul>\n<li>Durchmesser: .008 Zoll<\/li>\n<li>Spulengr\u00f6sse: 1 lbs<\/li>\n<li>Farbe: Schwarz<\/li>\n<li>Geeignet f\u00fcr Endschlaufen-Bewicklungen<\/li>\n<\/ul>","protected":false},"excerpt":{"rendered":"<table>\n<tr>\n<th>Propriet\u00e0<\/th>\n<th>Valore<\/th>\n<\/tr>\n<tr>\n<td>Marchio<\/td>\n<td>BCY<\/td>\n<\/tr>\n<tr>\n<td>Colore<\/td>\n<td>Schwarz<\/td>\n<\/tr>\n<tr>\n<td>Durchmesser (Zoll)<\/td>\n<td>.008<\/td>\n<\/tr>\n<tr>\n<td>Spulengr\u00f6sse<\/td>\n<td>1 lbs<\/td>\n<\/tr>\n<tr>\n<td>Herkunftsland<\/td>\n<td>USA<\/td>\n<\/tr>\n<\/table>","protected":false},"featured_media":452402,"comment_status":"open","ping_status":"closed","template":"","meta":[],"product_brand":[425],"product_cat":[4167],"product_tag":[3546],"class_list":{"0":"post-394570","1":"product","2":"type-product","3":"status-publish","4":"has-post-thumbnail","6":"product_brand-bcy","7":"product_cat-serving-material-sehnen-herstellung","8":"product_tag-neuheit","10":"first","11":"instock","12":"shipping-taxable","13":"purchasable","14":"product-type-simple"},"_links":{"self":[{"href":"https:\/\/bogensportdiscount.ch\/it\/wp-json\/wp\/v2\/product\/394570","targetHints":{"allow":["GET"]}}],"collection":[{"href":"https:\/\/bogensportdiscount.ch\/it\/wp-json\/wp\/v2\/product"}],"about":[{"href":"https:\/\/bogensportdiscount.ch\/it\/wp-json\/wp\/v2\/types\/product"}],"replies":[{"embeddable":true,"href":"https:\/\/bogensportdiscount.ch\/it\/wp-json\/wp\/v2\/comments?post=394570"}],"wp:featuredmedia":[{"embeddable":true,"href":"https:\/\/bogensportdiscount.ch\/it\/wp-json\/wp\/v2\/media\/452402"}],"wp:attachment":[{"href":"https:\/\/bogensportdiscount.ch\/it\/wp-json\/wp\/v2\/media?parent=394570"}],"wp:term":[{"taxonomy":"product_brand","embeddable":true,"href":"https:\/\/bogensportdiscount.ch\/it\/wp-json\/wp\/v2\/product_brand?post=394570"},{"taxonomy":"product_cat","embeddable":true,"href":"https:\/\/bogensportdiscount.ch\/it\/wp-json\/wp\/v2\/product_cat?post=394570"},{"taxonomy":"product_tag","embeddable":true,"href":"https:\/\/bogensportdiscount.ch\/it\/wp-json\/wp\/v2\/product_tag?post=394570"}],"curies":[{"name":"wp","href":"https:\/\/api.w.org\/{rel}","templated":true}]}}