{"id":394557,"date":"2026-04-05T14:34:01","date_gmt":"2026-04-05T12:34:01","guid":{"rendered":"https:\/\/bogensportdiscount.ch\/produkt\/aae-compound-blade-rests-blade-lh\/"},"modified":"2026-04-16T12:03:55","modified_gmt":"2026-04-16T10:03:55","slug":"aae-compound-blattauflage-blade-lh","status":"publish","type":"product","link":"https:\/\/bogensportdiscount.ch\/it\/prodotto\/aae-compound-blattauflage-blade-lh\/","title":{"rendered":"LAMA COMPOSTA AAE LAMA DI RIPOSO LAMA SINISTRA"},"content":{"rendered":"<p>Die AAE Compound Blade Rest Blade ist eine Pfeilauflage f\u00fcr Compound-B\u00f6gen, speziell in der Linksh\u00e4nder-Version (LH). Pfeilauflagen dieser Art st\u00fctzen den Pfeil beim Schiessen und tragen zur Schussgenauigkeit bei, indem sie eine gleichm\u00e4ssige Pfeilf\u00fchrung gew\u00e4hrleisten.<\/p>\n<p>Als Blattauflage (Blade Rest) arbeitet sie mit flexiblen Federbl\u00e4ttern, die den Pfeil w\u00e4hrend des Schusses kurzzeitig f\u00fchren und danach ausweichen, um den Pfeilflug minimal zu beeinflussen. Dies macht sie zu einer g\u00e4ngigen Wahl im Compound-Sport.<\/p>\n<ul>\n<li>Ausf\u00fchrung f\u00fcr Linksh\u00e4nder (LH)<\/li>\n<li>Geeignet f\u00fcr Compound-B\u00f6gen<\/li>\n<li>Blattauflage (Blade Rest) f\u00fcr zuverl\u00e4ssige Pfeilf\u00fchrung<\/li>\n<li>Von AAE \u2013 einem etablierten Hersteller im Bogensport<\/li>\n<\/ul>","protected":false},"excerpt":{"rendered":"<p><strong>Marchio:<\/strong> AAE<br \/><strong>LH\/RH:<\/strong> LH<br \/><strong>Farbe:<\/strong> Schwarz<br \/><strong>GTIN:<\/strong> 716889103380<\/p>","protected":false},"featured_media":440641,"comment_status":"open","ping_status":"closed","template":"","meta":[],"product_brand":[517],"product_cat":[4363],"product_tag":[3546],"class_list":{"0":"post-394557","1":"product","2":"type-product","3":"status-publish","4":"has-post-thumbnail","6":"product_brand-aae","7":"product_cat-compound-blade-pfeilauflage","8":"product_tag-neuheit","10":"first","11":"instock","12":"shipping-taxable","13":"purchasable","14":"product-type-simple"},"_links":{"self":[{"href":"https:\/\/bogensportdiscount.ch\/it\/wp-json\/wp\/v2\/product\/394557","targetHints":{"allow":["GET"]}}],"collection":[{"href":"https:\/\/bogensportdiscount.ch\/it\/wp-json\/wp\/v2\/product"}],"about":[{"href":"https:\/\/bogensportdiscount.ch\/it\/wp-json\/wp\/v2\/types\/product"}],"replies":[{"embeddable":true,"href":"https:\/\/bogensportdiscount.ch\/it\/wp-json\/wp\/v2\/comments?post=394557"}],"wp:featuredmedia":[{"embeddable":true,"href":"https:\/\/bogensportdiscount.ch\/it\/wp-json\/wp\/v2\/media\/440641"}],"wp:attachment":[{"href":"https:\/\/bogensportdiscount.ch\/it\/wp-json\/wp\/v2\/media?parent=394557"}],"wp:term":[{"taxonomy":"product_brand","embeddable":true,"href":"https:\/\/bogensportdiscount.ch\/it\/wp-json\/wp\/v2\/product_brand?post=394557"},{"taxonomy":"product_cat","embeddable":true,"href":"https:\/\/bogensportdiscount.ch\/it\/wp-json\/wp\/v2\/product_cat?post=394557"},{"taxonomy":"product_tag","embeddable":true,"href":"https:\/\/bogensportdiscount.ch\/it\/wp-json\/wp\/v2\/product_tag?post=394557"}],"curies":[{"name":"wp","href":"https:\/\/api.w.org\/{rel}","templated":true}]}}