{"id":394548,"date":"2026-04-05T14:33:58","date_gmt":"2026-04-05T12:33:58","guid":{"rendered":"https:\/\/bogensportdiscount.ch\/produkt\/saunders-field-21-64-125-grains-12-pk-screw-in-points\/"},"modified":"2026-04-15T12:31:34","modified_gmt":"2026-04-15T10:31:34","slug":"saunders-field-schraubspitzen-21-64-125-grain-12er-pack","status":"publish","type":"product","link":"https:\/\/bogensportdiscount.ch\/it\/prodotto\/saunders-field-schraubspitzen-21-64-125-grain-12er-pack\/","title":{"rendered":"SAUNDERS FIELD 21\/64 125 GRANI 12\/PK PUNTE A VITE"},"content":{"rendered":"<p>Die Saunders Field Schraubspitzen im Format 21\/64 und mit einem Gewicht von 125 Grain sind f\u00fcr den Einsatz mit Carbonpfeilen geeignet, die ein entsprechendes Innendurchmass aufweisen. Sie werden direkt in das Pfeilrohr eingeschraubt und erm\u00f6glichen einen schnellen Spitzenwechsel.<\/p>\n<p>Field Points eignen sich besonders f\u00fcr das Training und das Feldbogenschiessen, da sie eine gleichm\u00e4ssige Flugeigenschaft f\u00f6rdern und Zielscheiben schonen. Das Paket enth\u00e4lt 12 Spitzen, was f\u00fcr einen gr\u00f6sseren Pfeilsatz ausreicht.<\/p>\n<ul>\n<li>Typ: Field Point (Schraubspitze)<\/li>\n<li>Schaft-Durchmesser: 21\/64<\/li>\n<li>Gewicht: 125 Grain<\/li>\n<li>Inhalt: 12 St\u00fcck pro Packung<\/li>\n<\/ul>","protected":false},"excerpt":{"rendered":"<table>\n<tr>\n<th>Propriet\u00e0<\/th>\n<th>Valore<\/th>\n<\/tr>\n<tr>\n<td>Marchio<\/td>\n<td>Saunders<\/td>\n<\/tr>\n<tr>\n<td>Tipo<\/td>\n<td>Field (Schraubspitze)<\/td>\n<\/tr>\n<tr>\n<td>Schaft-Durchmesser<\/td>\n<td>21\/64<\/td>\n<\/tr>\n<tr>\n<td>Peso<\/td>\n<td>125 Grain<\/td>\n<\/tr>\n<tr>\n<td>Verpackungseinheit<\/td>\n<td>12 St\u00fcck<\/td>\n<\/tr>\n<tr>\n<td>Herkunftsland<\/td>\n<td>USA<\/td>\n<\/tr>\n<\/table>","protected":false},"featured_media":452378,"comment_status":"open","ping_status":"closed","template":"","meta":[],"product_brand":[779],"product_cat":[4545],"product_tag":[3546],"class_list":{"0":"post-394548","1":"product","2":"type-product","3":"status-publish","4":"has-post-thumbnail","6":"product_brand-saunders","7":"product_cat-einschraube-spitzen-pfeil-komponenten","8":"product_tag-neuheit","10":"first","11":"instock","12":"shipping-taxable","13":"purchasable","14":"product-type-simple"},"_links":{"self":[{"href":"https:\/\/bogensportdiscount.ch\/it\/wp-json\/wp\/v2\/product\/394548","targetHints":{"allow":["GET"]}}],"collection":[{"href":"https:\/\/bogensportdiscount.ch\/it\/wp-json\/wp\/v2\/product"}],"about":[{"href":"https:\/\/bogensportdiscount.ch\/it\/wp-json\/wp\/v2\/types\/product"}],"replies":[{"embeddable":true,"href":"https:\/\/bogensportdiscount.ch\/it\/wp-json\/wp\/v2\/comments?post=394548"}],"wp:featuredmedia":[{"embeddable":true,"href":"https:\/\/bogensportdiscount.ch\/it\/wp-json\/wp\/v2\/media\/452378"}],"wp:attachment":[{"href":"https:\/\/bogensportdiscount.ch\/it\/wp-json\/wp\/v2\/media?parent=394548"}],"wp:term":[{"taxonomy":"product_brand","embeddable":true,"href":"https:\/\/bogensportdiscount.ch\/it\/wp-json\/wp\/v2\/product_brand?post=394548"},{"taxonomy":"product_cat","embeddable":true,"href":"https:\/\/bogensportdiscount.ch\/it\/wp-json\/wp\/v2\/product_cat?post=394548"},{"taxonomy":"product_tag","embeddable":true,"href":"https:\/\/bogensportdiscount.ch\/it\/wp-json\/wp\/v2\/product_tag?post=394548"}],"curies":[{"name":"wp","href":"https:\/\/api.w.org\/{rel}","templated":true}]}}