{"id":394539,"date":"2026-04-05T14:33:56","date_gmt":"2026-04-05T12:33:56","guid":{"rendered":"https:\/\/bogensportdiscount.ch\/produkt\/neet-traditional-quivers-fb-bq-1-fred-bear-leather-lh-burgundy\/"},"modified":"2026-05-14T07:14:08","modified_gmt":"2026-05-14T05:14:08","slug":"neet-rueckenkocher-fb-bq-1-fred-bear-leder-linkshaender-burgund","status":"publish","type":"product","link":"https:\/\/bogensportdiscount.ch\/it\/prodotto\/neet-rueckenkocher-fb-bq-1-fred-bear-leder-linkshaender-burgund\/","title":{"rendered":"NEET FARETRA DORSALE TRADIZIONALE FB-BQ-1 &#8218;Fred bear&#8216; PELLE LH BORDEAUX"},"content":{"rendered":"<p>La faretra dorsale NEET FB-BQ-1 &#8218;Fred Bear&#8216; \u00e8 una faretra dorsale tradizionale in pelle di colore bordeaux. \u00c8 realizzata appositamente per mancini e si rivolge agli arcieri che praticano il tiro con l'arco tradizionale.<\/p>\n<p>Le faretrre dorsali di questo tipo consentono di portare le frecce comodamente sulla spalla e rappresentano una scelta classica per gli arcieri con arco ricurvo e arco lungo. La pelle conferisce alla faretra stabilit\u00e0 e un aspetto tradizionale.<\/p>\n<ul>\n<li>Materiale: pelle<\/li>\n<li>Versione per mancini<\/li>\n<li>Colore: Bordeaux<\/li>\n<li>Prodotto negli Stati Uniti<\/li>\n<\/ul>","protected":false},"excerpt":{"rendered":"<table>\n<tr>\n<th>Propriet\u00e0<\/th>\n<th>Valore<\/th>\n<\/tr>\n<tr>\n<td>Marca<\/td>\n<td>NEET<\/td>\n<\/tr>\n<tr>\n<td>Modello<\/td>\n<td>FB-BQ-1 &#8218;Fred Bear&#8216;<\/td>\n<\/tr>\n<tr>\n<td>Materiale<\/td>\n<td>Cuoio<\/td>\n<\/tr>\n<tr>\n<td>Tipo<\/td>\n<td>Faretra da schiena<\/td>\n<\/tr>\n<tr>\n<td>Versione<\/td>\n<td>Mancino<\/td>\n<\/tr>\n<tr>\n<td>Colore<\/td>\n<td>Bordeaux<\/td>\n<\/tr>\n<tr>\n<td>Origine<\/td>\n<td>USA<\/td>\n<\/tr>\n<\/table>","protected":false},"featured_media":452368,"comment_status":"open","ping_status":"closed","template":"","meta":[],"product_brand":[786],"product_cat":[4124,4145,4149],"product_tag":[3546],"class_list":{"0":"post-394539","1":"product","2":"type-product","3":"status-publish","4":"has-post-thumbnail","6":"product_brand-neet","7":"product_cat-bogenschuetzer-ausruestung","8":"product_cat-koecher-guerteltasche","9":"product_cat-traditioneller-koecher","10":"product_tag-neuheit","11":"product_shipping_class-bsd-standard","13":"first","14":"instock","15":"shipping-taxable","16":"purchasable","17":"product-type-simple"},"yoast_head":"<!-- This site is optimized with the Yoast SEO plugin v27.6 - https:\/\/yoast.com\/product\/yoast-seo-wordpress\/ -->\n<title>NEET TRADITIONELLER R\u00dcCKENK\u00d6CHER FB-BQ-1 &#039;Fred bear&#039; LEDER LH BURGUNDER - Bogensportdiscount \u2013 B\u00f6gen, Pfeile, Targets &amp; Zubeh\u00f6r<\/title>\n<meta name=\"description\" content=\"NEET TRADITIONELLER R\u00dcCKENK\u00d6CHER FB-BQ-1 &#039;Fred bear&#039; LEDER LH BURGUNDER g\u00fcnstig kaufen bei Bogensportdiscount \u2013 Top-Marken, schneller Versand aus der Schweiz.\" \/>\n<meta name=\"robots\" content=\"index, follow, max-snippet:-1, max-image-preview:large, max-video-preview:-1\" \/>\n<link rel=\"canonical\" href=\"https:\/\/bogensportdiscount.ch\/it\/prodotto\/neet-rueckenkocher-fb-bq-1-fred-bear-leder-linkshaender-burgund\/\" \/>\n<meta property=\"og:locale\" content=\"it_IT\" \/>\n<meta property=\"og:type\" content=\"article\" \/>\n<meta property=\"og:title\" content=\"NEET TRADITIONELLER R\u00dcCKENK\u00d6CHER FB-BQ-1 &#039;Fred bear&#039; LEDER LH BURGUNDER - Bogensportdiscount \u2013 B\u00f6gen, Pfeile, Targets &amp; Zubeh\u00f6r\" \/>\n<meta property=\"og:description\" content=\"NEET TRADITIONELLER R\u00dcCKENK\u00d6CHER FB-BQ-1 &#039;Fred bear&#039; LEDER LH BURGUNDER g\u00fcnstig kaufen bei Bogensportdiscount \u2013 Top-Marken, schneller Versand aus der Schweiz.\" \/>\n<meta property=\"og:url\" content=\"https:\/\/bogensportdiscount.ch\/it\/prodotto\/neet-rueckenkocher-fb-bq-1-fred-bear-leder-linkshaender-burgund\/\" \/>\n<meta property=\"og:site_name\" content=\"Bogensportdiscount \u2013 B\u00f6gen, Pfeile, Targets &amp; Zubeh\u00f6r\" \/>\n<meta property=\"article:modified_time\" content=\"2026-05-14T05:14:08+00:00\" \/>\n<meta property=\"og:image\" content=\"https:\/\/bogensportdiscount.ch\/wp-content\/uploads\/bsm-images\/a017935_1.jpg\" \/>\n\t<meta property=\"og:image:width\" content=\"266\" \/>\n\t<meta property=\"og:image:height\" content=\"400\" \/>\n\t<meta property=\"og:image:type\" content=\"image\/jpeg\" \/>\n<meta name=\"twitter:card\" content=\"summary_large_image\" \/>\n<script type=\"application\/ld+json\" class=\"yoast-schema-graph\">{\"@context\":\"https:\\\/\\\/schema.org\",\"@graph\":[{\"@type\":\"WebPage\",\"@id\":\"https:\\\/\\\/bogensportdiscount.ch\\\/produkt\\\/neet-rueckenkocher-fb-bq-1-fred-bear-leder-linkshaender-burgund\\\/\",\"url\":\"https:\\\/\\\/bogensportdiscount.ch\\\/produkt\\\/neet-rueckenkocher-fb-bq-1-fred-bear-leder-linkshaender-burgund\\\/\",\"name\":\"NEET TRADITIONELLER R\u00dcCKENK\u00d6CHER FB-BQ-1 'Fred bear' LEDER LH BURGUNDER - Bogensportdiscount \u2013 B\u00f6gen, Pfeile, Targets &amp; Zubeh\u00f6r\",\"isPartOf\":{\"@id\":\"https:\\\/\\\/bogensportdiscount.ch\\\/#website\"},\"primaryImageOfPage\":{\"@id\":\"https:\\\/\\\/bogensportdiscount.ch\\\/produkt\\\/neet-rueckenkocher-fb-bq-1-fred-bear-leder-linkshaender-burgund\\\/#primaryimage\"},\"image\":{\"@id\":\"https:\\\/\\\/bogensportdiscount.ch\\\/produkt\\\/neet-rueckenkocher-fb-bq-1-fred-bear-leder-linkshaender-burgund\\\/#primaryimage\"},\"thumbnailUrl\":\"https:\\\/\\\/bogensportdiscount.ch\\\/wp-content\\\/uploads\\\/bsm-images\\\/a017935_1.jpg\",\"datePublished\":\"2026-04-05T12:33:56+00:00\",\"dateModified\":\"2026-05-14T05:14:08+00:00\",\"description\":\"NEET TRADITIONELLER R\u00dcCKENK\u00d6CHER FB-BQ-1 'Fred bear' LEDER LH BURGUNDER g\u00fcnstig kaufen bei Bogensportdiscount \u2013 Top-Marken, schneller Versand aus der Schweiz.\",\"breadcrumb\":{\"@id\":\"https:\\\/\\\/bogensportdiscount.ch\\\/produkt\\\/neet-rueckenkocher-fb-bq-1-fred-bear-leder-linkshaender-burgund\\\/#breadcrumb\"},\"inLanguage\":\"it-IT\",\"potentialAction\":[{\"@type\":\"ReadAction\",\"target\":[\"https:\\\/\\\/bogensportdiscount.ch\\\/produkt\\\/neet-rueckenkocher-fb-bq-1-fred-bear-leder-linkshaender-burgund\\\/\"]}]},{\"@type\":\"ImageObject\",\"inLanguage\":\"it-IT\",\"@id\":\"https:\\\/\\\/bogensportdiscount.ch\\\/produkt\\\/neet-rueckenkocher-fb-bq-1-fred-bear-leder-linkshaender-burgund\\\/#primaryimage\",\"url\":\"https:\\\/\\\/bogensportdiscount.ch\\\/wp-content\\\/uploads\\\/bsm-images\\\/a017935_1.jpg\",\"contentUrl\":\"https:\\\/\\\/bogensportdiscount.ch\\\/wp-content\\\/uploads\\\/bsm-images\\\/a017935_1.jpg\",\"width\":266,\"height\":400},{\"@type\":\"BreadcrumbList\",\"@id\":\"https:\\\/\\\/bogensportdiscount.ch\\\/produkt\\\/neet-rueckenkocher-fb-bq-1-fred-bear-leder-linkshaender-burgund\\\/#breadcrumb\",\"itemListElement\":[{\"@type\":\"ListItem\",\"position\":1,\"name\":\"Home\",\"item\":\"https:\\\/\\\/bogensportdiscount.ch\\\/\"},{\"@type\":\"ListItem\",\"position\":2,\"name\":\"Shop\",\"item\":\"https:\\\/\\\/bogensportdiscount.ch\\\/shop\\\/\"},{\"@type\":\"ListItem\",\"position\":3,\"name\":\"NEET TRADITIONAL QUIVERS FB-BQ-1 &#8218;Fred bear&#8216; LEATHER LH BURGUNDY\"}]},{\"@type\":\"WebSite\",\"@id\":\"https:\\\/\\\/bogensportdiscount.ch\\\/#website\",\"url\":\"https:\\\/\\\/bogensportdiscount.ch\\\/\",\"name\":\"Bogensportdiscount\",\"description\":\"\",\"potentialAction\":[{\"@type\":\"SearchAction\",\"target\":{\"@type\":\"EntryPoint\",\"urlTemplate\":\"https:\\\/\\\/bogensportdiscount.ch\\\/?s={search_term_string}\"},\"query-input\":{\"@type\":\"PropertyValueSpecification\",\"valueRequired\":true,\"valueName\":\"search_term_string\"}}],\"inLanguage\":\"it-IT\"}]}<\/script>\n<!-- \/ Yoast SEO plugin. -->","yoast_head_json":{"title":"NEET TRADITIONELLER R\u00dcCKENK\u00d6CHER FB-BQ-1 'Fred bear' LEDER LH BURGUNDER - Bogensportdiscount \u2013 B\u00f6gen, Pfeile, Targets &amp; Zubeh\u00f6r","description":"NEET TRADITIONELLER R\u00dcCKENK\u00d6CHER FB-BQ-1 'Fred bear' LEDER LH BURGUNDER g\u00fcnstig kaufen bei Bogensportdiscount \u2013 Top-Marken, schneller Versand aus der Schweiz.","robots":{"index":"index","follow":"follow","max-snippet":"max-snippet:-1","max-image-preview":"max-image-preview:large","max-video-preview":"max-video-preview:-1"},"canonical":"https:\/\/bogensportdiscount.ch\/it\/prodotto\/neet-rueckenkocher-fb-bq-1-fred-bear-leder-linkshaender-burgund\/","og_locale":"it_IT","og_type":"article","og_title":"NEET TRADITIONELLER R\u00dcCKENK\u00d6CHER FB-BQ-1 'Fred bear' LEDER LH BURGUNDER - Bogensportdiscount \u2013 B\u00f6gen, Pfeile, Targets &amp; Zubeh\u00f6r","og_description":"NEET TRADITIONELLER R\u00dcCKENK\u00d6CHER FB-BQ-1 'Fred bear' LEDER LH BURGUNDER g\u00fcnstig kaufen bei Bogensportdiscount \u2013 Top-Marken, schneller Versand aus der Schweiz.","og_url":"https:\/\/bogensportdiscount.ch\/it\/prodotto\/neet-rueckenkocher-fb-bq-1-fred-bear-leder-linkshaender-burgund\/","og_site_name":"Bogensportdiscount \u2013 B\u00f6gen, Pfeile, Targets &amp; Zubeh\u00f6r","article_modified_time":"2026-05-14T05:14:08+00:00","og_image":[{"width":266,"height":400,"url":"https:\/\/bogensportdiscount.ch\/wp-content\/uploads\/bsm-images\/a017935_1.jpg","type":"image\/jpeg"}],"twitter_card":"summary_large_image","schema":{"@context":"https:\/\/schema.org","@graph":[{"@type":"WebPage","@id":"https:\/\/bogensportdiscount.ch\/produkt\/neet-rueckenkocher-fb-bq-1-fred-bear-leder-linkshaender-burgund\/","url":"https:\/\/bogensportdiscount.ch\/produkt\/neet-rueckenkocher-fb-bq-1-fred-bear-leder-linkshaender-burgund\/","name":"NEET TRADITIONELLER R\u00dcCKENK\u00d6CHER FB-BQ-1 'Fred bear' LEDER LH BURGUNDER - Bogensportdiscount \u2013 B\u00f6gen, Pfeile, Targets &amp; Zubeh\u00f6r","isPartOf":{"@id":"https:\/\/bogensportdiscount.ch\/#website"},"primaryImageOfPage":{"@id":"https:\/\/bogensportdiscount.ch\/produkt\/neet-rueckenkocher-fb-bq-1-fred-bear-leder-linkshaender-burgund\/#primaryimage"},"image":{"@id":"https:\/\/bogensportdiscount.ch\/produkt\/neet-rueckenkocher-fb-bq-1-fred-bear-leder-linkshaender-burgund\/#primaryimage"},"thumbnailUrl":"https:\/\/bogensportdiscount.ch\/wp-content\/uploads\/bsm-images\/a017935_1.jpg","datePublished":"2026-04-05T12:33:56+00:00","dateModified":"2026-05-14T05:14:08+00:00","description":"NEET TRADITIONELLER R\u00dcCKENK\u00d6CHER FB-BQ-1 'Fred bear' LEDER LH BURGUNDER g\u00fcnstig kaufen bei Bogensportdiscount \u2013 Top-Marken, schneller Versand aus der Schweiz.","breadcrumb":{"@id":"https:\/\/bogensportdiscount.ch\/produkt\/neet-rueckenkocher-fb-bq-1-fred-bear-leder-linkshaender-burgund\/#breadcrumb"},"inLanguage":"it-IT","potentialAction":[{"@type":"ReadAction","target":["https:\/\/bogensportdiscount.ch\/produkt\/neet-rueckenkocher-fb-bq-1-fred-bear-leder-linkshaender-burgund\/"]}]},{"@type":"ImageObject","inLanguage":"it-IT","@id":"https:\/\/bogensportdiscount.ch\/produkt\/neet-rueckenkocher-fb-bq-1-fred-bear-leder-linkshaender-burgund\/#primaryimage","url":"https:\/\/bogensportdiscount.ch\/wp-content\/uploads\/bsm-images\/a017935_1.jpg","contentUrl":"https:\/\/bogensportdiscount.ch\/wp-content\/uploads\/bsm-images\/a017935_1.jpg","width":266,"height":400},{"@type":"BreadcrumbList","@id":"https:\/\/bogensportdiscount.ch\/produkt\/neet-rueckenkocher-fb-bq-1-fred-bear-leder-linkshaender-burgund\/#breadcrumb","itemListElement":[{"@type":"ListItem","position":1,"name":"Home","item":"https:\/\/bogensportdiscount.ch\/"},{"@type":"ListItem","position":2,"name":"Shop","item":"https:\/\/bogensportdiscount.ch\/shop\/"},{"@type":"ListItem","position":3,"name":"NEET TRADITIONAL QUIVERS FB-BQ-1 &#8218;Fred bear&#8216; LEATHER LH BURGUNDY"}]},{"@type":"WebSite","@id":"https:\/\/bogensportdiscount.ch\/#website","url":"https:\/\/bogensportdiscount.ch\/","name":"Bogensportdiscount","description":"","potentialAction":[{"@type":"SearchAction","target":{"@type":"EntryPoint","urlTemplate":"https:\/\/bogensportdiscount.ch\/?s={search_term_string}"},"query-input":{"@type":"PropertyValueSpecification","valueRequired":true,"valueName":"search_term_string"}}],"inLanguage":"it-IT"}]}},"_links":{"self":[{"href":"https:\/\/bogensportdiscount.ch\/it\/wp-json\/wp\/v2\/product\/394539","targetHints":{"allow":["GET"]}}],"collection":[{"href":"https:\/\/bogensportdiscount.ch\/it\/wp-json\/wp\/v2\/product"}],"about":[{"href":"https:\/\/bogensportdiscount.ch\/it\/wp-json\/wp\/v2\/types\/product"}],"replies":[{"embeddable":true,"href":"https:\/\/bogensportdiscount.ch\/it\/wp-json\/wp\/v2\/comments?post=394539"}],"wp:featuredmedia":[{"embeddable":true,"href":"https:\/\/bogensportdiscount.ch\/it\/wp-json\/wp\/v2\/media\/452368"}],"wp:attachment":[{"href":"https:\/\/bogensportdiscount.ch\/it\/wp-json\/wp\/v2\/media?parent=394539"}],"wp:term":[{"taxonomy":"product_brand","embeddable":true,"href":"https:\/\/bogensportdiscount.ch\/it\/wp-json\/wp\/v2\/product_brand?post=394539"},{"taxonomy":"product_cat","embeddable":true,"href":"https:\/\/bogensportdiscount.ch\/it\/wp-json\/wp\/v2\/product_cat?post=394539"},{"taxonomy":"product_tag","embeddable":true,"href":"https:\/\/bogensportdiscount.ch\/it\/wp-json\/wp\/v2\/product_tag?post=394539"}],"curies":[{"name":"wp","href":"https:\/\/api.w.org\/{rel}","templated":true}]}}