{"id":394530,"date":"2026-04-05T14:33:54","date_gmt":"2026-04-05T12:33:54","guid":{"rendered":"https:\/\/bogensportdiscount.ch\/produkt\/kinetic-recurve-strings-8125g-68-18-white-with-black-62x-serving\/"},"modified":"2026-04-15T12:30:56","modified_gmt":"2026-04-15T10:30:56","slug":"kinetic-recurve-sehne-8125g-68-18-weiss-schwarz-62x-serving","status":"publish","type":"product","link":"https:\/\/bogensportdiscount.ch\/it\/prodotto\/kinetic-recurve-sehne-8125g-68-18-weiss-schwarz-62x-serving\/","title":{"rendered":"Corde KINETIC RECURVE 8125G 68\/18 BIANCHE e NERE 62X DESTINATARIE"},"content":{"rendered":"<p>Die KINETIC Recurve-Sehne 8125G ist in der Kombination 68\/18 erh\u00e4ltlich, was einer Sehnenl\u00e4nge von 68 Zoll bei 18 Str\u00e4ngen entspricht. Das Sehnenmaterial 8125G ist ein bew\u00e4hrter Werkstoff im Recurve-Bereich und bietet gute Stabilit\u00e4t sowie geringe Dehnung.<\/p>\n<p>Die weisse Sehne ist mit einem schwarzen 62X Serving versehen, das den mittleren Bereich der Sehne sch\u00fctzt und eine zuverl\u00e4ssige Nockpunktbefestigung erm\u00f6glicht. Passend f\u00fcr Recurveb\u00f6gen der entsprechenden Bogenl\u00e4ngenklasse.<\/p>\n<ul>\n<li>Material: 8125G<\/li>\n<li>L\u00e4nge: 68 Zoll, 18 Str\u00e4nge<\/li>\n<li>Farbe: Weiss mit schwarzem 62X Serving<\/li>\n<li>F\u00fcr Recurveb\u00f6gen geeignet<\/li>\n<\/ul>","protected":false},"excerpt":{"rendered":"<p><strong>Length:<\/strong> 66&quot;, 68&quot;, 70&quot;<br \/><strong>Strands:<\/strong> 18<br \/><strong>Materiale:<\/strong> BCY 8125G<br \/><strong>Type:<\/strong> Recurve bowstring<br \/><strong>Farbe:<\/strong> White with black serving<\/p>","protected":false},"featured_media":444942,"comment_status":"open","ping_status":"closed","template":"","meta":[],"product_brand":[439],"product_cat":[4638],"product_tag":[3546],"class_list":{"0":"post-394530","1":"product","2":"type-product","3":"status-publish","4":"has-post-thumbnail","6":"product_brand-kinetic","7":"product_cat-recurve-strings-sehnen-kabel-bogen-zubehoer","8":"product_tag-neuheit","10":"first","11":"instock","12":"shipping-taxable","13":"purchasable","14":"product-type-simple"},"_links":{"self":[{"href":"https:\/\/bogensportdiscount.ch\/it\/wp-json\/wp\/v2\/product\/394530","targetHints":{"allow":["GET"]}}],"collection":[{"href":"https:\/\/bogensportdiscount.ch\/it\/wp-json\/wp\/v2\/product"}],"about":[{"href":"https:\/\/bogensportdiscount.ch\/it\/wp-json\/wp\/v2\/types\/product"}],"replies":[{"embeddable":true,"href":"https:\/\/bogensportdiscount.ch\/it\/wp-json\/wp\/v2\/comments?post=394530"}],"wp:featuredmedia":[{"embeddable":true,"href":"https:\/\/bogensportdiscount.ch\/it\/wp-json\/wp\/v2\/media\/444942"}],"wp:attachment":[{"href":"https:\/\/bogensportdiscount.ch\/it\/wp-json\/wp\/v2\/media?parent=394530"}],"wp:term":[{"taxonomy":"product_brand","embeddable":true,"href":"https:\/\/bogensportdiscount.ch\/it\/wp-json\/wp\/v2\/product_brand?post=394530"},{"taxonomy":"product_cat","embeddable":true,"href":"https:\/\/bogensportdiscount.ch\/it\/wp-json\/wp\/v2\/product_cat?post=394530"},{"taxonomy":"product_tag","embeddable":true,"href":"https:\/\/bogensportdiscount.ch\/it\/wp-json\/wp\/v2\/product_tag?post=394530"}],"curies":[{"name":"wp","href":"https:\/\/api.w.org\/{rel}","templated":true}]}}