{"id":394525,"date":"2026-04-05T14:33:52","date_gmt":"2026-04-05T12:33:52","guid":{"rendered":"https:\/\/bogensportdiscount.ch\/produkt\/flexarchery-turbo-button-2-0-fluor-yellow-100-pk\/"},"modified":"2026-04-15T12:30:13","modified_gmt":"2026-04-15T10:30:13","slug":"flexarchery-turbo-button-2-0-neongelb-100er-pack","status":"publish","type":"product","link":"https:\/\/bogensportdiscount.ch\/it\/prodotto\/flexarchery-turbo-button-2-0-neongelb-100er-pack\/","title":{"rendered":"PULSANTE TURBO 2.0 GIALLO FLUOR 100\/PZ."},"content":{"rendered":"<p>Der FLEXARCHERY Turbo Button 2.0 in Neongelb wird im praktischen 100er-Pack geliefert und eignet sich f\u00fcr den Einsatz im Bereich Sehnenbau und Tuning. Die auff\u00e4llige Farbe erm\u00f6glicht eine einfache Identifikation am Material.<\/p>\n<p>Turbo Buttons werden beim Sehnenbau verwendet und dienen zur Fixierung sowie zur Positionierung von Sehnenkomponenten. Das Pack mit 100 Einheiten ist ideal f\u00fcr den regelm\u00e4ssigen Einsatz im Workshop oder Trainingsalltag.<\/p>\n<ul>\n<li>Neongelbe Farbe f\u00fcr einfache Sichtkontrolle<\/li>\n<li>Vorteilspackung mit 100 St\u00fcck<\/li>\n<li>Geeignet f\u00fcr Sehnenbau und Tuning-Arbeiten<\/li>\n<li>Von Flex-Archery, hergestellt in Spanien<\/li>\n<\/ul>","protected":false},"excerpt":{"rendered":"<table>\n<tr>\n<th>Propriet\u00e0<\/th>\n<th>Valore<\/th>\n<\/tr>\n<tr>\n<td>Marchio<\/td>\n<td>Flex-Archery<\/td>\n<\/tr>\n<tr>\n<td>Colore<\/td>\n<td>Neongelb<\/td>\n<\/tr>\n<tr>\n<td>Menge<\/td>\n<td>100 St\u00fcck<\/td>\n<\/tr>\n<tr>\n<td>Herkunftsland<\/td>\n<td>Spanien<\/td>\n<\/tr>\n<\/table>","protected":false},"featured_media":452351,"comment_status":"open","ping_status":"closed","template":"","meta":[],"product_brand":[447],"product_cat":[4347],"product_tag":[3546],"class_list":{"0":"post-394525","1":"product","2":"type-product","3":"status-publish","4":"has-post-thumbnail","6":"product_brand-flexarchery","7":"product_cat-nocking-points-kisser-buttons-accessories","8":"product_tag-neuheit","10":"first","11":"instock","12":"shipping-taxable","13":"purchasable","14":"product-type-simple"},"_links":{"self":[{"href":"https:\/\/bogensportdiscount.ch\/it\/wp-json\/wp\/v2\/product\/394525","targetHints":{"allow":["GET"]}}],"collection":[{"href":"https:\/\/bogensportdiscount.ch\/it\/wp-json\/wp\/v2\/product"}],"about":[{"href":"https:\/\/bogensportdiscount.ch\/it\/wp-json\/wp\/v2\/types\/product"}],"replies":[{"embeddable":true,"href":"https:\/\/bogensportdiscount.ch\/it\/wp-json\/wp\/v2\/comments?post=394525"}],"wp:featuredmedia":[{"embeddable":true,"href":"https:\/\/bogensportdiscount.ch\/it\/wp-json\/wp\/v2\/media\/452351"}],"wp:attachment":[{"href":"https:\/\/bogensportdiscount.ch\/it\/wp-json\/wp\/v2\/media?parent=394525"}],"wp:term":[{"taxonomy":"product_brand","embeddable":true,"href":"https:\/\/bogensportdiscount.ch\/it\/wp-json\/wp\/v2\/product_brand?post=394525"},{"taxonomy":"product_cat","embeddable":true,"href":"https:\/\/bogensportdiscount.ch\/it\/wp-json\/wp\/v2\/product_cat?post=394525"},{"taxonomy":"product_tag","embeddable":true,"href":"https:\/\/bogensportdiscount.ch\/it\/wp-json\/wp\/v2\/product_tag?post=394525"}],"curies":[{"name":"wp","href":"https:\/\/api.w.org\/{rel}","templated":true}]}}