{"id":394517,"date":"2026-04-05T14:33:50","date_gmt":"2026-04-05T12:33:50","guid":{"rendered":"https:\/\/bogensportdiscount.ch\/produkt\/kap-bow-squares-gauges-winstorm-440-alu-black-inches-and-centimeters\/"},"modified":"2026-04-20T12:50:18","modified_gmt":"2026-04-20T10:50:18","slug":"kap-bogenwinkelmesser-winstorm-440-alu-schwarz-zoll-zentimeter","status":"publish","type":"product","link":"https:\/\/bogensportdiscount.ch\/it\/prodotto\/kap-bogenwinkelmesser-winstorm-440-alu-schwarz-zoll-zentimeter\/","title":{"rendered":"KAP BOW SQUARES GAUGES WINSTORM 440 ALU SCHWARZ INCHES UND ZENTIMETER"},"content":{"rendered":"<p>Der KAP Winstorm 440 Bogenwinkelmesser ist ein praktisches Einstellwerkzeug f\u00fcr Bogensch\u00fctzen. Die Ausf\u00fchrung aus Aluminium sorgt f\u00fcr Stabilit\u00e4t bei geringem Gewicht, die schwarze Oberfl\u00e4che sch\u00fctzt vor Korrosion und Reflexionen.<\/p>\n<p>Dank der beidseitigen Skalierung in Zoll und Zentimeter l\u00e4sst sich das Ger\u00e4t flexibel einsetzen \u2013 unabh\u00e4ngig davon, welches Masssystem bevorzugt wird. Der Bogenwinkelmesser wird verwendet, um Nockpunkt, Pfeilauflage und Bogenarm pr\u00e4zise zu positionieren.<\/p>\n<ul>\n<li>Materiale: Alluminio<\/li>\n<li>Colore: Nero<\/li>\n<li>Skalierung in Zoll und Zentimeter<\/li>\n<li>Geeignet f\u00fcr die Justierung von Recurve- und Compoundb\u00f6gen<\/li>\n<\/ul>","protected":false},"excerpt":{"rendered":"<p><strong>Marchio:<\/strong> KAP<br \/><strong>Colore:<\/strong> Nero<br \/><strong>GTIN:<\/strong> 827000001<\/p>","protected":false},"featured_media":522003,"comment_status":"open","ping_status":"closed","template":"","meta":[],"product_brand":[781],"product_cat":[4381],"product_tag":[3546],"class_list":{"0":"post-394517","1":"product","2":"type-product","3":"status-publish","4":"has-post-thumbnail","6":"product_brand-kap","7":"product_cat-bow-squares","8":"product_tag-neuheit","10":"first","11":"instock","12":"shipping-taxable","13":"purchasable","14":"product-type-simple"},"yoast_head":"<!-- This site is optimized with the Yoast SEO plugin v27.4 - https:\/\/yoast.com\/product\/yoast-seo-wordpress\/ -->\n<title>KAP BOW SQUARES GAUGES WINSTORM 440 ALU SCHWARZ INCHES UND ZENTIMETER - Bogensportdiscount \u2013 B\u00f6gen, Pfeile, Targets &amp; Zubeh\u00f6r<\/title>\n<meta name=\"robots\" content=\"noindex, follow, max-snippet:-1, max-image-preview:large, max-video-preview:-1\" \/>\n<meta property=\"og:locale\" content=\"it_IT\" \/>\n<meta property=\"og:type\" content=\"article\" \/>\n<meta property=\"og:title\" content=\"KAP BOW SQUARES GAUGES WINSTORM 440 ALU SCHWARZ INCHES UND ZENTIMETER - Bogensportdiscount \u2013 B\u00f6gen, Pfeile, Targets &amp; Zubeh\u00f6r\" \/>\n<meta property=\"og:description\" content=\"Marke: KAPFarbe: SchwarzGTIN: 827000001\" \/>\n<meta property=\"og:url\" content=\"https:\/\/bogensportdiscount.ch\/it\/produit\/kap-bogenwinkelmesser-winstorm-440-alu-schwarz-zoll-zentimeter\/\" \/>\n<meta property=\"og:site_name\" content=\"Bogensportdiscount \u2013 B\u00f6gen, Pfeile, Targets &amp; Zubeh\u00f6r\" \/>\n<meta property=\"article:modified_time\" content=\"2026-04-20T10:50:18+00:00\" \/>\n<meta property=\"og:image\" content=\"https:\/\/bogensportdiscount.ch\/wp-content\/uploads\/bsm-images\/A016371_1.png\" \/>\n\t<meta property=\"og:image:width\" content=\"1772\" \/>\n\t<meta property=\"og:image:height\" content=\"925\" \/>\n\t<meta property=\"og:image:type\" content=\"image\/png\" \/>\n<meta name=\"twitter:card\" content=\"summary_large_image\" \/>\n<script type=\"application\/ld+json\" class=\"yoast-schema-graph\">{\"@context\":\"https:\\\/\\\/schema.org\",\"@graph\":[{\"@type\":\"WebPage\",\"@id\":\"https:\\\/\\\/bogensportdiscount.ch\\\/fr\\\/produit\\\/kap-bogenwinkelmesser-winstorm-440-alu-schwarz-zoll-zentimeter\\\/\",\"url\":\"https:\\\/\\\/bogensportdiscount.ch\\\/fr\\\/produit\\\/kap-bogenwinkelmesser-winstorm-440-alu-schwarz-zoll-zentimeter\\\/\",\"name\":\"KAP BOW SQUARES GAUGES WINSTORM 440 ALU SCHWARZ INCHES UND ZENTIMETER - Bogensportdiscount \u2013 B\u00f6gen, Pfeile, Targets &amp; Zubeh\u00f6r\",\"isPartOf\":{\"@id\":\"https:\\\/\\\/bogensportdiscount.ch\\\/#website\"},\"primaryImageOfPage\":{\"@id\":\"https:\\\/\\\/bogensportdiscount.ch\\\/fr\\\/produit\\\/kap-bogenwinkelmesser-winstorm-440-alu-schwarz-zoll-zentimeter\\\/#primaryimage\"},\"image\":{\"@id\":\"https:\\\/\\\/bogensportdiscount.ch\\\/fr\\\/produit\\\/kap-bogenwinkelmesser-winstorm-440-alu-schwarz-zoll-zentimeter\\\/#primaryimage\"},\"thumbnailUrl\":\"https:\\\/\\\/bogensportdiscount.ch\\\/wp-content\\\/uploads\\\/bsm-images\\\/A016371_1.png\",\"datePublished\":\"2026-04-05T12:33:50+00:00\",\"dateModified\":\"2026-04-20T10:50:18+00:00\",\"breadcrumb\":{\"@id\":\"https:\\\/\\\/bogensportdiscount.ch\\\/fr\\\/produit\\\/kap-bogenwinkelmesser-winstorm-440-alu-schwarz-zoll-zentimeter\\\/#breadcrumb\"},\"inLanguage\":\"it-IT\",\"potentialAction\":[{\"@type\":\"ReadAction\",\"target\":[\"https:\\\/\\\/bogensportdiscount.ch\\\/fr\\\/produit\\\/kap-bogenwinkelmesser-winstorm-440-alu-schwarz-zoll-zentimeter\\\/\"]}]},{\"@type\":\"ImageObject\",\"inLanguage\":\"it-IT\",\"@id\":\"https:\\\/\\\/bogensportdiscount.ch\\\/fr\\\/produit\\\/kap-bogenwinkelmesser-winstorm-440-alu-schwarz-zoll-zentimeter\\\/#primaryimage\",\"url\":\"https:\\\/\\\/bogensportdiscount.ch\\\/wp-content\\\/uploads\\\/bsm-images\\\/A016371_1.png\",\"contentUrl\":\"https:\\\/\\\/bogensportdiscount.ch\\\/wp-content\\\/uploads\\\/bsm-images\\\/A016371_1.png\",\"width\":1772,\"height\":925},{\"@type\":\"BreadcrumbList\",\"@id\":\"https:\\\/\\\/bogensportdiscount.ch\\\/fr\\\/produit\\\/kap-bogenwinkelmesser-winstorm-440-alu-schwarz-zoll-zentimeter\\\/#breadcrumb\",\"itemListElement\":[{\"@type\":\"ListItem\",\"position\":1,\"name\":\"Home\",\"item\":\"https:\\\/\\\/bogensportdiscount.ch\\\/\"},{\"@type\":\"ListItem\",\"position\":2,\"name\":\"Shop\",\"item\":\"https:\\\/\\\/bogensportdiscount.ch\\\/shop\\\/\"},{\"@type\":\"ListItem\",\"position\":3,\"name\":\"KAP BOW SQUARES GAUGES WINSTORM 440 ALU SCHWARZ INCHES UND ZENTIMETER\"}]},{\"@type\":\"WebSite\",\"@id\":\"https:\\\/\\\/bogensportdiscount.ch\\\/#website\",\"url\":\"https:\\\/\\\/bogensportdiscount.ch\\\/\",\"name\":\"Bogensportdiscount\",\"description\":\"\",\"potentialAction\":[{\"@type\":\"SearchAction\",\"target\":{\"@type\":\"EntryPoint\",\"urlTemplate\":\"https:\\\/\\\/bogensportdiscount.ch\\\/?s={search_term_string}\"},\"query-input\":{\"@type\":\"PropertyValueSpecification\",\"valueRequired\":true,\"valueName\":\"search_term_string\"}}],\"inLanguage\":\"it-IT\"}]}<\/script>\n<!-- \/ Yoast SEO plugin. -->","yoast_head_json":{"title":"KAP BOW SQUARES GAUGES WINSTORM 440 ALU SCHWARZ INCHES UND ZENTIMETER - Bogensportdiscount \u2013 B\u00f6gen, Pfeile, Targets &amp; Zubeh\u00f6r","robots":{"index":"noindex","follow":"follow","max-snippet":"max-snippet:-1","max-image-preview":"max-image-preview:large","max-video-preview":"max-video-preview:-1"},"og_locale":"it_IT","og_type":"article","og_title":"KAP BOW SQUARES GAUGES WINSTORM 440 ALU SCHWARZ INCHES UND ZENTIMETER - Bogensportdiscount \u2013 B\u00f6gen, Pfeile, Targets &amp; Zubeh\u00f6r","og_description":"Marke: KAPFarbe: SchwarzGTIN: 827000001","og_url":"https:\/\/bogensportdiscount.ch\/it\/produit\/kap-bogenwinkelmesser-winstorm-440-alu-schwarz-zoll-zentimeter\/","og_site_name":"Bogensportdiscount \u2013 B\u00f6gen, Pfeile, Targets &amp; Zubeh\u00f6r","article_modified_time":"2026-04-20T10:50:18+00:00","og_image":[{"width":1772,"height":925,"url":"https:\/\/bogensportdiscount.ch\/wp-content\/uploads\/bsm-images\/A016371_1.png","type":"image\/png"}],"twitter_card":"summary_large_image","schema":{"@context":"https:\/\/schema.org","@graph":[{"@type":"WebPage","@id":"https:\/\/bogensportdiscount.ch\/fr\/produit\/kap-bogenwinkelmesser-winstorm-440-alu-schwarz-zoll-zentimeter\/","url":"https:\/\/bogensportdiscount.ch\/fr\/produit\/kap-bogenwinkelmesser-winstorm-440-alu-schwarz-zoll-zentimeter\/","name":"KAP BOW SQUARES GAUGES WINSTORM 440 ALU SCHWARZ INCHES UND ZENTIMETER - Bogensportdiscount \u2013 B\u00f6gen, Pfeile, Targets &amp; Zubeh\u00f6r","isPartOf":{"@id":"https:\/\/bogensportdiscount.ch\/#website"},"primaryImageOfPage":{"@id":"https:\/\/bogensportdiscount.ch\/fr\/produit\/kap-bogenwinkelmesser-winstorm-440-alu-schwarz-zoll-zentimeter\/#primaryimage"},"image":{"@id":"https:\/\/bogensportdiscount.ch\/fr\/produit\/kap-bogenwinkelmesser-winstorm-440-alu-schwarz-zoll-zentimeter\/#primaryimage"},"thumbnailUrl":"https:\/\/bogensportdiscount.ch\/wp-content\/uploads\/bsm-images\/A016371_1.png","datePublished":"2026-04-05T12:33:50+00:00","dateModified":"2026-04-20T10:50:18+00:00","breadcrumb":{"@id":"https:\/\/bogensportdiscount.ch\/fr\/produit\/kap-bogenwinkelmesser-winstorm-440-alu-schwarz-zoll-zentimeter\/#breadcrumb"},"inLanguage":"it-IT","potentialAction":[{"@type":"ReadAction","target":["https:\/\/bogensportdiscount.ch\/fr\/produit\/kap-bogenwinkelmesser-winstorm-440-alu-schwarz-zoll-zentimeter\/"]}]},{"@type":"ImageObject","inLanguage":"it-IT","@id":"https:\/\/bogensportdiscount.ch\/fr\/produit\/kap-bogenwinkelmesser-winstorm-440-alu-schwarz-zoll-zentimeter\/#primaryimage","url":"https:\/\/bogensportdiscount.ch\/wp-content\/uploads\/bsm-images\/A016371_1.png","contentUrl":"https:\/\/bogensportdiscount.ch\/wp-content\/uploads\/bsm-images\/A016371_1.png","width":1772,"height":925},{"@type":"BreadcrumbList","@id":"https:\/\/bogensportdiscount.ch\/fr\/produit\/kap-bogenwinkelmesser-winstorm-440-alu-schwarz-zoll-zentimeter\/#breadcrumb","itemListElement":[{"@type":"ListItem","position":1,"name":"Home","item":"https:\/\/bogensportdiscount.ch\/"},{"@type":"ListItem","position":2,"name":"Shop","item":"https:\/\/bogensportdiscount.ch\/shop\/"},{"@type":"ListItem","position":3,"name":"KAP BOW SQUARES GAUGES WINSTORM 440 ALU SCHWARZ INCHES UND ZENTIMETER"}]},{"@type":"WebSite","@id":"https:\/\/bogensportdiscount.ch\/#website","url":"https:\/\/bogensportdiscount.ch\/","name":"Bogensportdiscount","description":"","potentialAction":[{"@type":"SearchAction","target":{"@type":"EntryPoint","urlTemplate":"https:\/\/bogensportdiscount.ch\/?s={search_term_string}"},"query-input":{"@type":"PropertyValueSpecification","valueRequired":true,"valueName":"search_term_string"}}],"inLanguage":"it-IT"}]}},"_links":{"self":[{"href":"https:\/\/bogensportdiscount.ch\/it\/wp-json\/wp\/v2\/product\/394517","targetHints":{"allow":["GET"]}}],"collection":[{"href":"https:\/\/bogensportdiscount.ch\/it\/wp-json\/wp\/v2\/product"}],"about":[{"href":"https:\/\/bogensportdiscount.ch\/it\/wp-json\/wp\/v2\/types\/product"}],"replies":[{"embeddable":true,"href":"https:\/\/bogensportdiscount.ch\/it\/wp-json\/wp\/v2\/comments?post=394517"}],"wp:featuredmedia":[{"embeddable":true,"href":"https:\/\/bogensportdiscount.ch\/it\/wp-json\/wp\/v2\/media\/522003"}],"wp:attachment":[{"href":"https:\/\/bogensportdiscount.ch\/it\/wp-json\/wp\/v2\/media?parent=394517"}],"wp:term":[{"taxonomy":"product_brand","embeddable":true,"href":"https:\/\/bogensportdiscount.ch\/it\/wp-json\/wp\/v2\/product_brand?post=394517"},{"taxonomy":"product_cat","embeddable":true,"href":"https:\/\/bogensportdiscount.ch\/it\/wp-json\/wp\/v2\/product_cat?post=394517"},{"taxonomy":"product_tag","embeddable":true,"href":"https:\/\/bogensportdiscount.ch\/it\/wp-json\/wp\/v2\/product_tag?post=394517"}],"curies":[{"name":"wp","href":"https:\/\/api.w.org\/{rel}","templated":true}]}}