{"id":394504,"date":"2026-04-05T14:33:47","date_gmt":"2026-04-05T12:33:47","guid":{"rendered":"https:\/\/bogensportdiscount.ch\/produkt\/ssarchery-weights-pop-n-jay-black-eagle-x5\/"},"modified":"2026-04-15T12:27:57","modified_gmt":"2026-04-15T10:27:57","slug":"ssarchery-gewichte-pop-n-jay-black-eagle-x5","status":"publish","type":"product","link":"https:\/\/bogensportdiscount.ch\/it\/prodotto\/ssarchery-gewichte-pop-n-jay-black-eagle-x5\/","title":{"rendered":"PESI POP N JAY BLACK EAGLE X5"},"content":{"rendered":"<p>Die SSARCHERY Gewichte f\u00fcr das Pop N Jay System sind in der Variante Black Eagle X5 erh\u00e4ltlich und eignen sich als Komponenten f\u00fcr Pop-N-Jay-Pfeile. Die Gewichte werden verwendet, um das Flugverhalten und die Balance der Spezialpfeile anzupassen.<\/p>\n<p>In der Farbe Schwarz f\u00fcgen sich die Gewichte unauff\u00e4llig in das Pfeilsystem ein. Als Einzelkomponente erm\u00f6glichen sie eine gezielte Abstimmung des Pop N Jay Pfeils auf die jeweiligen Anforderungen.<\/p>\n<ul>\n<li>Passend f\u00fcr das Pop N Jay Pfeilsystem<\/li>\n<li>Variante: Black Eagle X5<\/li>\n<li>Farbe: Schwarz<\/li>\n<li>Hergestellt in Grossbritannien<\/li>\n<\/ul>","protected":false},"excerpt":{"rendered":"<table>\n<tr>\n<th>Propriet\u00e0<\/th>\n<th>Valore<\/th>\n<\/tr>\n<tr>\n<td>Marchio<\/td>\n<td>SS Archery<\/td>\n<\/tr>\n<tr>\n<td>Colore<\/td>\n<td>Schwarz<\/td>\n<\/tr>\n<tr>\n<td>Dimensione<\/td>\n<td>X5<\/td>\n<\/tr>\n<tr>\n<td>Origine<\/td>\n<td>Grossbritannien<\/td>\n<\/tr>\n<\/table>","protected":false},"featured_media":440654,"comment_status":"open","ping_status":"closed","template":"","meta":[],"product_brand":[604],"product_cat":[4185],"product_tag":[3546],"class_list":{"0":"post-394504","1":"product","2":"type-product","3":"status-publish","4":"has-post-thumbnail","6":"product_brand-ssarchery","7":"product_cat-komponenten","8":"product_tag-neuheit","10":"first","11":"instock","12":"shipping-taxable","13":"purchasable","14":"product-type-simple"},"_links":{"self":[{"href":"https:\/\/bogensportdiscount.ch\/it\/wp-json\/wp\/v2\/product\/394504","targetHints":{"allow":["GET"]}}],"collection":[{"href":"https:\/\/bogensportdiscount.ch\/it\/wp-json\/wp\/v2\/product"}],"about":[{"href":"https:\/\/bogensportdiscount.ch\/it\/wp-json\/wp\/v2\/types\/product"}],"replies":[{"embeddable":true,"href":"https:\/\/bogensportdiscount.ch\/it\/wp-json\/wp\/v2\/comments?post=394504"}],"wp:featuredmedia":[{"embeddable":true,"href":"https:\/\/bogensportdiscount.ch\/it\/wp-json\/wp\/v2\/media\/440654"}],"wp:attachment":[{"href":"https:\/\/bogensportdiscount.ch\/it\/wp-json\/wp\/v2\/media?parent=394504"}],"wp:term":[{"taxonomy":"product_brand","embeddable":true,"href":"https:\/\/bogensportdiscount.ch\/it\/wp-json\/wp\/v2\/product_brand?post=394504"},{"taxonomy":"product_cat","embeddable":true,"href":"https:\/\/bogensportdiscount.ch\/it\/wp-json\/wp\/v2\/product_cat?post=394504"},{"taxonomy":"product_tag","embeddable":true,"href":"https:\/\/bogensportdiscount.ch\/it\/wp-json\/wp\/v2\/product_tag?post=394504"}],"curies":[{"name":"wp","href":"https:\/\/api.w.org\/{rel}","templated":true}]}}