{"id":394498,"date":"2026-04-05T14:33:46","date_gmt":"2026-04-05T12:33:46","guid":{"rendered":"https:\/\/bogensportdiscount.ch\/produkt\/refo-target-strips-medium-density-125-27-6-cm\/"},"modified":"2026-04-19T11:43:03","modified_gmt":"2026-04-19T09:43:03","slug":"refo-zielscheiben-streifen-medium-density-125-27-6-cm","status":"publish","type":"product","link":"https:\/\/bogensportdiscount.ch\/it\/prodotto\/refo-zielscheiben-streifen-medium-density-125-27-6-cm\/","title":{"rendered":"REFO STRISCE DI ARRIVO DENSIT\u00c0 MEDIA 125-27-6 CM"},"content":{"rendered":"<p>Die REFO Target Strips in Medium Density sind Ersatzstreifen f\u00fcr Sackziele und eignen sich f\u00fcr den Einsatz im Bogensport-Training sowie im Wettkampfbetrieb. Die Streifen werden als F\u00fcllmaterial in Streifenzielen verwendet und k\u00f6nnen bei Verschleiss einfach ausgetauscht werden.<\/p>\n<p>Mit einem Mass von 125 \u00d7 27 \u00d7 6 cm bieten die Streifen eine ausreichende Tiefe, um Pfeile sicher aufzuhalten. Die mittlere Dichte eignet sich f\u00fcr eine breite Palette von B\u00f6gen und Zuggewichten.<\/p>\n<ul>\n<li>Abmessungen: 125 \u00d7 27 \u00d7 6 cm<\/li>\n<li>Mittlere Dichte f\u00fcr vielseitigen Einsatz<\/li>\n<li>Sostituzione semplice in caso di usura<\/li>\n<li>Prodotto in Italia<\/li>\n<\/ul>","protected":false},"excerpt":{"rendered":"<table>\n<tr>\n<th>Propriet\u00e0<\/th>\n<th>Valore<\/th>\n<\/tr>\n<tr>\n<td>Marca<\/td>\n<td>REFO<\/td>\n<\/tr>\n<tr>\n<td>Tipo<\/td>\n<td>Strip (Striscia)<\/td>\n<\/tr>\n<tr>\n<td>Dichte<\/td>\n<td>Medio<\/td>\n<\/tr>\n<tr>\n<td>Dimensioni<\/td>\n<td>125 \u00d7 27 \u00d7 6 cm<\/td>\n<\/tr>\n<tr>\n<td>Origine<\/td>\n<td>Italia<\/td>\n<\/tr>\n<\/table>","protected":false},"featured_media":485400,"comment_status":"open","ping_status":"closed","template":"","meta":[],"product_brand":[799],"product_cat":[4338],"product_tag":[3546],"class_list":{"0":"post-394498","1":"product","2":"type-product","3":"status-publish","4":"has-post-thumbnail","6":"product_brand-refo","7":"product_cat-center-teilen-fuer-ziele","8":"product_tag-neuheit","10":"first","11":"instock","12":"shipping-taxable","13":"purchasable","14":"product-type-simple"},"_links":{"self":[{"href":"https:\/\/bogensportdiscount.ch\/it\/wp-json\/wp\/v2\/product\/394498","targetHints":{"allow":["GET"]}}],"collection":[{"href":"https:\/\/bogensportdiscount.ch\/it\/wp-json\/wp\/v2\/product"}],"about":[{"href":"https:\/\/bogensportdiscount.ch\/it\/wp-json\/wp\/v2\/types\/product"}],"replies":[{"embeddable":true,"href":"https:\/\/bogensportdiscount.ch\/it\/wp-json\/wp\/v2\/comments?post=394498"}],"wp:featuredmedia":[{"embeddable":true,"href":"https:\/\/bogensportdiscount.ch\/it\/wp-json\/wp\/v2\/media\/485400"}],"wp:attachment":[{"href":"https:\/\/bogensportdiscount.ch\/it\/wp-json\/wp\/v2\/media?parent=394498"}],"wp:term":[{"taxonomy":"product_brand","embeddable":true,"href":"https:\/\/bogensportdiscount.ch\/it\/wp-json\/wp\/v2\/product_brand?post=394498"},{"taxonomy":"product_cat","embeddable":true,"href":"https:\/\/bogensportdiscount.ch\/it\/wp-json\/wp\/v2\/product_cat?post=394498"},{"taxonomy":"product_tag","embeddable":true,"href":"https:\/\/bogensportdiscount.ch\/it\/wp-json\/wp\/v2\/product_tag?post=394498"}],"curies":[{"name":"wp","href":"https:\/\/api.w.org\/{rel}","templated":true}]}}