{"id":394497,"date":"2026-04-05T14:33:45","date_gmt":"2026-04-05T12:33:45","guid":{"rendered":"https:\/\/bogensportdiscount.ch\/produkt\/foam-target-fawofield-special-compound-135x135x20cm\/"},"modified":"2026-04-15T12:20:11","modified_gmt":"2026-04-15T10:20:11","slug":"fawofield-schaumstoff-sackziel-special-compound-135x135x20cm","status":"publish","type":"product","link":"https:\/\/bogensportdiscount.ch\/it\/prodotto\/fawofield-schaumstoff-sackziel-special-compound-135x135x20cm\/","title":{"rendered":"FOAM TARGET FAWOFIELD SPECIAL COMPOUND 135X135X20cm"},"content":{"rendered":"<p>Das FAWOFIELD Special Compound Sackziel aus Schaumstoff bietet mit seinen Massen von 135x135x20cm eine grossz\u00fcgige Trefferfl\u00e4che f\u00fcr das regelm\u00e4ssige Bogentraining. Die kompakte Tiefe von 20cm sorgt f\u00fcr zuverl\u00e4ssiges Pfeilfangen bei handels\u00fcblichen Compound-B\u00f6gen.<\/p>\n<p>Dank des grossen Formats ist das Ziel besonders gut geeignet f\u00fcr Trainingseinheiten, bei denen mehrere Sch\u00fctzen gleichzeitig schiessen, oder f\u00fcr das Distanztraining, bei dem eine breite Auffangfl\u00e4che von Vorteil ist.<\/p>\n<ul>\n<li>Abmessungen: 135x135x20cm<\/li>\n<li>Material: Schaumstoff<\/li>\n<li>Geeignet f\u00fcr Compound-B\u00f6gen<\/li>\n<li>Grosse Trefferfl\u00e4che f\u00fcr effizientes Training<\/li>\n<\/ul>","protected":false},"excerpt":{"rendered":"<p><strong>Marchio:<\/strong> Fawofield &#8211; Danage<br \/><strong>Tipo:<\/strong> Target<br \/><strong>Weight (grams):<\/strong> 25000<br \/><strong>Foam type:<\/strong> Polyfoam sandwich<\/p>","protected":false},"featured_media":440663,"comment_status":"open","ping_status":"closed","template":"","meta":[],"product_brand":[888],"product_cat":[4339],"product_tag":[3546],"class_list":{"0":"post-394497","1":"product","2":"type-product","3":"status-publish","4":"has-post-thumbnail","6":"product_brand-fawofield","7":"product_cat-ziele-im-schaum","8":"product_tag-neuheit","10":"first","11":"instock","12":"shipping-taxable","13":"purchasable","14":"product-type-simple"},"_links":{"self":[{"href":"https:\/\/bogensportdiscount.ch\/it\/wp-json\/wp\/v2\/product\/394497","targetHints":{"allow":["GET"]}}],"collection":[{"href":"https:\/\/bogensportdiscount.ch\/it\/wp-json\/wp\/v2\/product"}],"about":[{"href":"https:\/\/bogensportdiscount.ch\/it\/wp-json\/wp\/v2\/types\/product"}],"replies":[{"embeddable":true,"href":"https:\/\/bogensportdiscount.ch\/it\/wp-json\/wp\/v2\/comments?post=394497"}],"wp:featuredmedia":[{"embeddable":true,"href":"https:\/\/bogensportdiscount.ch\/it\/wp-json\/wp\/v2\/media\/440663"}],"wp:attachment":[{"href":"https:\/\/bogensportdiscount.ch\/it\/wp-json\/wp\/v2\/media?parent=394497"}],"wp:term":[{"taxonomy":"product_brand","embeddable":true,"href":"https:\/\/bogensportdiscount.ch\/it\/wp-json\/wp\/v2\/product_brand?post=394497"},{"taxonomy":"product_cat","embeddable":true,"href":"https:\/\/bogensportdiscount.ch\/it\/wp-json\/wp\/v2\/product_cat?post=394497"},{"taxonomy":"product_tag","embeddable":true,"href":"https:\/\/bogensportdiscount.ch\/it\/wp-json\/wp\/v2\/product_tag?post=394497"}],"curies":[{"name":"wp","href":"https:\/\/api.w.org\/{rel}","templated":true}]}}