{"id":394469,"date":"2026-04-05T14:33:39","date_gmt":"2026-04-05T12:33:39","guid":{"rendered":"https:\/\/bogensportdiscount.ch\/produkt\/reign-recurve-strings-supreme-bloodline-glory-pro-two-color-custom\/"},"modified":"2026-04-15T12:17:22","modified_gmt":"2026-04-15T10:17:22","slug":"reign-recurve-sehne-supreme-bloodline-glory-pro-zweifarbig-custom","status":"publish","type":"product","link":"https:\/\/bogensportdiscount.ch\/it\/prodotto\/reign-recurve-sehne-supreme-bloodline-glory-pro-zweifarbig-custom\/","title":{"rendered":"REIGN RECURVE CORDE SUPREME BLOODLINE GLORY PRO BICOLORE CUSTOM"},"content":{"rendered":"<p>Die REIGN Supreme Recurve-Sehne in der Bloodline Glory Pro Edition ist aus hochwertigen Bloodline Fibers Glory Pro gefertigt, die speziell auf die Anforderungen von Recurvebogen ausgelegt sind. Durch die Vorspannung auf \u00fcber 400 lbs wird ein Setzen der Sehne minimiert und eine gleichbleibende Leistung \u00fcber viele Sch\u00fcsse hinweg gew\u00e4hrleistet.<\/p>\n<p>Diese Custom-Sehne ist in einer zweifarbigen Ausf\u00fchrung erh\u00e4ltlich, was individuelle Anpassungen an die eigene Ausr\u00fcstung erm\u00f6glicht. Die sorgf\u00e4ltige Verarbeitung und die verwendeten Materialien machen sie zu einer zuverl\u00e4ssigen Wahl f\u00fcr Recurvesch\u00fctzen, die Wert auf Konsistenz legen.<\/p>\n<ul>\n<li>Material: Bloodline Fibers Glory Pro<\/li>\n<li>Vorgespannt auf \u00fcber 400 lbs \u2013 kein Setzen der Sehne<\/li>\n<li>Zweifarbige Custom-Ausf\u00fchrung<\/li>\n<li>Speziell f\u00fcr Recurvebogen entwickelt<\/li>\n<\/ul>","protected":false},"excerpt":{"rendered":"<table>\n<tr>\n<th>Propriet\u00e0<\/th>\n<th>Valore<\/th>\n<\/tr>\n<tr>\n<td>Materiale<\/td>\n<td>Bloodline Fibers Glory Pro, speziell f\u00fcr Recurvebogen entwickelt<\/td>\n<\/tr>\n<tr>\n<td>Vorspannung<\/td>\n<td>Auf \u00fcber 400 lbs vorgespannt f\u00fcr minimales Setzen und konstante Leistung<\/td>\n<\/tr>\n<tr>\n<td>Farboptionen<\/td>\n<td>Einfarbig oder zweifarbig erh\u00e4ltlich<\/td>\n<\/tr>\n<\/table>","protected":false},"featured_media":453622,"comment_status":"open","ping_status":"closed","template":"","meta":[],"product_brand":[571],"product_cat":[4638],"product_tag":[3546],"class_list":{"0":"post-394469","1":"product","2":"type-product","3":"status-publish","4":"has-post-thumbnail","6":"product_brand-reign","7":"product_cat-recurve-strings-sehnen-kabel-bogen-zubehoer","8":"product_tag-neuheit","10":"first","11":"onbackorder","12":"shipping-taxable","13":"purchasable","14":"product-type-simple"},"_links":{"self":[{"href":"https:\/\/bogensportdiscount.ch\/it\/wp-json\/wp\/v2\/product\/394469","targetHints":{"allow":["GET"]}}],"collection":[{"href":"https:\/\/bogensportdiscount.ch\/it\/wp-json\/wp\/v2\/product"}],"about":[{"href":"https:\/\/bogensportdiscount.ch\/it\/wp-json\/wp\/v2\/types\/product"}],"replies":[{"embeddable":true,"href":"https:\/\/bogensportdiscount.ch\/it\/wp-json\/wp\/v2\/comments?post=394469"}],"wp:featuredmedia":[{"embeddable":true,"href":"https:\/\/bogensportdiscount.ch\/it\/wp-json\/wp\/v2\/media\/453622"}],"wp:attachment":[{"href":"https:\/\/bogensportdiscount.ch\/it\/wp-json\/wp\/v2\/media?parent=394469"}],"wp:term":[{"taxonomy":"product_brand","embeddable":true,"href":"https:\/\/bogensportdiscount.ch\/it\/wp-json\/wp\/v2\/product_brand?post=394469"},{"taxonomy":"product_cat","embeddable":true,"href":"https:\/\/bogensportdiscount.ch\/it\/wp-json\/wp\/v2\/product_cat?post=394469"},{"taxonomy":"product_tag","embeddable":true,"href":"https:\/\/bogensportdiscount.ch\/it\/wp-json\/wp\/v2\/product_tag?post=394469"}],"curies":[{"name":"wp","href":"https:\/\/api.w.org\/{rel}","templated":true}]}}