{"id":394441,"date":"2026-04-05T14:33:34","date_gmt":"2026-04-05T12:33:34","guid":{"rendered":"https:\/\/bogensportdiscount.ch\/produkt\/nikon-binoculars-action-10x50\/"},"modified":"2026-04-15T12:17:20","modified_gmt":"2026-04-15T10:17:20","slug":"nikon-fernglas-action-10x50","status":"publish","type":"product","link":"https:\/\/bogensportdiscount.ch\/it\/prodotto\/nikon-fernglas-action-10x50\/","title":{"rendered":"BINOCOLO NIKON ACTION 10X50"},"content":{"rendered":"<p>Das Nikon Action 10&#215;50 ist ein robustes Fernglas mit 10-facher Vergr\u00f6sserung und einem Objektivdurchmesser von 50 mm. Dank des grossen Objektivs bietet es eine gute Lichtausbeute, was es besonders bei schwierigen Lichtverh\u00e4ltnissen n\u00fctzlich macht.<\/p>\n<p>Das Fernglas eignet sich f\u00fcr den Einsatz bei der Jagd, im Outdoor-Bereich sowie bei Naturbeobachtungen. Die Kombination aus Vergr\u00f6sserung und Objektivgr\u00f6sse erm\u00f6glicht eine klare und weitreichende Sicht.<\/p>\n<ul>\n<li>10-fache Vergr\u00f6sserung<\/li>\n<li>50 mm Objektivdurchmesser f\u00fcr hohe Lichtdurchl\u00e4ssigkeit<\/li>\n<li>Geeignet f\u00fcr Jagd und Outdoor-Aktivit\u00e4ten<\/li>\n<li>Marke Nikon mit langj\u00e4hriger Optik-Erfahrung<\/li>\n<\/ul>","protected":false},"excerpt":{"rendered":"<table>\n<tr>\n<th>Propriet\u00e0<\/th>\n<th>Valore<\/th>\n<\/tr>\n<tr>\n<td>Allargamento<\/td>\n<td>10x<\/td>\n<\/tr>\n<tr>\n<td>Objektivdurchmesser<\/td>\n<td>50 mm<\/td>\n<\/tr>\n<tr>\n<td>Herkunftsland<\/td>\n<td>China<\/td>\n<\/tr>\n<\/table>","protected":false},"featured_media":453601,"comment_status":"open","ping_status":"closed","template":"","meta":[],"product_brand":[823],"product_cat":[4378],"product_tag":[3546],"class_list":{"0":"post-394441","1":"product","2":"type-product","3":"status-publish","4":"has-post-thumbnail","6":"product_brand-nikon","7":"product_cat-fernglas","8":"product_tag-neuheit","10":"first","11":"instock","12":"shipping-taxable","13":"purchasable","14":"product-type-simple"},"_links":{"self":[{"href":"https:\/\/bogensportdiscount.ch\/it\/wp-json\/wp\/v2\/product\/394441","targetHints":{"allow":["GET"]}}],"collection":[{"href":"https:\/\/bogensportdiscount.ch\/it\/wp-json\/wp\/v2\/product"}],"about":[{"href":"https:\/\/bogensportdiscount.ch\/it\/wp-json\/wp\/v2\/types\/product"}],"replies":[{"embeddable":true,"href":"https:\/\/bogensportdiscount.ch\/it\/wp-json\/wp\/v2\/comments?post=394441"}],"wp:featuredmedia":[{"embeddable":true,"href":"https:\/\/bogensportdiscount.ch\/it\/wp-json\/wp\/v2\/media\/453601"}],"wp:attachment":[{"href":"https:\/\/bogensportdiscount.ch\/it\/wp-json\/wp\/v2\/media?parent=394441"}],"wp:term":[{"taxonomy":"product_brand","embeddable":true,"href":"https:\/\/bogensportdiscount.ch\/it\/wp-json\/wp\/v2\/product_brand?post=394441"},{"taxonomy":"product_cat","embeddable":true,"href":"https:\/\/bogensportdiscount.ch\/it\/wp-json\/wp\/v2\/product_cat?post=394441"},{"taxonomy":"product_tag","embeddable":true,"href":"https:\/\/bogensportdiscount.ch\/it\/wp-json\/wp\/v2\/product_tag?post=394441"}],"curies":[{"name":"wp","href":"https:\/\/api.w.org\/{rel}","templated":true}]}}