{"id":394399,"date":"2026-04-05T14:33:26","date_gmt":"2026-04-05T12:33:26","guid":{"rendered":"https:\/\/bogensportdiscount.ch\/produkt\/backstop-mat-max-hold-height-2m-length-6m\/"},"modified":"2026-04-16T12:43:03","modified_gmt":"2026-04-16T10:43:03","slug":"backstop-pfeilfangnetz-max-hold-hoehe-2m-laenge-6m","status":"publish","type":"product","link":"https:\/\/bogensportdiscount.ch\/it\/prodotto\/backstop-pfeilfangnetz-max-hold-hoehe-2m-laenge-6m\/","title":{"rendered":"Tappetino BACKSTOP MAX HOLD - ALTEZZA 2 m - LUNGHEZZA 6 m"},"content":{"rendered":"<p>Das BACKSTOP Pfeilfangnetz Max Hold ist ein robustes Netz zum zuverl\u00e4ssigen Abfangen von Pfeilen im Bogensport. Mit einer L\u00e4nge von 6 Metern und einer H\u00f6he von 2 Metern eignet es sich sowohl f\u00fcr den Einsatz in Schiesshallen als auch im Freien.<\/p>\n<p>Das Netz bietet eine grossfl\u00e4chige Absicherung hinter dem Ziel und sch\u00fctzt Personen, Ger\u00e4te und Geb\u00e4ude vor verirrten Pfeilen. Es ist in Deutschland gefertigt und auf langfristigen Einsatz im Trainingsbetrieb ausgelegt.<\/p>\n<ul>\n<li>L\u00e4nge 6 m, H\u00f6he 2 m<\/li>\n<li>Geeignet f\u00fcr Indoor- und Outdoor-Einsatz<\/li>\n<li>Sch\u00fctzt effektiv vor verirrten Pfeilen<\/li>\n<li>Hergestellt in Deutschland<\/li>\n<\/ul>","protected":false},"excerpt":{"rendered":"<table>\n<tr>\n<th>Propriet\u00e0<\/th>\n<th>Valore<\/th>\n<\/tr>\n<tr>\n<td>Marchio<\/td>\n<td>BACKSTOP<\/td>\n<\/tr>\n<tr>\n<td>Lunghezza<\/td>\n<td>600 cm (6 m)<\/td>\n<\/tr>\n<tr>\n<td>H\u00f6he<\/td>\n<td>2 m<\/td>\n<\/tr>\n<tr>\n<td>Herkunftsland<\/td>\n<td>Deutschland<\/td>\n<\/tr>\n<\/table>","protected":false},"featured_media":453579,"comment_status":"open","ping_status":"closed","template":"","meta":[],"product_brand":[860],"product_cat":[4277],"product_tag":[3546],"class_list":{"0":"post-394399","1":"product","2":"type-product","3":"status-publish","4":"has-post-thumbnail","6":"product_brand-backstop","7":"product_cat-netze-backstops-netze","8":"product_tag-neuheit","10":"first","11":"instock","12":"shipping-taxable","13":"purchasable","14":"product-type-simple"},"_links":{"self":[{"href":"https:\/\/bogensportdiscount.ch\/it\/wp-json\/wp\/v2\/product\/394399","targetHints":{"allow":["GET"]}}],"collection":[{"href":"https:\/\/bogensportdiscount.ch\/it\/wp-json\/wp\/v2\/product"}],"about":[{"href":"https:\/\/bogensportdiscount.ch\/it\/wp-json\/wp\/v2\/types\/product"}],"replies":[{"embeddable":true,"href":"https:\/\/bogensportdiscount.ch\/it\/wp-json\/wp\/v2\/comments?post=394399"}],"wp:featuredmedia":[{"embeddable":true,"href":"https:\/\/bogensportdiscount.ch\/it\/wp-json\/wp\/v2\/media\/453579"}],"wp:attachment":[{"href":"https:\/\/bogensportdiscount.ch\/it\/wp-json\/wp\/v2\/media?parent=394399"}],"wp:term":[{"taxonomy":"product_brand","embeddable":true,"href":"https:\/\/bogensportdiscount.ch\/it\/wp-json\/wp\/v2\/product_brand?post=394399"},{"taxonomy":"product_cat","embeddable":true,"href":"https:\/\/bogensportdiscount.ch\/it\/wp-json\/wp\/v2\/product_cat?post=394399"},{"taxonomy":"product_tag","embeddable":true,"href":"https:\/\/bogensportdiscount.ch\/it\/wp-json\/wp\/v2\/product_tag?post=394399"}],"curies":[{"name":"wp","href":"https:\/\/api.w.org\/{rel}","templated":true}]}}