{"id":394398,"date":"2026-04-05T14:33:26","date_gmt":"2026-04-05T12:33:26","guid":{"rendered":"https:\/\/bogensportdiscount.ch\/produkt\/backstop-mat-max-hold-height-2m-length-5m\/"},"modified":"2026-04-16T12:43:02","modified_gmt":"2026-04-16T10:43:02","slug":"backstop-pfeilfangnetz-max-hold-hoehe-2m-laenge-5m","status":"publish","type":"product","link":"https:\/\/bogensportdiscount.ch\/it\/prodotto\/backstop-pfeilfangnetz-max-hold-hoehe-2m-laenge-5m\/","title":{"rendered":"Tappetino BACKSTOP MAX HOLD - ALTEZZA 2m - LUNGHEZZA 5m"},"content":{"rendered":"<p>Das BACKSTOP Pfeilfangnetz Max Hold ist ein robustes Auffangnetz f\u00fcr den Bogensport. Mit einer H\u00f6he von 2 m und einer L\u00e4nge von 5 m bietet es eine grossz\u00fcgige Abdeckung f\u00fcr Trainings- und Wettkampfanlagen.<\/p>\n<p>Das Netz ist darauf ausgelegt, Pfeile sicher aufzufangen und zu stoppen, um das Umfeld hinter der Zielscheibe zu sch\u00fctzen. Es eignet sich sowohl f\u00fcr den Einsatz in der Halle als auch im Freien.<\/p>\n<ul>\n<li>Abmessungen: 2 m H\u00f6he \u00d7 5 m L\u00e4nge<\/li>\n<li>Konzipiert zum sicheren Auffangen von Pfeilen<\/li>\n<li>Hergestellt in Deutschland<\/li>\n<\/ul>","protected":false},"excerpt":{"rendered":"<table>\n<tr>\n<th>Propriet\u00e0<\/th>\n<th>Valore<\/th>\n<\/tr>\n<tr>\n<td>Marchio<\/td>\n<td>BACKSTOP<\/td>\n<\/tr>\n<tr>\n<td>H\u00f6he<\/td>\n<td>2 m<\/td>\n<\/tr>\n<tr>\n<td>Lunghezza<\/td>\n<td>5 m (500 cm)<\/td>\n<\/tr>\n<tr>\n<td>Herkunftsland<\/td>\n<td>Deutschland<\/td>\n<\/tr>\n<\/table>","protected":false},"featured_media":453578,"comment_status":"open","ping_status":"closed","template":"","meta":[],"product_brand":[860],"product_cat":[4277],"product_tag":[3546],"class_list":{"0":"post-394398","1":"product","2":"type-product","3":"status-publish","4":"has-post-thumbnail","6":"product_brand-backstop","7":"product_cat-netze-backstops-netze","8":"product_tag-neuheit","10":"first","11":"instock","12":"shipping-taxable","13":"purchasable","14":"product-type-simple"},"_links":{"self":[{"href":"https:\/\/bogensportdiscount.ch\/it\/wp-json\/wp\/v2\/product\/394398","targetHints":{"allow":["GET"]}}],"collection":[{"href":"https:\/\/bogensportdiscount.ch\/it\/wp-json\/wp\/v2\/product"}],"about":[{"href":"https:\/\/bogensportdiscount.ch\/it\/wp-json\/wp\/v2\/types\/product"}],"replies":[{"embeddable":true,"href":"https:\/\/bogensportdiscount.ch\/it\/wp-json\/wp\/v2\/comments?post=394398"}],"wp:featuredmedia":[{"embeddable":true,"href":"https:\/\/bogensportdiscount.ch\/it\/wp-json\/wp\/v2\/media\/453578"}],"wp:attachment":[{"href":"https:\/\/bogensportdiscount.ch\/it\/wp-json\/wp\/v2\/media?parent=394398"}],"wp:term":[{"taxonomy":"product_brand","embeddable":true,"href":"https:\/\/bogensportdiscount.ch\/it\/wp-json\/wp\/v2\/product_brand?post=394398"},{"taxonomy":"product_cat","embeddable":true,"href":"https:\/\/bogensportdiscount.ch\/it\/wp-json\/wp\/v2\/product_cat?post=394398"},{"taxonomy":"product_tag","embeddable":true,"href":"https:\/\/bogensportdiscount.ch\/it\/wp-json\/wp\/v2\/product_tag?post=394398"}],"curies":[{"name":"wp","href":"https:\/\/api.w.org\/{rel}","templated":true}]}}