{"id":394340,"date":"2026-04-05T14:33:13","date_gmt":"2026-04-05T12:33:13","guid":{"rendered":"https:\/\/bogensportdiscount.ch\/produkt\/3d-international-3d-target-white-jackalope-group-4-h45cm-w17cm\/"},"modified":"2026-05-14T07:14:05","modified_gmt":"2026-05-14T05:14:05","slug":"3d-international-3d-ziel-white-jackalope-group-4-h45cm-b17cm","status":"publish","type":"product","link":"https:\/\/bogensportdiscount.ch\/it\/prodotto\/3d-international-3d-ziel-white-jackalope-group-4-h45cm-b17cm\/","title":{"rendered":"3D INTERNATIONAL BERSAGLIO 3D BIANCO JACKALOPE &#8211; GRUPPO 4 &#8211; H45cm B17cm"},"content":{"rendered":"<p>Il 3D International White Jackalope \u00e8 un bersaglio 3D per tiro con l'arco nella taglia Group 4. Con un'altezza di 45 cm e una larghezza di 17 cm, rappresenta un bersaglio animale dalla forma realistica ed \u00e8 adatto per l'allenamento e la gara nel tiro con l'arco 3D.<\/p>\n<p>Il Jackalope appartiene alla categoria degli ungulati e dei grandi erbivori ed \u00e8 prodotto in Italia. La classificazione Group 4 corrisponde agli standard di valutazione comuni nel tiro con l'arco 3D.<\/p>\n<ul>\n<li>Forma animale 3D: Jackalope (antilope\/erbivoro)<\/li>\n<li>Taglia Group 4: H 45 cm \u00d7 L 17 cm<\/li>\n<li>Adatto per allenamento e gara 3D<\/li>\n<li>Prodotto in Italia<\/li>\n<\/ul>","protected":false},"excerpt":{"rendered":"<table>\n<tr>\n<th>Propriet\u00e0<\/th>\n<th>Valore<\/th>\n<\/tr>\n<tr>\n<td>Marca<\/td>\n<td>3D International<\/td>\n<\/tr>\n<tr>\n<td>Tipo<\/td>\n<td>Group 4<\/td>\n<\/tr>\n<tr>\n<td>Altezza<\/td>\n<td>45 cm<\/td>\n<\/tr>\n<tr>\n<td>Larghezza<\/td>\n<td>17 cm<\/td>\n<\/tr>\n<tr>\n<td>Paese di origine<\/td>\n<td>Italia<\/td>\n<\/tr>\n<\/table>","protected":false},"featured_media":453527,"comment_status":"open","ping_status":"closed","template":"","meta":[],"product_brand":[411],"product_cat":[4143,4144,4433],"product_tag":[3546],"class_list":{"0":"post-394340","1":"product","2":"type-product","3":"status-publish","4":"has-post-thumbnail","6":"product_brand-3dinternational","7":"product_cat-ziele-auflagen","8":"product_cat-3d-ziele","9":"product_cat-nagetiere-beuteltiere","10":"product_tag-neuheit","11":"product_shipping_class-bsd-standard","13":"first","14":"instock","15":"shipping-taxable","16":"purchasable","17":"product-type-simple"},"yoast_head":"<!-- This site is optimized with the Yoast SEO plugin v27.6 - https:\/\/yoast.com\/product\/yoast-seo-wordpress\/ -->\n<title>3D INTERNATIONAL 3D-ZIEL WEISS JACKALOPE - GRUPPE 4 - H45cm B17cm - Bogensportdiscount \u2013 B\u00f6gen, Pfeile, Targets &amp; Zubeh\u00f6r<\/title>\n<meta name=\"description\" content=\"3D INTERNATIONAL 3D-ZIEL WEISS JACKALOPE - GRUPPE 4 - H45cm B17cm g\u00fcnstig kaufen bei Bogensportdiscount \u2013 Top-Marken, schneller Versand aus der Schweiz.\" \/>\n<meta name=\"robots\" content=\"index, follow, max-snippet:-1, max-image-preview:large, max-video-preview:-1\" \/>\n<link rel=\"canonical\" href=\"https:\/\/bogensportdiscount.ch\/it\/prodotto\/3d-international-3d-ziel-white-jackalope-group-4-h45cm-b17cm\/\" \/>\n<meta property=\"og:locale\" content=\"it_IT\" \/>\n<meta property=\"og:type\" content=\"article\" \/>\n<meta property=\"og:title\" content=\"3D INTERNATIONAL 3D-ZIEL WEISS JACKALOPE - GRUPPE 4 - H45cm B17cm - Bogensportdiscount \u2013 B\u00f6gen, Pfeile, Targets &amp; Zubeh\u00f6r\" \/>\n<meta property=\"og:description\" content=\"3D INTERNATIONAL 3D-ZIEL WEISS JACKALOPE - GRUPPE 4 - H45cm B17cm g\u00fcnstig kaufen bei Bogensportdiscount \u2013 Top-Marken, schneller Versand aus der Schweiz.\" \/>\n<meta property=\"og:url\" content=\"https:\/\/bogensportdiscount.ch\/it\/prodotto\/3d-international-3d-ziel-white-jackalope-group-4-h45cm-b17cm\/\" \/>\n<meta property=\"og:site_name\" content=\"Bogensportdiscount \u2013 B\u00f6gen, Pfeile, Targets &amp; Zubeh\u00f6r\" \/>\n<meta property=\"article:modified_time\" content=\"2026-05-14T05:14:05+00:00\" \/>\n<meta property=\"og:image\" content=\"https:\/\/bogensportdiscount.ch\/wp-content\/uploads\/bsm-images\/a101017_1.jpg\" \/>\n\t<meta property=\"og:image:width\" content=\"299\" \/>\n\t<meta property=\"og:image:height\" content=\"400\" \/>\n\t<meta property=\"og:image:type\" content=\"image\/jpeg\" \/>\n<meta name=\"twitter:card\" content=\"summary_large_image\" \/>\n<script type=\"application\/ld+json\" class=\"yoast-schema-graph\">{\"@context\":\"https:\\\/\\\/schema.org\",\"@graph\":[{\"@type\":\"WebPage\",\"@id\":\"https:\\\/\\\/bogensportdiscount.ch\\\/produkt\\\/3d-international-3d-ziel-white-jackalope-group-4-h45cm-b17cm\\\/\",\"url\":\"https:\\\/\\\/bogensportdiscount.ch\\\/produkt\\\/3d-international-3d-ziel-white-jackalope-group-4-h45cm-b17cm\\\/\",\"name\":\"3D INTERNATIONAL 3D-ZIEL WEISS JACKALOPE - GRUPPE 4 - H45cm B17cm - Bogensportdiscount \u2013 B\u00f6gen, Pfeile, Targets &amp; Zubeh\u00f6r\",\"isPartOf\":{\"@id\":\"https:\\\/\\\/bogensportdiscount.ch\\\/#website\"},\"primaryImageOfPage\":{\"@id\":\"https:\\\/\\\/bogensportdiscount.ch\\\/produkt\\\/3d-international-3d-ziel-white-jackalope-group-4-h45cm-b17cm\\\/#primaryimage\"},\"image\":{\"@id\":\"https:\\\/\\\/bogensportdiscount.ch\\\/produkt\\\/3d-international-3d-ziel-white-jackalope-group-4-h45cm-b17cm\\\/#primaryimage\"},\"thumbnailUrl\":\"https:\\\/\\\/bogensportdiscount.ch\\\/wp-content\\\/uploads\\\/bsm-images\\\/a101017_1.jpg\",\"datePublished\":\"2026-04-05T12:33:13+00:00\",\"dateModified\":\"2026-05-14T05:14:05+00:00\",\"description\":\"3D INTERNATIONAL 3D-ZIEL WEISS JACKALOPE - GRUPPE 4 - H45cm B17cm g\u00fcnstig kaufen bei Bogensportdiscount \u2013 Top-Marken, schneller Versand aus der Schweiz.\",\"breadcrumb\":{\"@id\":\"https:\\\/\\\/bogensportdiscount.ch\\\/produkt\\\/3d-international-3d-ziel-white-jackalope-group-4-h45cm-b17cm\\\/#breadcrumb\"},\"inLanguage\":\"it-IT\",\"potentialAction\":[{\"@type\":\"ReadAction\",\"target\":[\"https:\\\/\\\/bogensportdiscount.ch\\\/produkt\\\/3d-international-3d-ziel-white-jackalope-group-4-h45cm-b17cm\\\/\"]}]},{\"@type\":\"ImageObject\",\"inLanguage\":\"it-IT\",\"@id\":\"https:\\\/\\\/bogensportdiscount.ch\\\/produkt\\\/3d-international-3d-ziel-white-jackalope-group-4-h45cm-b17cm\\\/#primaryimage\",\"url\":\"https:\\\/\\\/bogensportdiscount.ch\\\/wp-content\\\/uploads\\\/bsm-images\\\/a101017_1.jpg\",\"contentUrl\":\"https:\\\/\\\/bogensportdiscount.ch\\\/wp-content\\\/uploads\\\/bsm-images\\\/a101017_1.jpg\",\"width\":299,\"height\":400},{\"@type\":\"BreadcrumbList\",\"@id\":\"https:\\\/\\\/bogensportdiscount.ch\\\/produkt\\\/3d-international-3d-ziel-white-jackalope-group-4-h45cm-b17cm\\\/#breadcrumb\",\"itemListElement\":[{\"@type\":\"ListItem\",\"position\":1,\"name\":\"Home\",\"item\":\"https:\\\/\\\/bogensportdiscount.ch\\\/\"},{\"@type\":\"ListItem\",\"position\":2,\"name\":\"Shop\",\"item\":\"https:\\\/\\\/bogensportdiscount.ch\\\/shop\\\/\"},{\"@type\":\"ListItem\",\"position\":3,\"name\":\"3D INTERNATIONAL 3D TARGET WHITE JACKALOPE &#8211; GROUP 4 &#8211; H45cm W17cm\"}]},{\"@type\":\"WebSite\",\"@id\":\"https:\\\/\\\/bogensportdiscount.ch\\\/#website\",\"url\":\"https:\\\/\\\/bogensportdiscount.ch\\\/\",\"name\":\"Bogensportdiscount\",\"description\":\"\",\"potentialAction\":[{\"@type\":\"SearchAction\",\"target\":{\"@type\":\"EntryPoint\",\"urlTemplate\":\"https:\\\/\\\/bogensportdiscount.ch\\\/?s={search_term_string}\"},\"query-input\":{\"@type\":\"PropertyValueSpecification\",\"valueRequired\":true,\"valueName\":\"search_term_string\"}}],\"inLanguage\":\"it-IT\"}]}<\/script>\n<!-- \/ Yoast SEO plugin. -->","yoast_head_json":{"title":"3D INTERNATIONAL 3D-ZIEL WEISS JACKALOPE - GRUPPE 4 - H45cm B17cm - Bogensportdiscount \u2013 B\u00f6gen, Pfeile, Targets &amp; Zubeh\u00f6r","description":"3D INTERNATIONAL 3D-ZIEL WEISS JACKALOPE - GRUPPE 4 - H45cm B17cm g\u00fcnstig kaufen bei Bogensportdiscount \u2013 Top-Marken, schneller Versand aus der Schweiz.","robots":{"index":"index","follow":"follow","max-snippet":"max-snippet:-1","max-image-preview":"max-image-preview:large","max-video-preview":"max-video-preview:-1"},"canonical":"https:\/\/bogensportdiscount.ch\/it\/prodotto\/3d-international-3d-ziel-white-jackalope-group-4-h45cm-b17cm\/","og_locale":"it_IT","og_type":"article","og_title":"3D INTERNATIONAL 3D-ZIEL WEISS JACKALOPE - GRUPPE 4 - H45cm B17cm - Bogensportdiscount \u2013 B\u00f6gen, Pfeile, Targets &amp; Zubeh\u00f6r","og_description":"3D INTERNATIONAL 3D-ZIEL WEISS JACKALOPE - GRUPPE 4 - H45cm B17cm g\u00fcnstig kaufen bei Bogensportdiscount \u2013 Top-Marken, schneller Versand aus der Schweiz.","og_url":"https:\/\/bogensportdiscount.ch\/it\/prodotto\/3d-international-3d-ziel-white-jackalope-group-4-h45cm-b17cm\/","og_site_name":"Bogensportdiscount \u2013 B\u00f6gen, Pfeile, Targets &amp; Zubeh\u00f6r","article_modified_time":"2026-05-14T05:14:05+00:00","og_image":[{"width":299,"height":400,"url":"https:\/\/bogensportdiscount.ch\/wp-content\/uploads\/bsm-images\/a101017_1.jpg","type":"image\/jpeg"}],"twitter_card":"summary_large_image","schema":{"@context":"https:\/\/schema.org","@graph":[{"@type":"WebPage","@id":"https:\/\/bogensportdiscount.ch\/produkt\/3d-international-3d-ziel-white-jackalope-group-4-h45cm-b17cm\/","url":"https:\/\/bogensportdiscount.ch\/produkt\/3d-international-3d-ziel-white-jackalope-group-4-h45cm-b17cm\/","name":"3D INTERNATIONAL 3D-ZIEL WEISS JACKALOPE - GRUPPE 4 - H45cm B17cm - Bogensportdiscount \u2013 B\u00f6gen, Pfeile, Targets &amp; Zubeh\u00f6r","isPartOf":{"@id":"https:\/\/bogensportdiscount.ch\/#website"},"primaryImageOfPage":{"@id":"https:\/\/bogensportdiscount.ch\/produkt\/3d-international-3d-ziel-white-jackalope-group-4-h45cm-b17cm\/#primaryimage"},"image":{"@id":"https:\/\/bogensportdiscount.ch\/produkt\/3d-international-3d-ziel-white-jackalope-group-4-h45cm-b17cm\/#primaryimage"},"thumbnailUrl":"https:\/\/bogensportdiscount.ch\/wp-content\/uploads\/bsm-images\/a101017_1.jpg","datePublished":"2026-04-05T12:33:13+00:00","dateModified":"2026-05-14T05:14:05+00:00","description":"3D INTERNATIONAL 3D-ZIEL WEISS JACKALOPE - GRUPPE 4 - H45cm B17cm g\u00fcnstig kaufen bei Bogensportdiscount \u2013 Top-Marken, schneller Versand aus der Schweiz.","breadcrumb":{"@id":"https:\/\/bogensportdiscount.ch\/produkt\/3d-international-3d-ziel-white-jackalope-group-4-h45cm-b17cm\/#breadcrumb"},"inLanguage":"it-IT","potentialAction":[{"@type":"ReadAction","target":["https:\/\/bogensportdiscount.ch\/produkt\/3d-international-3d-ziel-white-jackalope-group-4-h45cm-b17cm\/"]}]},{"@type":"ImageObject","inLanguage":"it-IT","@id":"https:\/\/bogensportdiscount.ch\/produkt\/3d-international-3d-ziel-white-jackalope-group-4-h45cm-b17cm\/#primaryimage","url":"https:\/\/bogensportdiscount.ch\/wp-content\/uploads\/bsm-images\/a101017_1.jpg","contentUrl":"https:\/\/bogensportdiscount.ch\/wp-content\/uploads\/bsm-images\/a101017_1.jpg","width":299,"height":400},{"@type":"BreadcrumbList","@id":"https:\/\/bogensportdiscount.ch\/produkt\/3d-international-3d-ziel-white-jackalope-group-4-h45cm-b17cm\/#breadcrumb","itemListElement":[{"@type":"ListItem","position":1,"name":"Home","item":"https:\/\/bogensportdiscount.ch\/"},{"@type":"ListItem","position":2,"name":"Shop","item":"https:\/\/bogensportdiscount.ch\/shop\/"},{"@type":"ListItem","position":3,"name":"3D INTERNATIONAL 3D TARGET WHITE JACKALOPE &#8211; GROUP 4 &#8211; H45cm W17cm"}]},{"@type":"WebSite","@id":"https:\/\/bogensportdiscount.ch\/#website","url":"https:\/\/bogensportdiscount.ch\/","name":"Bogensportdiscount","description":"","potentialAction":[{"@type":"SearchAction","target":{"@type":"EntryPoint","urlTemplate":"https:\/\/bogensportdiscount.ch\/?s={search_term_string}"},"query-input":{"@type":"PropertyValueSpecification","valueRequired":true,"valueName":"search_term_string"}}],"inLanguage":"it-IT"}]}},"_links":{"self":[{"href":"https:\/\/bogensportdiscount.ch\/it\/wp-json\/wp\/v2\/product\/394340","targetHints":{"allow":["GET"]}}],"collection":[{"href":"https:\/\/bogensportdiscount.ch\/it\/wp-json\/wp\/v2\/product"}],"about":[{"href":"https:\/\/bogensportdiscount.ch\/it\/wp-json\/wp\/v2\/types\/product"}],"replies":[{"embeddable":true,"href":"https:\/\/bogensportdiscount.ch\/it\/wp-json\/wp\/v2\/comments?post=394340"}],"wp:featuredmedia":[{"embeddable":true,"href":"https:\/\/bogensportdiscount.ch\/it\/wp-json\/wp\/v2\/media\/453527"}],"wp:attachment":[{"href":"https:\/\/bogensportdiscount.ch\/it\/wp-json\/wp\/v2\/media?parent=394340"}],"wp:term":[{"taxonomy":"product_brand","embeddable":true,"href":"https:\/\/bogensportdiscount.ch\/it\/wp-json\/wp\/v2\/product_brand?post=394340"},{"taxonomy":"product_cat","embeddable":true,"href":"https:\/\/bogensportdiscount.ch\/it\/wp-json\/wp\/v2\/product_cat?post=394340"},{"taxonomy":"product_tag","embeddable":true,"href":"https:\/\/bogensportdiscount.ch\/it\/wp-json\/wp\/v2\/product_tag?post=394340"}],"curies":[{"name":"wp","href":"https:\/\/api.w.org\/{rel}","templated":true}]}}