{"id":394293,"date":"2026-04-05T14:33:03","date_gmt":"2026-04-05T12:33:03","guid":{"rendered":"https:\/\/bogensportdiscount.ch\/produkt\/wiawis-center-adjustment-block-set-for-aluminum-riser\/"},"modified":"2026-04-15T12:17:08","modified_gmt":"2026-04-15T10:17:08","slug":"wiawis-center-adjustment-block-set-aluminium-riser","status":"publish","type":"product","link":"https:\/\/bogensportdiscount.ch\/it\/prodotto\/wiawis-center-adjustment-block-set-aluminium-riser\/","title":{"rendered":"SET DI BLOCCHI DI REGOLAZIONE CENTRALE WIAWIS PER MONTANTI IN ALLUMINIO"},"content":{"rendered":"<p>Das WIAWIS Center Adjustment Block Set wurde speziell f\u00fcr den Einsatz an Aluminium Risern entwickelt. Es erm\u00f6glicht eine gezielte Anpassung der Centershot-Einstellung und tr\u00e4gt so zur pr\u00e4zisen Ausrichtung von Pfeil und Bogen bei.<\/p>\n<p>Als Zubeh\u00f6r f\u00fcr Recurveb\u00f6gen richtet sich dieses Set an Sch\u00fctzen, die Wert auf eine sorgf\u00e4ltige und reproduzierbare Einstellung ihres Equipments legen. Die Komponenten aus dem Hause WIAWIS sind auf Kompatibilit\u00e4t mit Aluminium Risern der Marke abgestimmt.<\/p>\n<ul>\n<li>Speziell f\u00fcr Aluminium Riser konzipiert<\/li>\n<li>Erm\u00f6glicht pr\u00e4zise Center-Einstellung<\/li>\n<li>Von der etablierten Bogensportmarke WIAWIS<\/li>\n<li>Geeignet f\u00fcr Recurvebogen-Sch\u00fctzen<\/li>\n<\/ul>","protected":false},"excerpt":{"rendered":"<p><strong>Marchio:<\/strong> Wiawis<br \/><strong>Farbe:<\/strong> Schwarz<\/p>","protected":false},"featured_media":453631,"comment_status":"open","ping_status":"closed","template":"","meta":[],"product_brand":[473],"product_cat":[4522],"product_tag":[3546],"class_list":{"0":"post-394293","1":"product","2":"type-product","3":"status-publish","4":"has-post-thumbnail","6":"product_brand-wiawis","7":"product_cat-einzelteile-fuer-recurve-boegen-recurve-boegen","8":"product_tag-neuheit","10":"first","11":"instock","12":"shipping-taxable","13":"purchasable","14":"product-type-simple"},"_links":{"self":[{"href":"https:\/\/bogensportdiscount.ch\/it\/wp-json\/wp\/v2\/product\/394293","targetHints":{"allow":["GET"]}}],"collection":[{"href":"https:\/\/bogensportdiscount.ch\/it\/wp-json\/wp\/v2\/product"}],"about":[{"href":"https:\/\/bogensportdiscount.ch\/it\/wp-json\/wp\/v2\/types\/product"}],"replies":[{"embeddable":true,"href":"https:\/\/bogensportdiscount.ch\/it\/wp-json\/wp\/v2\/comments?post=394293"}],"wp:featuredmedia":[{"embeddable":true,"href":"https:\/\/bogensportdiscount.ch\/it\/wp-json\/wp\/v2\/media\/453631"}],"wp:attachment":[{"href":"https:\/\/bogensportdiscount.ch\/it\/wp-json\/wp\/v2\/media?parent=394293"}],"wp:term":[{"taxonomy":"product_brand","embeddable":true,"href":"https:\/\/bogensportdiscount.ch\/it\/wp-json\/wp\/v2\/product_brand?post=394293"},{"taxonomy":"product_cat","embeddable":true,"href":"https:\/\/bogensportdiscount.ch\/it\/wp-json\/wp\/v2\/product_cat?post=394293"},{"taxonomy":"product_tag","embeddable":true,"href":"https:\/\/bogensportdiscount.ch\/it\/wp-json\/wp\/v2\/product_tag?post=394293"}],"curies":[{"name":"wp","href":"https:\/\/api.w.org\/{rel}","templated":true}]}}