{"id":394269,"date":"2026-04-05T14:32:57","date_gmt":"2026-04-05T12:32:57","guid":{"rendered":"https:\/\/bogensportdiscount.ch\/produkt\/wiawis-ez-tiller-tiller-bolt-1each\/"},"modified":"2026-04-15T12:17:07","modified_gmt":"2026-04-15T10:17:07","slug":"wiawis-ez-tiller-tillerbolzen","status":"publish","type":"product","link":"https:\/\/bogensportdiscount.ch\/it\/prodotto\/wiawis-ez-tiller-tillerbolzen\/","title":{"rendered":"WIAWIS EZ TILLER BULLONE PER FRESA 1 CADAUNO"},"content":{"rendered":"<p>Der WIAWIS EZ Tiller Tillerbolzen ist ein Zubeh\u00f6rteil f\u00fcr das WIAWIS EZ Tiller System und dient zur Einstellung des Tiller an Recurveb\u00f6gen. Der Tiller beschreibt den Abstand zwischen Bogensehne und den Wurfarmen und beeinflusst das Abschussverhalten direkt.<\/p>\n<p>Das Ersatzteil wird als Einzelst\u00fcck geliefert und ist f\u00fcr Bogensch\u00fctzen geeignet, die ihren Bogen pr\u00e4zise abstimmen oder einen defekten Bolzen ersetzen m\u00f6chten.<\/p>\n<ul>\n<li>Passend f\u00fcr das WIAWIS EZ Tiller System<\/li>\n<li>Einzeln geliefert<\/li>\n<li>F\u00fcr die Tillereinstellung an Recurveb\u00f6gen<\/li>\n<\/ul>","protected":false},"excerpt":{"rendered":"<p><strong>A TypeMaterial:<\/strong> AluminiumThread Size: 13 mm \u00d7 1.25Weight: 34 gCompatibility: META LX, META DX, ATF-DX, ATF-X, RADICAL PRO, TFT-G, CX7, WINEX, INNO CXT<br \/><strong>B TypeMaterial:<\/strong> Stainless steelThread Size: 13 mm \u00d7 1.25Weight: 42 gCompatibility: META LX, META DX, ATF-DX, ATF-X, RADICAL PRO, TFT-G, CX7, WINEX, INNO CXT<br \/><strong>C TypeMaterial:<\/strong> Stainless steelThread Size: 12 mm \u00d7 1.25Weight: 39 gCompatibility: INNO CXT (Old model)<br \/><strong>EZ TypeMaterial:<\/strong> Stainless steelThread Size: 13 mm \u00d7 1.25Weight: 53 gCompatibility: META LX, META DX, ATF-DX, ATF-X, RADICAL PRO, TFT-G, CX7, WINEX, INNO CXT<\/p>","protected":false},"featured_media":453631,"comment_status":"open","ping_status":"closed","template":"","meta":[],"product_brand":[473],"product_cat":[4522],"product_tag":[3546],"class_list":{"0":"post-394269","1":"product","2":"type-product","3":"status-publish","4":"has-post-thumbnail","6":"product_brand-wiawis","7":"product_cat-einzelteile-fuer-recurve-boegen-recurve-boegen","8":"product_tag-neuheit","10":"first","11":"onbackorder","12":"shipping-taxable","13":"purchasable","14":"product-type-simple"},"_links":{"self":[{"href":"https:\/\/bogensportdiscount.ch\/it\/wp-json\/wp\/v2\/product\/394269","targetHints":{"allow":["GET"]}}],"collection":[{"href":"https:\/\/bogensportdiscount.ch\/it\/wp-json\/wp\/v2\/product"}],"about":[{"href":"https:\/\/bogensportdiscount.ch\/it\/wp-json\/wp\/v2\/types\/product"}],"replies":[{"embeddable":true,"href":"https:\/\/bogensportdiscount.ch\/it\/wp-json\/wp\/v2\/comments?post=394269"}],"wp:featuredmedia":[{"embeddable":true,"href":"https:\/\/bogensportdiscount.ch\/it\/wp-json\/wp\/v2\/media\/453631"}],"wp:attachment":[{"href":"https:\/\/bogensportdiscount.ch\/it\/wp-json\/wp\/v2\/media?parent=394269"}],"wp:term":[{"taxonomy":"product_brand","embeddable":true,"href":"https:\/\/bogensportdiscount.ch\/it\/wp-json\/wp\/v2\/product_brand?post=394269"},{"taxonomy":"product_cat","embeddable":true,"href":"https:\/\/bogensportdiscount.ch\/it\/wp-json\/wp\/v2\/product_cat?post=394269"},{"taxonomy":"product_tag","embeddable":true,"href":"https:\/\/bogensportdiscount.ch\/it\/wp-json\/wp\/v2\/product_tag?post=394269"}],"curies":[{"name":"wp","href":"https:\/\/api.w.org\/{rel}","templated":true}]}}