{"id":394267,"date":"2026-04-05T14:32:57","date_gmt":"2026-04-05T12:32:57","guid":{"rendered":"https:\/\/bogensportdiscount.ch\/produkt\/wiawis-color-tiller-adjustment-bolts-aluminum-a-type-13mm-matt-black-1each\/"},"modified":"2026-04-17T20:07:25","modified_gmt":"2026-04-17T18:07:25","slug":"wiawis-tiller-einstellschraube-color-aluminum-a-type-13mm-matt-schwarz","status":"publish","type":"product","link":"https:\/\/bogensportdiscount.ch\/it\/prodotto\/wiawis-tiller-einstellschraube-color-aluminum-a-type-13mm-matt-schwarz\/","title":{"rendered":"VITI DI REGOLAZIONE DEL TIMONE A COLORI WIAWIS IN ALLUMINIO TIPO A 13 MM NERO OPACO 1 PZ."},"content":{"rendered":"<p>Die WIAWIS Color Tiller-Einstellschrauben erm\u00f6glichen die pr\u00e4zise Einstellung des Tillers an WIAWIS Recurvebogen-Wurfarmen. Die A-Type-Ausf\u00fchrung besteht aus Aluminium und ist in Matt Schwarz erh\u00e4ltlich. Der Preis gilt f\u00fcr 1 St\u00fcck.<\/p>\n<p>Die Schraube ist mit einer Gewindegr\u00f6sse von 13 mm \u00d7 1.25 ausgef\u00fchrt und kompatibel mit einer Vielzahl von WIAWIS Wurfarmen, darunter META LX, META DX, ATF-DX, ATF-X, RADICAL PRO, TFT-G, CX7, WINEX und INNO CXT.<\/p>\n<ul>\n<li>Material: Aluminium (A-Type)<\/li>\n<li>Gewindegr\u00f6sse: 13 mm \u00d7 1.25<\/li>\n<li>Gewicht: 34 g<\/li>\n<li>Kompatibel mit den meisten aktuellen WIAWIS Wurfarmen<\/li>\n<\/ul>","protected":false},"excerpt":{"rendered":"<table>\n<tr>\n<th>Propriet\u00e0<\/th>\n<th>Valore<\/th>\n<\/tr>\n<tr>\n<td>Tipo<\/td>\n<td>A-Type<\/td>\n<\/tr>\n<tr>\n<td>Materiale<\/td>\n<td>Aluminium<\/td>\n<\/tr>\n<tr>\n<td>Gewindegr\u00f6sse<\/td>\n<td>13 mm \u00d7 1.25<\/td>\n<\/tr>\n<tr>\n<td>Peso<\/td>\n<td>34 g<\/td>\n<\/tr>\n<tr>\n<td>Colore<\/td>\n<td>Matt Schwarz<\/td>\n<\/tr>\n<tr>\n<td>Kompatibilit\u00e4t<\/td>\n<td>META LX, META DX, ATF-DX, ATF-X, RADICAL PRO, TFT-G, CX7, WINEX, INNO CXT<\/td>\n<\/tr>\n<\/table>","protected":false},"featured_media":453631,"comment_status":"open","ping_status":"closed","template":"","meta":[],"product_brand":[473],"product_cat":[4522],"product_tag":[3546],"class_list":{"0":"post-394267","1":"product","2":"type-product","3":"status-publish","4":"has-post-thumbnail","6":"product_brand-wiawis","7":"product_cat-einzelteile-fuer-recurve-boegen-recurve-boegen","8":"product_tag-neuheit","10":"first","11":"onbackorder","12":"shipping-taxable","13":"purchasable","14":"product-type-simple"},"_links":{"self":[{"href":"https:\/\/bogensportdiscount.ch\/it\/wp-json\/wp\/v2\/product\/394267","targetHints":{"allow":["GET"]}}],"collection":[{"href":"https:\/\/bogensportdiscount.ch\/it\/wp-json\/wp\/v2\/product"}],"about":[{"href":"https:\/\/bogensportdiscount.ch\/it\/wp-json\/wp\/v2\/types\/product"}],"replies":[{"embeddable":true,"href":"https:\/\/bogensportdiscount.ch\/it\/wp-json\/wp\/v2\/comments?post=394267"}],"wp:featuredmedia":[{"embeddable":true,"href":"https:\/\/bogensportdiscount.ch\/it\/wp-json\/wp\/v2\/media\/453631"}],"wp:attachment":[{"href":"https:\/\/bogensportdiscount.ch\/it\/wp-json\/wp\/v2\/media?parent=394267"}],"wp:term":[{"taxonomy":"product_brand","embeddable":true,"href":"https:\/\/bogensportdiscount.ch\/it\/wp-json\/wp\/v2\/product_brand?post=394267"},{"taxonomy":"product_cat","embeddable":true,"href":"https:\/\/bogensportdiscount.ch\/it\/wp-json\/wp\/v2\/product_cat?post=394267"},{"taxonomy":"product_tag","embeddable":true,"href":"https:\/\/bogensportdiscount.ch\/it\/wp-json\/wp\/v2\/product_tag?post=394267"}],"curies":[{"name":"wp","href":"https:\/\/api.w.org\/{rel}","templated":true}]}}