{"id":394261,"date":"2026-04-05T14:32:56","date_gmt":"2026-04-05T12:32:56","guid":{"rendered":"https:\/\/bogensportdiscount.ch\/produkt\/mission-accessory-bow-kit\/"},"modified":"2026-04-15T12:17:07","modified_gmt":"2026-04-15T10:17:07","slug":"mission-zubehoer-bogen-kit","status":"publish","type":"product","link":"https:\/\/bogensportdiscount.ch\/it\/prodotto\/mission-zubehoer-bogen-kit\/","title":{"rendered":"KIT DI ARCHI ACCESSORI PER LA MISSIONE"},"content":{"rendered":"<p>Das Mission Accessory Bow Kit ist ein Zubeh\u00f6rset, das speziell f\u00fcr Compoundb\u00f6gen der Marke Mission konzipiert wurde. Es eignet sich als Erg\u00e4nzung oder Ersatz f\u00fcr bestehende Bogenkomponenten im Bereich Compound-Teile.<\/p>\n<p>Genaue Angaben zum Lieferumfang des Kits sind beim H\u00e4ndler zu erfragen, da die enthaltenen Komponenten je nach Ausstattungsvariante variieren k\u00f6nnen. Das Set richtet sich an Bogensch\u00fctzen, die ihren Mission Compoundbogen mit Original-Zubeh\u00f6r ausstatten oder vervollst\u00e4ndigen m\u00f6chten.<\/p>","protected":false},"excerpt":{"rendered":"<p><strong>Marchio:<\/strong> Mission<\/p>","protected":false},"featured_media":444969,"comment_status":"open","ping_status":"closed","template":"","meta":[],"product_brand":[610],"product_cat":[4526],"product_tag":[3546],"class_list":{"0":"post-394261","1":"product","2":"type-product","3":"status-publish","4":"has-post-thumbnail","6":"product_brand-mission","7":"product_cat-einzelteile-fuer-compound-boegen-compound-boegen","8":"product_tag-neuheit","10":"first","11":"instock","12":"shipping-taxable","13":"purchasable","14":"product-type-simple"},"_links":{"self":[{"href":"https:\/\/bogensportdiscount.ch\/it\/wp-json\/wp\/v2\/product\/394261","targetHints":{"allow":["GET"]}}],"collection":[{"href":"https:\/\/bogensportdiscount.ch\/it\/wp-json\/wp\/v2\/product"}],"about":[{"href":"https:\/\/bogensportdiscount.ch\/it\/wp-json\/wp\/v2\/types\/product"}],"replies":[{"embeddable":true,"href":"https:\/\/bogensportdiscount.ch\/it\/wp-json\/wp\/v2\/comments?post=394261"}],"wp:featuredmedia":[{"embeddable":true,"href":"https:\/\/bogensportdiscount.ch\/it\/wp-json\/wp\/v2\/media\/444969"}],"wp:attachment":[{"href":"https:\/\/bogensportdiscount.ch\/it\/wp-json\/wp\/v2\/media?parent=394261"}],"wp:term":[{"taxonomy":"product_brand","embeddable":true,"href":"https:\/\/bogensportdiscount.ch\/it\/wp-json\/wp\/v2\/product_brand?post=394261"},{"taxonomy":"product_cat","embeddable":true,"href":"https:\/\/bogensportdiscount.ch\/it\/wp-json\/wp\/v2\/product_cat?post=394261"},{"taxonomy":"product_tag","embeddable":true,"href":"https:\/\/bogensportdiscount.ch\/it\/wp-json\/wp\/v2\/product_tag?post=394261"}],"curies":[{"name":"wp","href":"https:\/\/api.w.org\/{rel}","templated":true}]}}