{"id":394256,"date":"2026-04-05T14:32:54","date_gmt":"2026-04-05T12:32:54","guid":{"rendered":"https:\/\/bogensportdiscount.ch\/produkt\/avalon-sight-parts-classic-carbon-sight-pin-kit\/"},"modified":"2026-04-23T15:42:15","modified_gmt":"2026-04-23T13:42:15","slug":"avalon-visierpin-set-classic-carbon-recurve-visier","status":"publish","type":"product","link":"https:\/\/bogensportdiscount.ch\/it\/prodotto\/avalon-visierpin-set-classic-carbon-recurve-visier\/","title":{"rendered":"AVALON VISIER TEILE CLASSIC CARBON VISIER PIN SET"},"content":{"rendered":"<p>Das AVALON Classic Carbon Visierpin-Set ist ein Ersatzteil-Kit f\u00fcr Recurve-Visiere der Classic Carbon Serie. Es erm\u00f6glicht den schnellen Austausch von Visierpins und h\u00e4lt das Visier dauerhaft einsatzbereit.<\/p>\n<p>Dank der passenden Ausf\u00fchrung f\u00fcr die Classic Carbon Serie lassen sich die Pins problemlos einsetzen, ohne zus\u00e4tzliche Anpassungen vornehmen zu m\u00fcssen.<\/p>\n<ul>\n<li>Ersatzpins f\u00fcr AVALON Classic Carbon Recurve-Visiere<\/li>\n<li>Sostituzione semplice in caso di usura o danno<\/li>\n<li>Kompatibel mit der Classic Carbon Visierserie<\/li>\n<\/ul>","protected":false},"excerpt":{"rendered":"<p>Ersatzvisierpin-Set von AVALON aus der Classic Carbon Serie, geeignet f\u00fcr Recurve-Visiere. Das Set enth\u00e4lt Ersatzpins f\u00fcr eine einfache Wartung und Anpassung des Visiers.<\/p>","protected":false},"featured_media":524565,"comment_status":"open","ping_status":"closed","template":"","meta":[],"product_brand":[449],"product_cat":[4283],"product_tag":[3546],"class_list":{"0":"post-394256","1":"product","2":"type-product","3":"status-publish","4":"has-post-thumbnail","6":"product_brand-avalon","7":"product_cat-einzelteile-fuer-recurve-visier","8":"product_tag-neuheit","9":"product_shipping_class-bsd-standard","11":"first","12":"instock","13":"shipping-taxable","14":"purchasable","15":"product-type-simple"},"yoast_head":"<!-- This site is optimized with the Yoast SEO plugin v27.4 - https:\/\/yoast.com\/product\/yoast-seo-wordpress\/ -->\n<title>AVALON PARTI DEL MIRINO SET DI PERNI PER MIRINO CLASSIC CARBON - Bogensportdiscount \u2013 Archi, frecce, bersagli e accessori<\/title>\n<meta name=\"description\" content=\"Acquista a un prezzo conveniente il set di perni per visiera AVALON CLASSIC CARBON su Bogensportdiscount \u2013 Le migliori marche, spedizione veloce dalla Svizzera.\" \/>\n<meta name=\"robots\" content=\"index, follow, max-snippet:-1, max-image-preview:large, max-video-preview:-1\" \/>\n<link rel=\"canonical\" href=\"https:\/\/bogensportdiscount.ch\/it\/prodotto\/avalon-visierpin-set-classic-carbon-recurve-visier\/\" \/>\n<meta property=\"og:locale\" content=\"it_IT\" \/>\n<meta property=\"og:type\" content=\"article\" \/>\n<meta property=\"og:title\" content=\"AVALON PARTI DELLA MIRINO SET DI PERNI PER MIRINO CLASSIC CARBON - Bogensportdiscount \u2013 Archi, frecce, bersagli e accessori\" \/>\n<meta property=\"og:description\" content=\"Acquista a un prezzo conveniente il set di perni per visiera AVALON CLASSIC CARBON su Bogensportdiscount \u2013 Le migliori marche, spedizione veloce dalla Svizzera.\" \/>\n<meta property=\"og:url\" content=\"https:\/\/bogensportdiscount.ch\/it\/prodotto\/avalon-visierpin-set-classic-carbon-recurve-visier\/\" \/>\n<meta property=\"og:site_name\" content=\"Bogensportdiscount \u2013 B\u00f6gen, Pfeile, Targets &amp; Zubeh\u00f6r\" \/>\n<meta property=\"article:modified_time\" content=\"2026-04-23T13:42:15+00:00\" \/>\n<meta property=\"og:image\" content=\"https:\/\/bogensportdiscount.ch\/wp-content\/uploads\/bsm-images\/A097401_1.png\" \/>\n\t<meta property=\"og:image:width\" content=\"3359\" \/>\n\t<meta property=\"og:image:height\" content=\"1824\" \/>\n\t<meta property=\"og:image:type\" content=\"image\/png\" \/>\n<meta name=\"twitter:card\" content=\"summary_large_image\" \/>\n<script type=\"application\/ld+json\" class=\"yoast-schema-graph\">{\"@context\":\"https:\\\/\\\/schema.org\",\"@graph\":[{\"@type\":\"WebPage\",\"@id\":\"https:\\\/\\\/bogensportdiscount.ch\\\/produkt\\\/avalon-visierpin-set-classic-carbon-recurve-visier\\\/\",\"url\":\"https:\\\/\\\/bogensportdiscount.ch\\\/produkt\\\/avalon-visierpin-set-classic-carbon-recurve-visier\\\/\",\"name\":\"AVALON VISIER TEILE CLASSIC CARBON VISIER PIN SET - Bogensportdiscount \u2013 B\u00f6gen, Pfeile, Targets &amp; Zubeh\u00f6r\",\"isPartOf\":{\"@id\":\"https:\\\/\\\/bogensportdiscount.ch\\\/#website\"},\"primaryImageOfPage\":{\"@id\":\"https:\\\/\\\/bogensportdiscount.ch\\\/produkt\\\/avalon-visierpin-set-classic-carbon-recurve-visier\\\/#primaryimage\"},\"image\":{\"@id\":\"https:\\\/\\\/bogensportdiscount.ch\\\/produkt\\\/avalon-visierpin-set-classic-carbon-recurve-visier\\\/#primaryimage\"},\"thumbnailUrl\":\"https:\\\/\\\/bogensportdiscount.ch\\\/wp-content\\\/uploads\\\/bsm-images\\\/A097401_1.png\",\"datePublished\":\"2026-04-05T12:32:54+00:00\",\"dateModified\":\"2026-04-23T13:42:15+00:00\",\"description\":\"AVALON VISIER TEILE CLASSIC CARBON VISIER PIN SET g\u00fcnstig kaufen bei Bogensportdiscount \u2013 Top-Marken, schneller Versand aus der Schweiz.\",\"breadcrumb\":{\"@id\":\"https:\\\/\\\/bogensportdiscount.ch\\\/produkt\\\/avalon-visierpin-set-classic-carbon-recurve-visier\\\/#breadcrumb\"},\"inLanguage\":\"it-IT\",\"potentialAction\":[{\"@type\":\"ReadAction\",\"target\":[\"https:\\\/\\\/bogensportdiscount.ch\\\/produkt\\\/avalon-visierpin-set-classic-carbon-recurve-visier\\\/\"]}]},{\"@type\":\"ImageObject\",\"inLanguage\":\"it-IT\",\"@id\":\"https:\\\/\\\/bogensportdiscount.ch\\\/produkt\\\/avalon-visierpin-set-classic-carbon-recurve-visier\\\/#primaryimage\",\"url\":\"https:\\\/\\\/bogensportdiscount.ch\\\/wp-content\\\/uploads\\\/bsm-images\\\/A097401_1.png\",\"contentUrl\":\"https:\\\/\\\/bogensportdiscount.ch\\\/wp-content\\\/uploads\\\/bsm-images\\\/A097401_1.png\",\"width\":3359,\"height\":1824},{\"@type\":\"BreadcrumbList\",\"@id\":\"https:\\\/\\\/bogensportdiscount.ch\\\/produkt\\\/avalon-visierpin-set-classic-carbon-recurve-visier\\\/#breadcrumb\",\"itemListElement\":[{\"@type\":\"ListItem\",\"position\":1,\"name\":\"Home\",\"item\":\"https:\\\/\\\/bogensportdiscount.ch\\\/\"},{\"@type\":\"ListItem\",\"position\":2,\"name\":\"Shop\",\"item\":\"https:\\\/\\\/bogensportdiscount.ch\\\/shop\\\/\"},{\"@type\":\"ListItem\",\"position\":3,\"name\":\"AVALON VISIER TEILE CLASSIC CARBON VISIER PIN SET\"}]},{\"@type\":\"WebSite\",\"@id\":\"https:\\\/\\\/bogensportdiscount.ch\\\/#website\",\"url\":\"https:\\\/\\\/bogensportdiscount.ch\\\/\",\"name\":\"Bogensportdiscount\",\"description\":\"\",\"potentialAction\":[{\"@type\":\"SearchAction\",\"target\":{\"@type\":\"EntryPoint\",\"urlTemplate\":\"https:\\\/\\\/bogensportdiscount.ch\\\/?s={search_term_string}\"},\"query-input\":{\"@type\":\"PropertyValueSpecification\",\"valueRequired\":true,\"valueName\":\"search_term_string\"}}],\"inLanguage\":\"it-IT\"}]}<\/script>\n<!-- \/ Yoast SEO plugin. -->","yoast_head_json":{"title":"AVALON PARTI DEL MIRINO SET DI PERNI PER MIRINO CLASSIC CARBON - Bogensportdiscount \u2013 Archi, frecce, bersagli e accessori","description":"Acquista a un prezzo conveniente il set di perni per visiera AVALON CLASSIC CARBON su Bogensportdiscount \u2013 Le migliori marche, spedizione veloce dalla Svizzera.","robots":{"index":"index","follow":"follow","max-snippet":"max-snippet:-1","max-image-preview":"max-image-preview:large","max-video-preview":"max-video-preview:-1"},"canonical":"https:\/\/bogensportdiscount.ch\/it\/prodotto\/avalon-visierpin-set-classic-carbon-recurve-visier\/","og_locale":"it_IT","og_type":"article","og_title":"AVALON PARTI DELLA MIRINO SET DI PERNI PER MIRINO CLASSIC CARBON - Bogensportdiscount \u2013 Archi, frecce, bersagli e accessori","og_description":"Acquista a un prezzo conveniente il set di perni per visiera AVALON CLASSIC CARBON su Bogensportdiscount \u2013 Le migliori marche, spedizione veloce dalla Svizzera.","og_url":"https:\/\/bogensportdiscount.ch\/it\/prodotto\/avalon-visierpin-set-classic-carbon-recurve-visier\/","og_site_name":"Bogensportdiscount \u2013 B\u00f6gen, Pfeile, Targets &amp; Zubeh\u00f6r","article_modified_time":"2026-04-23T13:42:15+00:00","og_image":[{"url":"https:\/\/bogensportdiscount.ch\/wp-content\/uploads\/bsm-images\/A097401_1.png","width":3359,"height":1824,"type":"image\/png"}],"twitter_card":"summary_large_image","schema":{"@context":"https:\/\/schema.org","@graph":[{"@type":"WebPage","@id":"https:\/\/bogensportdiscount.ch\/produkt\/avalon-visierpin-set-classic-carbon-recurve-visier\/","url":"https:\/\/bogensportdiscount.ch\/produkt\/avalon-visierpin-set-classic-carbon-recurve-visier\/","name":"AVALON PARTI DELLA MIRINO SET DI PERNI PER MIRINO CLASSIC CARBON - Bogensportdiscount \u2013 Archi, frecce, bersagli e accessori","isPartOf":{"@id":"https:\/\/bogensportdiscount.ch\/#website"},"primaryImageOfPage":{"@id":"https:\/\/bogensportdiscount.ch\/produkt\/avalon-visierpin-set-classic-carbon-recurve-visier\/#primaryimage"},"image":{"@id":"https:\/\/bogensportdiscount.ch\/produkt\/avalon-visierpin-set-classic-carbon-recurve-visier\/#primaryimage"},"thumbnailUrl":"https:\/\/bogensportdiscount.ch\/wp-content\/uploads\/bsm-images\/A097401_1.png","datePublished":"2026-04-05T12:32:54+00:00","dateModified":"2026-04-23T13:42:15+00:00","description":"Acquista a un prezzo conveniente il set di perni per visiera AVALON CLASSIC CARBON su Bogensportdiscount \u2013 Le migliori marche, spedizione veloce dalla Svizzera.","breadcrumb":{"@id":"https:\/\/bogensportdiscount.ch\/produkt\/avalon-visierpin-set-classic-carbon-recurve-visier\/#breadcrumb"},"inLanguage":"it-IT","potentialAction":[{"@type":"ReadAction","target":["https:\/\/bogensportdiscount.ch\/produkt\/avalon-visierpin-set-classic-carbon-recurve-visier\/"]}]},{"@type":"ImageObject","inLanguage":"it-IT","@id":"https:\/\/bogensportdiscount.ch\/produkt\/avalon-visierpin-set-classic-carbon-recurve-visier\/#primaryimage","url":"https:\/\/bogensportdiscount.ch\/wp-content\/uploads\/bsm-images\/A097401_1.png","contentUrl":"https:\/\/bogensportdiscount.ch\/wp-content\/uploads\/bsm-images\/A097401_1.png","width":3359,"height":1824},{"@type":"BreadcrumbList","@id":"https:\/\/bogensportdiscount.ch\/produkt\/avalon-visierpin-set-classic-carbon-recurve-visier\/#breadcrumb","itemListElement":[{"@type":"ListItem","position":1,"name":"Home","item":"https:\/\/bogensportdiscount.ch\/"},{"@type":"ListItem","position":2,"name":"Shop","item":"https:\/\/bogensportdiscount.ch\/shop\/"},{"@type":"ListItem","position":3,"name":"AVALON VISIER TEILE CLASSIC CARBON VISIER PIN SET"}]},{"@type":"WebSite","@id":"https:\/\/bogensportdiscount.ch\/#website","url":"https:\/\/bogensportdiscount.ch\/","name":"Bogensportdiscount","description":"","potentialAction":[{"@type":"SearchAction","target":{"@type":"EntryPoint","urlTemplate":"https:\/\/bogensportdiscount.ch\/?s={search_term_string}"},"query-input":{"@type":"PropertyValueSpecification","valueRequired":true,"valueName":"search_term_string"}}],"inLanguage":"it-IT"}]}},"_links":{"self":[{"href":"https:\/\/bogensportdiscount.ch\/it\/wp-json\/wp\/v2\/product\/394256","targetHints":{"allow":["GET"]}}],"collection":[{"href":"https:\/\/bogensportdiscount.ch\/it\/wp-json\/wp\/v2\/product"}],"about":[{"href":"https:\/\/bogensportdiscount.ch\/it\/wp-json\/wp\/v2\/types\/product"}],"replies":[{"embeddable":true,"href":"https:\/\/bogensportdiscount.ch\/it\/wp-json\/wp\/v2\/comments?post=394256"}],"wp:featuredmedia":[{"embeddable":true,"href":"https:\/\/bogensportdiscount.ch\/it\/wp-json\/wp\/v2\/media\/524565"}],"wp:attachment":[{"href":"https:\/\/bogensportdiscount.ch\/it\/wp-json\/wp\/v2\/media?parent=394256"}],"wp:term":[{"taxonomy":"product_brand","embeddable":true,"href":"https:\/\/bogensportdiscount.ch\/it\/wp-json\/wp\/v2\/product_brand?post=394256"},{"taxonomy":"product_cat","embeddable":true,"href":"https:\/\/bogensportdiscount.ch\/it\/wp-json\/wp\/v2\/product_cat?post=394256"},{"taxonomy":"product_tag","embeddable":true,"href":"https:\/\/bogensportdiscount.ch\/it\/wp-json\/wp\/v2\/product_tag?post=394256"}],"curies":[{"name":"wp","href":"https:\/\/api.w.org\/{rel}","templated":true}]}}