{"id":394226,"date":"2026-04-05T14:32:46","date_gmt":"2026-04-05T12:32:46","guid":{"rendered":"https:\/\/bogensportdiscount.ch\/produkt\/gillo-adjustable-damper-1-4-to-1-4\/"},"modified":"2026-05-14T07:14:04","modified_gmt":"2026-05-14T05:14:04","slug":"gillo-stabilisatordaempfer-adjustable-damper-1-4-auf-1-4","status":"publish","type":"product","link":"https:\/\/bogensportdiscount.ch\/it\/prodotto\/gillo-stabilisatordaempfer-adjustable-damper-1-4-auf-1-4\/","title":{"rendered":"GILLO SMORZATORE REGOLABILE 1\/4 TO 1\/4"},"content":{"rendered":"<p>Il GILLO Adjustable Damper \u00e8 un smorzatore per stabilizzatore con connessioni filettate da 1\/4 di pollice, che viene montato tra lo stabilizzatore e i pesi. Il corpo \u00e8 in alluminio anodizzato e contiene un sistema di smorzamento interno in gomma che assorbe le vibrazioni e gli urti dopo il tiro.<\/p>\n<p>La rigidit\u00e0 dello smorzatore pu\u00f2 essere regolata in modo continuo tramite una chiave in dotazione, cos\u00ec che gli arcieri possano adattare individualmente il comportamento di smorzamento al proprio stile e setup. Con un peso di 55 g e le dimensioni di 46 \u00d7 32 mm, lo smorzatore rimane compatto e leggero.<\/p>\n<ul>\n<li>Rigidit\u00e0 di smorzamento regolabile tramite chiave<\/li>\n<li>Alluminio anodizzato con sistema di smorzamento interno in gomma<\/li>\n<li>Universalmente compatibile con tutte le estremit\u00e0 degli stabilizzatori e i pesi<\/li>\n<li>Filettatura standard da 1\/4 di pollice su entrambi i lati<\/li>\n<\/ul>","protected":false},"excerpt":{"rendered":"<table>\n<tr>\n<th>Propriet\u00e0<\/th>\n<th>Valore<\/th>\n<\/tr>\n<tr>\n<td>Materiale<\/td>\n<td>Alluminio anodizzato con sistema di smorzamento interno in gomma<\/td>\n<\/tr>\n<tr>\n<td>Regolazione<\/td>\n<td>Rigidit\u00e0 regolabile tramite chiave in dotazione<\/td>\n<\/tr>\n<tr>\n<td>Compatibilit\u00e0<\/td>\n<td>Si adatta a tutte le estremit\u00e0 degli stabilizzatori e ai pesi<\/td>\n<\/tr>\n<tr>\n<td>Peso<\/td>\n<td>55 g<\/td>\n<\/tr>\n<tr>\n<td>Dimensioni<\/td>\n<td>46 \u00d7 32 mm<\/td>\n<\/tr>\n<\/table>","protected":false},"featured_media":523976,"comment_status":"open","ping_status":"closed","template":"","meta":[],"product_brand":[854],"product_cat":[4128,4195,4197],"product_tag":[3546],"class_list":{"0":"post-394226","1":"product","2":"type-product","3":"status-publish","4":"has-post-thumbnail","6":"product_brand-gillo","7":"product_cat-bogen-zubehoer","8":"product_cat-daempfer","9":"product_cat-stabilisations-daempfer","10":"product_tag-neuheit","11":"product_shipping_class-bsd-standard","13":"first","14":"instock","15":"shipping-taxable","16":"purchasable","17":"product-type-simple"},"yoast_head":"<!-- This site is optimized with the Yoast SEO plugin v27.6 - https:\/\/yoast.com\/product\/yoast-seo-wordpress\/ -->\n<title>GILLO VERSTELLBARER D\u00c4MPFER 1\/4 TO 1\/4 - Bogensportdiscount \u2013 B\u00f6gen, Pfeile, Targets &amp; Zubeh\u00f6r<\/title>\n<meta name=\"description\" content=\"GILLO VERSTELLBARER D\u00c4MPFER 1\/4 TO 1\/4 g\u00fcnstig kaufen bei Bogensportdiscount \u2013 Top-Marken, schneller Versand aus der Schweiz.\" \/>\n<meta name=\"robots\" content=\"index, follow, max-snippet:-1, max-image-preview:large, max-video-preview:-1\" \/>\n<link rel=\"canonical\" href=\"https:\/\/bogensportdiscount.ch\/it\/prodotto\/gillo-stabilisatordaempfer-adjustable-damper-1-4-auf-1-4\/\" \/>\n<meta property=\"og:locale\" content=\"it_IT\" \/>\n<meta property=\"og:type\" content=\"article\" \/>\n<meta property=\"og:title\" content=\"GILLO VERSTELLBARER D\u00c4MPFER 1\/4 TO 1\/4 - Bogensportdiscount \u2013 B\u00f6gen, Pfeile, Targets &amp; Zubeh\u00f6r\" \/>\n<meta property=\"og:description\" content=\"GILLO VERSTELLBARER D\u00c4MPFER 1\/4 TO 1\/4 g\u00fcnstig kaufen bei Bogensportdiscount \u2013 Top-Marken, schneller Versand aus der Schweiz.\" \/>\n<meta property=\"og:url\" content=\"https:\/\/bogensportdiscount.ch\/it\/prodotto\/gillo-stabilisatordaempfer-adjustable-damper-1-4-auf-1-4\/\" \/>\n<meta property=\"og:site_name\" content=\"Bogensportdiscount \u2013 B\u00f6gen, Pfeile, Targets &amp; Zubeh\u00f6r\" \/>\n<meta property=\"article:modified_time\" content=\"2026-05-14T05:14:04+00:00\" \/>\n<meta property=\"og:image\" content=\"https:\/\/bogensportdiscount.ch\/wp-content\/uploads\/bsm-images\/A096511_1.jpg\" \/>\n\t<meta property=\"og:image:width\" content=\"400\" \/>\n\t<meta property=\"og:image:height\" content=\"400\" \/>\n\t<meta property=\"og:image:type\" content=\"image\/jpeg\" \/>\n<meta name=\"twitter:card\" content=\"summary_large_image\" \/>\n<meta name=\"twitter:label1\" content=\"Tempo di lettura stimato\" \/>\n\t<meta name=\"twitter:data1\" content=\"1 minuto\" \/>\n<script type=\"application\/ld+json\" class=\"yoast-schema-graph\">{\"@context\":\"https:\\\/\\\/schema.org\",\"@graph\":[{\"@type\":\"WebPage\",\"@id\":\"https:\\\/\\\/bogensportdiscount.ch\\\/produkt\\\/gillo-stabilisatordaempfer-adjustable-damper-1-4-auf-1-4\\\/\",\"url\":\"https:\\\/\\\/bogensportdiscount.ch\\\/produkt\\\/gillo-stabilisatordaempfer-adjustable-damper-1-4-auf-1-4\\\/\",\"name\":\"GILLO VERSTELLBARER D\u00c4MPFER 1\\\/4 TO 1\\\/4 - Bogensportdiscount \u2013 B\u00f6gen, Pfeile, Targets &amp; Zubeh\u00f6r\",\"isPartOf\":{\"@id\":\"https:\\\/\\\/bogensportdiscount.ch\\\/#website\"},\"primaryImageOfPage\":{\"@id\":\"https:\\\/\\\/bogensportdiscount.ch\\\/produkt\\\/gillo-stabilisatordaempfer-adjustable-damper-1-4-auf-1-4\\\/#primaryimage\"},\"image\":{\"@id\":\"https:\\\/\\\/bogensportdiscount.ch\\\/produkt\\\/gillo-stabilisatordaempfer-adjustable-damper-1-4-auf-1-4\\\/#primaryimage\"},\"thumbnailUrl\":\"https:\\\/\\\/bogensportdiscount.ch\\\/wp-content\\\/uploads\\\/bsm-images\\\/A096511_1.jpg\",\"datePublished\":\"2026-04-05T12:32:46+00:00\",\"dateModified\":\"2026-05-14T05:14:04+00:00\",\"description\":\"GILLO VERSTELLBARER D\u00c4MPFER 1\\\/4 TO 1\\\/4 g\u00fcnstig kaufen bei Bogensportdiscount \u2013 Top-Marken, schneller Versand aus der Schweiz.\",\"breadcrumb\":{\"@id\":\"https:\\\/\\\/bogensportdiscount.ch\\\/produkt\\\/gillo-stabilisatordaempfer-adjustable-damper-1-4-auf-1-4\\\/#breadcrumb\"},\"inLanguage\":\"it-IT\",\"potentialAction\":[{\"@type\":\"ReadAction\",\"target\":[\"https:\\\/\\\/bogensportdiscount.ch\\\/produkt\\\/gillo-stabilisatordaempfer-adjustable-damper-1-4-auf-1-4\\\/\"]}]},{\"@type\":\"ImageObject\",\"inLanguage\":\"it-IT\",\"@id\":\"https:\\\/\\\/bogensportdiscount.ch\\\/produkt\\\/gillo-stabilisatordaempfer-adjustable-damper-1-4-auf-1-4\\\/#primaryimage\",\"url\":\"https:\\\/\\\/bogensportdiscount.ch\\\/wp-content\\\/uploads\\\/bsm-images\\\/A096511_1.jpg\",\"contentUrl\":\"https:\\\/\\\/bogensportdiscount.ch\\\/wp-content\\\/uploads\\\/bsm-images\\\/A096511_1.jpg\",\"width\":400,\"height\":400},{\"@type\":\"BreadcrumbList\",\"@id\":\"https:\\\/\\\/bogensportdiscount.ch\\\/produkt\\\/gillo-stabilisatordaempfer-adjustable-damper-1-4-auf-1-4\\\/#breadcrumb\",\"itemListElement\":[{\"@type\":\"ListItem\",\"position\":1,\"name\":\"Home\",\"item\":\"https:\\\/\\\/bogensportdiscount.ch\\\/\"},{\"@type\":\"ListItem\",\"position\":2,\"name\":\"Shop\",\"item\":\"https:\\\/\\\/bogensportdiscount.ch\\\/shop\\\/\"},{\"@type\":\"ListItem\",\"position\":3,\"name\":\"GILLO ADJUSTABLE DAMPER 1\\\/4 TO 1\\\/4\"}]},{\"@type\":\"WebSite\",\"@id\":\"https:\\\/\\\/bogensportdiscount.ch\\\/#website\",\"url\":\"https:\\\/\\\/bogensportdiscount.ch\\\/\",\"name\":\"Bogensportdiscount\",\"description\":\"\",\"potentialAction\":[{\"@type\":\"SearchAction\",\"target\":{\"@type\":\"EntryPoint\",\"urlTemplate\":\"https:\\\/\\\/bogensportdiscount.ch\\\/?s={search_term_string}\"},\"query-input\":{\"@type\":\"PropertyValueSpecification\",\"valueRequired\":true,\"valueName\":\"search_term_string\"}}],\"inLanguage\":\"it-IT\"}]}<\/script>\n<!-- \/ Yoast SEO plugin. -->","yoast_head_json":{"title":"GILLO VERSTELLBARER D\u00c4MPFER 1\/4 TO 1\/4 - Bogensportdiscount \u2013 B\u00f6gen, Pfeile, Targets &amp; Zubeh\u00f6r","description":"GILLO VERSTELLBARER D\u00c4MPFER 1\/4 TO 1\/4 g\u00fcnstig kaufen bei Bogensportdiscount \u2013 Top-Marken, schneller Versand aus der Schweiz.","robots":{"index":"index","follow":"follow","max-snippet":"max-snippet:-1","max-image-preview":"max-image-preview:large","max-video-preview":"max-video-preview:-1"},"canonical":"https:\/\/bogensportdiscount.ch\/it\/prodotto\/gillo-stabilisatordaempfer-adjustable-damper-1-4-auf-1-4\/","og_locale":"it_IT","og_type":"article","og_title":"GILLO VERSTELLBARER D\u00c4MPFER 1\/4 TO 1\/4 - Bogensportdiscount \u2013 B\u00f6gen, Pfeile, Targets &amp; Zubeh\u00f6r","og_description":"GILLO VERSTELLBARER D\u00c4MPFER 1\/4 TO 1\/4 g\u00fcnstig kaufen bei Bogensportdiscount \u2013 Top-Marken, schneller Versand aus der Schweiz.","og_url":"https:\/\/bogensportdiscount.ch\/it\/prodotto\/gillo-stabilisatordaempfer-adjustable-damper-1-4-auf-1-4\/","og_site_name":"Bogensportdiscount \u2013 B\u00f6gen, Pfeile, Targets &amp; Zubeh\u00f6r","article_modified_time":"2026-05-14T05:14:04+00:00","og_image":[{"width":400,"height":400,"url":"https:\/\/bogensportdiscount.ch\/wp-content\/uploads\/bsm-images\/A096511_1.jpg","type":"image\/jpeg"}],"twitter_card":"summary_large_image","twitter_misc":{"Tempo di lettura stimato":"1 minuto"},"schema":{"@context":"https:\/\/schema.org","@graph":[{"@type":"WebPage","@id":"https:\/\/bogensportdiscount.ch\/produkt\/gillo-stabilisatordaempfer-adjustable-damper-1-4-auf-1-4\/","url":"https:\/\/bogensportdiscount.ch\/produkt\/gillo-stabilisatordaempfer-adjustable-damper-1-4-auf-1-4\/","name":"GILLO VERSTELLBARER D\u00c4MPFER 1\/4 TO 1\/4 - Bogensportdiscount \u2013 B\u00f6gen, Pfeile, Targets &amp; Zubeh\u00f6r","isPartOf":{"@id":"https:\/\/bogensportdiscount.ch\/#website"},"primaryImageOfPage":{"@id":"https:\/\/bogensportdiscount.ch\/produkt\/gillo-stabilisatordaempfer-adjustable-damper-1-4-auf-1-4\/#primaryimage"},"image":{"@id":"https:\/\/bogensportdiscount.ch\/produkt\/gillo-stabilisatordaempfer-adjustable-damper-1-4-auf-1-4\/#primaryimage"},"thumbnailUrl":"https:\/\/bogensportdiscount.ch\/wp-content\/uploads\/bsm-images\/A096511_1.jpg","datePublished":"2026-04-05T12:32:46+00:00","dateModified":"2026-05-14T05:14:04+00:00","description":"GILLO VERSTELLBARER D\u00c4MPFER 1\/4 TO 1\/4 g\u00fcnstig kaufen bei Bogensportdiscount \u2013 Top-Marken, schneller Versand aus der Schweiz.","breadcrumb":{"@id":"https:\/\/bogensportdiscount.ch\/produkt\/gillo-stabilisatordaempfer-adjustable-damper-1-4-auf-1-4\/#breadcrumb"},"inLanguage":"it-IT","potentialAction":[{"@type":"ReadAction","target":["https:\/\/bogensportdiscount.ch\/produkt\/gillo-stabilisatordaempfer-adjustable-damper-1-4-auf-1-4\/"]}]},{"@type":"ImageObject","inLanguage":"it-IT","@id":"https:\/\/bogensportdiscount.ch\/produkt\/gillo-stabilisatordaempfer-adjustable-damper-1-4-auf-1-4\/#primaryimage","url":"https:\/\/bogensportdiscount.ch\/wp-content\/uploads\/bsm-images\/A096511_1.jpg","contentUrl":"https:\/\/bogensportdiscount.ch\/wp-content\/uploads\/bsm-images\/A096511_1.jpg","width":400,"height":400},{"@type":"BreadcrumbList","@id":"https:\/\/bogensportdiscount.ch\/produkt\/gillo-stabilisatordaempfer-adjustable-damper-1-4-auf-1-4\/#breadcrumb","itemListElement":[{"@type":"ListItem","position":1,"name":"Home","item":"https:\/\/bogensportdiscount.ch\/"},{"@type":"ListItem","position":2,"name":"Shop","item":"https:\/\/bogensportdiscount.ch\/shop\/"},{"@type":"ListItem","position":3,"name":"GILLO ADJUSTABLE DAMPER 1\/4 TO 1\/4"}]},{"@type":"WebSite","@id":"https:\/\/bogensportdiscount.ch\/#website","url":"https:\/\/bogensportdiscount.ch\/","name":"Bogensportdiscount","description":"","potentialAction":[{"@type":"SearchAction","target":{"@type":"EntryPoint","urlTemplate":"https:\/\/bogensportdiscount.ch\/?s={search_term_string}"},"query-input":{"@type":"PropertyValueSpecification","valueRequired":true,"valueName":"search_term_string"}}],"inLanguage":"it-IT"}]}},"_links":{"self":[{"href":"https:\/\/bogensportdiscount.ch\/it\/wp-json\/wp\/v2\/product\/394226","targetHints":{"allow":["GET"]}}],"collection":[{"href":"https:\/\/bogensportdiscount.ch\/it\/wp-json\/wp\/v2\/product"}],"about":[{"href":"https:\/\/bogensportdiscount.ch\/it\/wp-json\/wp\/v2\/types\/product"}],"replies":[{"embeddable":true,"href":"https:\/\/bogensportdiscount.ch\/it\/wp-json\/wp\/v2\/comments?post=394226"}],"wp:featuredmedia":[{"embeddable":true,"href":"https:\/\/bogensportdiscount.ch\/it\/wp-json\/wp\/v2\/media\/523976"}],"wp:attachment":[{"href":"https:\/\/bogensportdiscount.ch\/it\/wp-json\/wp\/v2\/media?parent=394226"}],"wp:term":[{"taxonomy":"product_brand","embeddable":true,"href":"https:\/\/bogensportdiscount.ch\/it\/wp-json\/wp\/v2\/product_brand?post=394226"},{"taxonomy":"product_cat","embeddable":true,"href":"https:\/\/bogensportdiscount.ch\/it\/wp-json\/wp\/v2\/product_cat?post=394226"},{"taxonomy":"product_tag","embeddable":true,"href":"https:\/\/bogensportdiscount.ch\/it\/wp-json\/wp\/v2\/product_tag?post=394226"}],"curies":[{"name":"wp","href":"https:\/\/api.w.org\/{rel}","templated":true}]}}