{"id":394209,"date":"2026-04-05T14:32:42","date_gmt":"2026-04-05T12:32:42","guid":{"rendered":"https:\/\/bogensportdiscount.ch\/produkt\/hha-sight-parts-tetra-tournament-dovetail-bar-4-7-lh\/"},"modified":"2026-04-23T07:35:07","modified_gmt":"2026-04-23T05:35:07","slug":"hha-visier-ersatzteil-tetra-tournament-dovetail-bar-4-7-links","status":"publish","type":"product","link":"https:\/\/bogensportdiscount.ch\/it\/prodotto\/hha-visier-ersatzteil-tetra-tournament-dovetail-bar-4-7-links\/","title":{"rendered":"HHA VISIER TEILE TETRA TURNIER DOVETAIL STANGE 4&#8243;-7&#8243; LH"},"content":{"rendered":"<p>Die HHA Tetra Tournament Dovetail Bar ist ein Originalersatzteil f\u00fcr das HHA Tetra Tournament Compound-Visier. Sie verbindet die Visiereinheit mit der Halterung und erm\u00f6glicht eine pr\u00e4zise Ausrichtung des Visiers am Bogen.<\/p>\n<p>Die Bar ist speziell f\u00fcr Linksh\u00e4nder (LH) ausgef\u00fchrt und bietet einen Verstellbereich von 4 bis 7 Zoll, wodurch sie an verschiedene Bogenkonfigurationen angepasst werden kann. Als Originalzubeh\u00f6r von HHA gew\u00e4hrleistet das Teil eine zuverl\u00e4ssige Passgenauigkeit mit dem Tetra Tournament Visiersystem.<\/p>\n<ul>\n<li>Passend f\u00fcr HHA Tetra Tournament Visiere<\/li>\n<li>Versione per mancini (LH)<\/li>\n<li>Verstellbereich 4&#8243; bis 7&#8243;<\/li>\n<li>Dovetail-Befestigungssystem<\/li>\n<\/ul>","protected":false},"excerpt":{"rendered":"<p><strong>Hand Orientation:<\/strong> Right-Hand or Left-Hand<br \/><strong>Size:<\/strong> 4\u2033\u20137\u2033<br \/><strong>Compatibilit\u00e0:<\/strong> Tetra, Tetra Max, Optimizer Kingpin sights<br \/><strong>Includes:<\/strong> Dovetail bar, bracket, and mounting hardware<\/p>","protected":false},"featured_media":453631,"comment_status":"open","ping_status":"closed","template":"","meta":[],"product_brand":[528],"product_cat":[4134],"product_tag":[3546],"class_list":{"0":"post-394209","1":"product","2":"type-product","3":"status-publish","4":"has-post-thumbnail","6":"product_brand-hha","7":"product_cat-einzelteile-fur-jagd-und-3d","8":"product_tag-neuheit","9":"product_shipping_class-bsd-standard","11":"first","12":"onbackorder","13":"shipping-taxable","14":"purchasable","15":"product-type-simple"},"yoast_head":"<!-- This site is optimized with the Yoast SEO plugin v27.4 - https:\/\/yoast.com\/product\/yoast-seo-wordpress\/ -->\n<title>HHA VISIER TEILE TETRA TURNIER DOVETAIL STANGE 4&quot;-7&quot; LH - Bogensportdiscount \u2013 Archi, frecce, bersagli e accessori<\/title>\n<meta name=\"description\" content=\"Acquista a un prezzo vantaggioso la barra a coda di rondine HHA VISIER TEILE TETRA TURNIER da 4&quot;-7&quot; (sinistra) su Bogensportdiscount \u2013 Marchi di punta, spedizione veloce dalla Svizzera.\" \/>\n<meta name=\"robots\" content=\"index, follow, max-snippet:-1, max-image-preview:large, max-video-preview:-1\" \/>\n<link rel=\"canonical\" href=\"https:\/\/bogensportdiscount.ch\/it\/prodotto\/hha-visier-ersatzteil-tetra-tournament-dovetail-bar-4-7-links\/\" \/>\n<meta property=\"og:locale\" content=\"it_IT\" \/>\n<meta property=\"og:type\" content=\"article\" \/>\n<meta property=\"og:title\" content=\"HHA VISIER TEILE TETRA TURNIER DOVETAIL STANGE 4&quot;-7&quot; LH - Bogensportdiscount \u2013 Archi, frecce, bersagli e accessori\" \/>\n<meta property=\"og:description\" content=\"Acquista a un prezzo vantaggioso la barra a coda di rondine HHA VISIER TEILE TETRA TURNIER da 4&quot;-7&quot; (sinistra) su Bogensportdiscount \u2013 Marchi di punta, spedizione veloce dalla Svizzera.\" \/>\n<meta property=\"og:url\" content=\"https:\/\/bogensportdiscount.ch\/it\/prodotto\/hha-visier-ersatzteil-tetra-tournament-dovetail-bar-4-7-links\/\" \/>\n<meta property=\"og:site_name\" content=\"Bogensportdiscount \u2013 B\u00f6gen, Pfeile, Targets &amp; Zubeh\u00f6r\" \/>\n<meta property=\"article:modified_time\" content=\"2026-04-23T05:35:07+00:00\" \/>\n<meta property=\"og:image\" content=\"https:\/\/bogensportdiscount.ch\/wp-content\/uploads\/2026\/04\/bogensportdiscount.ch-pfeile-boegen-zubehoer-fuer-anfaenger-und-profis-zum-besten-preis-Symbolbild-kein-foto-zu-diesem-artikel_01.jpg\" \/>\n\t<meta property=\"og:image:width\" content=\"1080\" \/>\n\t<meta property=\"og:image:height\" content=\"1080\" \/>\n\t<meta property=\"og:image:type\" content=\"image\/jpeg\" \/>\n<meta name=\"twitter:card\" content=\"summary_large_image\" \/>\n<script type=\"application\/ld+json\" class=\"yoast-schema-graph\">{\"@context\":\"https:\\\/\\\/schema.org\",\"@graph\":[{\"@type\":\"WebPage\",\"@id\":\"https:\\\/\\\/bogensportdiscount.ch\\\/produkt\\\/hha-visier-ersatzteil-tetra-tournament-dovetail-bar-4-7-links\\\/\",\"url\":\"https:\\\/\\\/bogensportdiscount.ch\\\/produkt\\\/hha-visier-ersatzteil-tetra-tournament-dovetail-bar-4-7-links\\\/\",\"name\":\"HHA VISIER TEILE TETRA TURNIER DOVETAIL STANGE 4\\\"-7\\\" LH - Bogensportdiscount \u2013 B\u00f6gen, Pfeile, Targets &amp; Zubeh\u00f6r\",\"isPartOf\":{\"@id\":\"https:\\\/\\\/bogensportdiscount.ch\\\/#website\"},\"primaryImageOfPage\":{\"@id\":\"https:\\\/\\\/bogensportdiscount.ch\\\/produkt\\\/hha-visier-ersatzteil-tetra-tournament-dovetail-bar-4-7-links\\\/#primaryimage\"},\"image\":{\"@id\":\"https:\\\/\\\/bogensportdiscount.ch\\\/produkt\\\/hha-visier-ersatzteil-tetra-tournament-dovetail-bar-4-7-links\\\/#primaryimage\"},\"thumbnailUrl\":\"https:\\\/\\\/bogensportdiscount.ch\\\/wp-content\\\/uploads\\\/2026\\\/04\\\/bogensportdiscount.ch-pfeile-boegen-zubehoer-fuer-anfaenger-und-profis-zum-besten-preis-Symbolbild-kein-foto-zu-diesem-artikel_01.jpg\",\"datePublished\":\"2026-04-05T12:32:42+00:00\",\"dateModified\":\"2026-04-23T05:35:07+00:00\",\"description\":\"HHA VISIER TEILE TETRA TURNIER DOVETAIL STANGE 4\\\"-7\\\" LH g\u00fcnstig kaufen bei Bogensportdiscount \u2013 Top-Marken, schneller Versand aus der Schweiz.\",\"breadcrumb\":{\"@id\":\"https:\\\/\\\/bogensportdiscount.ch\\\/produkt\\\/hha-visier-ersatzteil-tetra-tournament-dovetail-bar-4-7-links\\\/#breadcrumb\"},\"inLanguage\":\"it-IT\",\"potentialAction\":[{\"@type\":\"ReadAction\",\"target\":[\"https:\\\/\\\/bogensportdiscount.ch\\\/produkt\\\/hha-visier-ersatzteil-tetra-tournament-dovetail-bar-4-7-links\\\/\"]}]},{\"@type\":\"ImageObject\",\"inLanguage\":\"it-IT\",\"@id\":\"https:\\\/\\\/bogensportdiscount.ch\\\/produkt\\\/hha-visier-ersatzteil-tetra-tournament-dovetail-bar-4-7-links\\\/#primaryimage\",\"url\":\"https:\\\/\\\/bogensportdiscount.ch\\\/wp-content\\\/uploads\\\/2026\\\/04\\\/bogensportdiscount.ch-pfeile-boegen-zubehoer-fuer-anfaenger-und-profis-zum-besten-preis-Symbolbild-kein-foto-zu-diesem-artikel_01.jpg\",\"contentUrl\":\"https:\\\/\\\/bogensportdiscount.ch\\\/wp-content\\\/uploads\\\/2026\\\/04\\\/bogensportdiscount.ch-pfeile-boegen-zubehoer-fuer-anfaenger-und-profis-zum-besten-preis-Symbolbild-kein-foto-zu-diesem-artikel_01.jpg\",\"width\":1080,\"height\":1080},{\"@type\":\"BreadcrumbList\",\"@id\":\"https:\\\/\\\/bogensportdiscount.ch\\\/produkt\\\/hha-visier-ersatzteil-tetra-tournament-dovetail-bar-4-7-links\\\/#breadcrumb\",\"itemListElement\":[{\"@type\":\"ListItem\",\"position\":1,\"name\":\"Home\",\"item\":\"https:\\\/\\\/bogensportdiscount.ch\\\/\"},{\"@type\":\"ListItem\",\"position\":2,\"name\":\"Shop\",\"item\":\"https:\\\/\\\/bogensportdiscount.ch\\\/shop\\\/\"},{\"@type\":\"ListItem\",\"position\":3,\"name\":\"HHA VISIER TEILE TETRA TURNIER DOVETAIL STANGE 4&#8243;-7&#8243; LH\"}]},{\"@type\":\"WebSite\",\"@id\":\"https:\\\/\\\/bogensportdiscount.ch\\\/#website\",\"url\":\"https:\\\/\\\/bogensportdiscount.ch\\\/\",\"name\":\"Bogensportdiscount\",\"description\":\"\",\"potentialAction\":[{\"@type\":\"SearchAction\",\"target\":{\"@type\":\"EntryPoint\",\"urlTemplate\":\"https:\\\/\\\/bogensportdiscount.ch\\\/?s={search_term_string}\"},\"query-input\":{\"@type\":\"PropertyValueSpecification\",\"valueRequired\":true,\"valueName\":\"search_term_string\"}}],\"inLanguage\":\"it-IT\"}]}<\/script>\n<!-- \/ Yoast SEO plugin. -->","yoast_head_json":{"title":"HHA VISIER TEILE TETRA TURNIER DOVETAIL STANGE 4&quot;-7&quot; LH - Bogensportdiscount \u2013 Archi, frecce, bersagli e accessori","description":"Acquista a un prezzo vantaggioso la barra a coda di rondine HHA VISIER TEILE TETRA TURNIER da 4&quot;-7&quot; (sinistra) su Bogensportdiscount \u2013 Marchi di punta, spedizione veloce dalla Svizzera.","robots":{"index":"index","follow":"follow","max-snippet":"max-snippet:-1","max-image-preview":"max-image-preview:large","max-video-preview":"max-video-preview:-1"},"canonical":"https:\/\/bogensportdiscount.ch\/it\/prodotto\/hha-visier-ersatzteil-tetra-tournament-dovetail-bar-4-7-links\/","og_locale":"it_IT","og_type":"article","og_title":"HHA VISIER TEILE TETRA TURNIER DOVETAIL STANGE 4&quot;-7&quot; LH - Bogensportdiscount \u2013 Archi, frecce, bersagli e accessori","og_description":"Acquista a un prezzo vantaggioso la barra a coda di rondine HHA VISIER TEILE TETRA TURNIER da 4&quot;-7&quot; (sinistra) su Bogensportdiscount \u2013 Marchi di punta, spedizione veloce dalla Svizzera.","og_url":"https:\/\/bogensportdiscount.ch\/it\/prodotto\/hha-visier-ersatzteil-tetra-tournament-dovetail-bar-4-7-links\/","og_site_name":"Bogensportdiscount \u2013 B\u00f6gen, Pfeile, Targets &amp; Zubeh\u00f6r","article_modified_time":"2026-04-23T05:35:07+00:00","og_image":[{"width":1080,"height":1080,"url":"https:\/\/bogensportdiscount.ch\/wp-content\/uploads\/2026\/04\/bogensportdiscount.ch-pfeile-boegen-zubehoer-fuer-anfaenger-und-profis-zum-besten-preis-Symbolbild-kein-foto-zu-diesem-artikel_01.jpg","type":"image\/jpeg"}],"twitter_card":"summary_large_image","schema":{"@context":"https:\/\/schema.org","@graph":[{"@type":"WebPage","@id":"https:\/\/bogensportdiscount.ch\/produkt\/hha-visier-ersatzteil-tetra-tournament-dovetail-bar-4-7-links\/","url":"https:\/\/bogensportdiscount.ch\/produkt\/hha-visier-ersatzteil-tetra-tournament-dovetail-bar-4-7-links\/","name":"HHA VISIER TEILE TETRA TURNIER DOVETAIL STANGE 4&quot;-7&quot; LH - Bogensportdiscount \u2013 Archi, frecce, bersagli e accessori","isPartOf":{"@id":"https:\/\/bogensportdiscount.ch\/#website"},"primaryImageOfPage":{"@id":"https:\/\/bogensportdiscount.ch\/produkt\/hha-visier-ersatzteil-tetra-tournament-dovetail-bar-4-7-links\/#primaryimage"},"image":{"@id":"https:\/\/bogensportdiscount.ch\/produkt\/hha-visier-ersatzteil-tetra-tournament-dovetail-bar-4-7-links\/#primaryimage"},"thumbnailUrl":"https:\/\/bogensportdiscount.ch\/wp-content\/uploads\/2026\/04\/bogensportdiscount.ch-pfeile-boegen-zubehoer-fuer-anfaenger-und-profis-zum-besten-preis-Symbolbild-kein-foto-zu-diesem-artikel_01.jpg","datePublished":"2026-04-05T12:32:42+00:00","dateModified":"2026-04-23T05:35:07+00:00","description":"Acquista a un prezzo vantaggioso la barra a coda di rondine HHA VISIER TEILE TETRA TURNIER da 4&quot;-7&quot; (sinistra) su Bogensportdiscount \u2013 Marchi di punta, spedizione veloce dalla Svizzera.","breadcrumb":{"@id":"https:\/\/bogensportdiscount.ch\/produkt\/hha-visier-ersatzteil-tetra-tournament-dovetail-bar-4-7-links\/#breadcrumb"},"inLanguage":"it-IT","potentialAction":[{"@type":"ReadAction","target":["https:\/\/bogensportdiscount.ch\/produkt\/hha-visier-ersatzteil-tetra-tournament-dovetail-bar-4-7-links\/"]}]},{"@type":"ImageObject","inLanguage":"it-IT","@id":"https:\/\/bogensportdiscount.ch\/produkt\/hha-visier-ersatzteil-tetra-tournament-dovetail-bar-4-7-links\/#primaryimage","url":"https:\/\/bogensportdiscount.ch\/wp-content\/uploads\/2026\/04\/bogensportdiscount.ch-pfeile-boegen-zubehoer-fuer-anfaenger-und-profis-zum-besten-preis-Symbolbild-kein-foto-zu-diesem-artikel_01.jpg","contentUrl":"https:\/\/bogensportdiscount.ch\/wp-content\/uploads\/2026\/04\/bogensportdiscount.ch-pfeile-boegen-zubehoer-fuer-anfaenger-und-profis-zum-besten-preis-Symbolbild-kein-foto-zu-diesem-artikel_01.jpg","width":1080,"height":1080},{"@type":"BreadcrumbList","@id":"https:\/\/bogensportdiscount.ch\/produkt\/hha-visier-ersatzteil-tetra-tournament-dovetail-bar-4-7-links\/#breadcrumb","itemListElement":[{"@type":"ListItem","position":1,"name":"Home","item":"https:\/\/bogensportdiscount.ch\/"},{"@type":"ListItem","position":2,"name":"Shop","item":"https:\/\/bogensportdiscount.ch\/shop\/"},{"@type":"ListItem","position":3,"name":"HHA VISIER TEILE TETRA TURNIER DOVETAIL STANGE 4&#8243;-7&#8243; LH"}]},{"@type":"WebSite","@id":"https:\/\/bogensportdiscount.ch\/#website","url":"https:\/\/bogensportdiscount.ch\/","name":"Bogensportdiscount","description":"","potentialAction":[{"@type":"SearchAction","target":{"@type":"EntryPoint","urlTemplate":"https:\/\/bogensportdiscount.ch\/?s={search_term_string}"},"query-input":{"@type":"PropertyValueSpecification","valueRequired":true,"valueName":"search_term_string"}}],"inLanguage":"it-IT"}]}},"_links":{"self":[{"href":"https:\/\/bogensportdiscount.ch\/it\/wp-json\/wp\/v2\/product\/394209","targetHints":{"allow":["GET"]}}],"collection":[{"href":"https:\/\/bogensportdiscount.ch\/it\/wp-json\/wp\/v2\/product"}],"about":[{"href":"https:\/\/bogensportdiscount.ch\/it\/wp-json\/wp\/v2\/types\/product"}],"replies":[{"embeddable":true,"href":"https:\/\/bogensportdiscount.ch\/it\/wp-json\/wp\/v2\/comments?post=394209"}],"wp:featuredmedia":[{"embeddable":true,"href":"https:\/\/bogensportdiscount.ch\/it\/wp-json\/wp\/v2\/media\/453631"}],"wp:attachment":[{"href":"https:\/\/bogensportdiscount.ch\/it\/wp-json\/wp\/v2\/media?parent=394209"}],"wp:term":[{"taxonomy":"product_brand","embeddable":true,"href":"https:\/\/bogensportdiscount.ch\/it\/wp-json\/wp\/v2\/product_brand?post=394209"},{"taxonomy":"product_cat","embeddable":true,"href":"https:\/\/bogensportdiscount.ch\/it\/wp-json\/wp\/v2\/product_cat?post=394209"},{"taxonomy":"product_tag","embeddable":true,"href":"https:\/\/bogensportdiscount.ch\/it\/wp-json\/wp\/v2\/product_tag?post=394209"}],"curies":[{"name":"wp","href":"https:\/\/api.w.org\/{rel}","templated":true}]}}