{"id":394205,"date":"2026-04-05T14:32:41","date_gmt":"2026-04-05T12:32:41","guid":{"rendered":"https:\/\/bogensportdiscount.ch\/produkt\/scott-little-goose-rts-black-buckle-strap-green-index-finger-release\/"},"modified":"2026-05-14T07:14:03","modified_gmt":"2026-05-14T05:14:03","slug":"scott-handgelenk-release-little-goose-rts-schwarz-gruen","status":"publish","type":"product","link":"https:\/\/bogensportdiscount.ch\/it\/prodotto\/scott-handgelenk-release-little-goose-rts-schwarz-gruen\/","title":{"rendered":"SCOTT LITTLE GOOSE RTS &#8211; CINGHIA CON FIBBIA NERA &#8211; SGANCIO A DITO INDICE VERDE"},"content":{"rendered":"<p>Lo Scott Little Goose RTS \u00e8 uno sgancio da polso della gamma di Scott Archery, produttore affermato nel settore degli accessori per il tiro con l'arco. La cinghia con fibbia nera consente un fissaggio sicuro e regolabile al polso, mentre lo sgancio con indice verde favorisce un rilascio preciso e controllato.<\/p>\n<p>Lo sgancio \u00e8 disponibile nella versione RTS (Ready To Shoot), il che significa che pu\u00f2 essere utilizzato immediatamente senza ulteriori regolazioni. \u00c8 rivolto agli arcieri compound che preferiscono una variante da polso affidabile con un funzionamento semplice.<\/p>\n<ul>\n<li>Cinghia con fibbia nera per un fissaggio sicuro al polso<\/li>\n<li>Sgancio con indice verde per un rilascio controllato<\/li>\n<li>RTS (Ready To Shoot) \u2013 pronto all'uso immediato<\/li>\n<li>Design compatto della serie Little Goose di Scott<\/li>\n<\/ul>","protected":false},"excerpt":{"rendered":"<table>\n<tr>\n<th>Propriet\u00e0<\/th>\n<th>Valore<\/th>\n<\/tr>\n<tr>\n<td>Marca<\/td>\n<td>Scott<\/td>\n<\/tr>\n<tr>\n<td>Tipo<\/td>\n<td>Buckle<\/td>\n<\/tr>\n<tr>\n<td>Colore<\/td>\n<td>Nero<\/td>\n<\/tr>\n<tr>\n<td>Gr\u00f6\u00dfen<\/td>\n<td>L<\/td>\n<\/tr>\n<tr>\n<td>Paese di origine<\/td>\n<td>USA<\/td>\n<\/tr>\n<tr>\n<td>GTIN<\/td>\n<td>745167165727<\/td>\n<\/tr>\n<\/table>","protected":false},"featured_media":523987,"comment_status":"open","ping_status":"closed","template":"","meta":[],"product_brand":[614],"product_cat":[4124,4208,4210],"product_tag":[3546],"class_list":{"0":"post-394205","1":"product","2":"type-product","3":"status-publish","4":"has-post-thumbnail","6":"product_brand-scott","7":"product_cat-bogenschuetzer-ausruestung","8":"product_cat-releases-bogenschuetzer-ausruestung","9":"product_cat-index-finger-releases","10":"product_tag-neuheit","11":"product_shipping_class-bsd-standard","13":"first","14":"instock","15":"shipping-taxable","16":"purchasable","17":"product-type-simple"},"yoast_head":"<!-- This site is optimized with the Yoast SEO plugin v27.6 - https:\/\/yoast.com\/product\/yoast-seo-wordpress\/ -->\n<title>SCOTT LITTLE GOOSE RTS - SCHWARZE SCHNALLE RIEMEN - GR\u00dcNER ZEIGEFINGER-RELEASE - Bogensportdiscount \u2013 B\u00f6gen, Pfeile, Targets &amp; Zubeh\u00f6r<\/title>\n<meta name=\"description\" content=\"SCOTT LITTLE GOOSE RTS - SCHWARZE SCHNALLE RIEMEN - GR\u00dcNER ZEIGEFINGER-RELEASE g\u00fcnstig kaufen bei Bogensportdiscount \u2013 Top-Marken, schneller Versand aus der Schweiz.\" \/>\n<meta name=\"robots\" content=\"index, follow, max-snippet:-1, max-image-preview:large, max-video-preview:-1\" \/>\n<link rel=\"canonical\" href=\"https:\/\/bogensportdiscount.ch\/it\/prodotto\/scott-handgelenk-release-little-goose-rts-schwarz-gruen\/\" \/>\n<meta property=\"og:locale\" content=\"it_IT\" \/>\n<meta property=\"og:type\" content=\"article\" \/>\n<meta property=\"og:title\" content=\"SCOTT LITTLE GOOSE RTS - SCHWARZE SCHNALLE RIEMEN - GR\u00dcNER ZEIGEFINGER-RELEASE - Bogensportdiscount \u2013 B\u00f6gen, Pfeile, Targets &amp; Zubeh\u00f6r\" \/>\n<meta property=\"og:description\" content=\"SCOTT LITTLE GOOSE RTS - SCHWARZE SCHNALLE RIEMEN - GR\u00dcNER ZEIGEFINGER-RELEASE g\u00fcnstig kaufen bei Bogensportdiscount \u2013 Top-Marken, schneller Versand aus der Schweiz.\" \/>\n<meta property=\"og:url\" content=\"https:\/\/bogensportdiscount.ch\/it\/prodotto\/scott-handgelenk-release-little-goose-rts-schwarz-gruen\/\" \/>\n<meta property=\"og:site_name\" content=\"Bogensportdiscount \u2013 B\u00f6gen, Pfeile, Targets &amp; Zubeh\u00f6r\" \/>\n<meta property=\"article:modified_time\" content=\"2026-05-14T05:14:03+00:00\" \/>\n<meta property=\"og:image\" content=\"https:\/\/bogensportdiscount.ch\/wp-content\/uploads\/bsm-images\/A096120_1.png\" \/>\n\t<meta property=\"og:image:width\" content=\"960\" \/>\n\t<meta property=\"og:image:height\" content=\"960\" \/>\n\t<meta property=\"og:image:type\" content=\"image\/png\" \/>\n<meta name=\"twitter:card\" content=\"summary_large_image\" \/>\n<meta name=\"twitter:label1\" content=\"Tempo di lettura stimato\" \/>\n\t<meta name=\"twitter:data1\" content=\"1 minuto\" \/>\n<script type=\"application\/ld+json\" class=\"yoast-schema-graph\">{\"@context\":\"https:\\\/\\\/schema.org\",\"@graph\":[{\"@type\":\"WebPage\",\"@id\":\"https:\\\/\\\/bogensportdiscount.ch\\\/produkt\\\/scott-handgelenk-release-little-goose-rts-schwarz-gruen\\\/\",\"url\":\"https:\\\/\\\/bogensportdiscount.ch\\\/produkt\\\/scott-handgelenk-release-little-goose-rts-schwarz-gruen\\\/\",\"name\":\"SCOTT LITTLE GOOSE RTS - SCHWARZE SCHNALLE RIEMEN - GR\u00dcNER ZEIGEFINGER-RELEASE - Bogensportdiscount \u2013 B\u00f6gen, Pfeile, Targets &amp; Zubeh\u00f6r\",\"isPartOf\":{\"@id\":\"https:\\\/\\\/bogensportdiscount.ch\\\/#website\"},\"primaryImageOfPage\":{\"@id\":\"https:\\\/\\\/bogensportdiscount.ch\\\/produkt\\\/scott-handgelenk-release-little-goose-rts-schwarz-gruen\\\/#primaryimage\"},\"image\":{\"@id\":\"https:\\\/\\\/bogensportdiscount.ch\\\/produkt\\\/scott-handgelenk-release-little-goose-rts-schwarz-gruen\\\/#primaryimage\"},\"thumbnailUrl\":\"https:\\\/\\\/bogensportdiscount.ch\\\/wp-content\\\/uploads\\\/bsm-images\\\/A096120_1.png\",\"datePublished\":\"2026-04-05T12:32:41+00:00\",\"dateModified\":\"2026-05-14T05:14:03+00:00\",\"description\":\"SCOTT LITTLE GOOSE RTS - SCHWARZE SCHNALLE RIEMEN - GR\u00dcNER ZEIGEFINGER-RELEASE g\u00fcnstig kaufen bei Bogensportdiscount \u2013 Top-Marken, schneller Versand aus der Schweiz.\",\"breadcrumb\":{\"@id\":\"https:\\\/\\\/bogensportdiscount.ch\\\/produkt\\\/scott-handgelenk-release-little-goose-rts-schwarz-gruen\\\/#breadcrumb\"},\"inLanguage\":\"it-IT\",\"potentialAction\":[{\"@type\":\"ReadAction\",\"target\":[\"https:\\\/\\\/bogensportdiscount.ch\\\/produkt\\\/scott-handgelenk-release-little-goose-rts-schwarz-gruen\\\/\"]}]},{\"@type\":\"ImageObject\",\"inLanguage\":\"it-IT\",\"@id\":\"https:\\\/\\\/bogensportdiscount.ch\\\/produkt\\\/scott-handgelenk-release-little-goose-rts-schwarz-gruen\\\/#primaryimage\",\"url\":\"https:\\\/\\\/bogensportdiscount.ch\\\/wp-content\\\/uploads\\\/bsm-images\\\/A096120_1.png\",\"contentUrl\":\"https:\\\/\\\/bogensportdiscount.ch\\\/wp-content\\\/uploads\\\/bsm-images\\\/A096120_1.png\",\"width\":960,\"height\":960},{\"@type\":\"BreadcrumbList\",\"@id\":\"https:\\\/\\\/bogensportdiscount.ch\\\/produkt\\\/scott-handgelenk-release-little-goose-rts-schwarz-gruen\\\/#breadcrumb\",\"itemListElement\":[{\"@type\":\"ListItem\",\"position\":1,\"name\":\"Home\",\"item\":\"https:\\\/\\\/bogensportdiscount.ch\\\/\"},{\"@type\":\"ListItem\",\"position\":2,\"name\":\"Shop\",\"item\":\"https:\\\/\\\/bogensportdiscount.ch\\\/shop\\\/\"},{\"@type\":\"ListItem\",\"position\":3,\"name\":\"SCOTT LITTLE GOOSE RTS &#8211; BLACK BUCKLE STRAP &#8211; GREEN INDEX FINGER RELEASE\"}]},{\"@type\":\"WebSite\",\"@id\":\"https:\\\/\\\/bogensportdiscount.ch\\\/#website\",\"url\":\"https:\\\/\\\/bogensportdiscount.ch\\\/\",\"name\":\"Bogensportdiscount\",\"description\":\"\",\"potentialAction\":[{\"@type\":\"SearchAction\",\"target\":{\"@type\":\"EntryPoint\",\"urlTemplate\":\"https:\\\/\\\/bogensportdiscount.ch\\\/?s={search_term_string}\"},\"query-input\":{\"@type\":\"PropertyValueSpecification\",\"valueRequired\":true,\"valueName\":\"search_term_string\"}}],\"inLanguage\":\"it-IT\"}]}<\/script>\n<!-- \/ Yoast SEO plugin. -->","yoast_head_json":{"title":"SCOTT LITTLE GOOSE RTS - SCHWARZE SCHNALLE RIEMEN - GR\u00dcNER ZEIGEFINGER-RELEASE - Bogensportdiscount \u2013 B\u00f6gen, Pfeile, Targets &amp; Zubeh\u00f6r","description":"SCOTT LITTLE GOOSE RTS - SCHWARZE SCHNALLE RIEMEN - GR\u00dcNER ZEIGEFINGER-RELEASE g\u00fcnstig kaufen bei Bogensportdiscount \u2013 Top-Marken, schneller Versand aus der Schweiz.","robots":{"index":"index","follow":"follow","max-snippet":"max-snippet:-1","max-image-preview":"max-image-preview:large","max-video-preview":"max-video-preview:-1"},"canonical":"https:\/\/bogensportdiscount.ch\/it\/prodotto\/scott-handgelenk-release-little-goose-rts-schwarz-gruen\/","og_locale":"it_IT","og_type":"article","og_title":"SCOTT LITTLE GOOSE RTS - SCHWARZE SCHNALLE RIEMEN - GR\u00dcNER ZEIGEFINGER-RELEASE - Bogensportdiscount \u2013 B\u00f6gen, Pfeile, Targets &amp; Zubeh\u00f6r","og_description":"SCOTT LITTLE GOOSE RTS - SCHWARZE SCHNALLE RIEMEN - GR\u00dcNER ZEIGEFINGER-RELEASE g\u00fcnstig kaufen bei Bogensportdiscount \u2013 Top-Marken, schneller Versand aus der Schweiz.","og_url":"https:\/\/bogensportdiscount.ch\/it\/prodotto\/scott-handgelenk-release-little-goose-rts-schwarz-gruen\/","og_site_name":"Bogensportdiscount \u2013 B\u00f6gen, Pfeile, Targets &amp; Zubeh\u00f6r","article_modified_time":"2026-05-14T05:14:03+00:00","og_image":[{"width":960,"height":960,"url":"https:\/\/bogensportdiscount.ch\/wp-content\/uploads\/bsm-images\/A096120_1.png","type":"image\/png"}],"twitter_card":"summary_large_image","twitter_misc":{"Tempo di lettura stimato":"1 minuto"},"schema":{"@context":"https:\/\/schema.org","@graph":[{"@type":"WebPage","@id":"https:\/\/bogensportdiscount.ch\/produkt\/scott-handgelenk-release-little-goose-rts-schwarz-gruen\/","url":"https:\/\/bogensportdiscount.ch\/produkt\/scott-handgelenk-release-little-goose-rts-schwarz-gruen\/","name":"SCOTT LITTLE GOOSE RTS - SCHWARZE SCHNALLE RIEMEN - GR\u00dcNER ZEIGEFINGER-RELEASE - Bogensportdiscount \u2013 B\u00f6gen, Pfeile, Targets &amp; Zubeh\u00f6r","isPartOf":{"@id":"https:\/\/bogensportdiscount.ch\/#website"},"primaryImageOfPage":{"@id":"https:\/\/bogensportdiscount.ch\/produkt\/scott-handgelenk-release-little-goose-rts-schwarz-gruen\/#primaryimage"},"image":{"@id":"https:\/\/bogensportdiscount.ch\/produkt\/scott-handgelenk-release-little-goose-rts-schwarz-gruen\/#primaryimage"},"thumbnailUrl":"https:\/\/bogensportdiscount.ch\/wp-content\/uploads\/bsm-images\/A096120_1.png","datePublished":"2026-04-05T12:32:41+00:00","dateModified":"2026-05-14T05:14:03+00:00","description":"SCOTT LITTLE GOOSE RTS - SCHWARZE SCHNALLE RIEMEN - GR\u00dcNER ZEIGEFINGER-RELEASE g\u00fcnstig kaufen bei Bogensportdiscount \u2013 Top-Marken, schneller Versand aus der Schweiz.","breadcrumb":{"@id":"https:\/\/bogensportdiscount.ch\/produkt\/scott-handgelenk-release-little-goose-rts-schwarz-gruen\/#breadcrumb"},"inLanguage":"it-IT","potentialAction":[{"@type":"ReadAction","target":["https:\/\/bogensportdiscount.ch\/produkt\/scott-handgelenk-release-little-goose-rts-schwarz-gruen\/"]}]},{"@type":"ImageObject","inLanguage":"it-IT","@id":"https:\/\/bogensportdiscount.ch\/produkt\/scott-handgelenk-release-little-goose-rts-schwarz-gruen\/#primaryimage","url":"https:\/\/bogensportdiscount.ch\/wp-content\/uploads\/bsm-images\/A096120_1.png","contentUrl":"https:\/\/bogensportdiscount.ch\/wp-content\/uploads\/bsm-images\/A096120_1.png","width":960,"height":960},{"@type":"BreadcrumbList","@id":"https:\/\/bogensportdiscount.ch\/produkt\/scott-handgelenk-release-little-goose-rts-schwarz-gruen\/#breadcrumb","itemListElement":[{"@type":"ListItem","position":1,"name":"Home","item":"https:\/\/bogensportdiscount.ch\/"},{"@type":"ListItem","position":2,"name":"Shop","item":"https:\/\/bogensportdiscount.ch\/shop\/"},{"@type":"ListItem","position":3,"name":"SCOTT LITTLE GOOSE RTS &#8211; BLACK BUCKLE STRAP &#8211; GREEN INDEX FINGER RELEASE"}]},{"@type":"WebSite","@id":"https:\/\/bogensportdiscount.ch\/#website","url":"https:\/\/bogensportdiscount.ch\/","name":"Bogensportdiscount","description":"","potentialAction":[{"@type":"SearchAction","target":{"@type":"EntryPoint","urlTemplate":"https:\/\/bogensportdiscount.ch\/?s={search_term_string}"},"query-input":{"@type":"PropertyValueSpecification","valueRequired":true,"valueName":"search_term_string"}}],"inLanguage":"it-IT"}]}},"_links":{"self":[{"href":"https:\/\/bogensportdiscount.ch\/it\/wp-json\/wp\/v2\/product\/394205","targetHints":{"allow":["GET"]}}],"collection":[{"href":"https:\/\/bogensportdiscount.ch\/it\/wp-json\/wp\/v2\/product"}],"about":[{"href":"https:\/\/bogensportdiscount.ch\/it\/wp-json\/wp\/v2\/types\/product"}],"replies":[{"embeddable":true,"href":"https:\/\/bogensportdiscount.ch\/it\/wp-json\/wp\/v2\/comments?post=394205"}],"wp:featuredmedia":[{"embeddable":true,"href":"https:\/\/bogensportdiscount.ch\/it\/wp-json\/wp\/v2\/media\/523987"}],"wp:attachment":[{"href":"https:\/\/bogensportdiscount.ch\/it\/wp-json\/wp\/v2\/media?parent=394205"}],"wp:term":[{"taxonomy":"product_brand","embeddable":true,"href":"https:\/\/bogensportdiscount.ch\/it\/wp-json\/wp\/v2\/product_brand?post=394205"},{"taxonomy":"product_cat","embeddable":true,"href":"https:\/\/bogensportdiscount.ch\/it\/wp-json\/wp\/v2\/product_cat?post=394205"},{"taxonomy":"product_tag","embeddable":true,"href":"https:\/\/bogensportdiscount.ch\/it\/wp-json\/wp\/v2\/product_tag?post=394205"}],"curies":[{"name":"wp","href":"https:\/\/api.w.org\/{rel}","templated":true}]}}