{"id":394171,"date":"2026-04-05T14:32:33","date_gmt":"2026-04-05T12:32:33","guid":{"rendered":"https:\/\/bogensportdiscount.ch\/produkt\/beier-3d-target-aardvark-l92-x-w22-x-h46cm-group-3\/"},"modified":"2026-05-14T07:14:03","modified_gmt":"2026-05-14T05:14:03","slug":"beier-3d-zielscheibe-erdferkel-group-3-l92-b22-h46","status":"publish","type":"product","link":"https:\/\/bogensportdiscount.ch\/it\/prodotto\/beier-3d-zielscheibe-erdferkel-group-3-l92-b22-h46\/","title":{"rendered":"BEIER BERSAGLIO 3D AARDVARK : L92 x W22 x H46cm GROUP 3"},"content":{"rendered":"<p>Il bersaglio 3D BEIER Aardvark \u00e8 un bersaglio di alta qualit\u00e0 per allenamento e competizioni per arcieri. Con le dimensioni di 92 x 22 x 46 cm offre una forma realistica e consente un allenamento di tiro preciso con diversi tipi di frecce e archi.<\/p>\n<p>Il bersaglio corrisponde alla classificazione IFAA gruppo 3 ed \u00e8 quindi ideale per l'allenamento in gara secondo gli standard internazionali. Prodotto in Germania secondo elevati standard qualitativi, questo bersaglio 3D garantisce prestazioni durature e una visualizzazione affidabile dei colpi durante l'allenamento regolare.<\/p>\n<ul>\n<li>IFAA Group 3 per l'allenamento in gara<\/li>\n<li>Forma animale realistica per un allenamento naturalistico<\/li>\n<li>Lavorazione tedesca robusta<\/li>\n<li>Ideale per arcieri di tutti i livelli di esperienza<\/li>\n<\/ul>","protected":false},"excerpt":{"rendered":"<table>\n<tr>\n<th>Propriet\u00e0<\/th>\n<th>Valore<\/th>\n<\/tr>\n<tr>\n<td>Gruppo IFAA<\/td>\n<td>3<\/td>\n<\/tr>\n<tr>\n<td>Lunghezza<\/td>\n<td>92 cm<\/td>\n<\/tr>\n<tr>\n<td>Larghezza<\/td>\n<td>22 cm<\/td>\n<\/tr>\n<tr>\n<td>Altezza<\/td>\n<td>46 cm<\/td>\n<\/tr>\n<tr>\n<td>Paese di origine<\/td>\n<td>Germania<\/td>\n<\/tr>\n<\/table>","protected":false},"featured_media":524586,"comment_status":"open","ping_status":"closed","template":"","meta":[],"product_brand":[831],"product_cat":[4143,4144,4315],"product_tag":[3546],"class_list":{"0":"post-394171","1":"product","2":"type-product","3":"status-publish","4":"has-post-thumbnail","6":"product_brand-beier","7":"product_cat-ziele-auflagen","8":"product_cat-3d-ziele","9":"product_cat-schweine-eber","10":"product_tag-neuheit","11":"product_shipping_class-bsd-standard","13":"first","14":"instock","15":"shipping-taxable","16":"purchasable","17":"product-type-simple"},"yoast_head":"<!-- This site is optimized with the Yoast SEO plugin v27.6 - https:\/\/yoast.com\/product\/yoast-seo-wordpress\/ -->\n<title>BEIER 3D-ZIEL AARDVARK : L92 x W22 x H46cm GROUP 3 - Bogensportdiscount \u2013 B\u00f6gen, Pfeile, Targets &amp; Zubeh\u00f6r<\/title>\n<meta name=\"description\" content=\"BEIER 3D-ZIEL AARDVARK : L92 x W22 x H46cm GROUP 3 g\u00fcnstig kaufen bei Bogensportdiscount \u2013 Top-Marken, schneller Versand aus der Schweiz.\" \/>\n<meta name=\"robots\" content=\"index, follow, max-snippet:-1, max-image-preview:large, max-video-preview:-1\" \/>\n<link rel=\"canonical\" href=\"https:\/\/bogensportdiscount.ch\/it\/prodotto\/beier-3d-zielscheibe-erdferkel-group-3-l92-b22-h46\/\" \/>\n<meta property=\"og:locale\" content=\"it_IT\" \/>\n<meta property=\"og:type\" content=\"article\" \/>\n<meta property=\"og:title\" content=\"BEIER 3D-ZIEL AARDVARK : L92 x W22 x H46cm GROUP 3 - Bogensportdiscount \u2013 B\u00f6gen, Pfeile, Targets &amp; Zubeh\u00f6r\" \/>\n<meta property=\"og:description\" content=\"BEIER 3D-ZIEL AARDVARK : L92 x W22 x H46cm GROUP 3 g\u00fcnstig kaufen bei Bogensportdiscount \u2013 Top-Marken, schneller Versand aus der Schweiz.\" \/>\n<meta property=\"og:url\" content=\"https:\/\/bogensportdiscount.ch\/it\/prodotto\/beier-3d-zielscheibe-erdferkel-group-3-l92-b22-h46\/\" \/>\n<meta property=\"og:site_name\" content=\"Bogensportdiscount \u2013 B\u00f6gen, Pfeile, Targets &amp; Zubeh\u00f6r\" \/>\n<meta property=\"article:modified_time\" content=\"2026-05-14T05:14:03+00:00\" \/>\n<meta property=\"og:image\" content=\"https:\/\/bogensportdiscount.ch\/wp-content\/uploads\/bsm-images\/A095995_1.jpg\" \/>\n\t<meta property=\"og:image:width\" content=\"1500\" \/>\n\t<meta property=\"og:image:height\" content=\"1000\" \/>\n\t<meta property=\"og:image:type\" content=\"image\/jpeg\" \/>\n<meta name=\"twitter:card\" content=\"summary_large_image\" \/>\n<script type=\"application\/ld+json\" class=\"yoast-schema-graph\">{\"@context\":\"https:\\\/\\\/schema.org\",\"@graph\":[{\"@type\":\"WebPage\",\"@id\":\"https:\\\/\\\/bogensportdiscount.ch\\\/produkt\\\/beier-3d-zielscheibe-erdferkel-group-3-l92-b22-h46\\\/\",\"url\":\"https:\\\/\\\/bogensportdiscount.ch\\\/produkt\\\/beier-3d-zielscheibe-erdferkel-group-3-l92-b22-h46\\\/\",\"name\":\"BEIER 3D-ZIEL AARDVARK : L92 x W22 x H46cm GROUP 3 - Bogensportdiscount \u2013 B\u00f6gen, Pfeile, Targets &amp; Zubeh\u00f6r\",\"isPartOf\":{\"@id\":\"https:\\\/\\\/bogensportdiscount.ch\\\/#website\"},\"primaryImageOfPage\":{\"@id\":\"https:\\\/\\\/bogensportdiscount.ch\\\/produkt\\\/beier-3d-zielscheibe-erdferkel-group-3-l92-b22-h46\\\/#primaryimage\"},\"image\":{\"@id\":\"https:\\\/\\\/bogensportdiscount.ch\\\/produkt\\\/beier-3d-zielscheibe-erdferkel-group-3-l92-b22-h46\\\/#primaryimage\"},\"thumbnailUrl\":\"https:\\\/\\\/bogensportdiscount.ch\\\/wp-content\\\/uploads\\\/bsm-images\\\/A095995_1.jpg\",\"datePublished\":\"2026-04-05T12:32:33+00:00\",\"dateModified\":\"2026-05-14T05:14:03+00:00\",\"description\":\"BEIER 3D-ZIEL AARDVARK : L92 x W22 x H46cm GROUP 3 g\u00fcnstig kaufen bei Bogensportdiscount \u2013 Top-Marken, schneller Versand aus der Schweiz.\",\"breadcrumb\":{\"@id\":\"https:\\\/\\\/bogensportdiscount.ch\\\/produkt\\\/beier-3d-zielscheibe-erdferkel-group-3-l92-b22-h46\\\/#breadcrumb\"},\"inLanguage\":\"it-IT\",\"potentialAction\":[{\"@type\":\"ReadAction\",\"target\":[\"https:\\\/\\\/bogensportdiscount.ch\\\/produkt\\\/beier-3d-zielscheibe-erdferkel-group-3-l92-b22-h46\\\/\"]}]},{\"@type\":\"ImageObject\",\"inLanguage\":\"it-IT\",\"@id\":\"https:\\\/\\\/bogensportdiscount.ch\\\/produkt\\\/beier-3d-zielscheibe-erdferkel-group-3-l92-b22-h46\\\/#primaryimage\",\"url\":\"https:\\\/\\\/bogensportdiscount.ch\\\/wp-content\\\/uploads\\\/bsm-images\\\/A095995_1.jpg\",\"contentUrl\":\"https:\\\/\\\/bogensportdiscount.ch\\\/wp-content\\\/uploads\\\/bsm-images\\\/A095995_1.jpg\",\"width\":1500,\"height\":1000},{\"@type\":\"BreadcrumbList\",\"@id\":\"https:\\\/\\\/bogensportdiscount.ch\\\/produkt\\\/beier-3d-zielscheibe-erdferkel-group-3-l92-b22-h46\\\/#breadcrumb\",\"itemListElement\":[{\"@type\":\"ListItem\",\"position\":1,\"name\":\"Home\",\"item\":\"https:\\\/\\\/bogensportdiscount.ch\\\/\"},{\"@type\":\"ListItem\",\"position\":2,\"name\":\"Shop\",\"item\":\"https:\\\/\\\/bogensportdiscount.ch\\\/shop\\\/\"},{\"@type\":\"ListItem\",\"position\":3,\"name\":\"BEIER 3D TARGET AARDVARK : L92 x W22 x H46cm GROUP 3\"}]},{\"@type\":\"WebSite\",\"@id\":\"https:\\\/\\\/bogensportdiscount.ch\\\/#website\",\"url\":\"https:\\\/\\\/bogensportdiscount.ch\\\/\",\"name\":\"Bogensportdiscount\",\"description\":\"\",\"potentialAction\":[{\"@type\":\"SearchAction\",\"target\":{\"@type\":\"EntryPoint\",\"urlTemplate\":\"https:\\\/\\\/bogensportdiscount.ch\\\/?s={search_term_string}\"},\"query-input\":{\"@type\":\"PropertyValueSpecification\",\"valueRequired\":true,\"valueName\":\"search_term_string\"}}],\"inLanguage\":\"it-IT\"}]}<\/script>\n<!-- \/ Yoast SEO plugin. -->","yoast_head_json":{"title":"BEIER 3D-ZIEL AARDVARK : L92 x W22 x H46cm GROUP 3 - Bogensportdiscount \u2013 B\u00f6gen, Pfeile, Targets &amp; Zubeh\u00f6r","description":"BEIER 3D-ZIEL AARDVARK : L92 x W22 x H46cm GROUP 3 g\u00fcnstig kaufen bei Bogensportdiscount \u2013 Top-Marken, schneller Versand aus der Schweiz.","robots":{"index":"index","follow":"follow","max-snippet":"max-snippet:-1","max-image-preview":"max-image-preview:large","max-video-preview":"max-video-preview:-1"},"canonical":"https:\/\/bogensportdiscount.ch\/it\/prodotto\/beier-3d-zielscheibe-erdferkel-group-3-l92-b22-h46\/","og_locale":"it_IT","og_type":"article","og_title":"BEIER 3D-ZIEL AARDVARK : L92 x W22 x H46cm GROUP 3 - Bogensportdiscount \u2013 B\u00f6gen, Pfeile, Targets &amp; Zubeh\u00f6r","og_description":"BEIER 3D-ZIEL AARDVARK : L92 x W22 x H46cm GROUP 3 g\u00fcnstig kaufen bei Bogensportdiscount \u2013 Top-Marken, schneller Versand aus der Schweiz.","og_url":"https:\/\/bogensportdiscount.ch\/it\/prodotto\/beier-3d-zielscheibe-erdferkel-group-3-l92-b22-h46\/","og_site_name":"Bogensportdiscount \u2013 B\u00f6gen, Pfeile, Targets &amp; Zubeh\u00f6r","article_modified_time":"2026-05-14T05:14:03+00:00","og_image":[{"width":1500,"height":1000,"url":"https:\/\/bogensportdiscount.ch\/wp-content\/uploads\/bsm-images\/A095995_1.jpg","type":"image\/jpeg"}],"twitter_card":"summary_large_image","schema":{"@context":"https:\/\/schema.org","@graph":[{"@type":"WebPage","@id":"https:\/\/bogensportdiscount.ch\/produkt\/beier-3d-zielscheibe-erdferkel-group-3-l92-b22-h46\/","url":"https:\/\/bogensportdiscount.ch\/produkt\/beier-3d-zielscheibe-erdferkel-group-3-l92-b22-h46\/","name":"BEIER 3D-ZIEL AARDVARK : L92 x W22 x H46cm GROUP 3 - Bogensportdiscount \u2013 B\u00f6gen, Pfeile, Targets &amp; Zubeh\u00f6r","isPartOf":{"@id":"https:\/\/bogensportdiscount.ch\/#website"},"primaryImageOfPage":{"@id":"https:\/\/bogensportdiscount.ch\/produkt\/beier-3d-zielscheibe-erdferkel-group-3-l92-b22-h46\/#primaryimage"},"image":{"@id":"https:\/\/bogensportdiscount.ch\/produkt\/beier-3d-zielscheibe-erdferkel-group-3-l92-b22-h46\/#primaryimage"},"thumbnailUrl":"https:\/\/bogensportdiscount.ch\/wp-content\/uploads\/bsm-images\/A095995_1.jpg","datePublished":"2026-04-05T12:32:33+00:00","dateModified":"2026-05-14T05:14:03+00:00","description":"BEIER 3D-ZIEL AARDVARK : L92 x W22 x H46cm GROUP 3 g\u00fcnstig kaufen bei Bogensportdiscount \u2013 Top-Marken, schneller Versand aus der Schweiz.","breadcrumb":{"@id":"https:\/\/bogensportdiscount.ch\/produkt\/beier-3d-zielscheibe-erdferkel-group-3-l92-b22-h46\/#breadcrumb"},"inLanguage":"it-IT","potentialAction":[{"@type":"ReadAction","target":["https:\/\/bogensportdiscount.ch\/produkt\/beier-3d-zielscheibe-erdferkel-group-3-l92-b22-h46\/"]}]},{"@type":"ImageObject","inLanguage":"it-IT","@id":"https:\/\/bogensportdiscount.ch\/produkt\/beier-3d-zielscheibe-erdferkel-group-3-l92-b22-h46\/#primaryimage","url":"https:\/\/bogensportdiscount.ch\/wp-content\/uploads\/bsm-images\/A095995_1.jpg","contentUrl":"https:\/\/bogensportdiscount.ch\/wp-content\/uploads\/bsm-images\/A095995_1.jpg","width":1500,"height":1000},{"@type":"BreadcrumbList","@id":"https:\/\/bogensportdiscount.ch\/produkt\/beier-3d-zielscheibe-erdferkel-group-3-l92-b22-h46\/#breadcrumb","itemListElement":[{"@type":"ListItem","position":1,"name":"Home","item":"https:\/\/bogensportdiscount.ch\/"},{"@type":"ListItem","position":2,"name":"Shop","item":"https:\/\/bogensportdiscount.ch\/shop\/"},{"@type":"ListItem","position":3,"name":"BEIER 3D TARGET AARDVARK : L92 x W22 x H46cm GROUP 3"}]},{"@type":"WebSite","@id":"https:\/\/bogensportdiscount.ch\/#website","url":"https:\/\/bogensportdiscount.ch\/","name":"Bogensportdiscount","description":"","potentialAction":[{"@type":"SearchAction","target":{"@type":"EntryPoint","urlTemplate":"https:\/\/bogensportdiscount.ch\/?s={search_term_string}"},"query-input":{"@type":"PropertyValueSpecification","valueRequired":true,"valueName":"search_term_string"}}],"inLanguage":"it-IT"}]}},"_links":{"self":[{"href":"https:\/\/bogensportdiscount.ch\/it\/wp-json\/wp\/v2\/product\/394171","targetHints":{"allow":["GET"]}}],"collection":[{"href":"https:\/\/bogensportdiscount.ch\/it\/wp-json\/wp\/v2\/product"}],"about":[{"href":"https:\/\/bogensportdiscount.ch\/it\/wp-json\/wp\/v2\/types\/product"}],"replies":[{"embeddable":true,"href":"https:\/\/bogensportdiscount.ch\/it\/wp-json\/wp\/v2\/comments?post=394171"}],"wp:featuredmedia":[{"embeddable":true,"href":"https:\/\/bogensportdiscount.ch\/it\/wp-json\/wp\/v2\/media\/524586"}],"wp:attachment":[{"href":"https:\/\/bogensportdiscount.ch\/it\/wp-json\/wp\/v2\/media?parent=394171"}],"wp:term":[{"taxonomy":"product_brand","embeddable":true,"href":"https:\/\/bogensportdiscount.ch\/it\/wp-json\/wp\/v2\/product_brand?post=394171"},{"taxonomy":"product_cat","embeddable":true,"href":"https:\/\/bogensportdiscount.ch\/it\/wp-json\/wp\/v2\/product_cat?post=394171"},{"taxonomy":"product_tag","embeddable":true,"href":"https:\/\/bogensportdiscount.ch\/it\/wp-json\/wp\/v2\/product_tag?post=394171"}],"curies":[{"name":"wp","href":"https:\/\/api.w.org\/{rel}","templated":true}]}}