{"id":394150,"date":"2026-04-05T14:32:29","date_gmt":"2026-04-05T12:32:29","guid":{"rendered":"https:\/\/bogensportdiscount.ch\/produkt\/centerpoint-sniper-g4d-package-400fps-with-silent-crank\/"},"modified":"2026-05-14T07:14:03","modified_gmt":"2026-05-14T05:14:03","slug":"centerpoint-compound-armbrust-sniper-g4d-paket-400fps-silent-crank","status":"publish","type":"product","link":"https:\/\/bogensportdiscount.ch\/it\/prodotto\/centerpoint-compound-armbrust-sniper-g4d-paket-400fps-silent-crank\/","title":{"rendered":"CENTERPOINT SNIPER G4D SET 400fps CON SILENT CRANK"},"content":{"rendered":"<p>La CENTERPOINT Sniper G4D \u00e8 una potente balestra compound con una velocit\u00e0 del dardo fino a 400 fps. Il Silent Crank incluso nella fornitura consente un armamento silenziosa della balestra e ne facilita l'uso sul campo.<\/p>\n<p>Come pacchetto completo, la Sniper G4D \u00e8 rivolta agli arcieri e ai cacciatori che cercano una balestra pronta all'uso. La struttura compound garantisce un sistema di forze efficiente e un'energia di tiro uniforme.<\/p>\n<ul>\n<li>Velocit\u00e0 del dardo fino a 400 fps<\/li>\n<li>Silent Crank per un armamento silenzioso<\/li>\n<li>Costruzione balestra compound<\/li>\n<li>Kit completo \u2013 pronto all'uso immediato<\/li>\n<\/ul>","protected":false},"excerpt":{"rendered":"<table>\n<tr>\n<th>Propriet\u00e0<\/th>\n<th>Valore<\/th>\n<\/tr>\n<tr>\n<td>Marca<\/td>\n<td>Centerpoint<\/td>\n<\/tr>\n<tr>\n<td>Colore<\/td>\n<td>Nero<\/td>\n<\/tr>\n<tr>\n<td>Geschwindigkeit (FPS)<\/td>\n<td>400<\/td>\n<\/tr>\n<tr>\n<td>Paese di origine<\/td>\n<td>Taiwan<\/td>\n<\/tr>\n<tr>\n<td>GTIN<\/td>\n<td>810153420064<\/td>\n<\/tr>\n<\/table>","protected":false},"featured_media":523995,"comment_status":"open","ping_status":"closed","template":"","meta":[],"product_brand":[525],"product_cat":[4135,4161,4162],"product_tag":[3546],"class_list":{"0":"post-394150","1":"product","2":"type-product","3":"status-publish","4":"has-post-thumbnail","6":"product_brand-centerpoint","7":"product_cat-armbrust-zubehoer","8":"product_cat-armbueste","9":"product_cat-compound-armbrueste","10":"product_tag-neuheit","11":"product_shipping_class-bsd-standard","13":"first","14":"instock","15":"shipping-taxable","16":"purchasable","17":"product-type-simple"},"yoast_head":"<!-- This site is optimized with the Yoast SEO plugin v27.6 - https:\/\/yoast.com\/product\/yoast-seo-wordpress\/ -->\n<title>CENTERPOINT SNIPER G4D SET 400fps MIT SILENT CRANK - Bogensportdiscount \u2013 B\u00f6gen, Pfeile, Targets &amp; Zubeh\u00f6r<\/title>\n<meta name=\"description\" content=\"CENTERPOINT SNIPER G4D SET 400fps MIT SILENT CRANK g\u00fcnstig kaufen bei Bogensportdiscount \u2013 Top-Marken, schneller Versand aus der Schweiz.\" \/>\n<meta name=\"robots\" content=\"index, follow, max-snippet:-1, max-image-preview:large, max-video-preview:-1\" \/>\n<link rel=\"canonical\" href=\"https:\/\/bogensportdiscount.ch\/it\/prodotto\/centerpoint-compound-armbrust-sniper-g4d-paket-400fps-silent-crank\/\" \/>\n<meta property=\"og:locale\" content=\"it_IT\" \/>\n<meta property=\"og:type\" content=\"article\" \/>\n<meta property=\"og:title\" content=\"CENTERPOINT SNIPER G4D SET 400fps MIT SILENT CRANK - Bogensportdiscount \u2013 B\u00f6gen, Pfeile, Targets &amp; Zubeh\u00f6r\" \/>\n<meta property=\"og:description\" content=\"CENTERPOINT SNIPER G4D SET 400fps MIT SILENT CRANK g\u00fcnstig kaufen bei Bogensportdiscount \u2013 Top-Marken, schneller Versand aus der Schweiz.\" \/>\n<meta property=\"og:url\" content=\"https:\/\/bogensportdiscount.ch\/it\/prodotto\/centerpoint-compound-armbrust-sniper-g4d-paket-400fps-silent-crank\/\" \/>\n<meta property=\"og:site_name\" content=\"Bogensportdiscount \u2013 B\u00f6gen, Pfeile, Targets &amp; Zubeh\u00f6r\" \/>\n<meta property=\"article:modified_time\" content=\"2026-05-14T05:14:03+00:00\" \/>\n<meta property=\"og:image\" content=\"https:\/\/bogensportdiscount.ch\/wp-content\/uploads\/bsm-images\/A095039_1.png\" \/>\n\t<meta property=\"og:image:width\" content=\"2192\" \/>\n\t<meta property=\"og:image:height\" content=\"1289\" \/>\n\t<meta property=\"og:image:type\" content=\"image\/png\" \/>\n<meta name=\"twitter:card\" content=\"summary_large_image\" \/>\n<script type=\"application\/ld+json\" class=\"yoast-schema-graph\">{\"@context\":\"https:\\\/\\\/schema.org\",\"@graph\":[{\"@type\":\"WebPage\",\"@id\":\"https:\\\/\\\/bogensportdiscount.ch\\\/produkt\\\/centerpoint-compound-armbrust-sniper-g4d-paket-400fps-silent-crank\\\/\",\"url\":\"https:\\\/\\\/bogensportdiscount.ch\\\/produkt\\\/centerpoint-compound-armbrust-sniper-g4d-paket-400fps-silent-crank\\\/\",\"name\":\"CENTERPOINT SNIPER G4D SET 400fps MIT SILENT CRANK - Bogensportdiscount \u2013 B\u00f6gen, Pfeile, Targets &amp; Zubeh\u00f6r\",\"isPartOf\":{\"@id\":\"https:\\\/\\\/bogensportdiscount.ch\\\/#website\"},\"primaryImageOfPage\":{\"@id\":\"https:\\\/\\\/bogensportdiscount.ch\\\/produkt\\\/centerpoint-compound-armbrust-sniper-g4d-paket-400fps-silent-crank\\\/#primaryimage\"},\"image\":{\"@id\":\"https:\\\/\\\/bogensportdiscount.ch\\\/produkt\\\/centerpoint-compound-armbrust-sniper-g4d-paket-400fps-silent-crank\\\/#primaryimage\"},\"thumbnailUrl\":\"https:\\\/\\\/bogensportdiscount.ch\\\/wp-content\\\/uploads\\\/bsm-images\\\/A095039_1.png\",\"datePublished\":\"2026-04-05T12:32:29+00:00\",\"dateModified\":\"2026-05-14T05:14:03+00:00\",\"description\":\"CENTERPOINT SNIPER G4D SET 400fps MIT SILENT CRANK g\u00fcnstig kaufen bei Bogensportdiscount \u2013 Top-Marken, schneller Versand aus der Schweiz.\",\"breadcrumb\":{\"@id\":\"https:\\\/\\\/bogensportdiscount.ch\\\/produkt\\\/centerpoint-compound-armbrust-sniper-g4d-paket-400fps-silent-crank\\\/#breadcrumb\"},\"inLanguage\":\"it-IT\",\"potentialAction\":[{\"@type\":\"ReadAction\",\"target\":[\"https:\\\/\\\/bogensportdiscount.ch\\\/produkt\\\/centerpoint-compound-armbrust-sniper-g4d-paket-400fps-silent-crank\\\/\"]}]},{\"@type\":\"ImageObject\",\"inLanguage\":\"it-IT\",\"@id\":\"https:\\\/\\\/bogensportdiscount.ch\\\/produkt\\\/centerpoint-compound-armbrust-sniper-g4d-paket-400fps-silent-crank\\\/#primaryimage\",\"url\":\"https:\\\/\\\/bogensportdiscount.ch\\\/wp-content\\\/uploads\\\/bsm-images\\\/A095039_1.png\",\"contentUrl\":\"https:\\\/\\\/bogensportdiscount.ch\\\/wp-content\\\/uploads\\\/bsm-images\\\/A095039_1.png\",\"width\":2192,\"height\":1289},{\"@type\":\"BreadcrumbList\",\"@id\":\"https:\\\/\\\/bogensportdiscount.ch\\\/produkt\\\/centerpoint-compound-armbrust-sniper-g4d-paket-400fps-silent-crank\\\/#breadcrumb\",\"itemListElement\":[{\"@type\":\"ListItem\",\"position\":1,\"name\":\"Home\",\"item\":\"https:\\\/\\\/bogensportdiscount.ch\\\/\"},{\"@type\":\"ListItem\",\"position\":2,\"name\":\"Shop\",\"item\":\"https:\\\/\\\/bogensportdiscount.ch\\\/shop\\\/\"},{\"@type\":\"ListItem\",\"position\":3,\"name\":\"CENTERPOINT SNIPER G4D PACKAGE 400fps WITH SILENT CRANK\"}]},{\"@type\":\"WebSite\",\"@id\":\"https:\\\/\\\/bogensportdiscount.ch\\\/#website\",\"url\":\"https:\\\/\\\/bogensportdiscount.ch\\\/\",\"name\":\"Bogensportdiscount\",\"description\":\"\",\"potentialAction\":[{\"@type\":\"SearchAction\",\"target\":{\"@type\":\"EntryPoint\",\"urlTemplate\":\"https:\\\/\\\/bogensportdiscount.ch\\\/?s={search_term_string}\"},\"query-input\":{\"@type\":\"PropertyValueSpecification\",\"valueRequired\":true,\"valueName\":\"search_term_string\"}}],\"inLanguage\":\"it-IT\"}]}<\/script>\n<!-- \/ Yoast SEO plugin. -->","yoast_head_json":{"title":"CENTERPOINT SNIPER G4D SET 400fps MIT SILENT CRANK - Bogensportdiscount \u2013 B\u00f6gen, Pfeile, Targets &amp; Zubeh\u00f6r","description":"CENTERPOINT SNIPER G4D SET 400fps MIT SILENT CRANK g\u00fcnstig kaufen bei Bogensportdiscount \u2013 Top-Marken, schneller Versand aus der Schweiz.","robots":{"index":"index","follow":"follow","max-snippet":"max-snippet:-1","max-image-preview":"max-image-preview:large","max-video-preview":"max-video-preview:-1"},"canonical":"https:\/\/bogensportdiscount.ch\/it\/prodotto\/centerpoint-compound-armbrust-sniper-g4d-paket-400fps-silent-crank\/","og_locale":"it_IT","og_type":"article","og_title":"CENTERPOINT SNIPER G4D SET 400fps MIT SILENT CRANK - Bogensportdiscount \u2013 B\u00f6gen, Pfeile, Targets &amp; Zubeh\u00f6r","og_description":"CENTERPOINT SNIPER G4D SET 400fps MIT SILENT CRANK g\u00fcnstig kaufen bei Bogensportdiscount \u2013 Top-Marken, schneller Versand aus der Schweiz.","og_url":"https:\/\/bogensportdiscount.ch\/it\/prodotto\/centerpoint-compound-armbrust-sniper-g4d-paket-400fps-silent-crank\/","og_site_name":"Bogensportdiscount \u2013 B\u00f6gen, Pfeile, Targets &amp; Zubeh\u00f6r","article_modified_time":"2026-05-14T05:14:03+00:00","og_image":[{"width":2192,"height":1289,"url":"https:\/\/bogensportdiscount.ch\/wp-content\/uploads\/bsm-images\/A095039_1.png","type":"image\/png"}],"twitter_card":"summary_large_image","schema":{"@context":"https:\/\/schema.org","@graph":[{"@type":"WebPage","@id":"https:\/\/bogensportdiscount.ch\/produkt\/centerpoint-compound-armbrust-sniper-g4d-paket-400fps-silent-crank\/","url":"https:\/\/bogensportdiscount.ch\/produkt\/centerpoint-compound-armbrust-sniper-g4d-paket-400fps-silent-crank\/","name":"CENTERPOINT SNIPER G4D SET 400fps MIT SILENT CRANK - Bogensportdiscount \u2013 B\u00f6gen, Pfeile, Targets &amp; Zubeh\u00f6r","isPartOf":{"@id":"https:\/\/bogensportdiscount.ch\/#website"},"primaryImageOfPage":{"@id":"https:\/\/bogensportdiscount.ch\/produkt\/centerpoint-compound-armbrust-sniper-g4d-paket-400fps-silent-crank\/#primaryimage"},"image":{"@id":"https:\/\/bogensportdiscount.ch\/produkt\/centerpoint-compound-armbrust-sniper-g4d-paket-400fps-silent-crank\/#primaryimage"},"thumbnailUrl":"https:\/\/bogensportdiscount.ch\/wp-content\/uploads\/bsm-images\/A095039_1.png","datePublished":"2026-04-05T12:32:29+00:00","dateModified":"2026-05-14T05:14:03+00:00","description":"CENTERPOINT SNIPER G4D SET 400fps MIT SILENT CRANK g\u00fcnstig kaufen bei Bogensportdiscount \u2013 Top-Marken, schneller Versand aus der Schweiz.","breadcrumb":{"@id":"https:\/\/bogensportdiscount.ch\/produkt\/centerpoint-compound-armbrust-sniper-g4d-paket-400fps-silent-crank\/#breadcrumb"},"inLanguage":"it-IT","potentialAction":[{"@type":"ReadAction","target":["https:\/\/bogensportdiscount.ch\/produkt\/centerpoint-compound-armbrust-sniper-g4d-paket-400fps-silent-crank\/"]}]},{"@type":"ImageObject","inLanguage":"it-IT","@id":"https:\/\/bogensportdiscount.ch\/produkt\/centerpoint-compound-armbrust-sniper-g4d-paket-400fps-silent-crank\/#primaryimage","url":"https:\/\/bogensportdiscount.ch\/wp-content\/uploads\/bsm-images\/A095039_1.png","contentUrl":"https:\/\/bogensportdiscount.ch\/wp-content\/uploads\/bsm-images\/A095039_1.png","width":2192,"height":1289},{"@type":"BreadcrumbList","@id":"https:\/\/bogensportdiscount.ch\/produkt\/centerpoint-compound-armbrust-sniper-g4d-paket-400fps-silent-crank\/#breadcrumb","itemListElement":[{"@type":"ListItem","position":1,"name":"Home","item":"https:\/\/bogensportdiscount.ch\/"},{"@type":"ListItem","position":2,"name":"Shop","item":"https:\/\/bogensportdiscount.ch\/shop\/"},{"@type":"ListItem","position":3,"name":"CENTERPOINT SNIPER G4D PACKAGE 400fps WITH SILENT CRANK"}]},{"@type":"WebSite","@id":"https:\/\/bogensportdiscount.ch\/#website","url":"https:\/\/bogensportdiscount.ch\/","name":"Bogensportdiscount","description":"","potentialAction":[{"@type":"SearchAction","target":{"@type":"EntryPoint","urlTemplate":"https:\/\/bogensportdiscount.ch\/?s={search_term_string}"},"query-input":{"@type":"PropertyValueSpecification","valueRequired":true,"valueName":"search_term_string"}}],"inLanguage":"it-IT"}]}},"_links":{"self":[{"href":"https:\/\/bogensportdiscount.ch\/it\/wp-json\/wp\/v2\/product\/394150","targetHints":{"allow":["GET"]}}],"collection":[{"href":"https:\/\/bogensportdiscount.ch\/it\/wp-json\/wp\/v2\/product"}],"about":[{"href":"https:\/\/bogensportdiscount.ch\/it\/wp-json\/wp\/v2\/types\/product"}],"replies":[{"embeddable":true,"href":"https:\/\/bogensportdiscount.ch\/it\/wp-json\/wp\/v2\/comments?post=394150"}],"wp:featuredmedia":[{"embeddable":true,"href":"https:\/\/bogensportdiscount.ch\/it\/wp-json\/wp\/v2\/media\/523995"}],"wp:attachment":[{"href":"https:\/\/bogensportdiscount.ch\/it\/wp-json\/wp\/v2\/media?parent=394150"}],"wp:term":[{"taxonomy":"product_brand","embeddable":true,"href":"https:\/\/bogensportdiscount.ch\/it\/wp-json\/wp\/v2\/product_brand?post=394150"},{"taxonomy":"product_cat","embeddable":true,"href":"https:\/\/bogensportdiscount.ch\/it\/wp-json\/wp\/v2\/product_cat?post=394150"},{"taxonomy":"product_tag","embeddable":true,"href":"https:\/\/bogensportdiscount.ch\/it\/wp-json\/wp\/v2\/product_tag?post=394150"}],"curies":[{"name":"wp","href":"https:\/\/api.w.org\/{rel}","templated":true}]}}