{"id":394143,"date":"2026-04-05T14:32:27","date_gmt":"2026-04-05T12:32:27","guid":{"rendered":"https:\/\/bogensportdiscount.ch\/produkt\/buck-trail-traditional-back-quiver-frosthide-50cm-leather-brown-ambidextrous\/"},"modified":"2026-05-14T07:14:03","modified_gmt":"2026-05-14T05:14:03","slug":"bucktrail-traditioneller-rueckenkocher-frosthide-50cm-leder-braun","status":"publish","type":"product","link":"https:\/\/bogensportdiscount.ch\/it\/prodotto\/bucktrail-traditioneller-rueckenkocher-frosthide-50cm-leder-braun\/","title":{"rendered":"BUCK TRAIL TRADITIONELLER R\u00dcCKENK\u00d6CHER FROSTHIDE 50CM LEDER BRAUN AMBIDEXTROUS"},"content":{"rendered":"<p>La faretra da schiena BUCKTRAIL Frosthide \u00e8 una faretra tradizionale in pelle marrone con una lunghezza di 50 cm. \u00c8 adatta per gli arcieri che preferiscono il tiro con l'arco tradizionale classico e desiderano portare comodamente le frecce sulla schiena.<\/p>\n<p>Grazie alla sua versione ambidestra, la faretra pu\u00f2 essere utilizzata senza problemi sia da mancini che da destrorsi. La pelle garantisce stabilit\u00e0 e una lunga durata nell'uso quotidiano.<\/p>\n<ul>\n<li>Lunghezza: 50 cm \u2014 adatta per le taglie di freccia pi\u00f9 comuni<\/li>\n<li>Materiale: Pelle (Marrone)<\/li>\n<li>Utilizzabile per entrambe le mani<\/li>\n<li>Stile faretra da schiena tradizionale<\/li>\n<\/ul>","protected":false},"excerpt":{"rendered":"<table>\n<tr>\n<th>Propriet\u00e0<\/th>\n<th>Valore<\/th>\n<\/tr>\n<tr>\n<td>Lunghezza<\/td>\n<td>50 cm<\/td>\n<\/tr>\n<tr>\n<td>Materiale<\/td>\n<td>Cuoio<\/td>\n<\/tr>\n<tr>\n<td>Tipo<\/td>\n<td>Faretra da schiena tradizionale<\/td>\n<\/tr>\n<tr>\n<td>Orientamento<\/td>\n<td>Ambidestro<\/td>\n<\/tr>\n<\/table>","protected":false},"featured_media":524005,"comment_status":"open","ping_status":"closed","template":"","meta":[],"product_brand":[432],"product_cat":[4124,4145,4149],"product_tag":[3546],"class_list":{"0":"post-394143","1":"product","2":"type-product","3":"status-publish","4":"has-post-thumbnail","6":"product_brand-bucktrail","7":"product_cat-bogenschuetzer-ausruestung","8":"product_cat-koecher-guerteltasche","9":"product_cat-traditioneller-koecher","10":"product_tag-neuheit","11":"product_shipping_class-bsd-standard","13":"first","14":"instock","15":"shipping-taxable","16":"purchasable","17":"product-type-simple"},"yoast_head":"<!-- This site is optimized with the Yoast SEO plugin v27.6 - https:\/\/yoast.com\/product\/yoast-seo-wordpress\/ -->\n<title>BUCK TRAIL TRADITIONELLER R\u00dcCKENK\u00d6CHER FROSTHIDE 50CM LEDER BRAUN AMBIDEXTROUS - Bogensportdiscount \u2013 B\u00f6gen, Pfeile, Targets &amp; Zubeh\u00f6r<\/title>\n<meta name=\"description\" content=\"BUCK TRAIL TRADITIONELLER R\u00dcCKENK\u00d6CHER FROSTHIDE 50CM LEDER BRAUN AMBIDEXTROUS g\u00fcnstig kaufen bei Bogensportdiscount \u2013 Top-Marken, schneller Versand aus der Schweiz.\" \/>\n<meta name=\"robots\" content=\"index, follow, max-snippet:-1, max-image-preview:large, max-video-preview:-1\" \/>\n<link rel=\"canonical\" href=\"https:\/\/bogensportdiscount.ch\/it\/prodotto\/bucktrail-traditioneller-rueckenkocher-frosthide-50cm-leder-braun\/\" \/>\n<meta property=\"og:locale\" content=\"it_IT\" \/>\n<meta property=\"og:type\" content=\"article\" \/>\n<meta property=\"og:title\" content=\"BUCK TRAIL TRADITIONELLER R\u00dcCKENK\u00d6CHER FROSTHIDE 50CM LEDER BRAUN AMBIDEXTROUS - Bogensportdiscount \u2013 B\u00f6gen, Pfeile, Targets &amp; Zubeh\u00f6r\" \/>\n<meta property=\"og:description\" content=\"BUCK TRAIL TRADITIONELLER R\u00dcCKENK\u00d6CHER FROSTHIDE 50CM LEDER BRAUN AMBIDEXTROUS g\u00fcnstig kaufen bei Bogensportdiscount \u2013 Top-Marken, schneller Versand aus der Schweiz.\" \/>\n<meta property=\"og:url\" content=\"https:\/\/bogensportdiscount.ch\/it\/prodotto\/bucktrail-traditioneller-rueckenkocher-frosthide-50cm-leder-braun\/\" \/>\n<meta property=\"og:site_name\" content=\"Bogensportdiscount \u2013 B\u00f6gen, Pfeile, Targets &amp; Zubeh\u00f6r\" \/>\n<meta property=\"article:modified_time\" content=\"2026-05-14T05:14:03+00:00\" \/>\n<meta property=\"og:image\" content=\"https:\/\/bogensportdiscount.ch\/wp-content\/uploads\/bsm-images\/A094790_1.png\" \/>\n\t<meta property=\"og:image:width\" content=\"2271\" \/>\n\t<meta property=\"og:image:height\" content=\"4332\" \/>\n\t<meta property=\"og:image:type\" content=\"image\/png\" \/>\n<meta name=\"twitter:card\" content=\"summary_large_image\" \/>\n<script type=\"application\/ld+json\" class=\"yoast-schema-graph\">{\"@context\":\"https:\\\/\\\/schema.org\",\"@graph\":[{\"@type\":\"WebPage\",\"@id\":\"https:\\\/\\\/bogensportdiscount.ch\\\/produkt\\\/bucktrail-traditioneller-rueckenkocher-frosthide-50cm-leder-braun\\\/\",\"url\":\"https:\\\/\\\/bogensportdiscount.ch\\\/produkt\\\/bucktrail-traditioneller-rueckenkocher-frosthide-50cm-leder-braun\\\/\",\"name\":\"BUCK TRAIL TRADITIONELLER R\u00dcCKENK\u00d6CHER FROSTHIDE 50CM LEDER BRAUN AMBIDEXTROUS - Bogensportdiscount \u2013 B\u00f6gen, Pfeile, Targets &amp; Zubeh\u00f6r\",\"isPartOf\":{\"@id\":\"https:\\\/\\\/bogensportdiscount.ch\\\/#website\"},\"primaryImageOfPage\":{\"@id\":\"https:\\\/\\\/bogensportdiscount.ch\\\/produkt\\\/bucktrail-traditioneller-rueckenkocher-frosthide-50cm-leder-braun\\\/#primaryimage\"},\"image\":{\"@id\":\"https:\\\/\\\/bogensportdiscount.ch\\\/produkt\\\/bucktrail-traditioneller-rueckenkocher-frosthide-50cm-leder-braun\\\/#primaryimage\"},\"thumbnailUrl\":\"https:\\\/\\\/bogensportdiscount.ch\\\/wp-content\\\/uploads\\\/bsm-images\\\/A094790_1.png\",\"datePublished\":\"2026-04-05T12:32:27+00:00\",\"dateModified\":\"2026-05-14T05:14:03+00:00\",\"description\":\"BUCK TRAIL TRADITIONELLER R\u00dcCKENK\u00d6CHER FROSTHIDE 50CM LEDER BRAUN AMBIDEXTROUS g\u00fcnstig kaufen bei Bogensportdiscount \u2013 Top-Marken, schneller Versand aus der Schweiz.\",\"breadcrumb\":{\"@id\":\"https:\\\/\\\/bogensportdiscount.ch\\\/produkt\\\/bucktrail-traditioneller-rueckenkocher-frosthide-50cm-leder-braun\\\/#breadcrumb\"},\"inLanguage\":\"it-IT\",\"potentialAction\":[{\"@type\":\"ReadAction\",\"target\":[\"https:\\\/\\\/bogensportdiscount.ch\\\/produkt\\\/bucktrail-traditioneller-rueckenkocher-frosthide-50cm-leder-braun\\\/\"]}]},{\"@type\":\"ImageObject\",\"inLanguage\":\"it-IT\",\"@id\":\"https:\\\/\\\/bogensportdiscount.ch\\\/produkt\\\/bucktrail-traditioneller-rueckenkocher-frosthide-50cm-leder-braun\\\/#primaryimage\",\"url\":\"https:\\\/\\\/bogensportdiscount.ch\\\/wp-content\\\/uploads\\\/bsm-images\\\/A094790_1.png\",\"contentUrl\":\"https:\\\/\\\/bogensportdiscount.ch\\\/wp-content\\\/uploads\\\/bsm-images\\\/A094790_1.png\",\"width\":2271,\"height\":4332},{\"@type\":\"BreadcrumbList\",\"@id\":\"https:\\\/\\\/bogensportdiscount.ch\\\/produkt\\\/bucktrail-traditioneller-rueckenkocher-frosthide-50cm-leder-braun\\\/#breadcrumb\",\"itemListElement\":[{\"@type\":\"ListItem\",\"position\":1,\"name\":\"Home\",\"item\":\"https:\\\/\\\/bogensportdiscount.ch\\\/\"},{\"@type\":\"ListItem\",\"position\":2,\"name\":\"Shop\",\"item\":\"https:\\\/\\\/bogensportdiscount.ch\\\/shop\\\/\"},{\"@type\":\"ListItem\",\"position\":3,\"name\":\"BUCK TRAIL TRADITIONAL BACK QUIVER FROSTHIDE 50CM LEATHER BROWN AMBIDEXTROUS\"}]},{\"@type\":\"WebSite\",\"@id\":\"https:\\\/\\\/bogensportdiscount.ch\\\/#website\",\"url\":\"https:\\\/\\\/bogensportdiscount.ch\\\/\",\"name\":\"Bogensportdiscount\",\"description\":\"\",\"potentialAction\":[{\"@type\":\"SearchAction\",\"target\":{\"@type\":\"EntryPoint\",\"urlTemplate\":\"https:\\\/\\\/bogensportdiscount.ch\\\/?s={search_term_string}\"},\"query-input\":{\"@type\":\"PropertyValueSpecification\",\"valueRequired\":true,\"valueName\":\"search_term_string\"}}],\"inLanguage\":\"it-IT\"}]}<\/script>\n<!-- \/ Yoast SEO plugin. -->","yoast_head_json":{"title":"BUCK TRAIL TRADITIONELLER R\u00dcCKENK\u00d6CHER FROSTHIDE 50CM LEDER BRAUN AMBIDEXTROUS - Bogensportdiscount \u2013 B\u00f6gen, Pfeile, Targets &amp; Zubeh\u00f6r","description":"BUCK TRAIL TRADITIONELLER R\u00dcCKENK\u00d6CHER FROSTHIDE 50CM LEDER BRAUN AMBIDEXTROUS g\u00fcnstig kaufen bei Bogensportdiscount \u2013 Top-Marken, schneller Versand aus der Schweiz.","robots":{"index":"index","follow":"follow","max-snippet":"max-snippet:-1","max-image-preview":"max-image-preview:large","max-video-preview":"max-video-preview:-1"},"canonical":"https:\/\/bogensportdiscount.ch\/it\/prodotto\/bucktrail-traditioneller-rueckenkocher-frosthide-50cm-leder-braun\/","og_locale":"it_IT","og_type":"article","og_title":"BUCK TRAIL TRADITIONELLER R\u00dcCKENK\u00d6CHER FROSTHIDE 50CM LEDER BRAUN AMBIDEXTROUS - Bogensportdiscount \u2013 B\u00f6gen, Pfeile, Targets &amp; Zubeh\u00f6r","og_description":"BUCK TRAIL TRADITIONELLER R\u00dcCKENK\u00d6CHER FROSTHIDE 50CM LEDER BRAUN AMBIDEXTROUS g\u00fcnstig kaufen bei Bogensportdiscount \u2013 Top-Marken, schneller Versand aus der Schweiz.","og_url":"https:\/\/bogensportdiscount.ch\/it\/prodotto\/bucktrail-traditioneller-rueckenkocher-frosthide-50cm-leder-braun\/","og_site_name":"Bogensportdiscount \u2013 B\u00f6gen, Pfeile, Targets &amp; Zubeh\u00f6r","article_modified_time":"2026-05-14T05:14:03+00:00","og_image":[{"url":"https:\/\/bogensportdiscount.ch\/wp-content\/uploads\/bsm-images\/A094790_1.png","width":2271,"height":4332,"type":"image\/png"}],"twitter_card":"summary_large_image","schema":{"@context":"https:\/\/schema.org","@graph":[{"@type":"WebPage","@id":"https:\/\/bogensportdiscount.ch\/produkt\/bucktrail-traditioneller-rueckenkocher-frosthide-50cm-leder-braun\/","url":"https:\/\/bogensportdiscount.ch\/produkt\/bucktrail-traditioneller-rueckenkocher-frosthide-50cm-leder-braun\/","name":"BUCK TRAIL TRADITIONELLER R\u00dcCKENK\u00d6CHER FROSTHIDE 50CM LEDER BRAUN AMBIDEXTROUS - Bogensportdiscount \u2013 B\u00f6gen, Pfeile, Targets &amp; Zubeh\u00f6r","isPartOf":{"@id":"https:\/\/bogensportdiscount.ch\/#website"},"primaryImageOfPage":{"@id":"https:\/\/bogensportdiscount.ch\/produkt\/bucktrail-traditioneller-rueckenkocher-frosthide-50cm-leder-braun\/#primaryimage"},"image":{"@id":"https:\/\/bogensportdiscount.ch\/produkt\/bucktrail-traditioneller-rueckenkocher-frosthide-50cm-leder-braun\/#primaryimage"},"thumbnailUrl":"https:\/\/bogensportdiscount.ch\/wp-content\/uploads\/bsm-images\/A094790_1.png","datePublished":"2026-04-05T12:32:27+00:00","dateModified":"2026-05-14T05:14:03+00:00","description":"BUCK TRAIL TRADITIONELLER R\u00dcCKENK\u00d6CHER FROSTHIDE 50CM LEDER BRAUN AMBIDEXTROUS g\u00fcnstig kaufen bei Bogensportdiscount \u2013 Top-Marken, schneller Versand aus der Schweiz.","breadcrumb":{"@id":"https:\/\/bogensportdiscount.ch\/produkt\/bucktrail-traditioneller-rueckenkocher-frosthide-50cm-leder-braun\/#breadcrumb"},"inLanguage":"it-IT","potentialAction":[{"@type":"ReadAction","target":["https:\/\/bogensportdiscount.ch\/produkt\/bucktrail-traditioneller-rueckenkocher-frosthide-50cm-leder-braun\/"]}]},{"@type":"ImageObject","inLanguage":"it-IT","@id":"https:\/\/bogensportdiscount.ch\/produkt\/bucktrail-traditioneller-rueckenkocher-frosthide-50cm-leder-braun\/#primaryimage","url":"https:\/\/bogensportdiscount.ch\/wp-content\/uploads\/bsm-images\/A094790_1.png","contentUrl":"https:\/\/bogensportdiscount.ch\/wp-content\/uploads\/bsm-images\/A094790_1.png","width":2271,"height":4332},{"@type":"BreadcrumbList","@id":"https:\/\/bogensportdiscount.ch\/produkt\/bucktrail-traditioneller-rueckenkocher-frosthide-50cm-leder-braun\/#breadcrumb","itemListElement":[{"@type":"ListItem","position":1,"name":"Home","item":"https:\/\/bogensportdiscount.ch\/"},{"@type":"ListItem","position":2,"name":"Shop","item":"https:\/\/bogensportdiscount.ch\/shop\/"},{"@type":"ListItem","position":3,"name":"BUCK TRAIL TRADITIONAL BACK QUIVER FROSTHIDE 50CM LEATHER BROWN AMBIDEXTROUS"}]},{"@type":"WebSite","@id":"https:\/\/bogensportdiscount.ch\/#website","url":"https:\/\/bogensportdiscount.ch\/","name":"Bogensportdiscount","description":"","potentialAction":[{"@type":"SearchAction","target":{"@type":"EntryPoint","urlTemplate":"https:\/\/bogensportdiscount.ch\/?s={search_term_string}"},"query-input":{"@type":"PropertyValueSpecification","valueRequired":true,"valueName":"search_term_string"}}],"inLanguage":"it-IT"}]}},"_links":{"self":[{"href":"https:\/\/bogensportdiscount.ch\/it\/wp-json\/wp\/v2\/product\/394143","targetHints":{"allow":["GET"]}}],"collection":[{"href":"https:\/\/bogensportdiscount.ch\/it\/wp-json\/wp\/v2\/product"}],"about":[{"href":"https:\/\/bogensportdiscount.ch\/it\/wp-json\/wp\/v2\/types\/product"}],"replies":[{"embeddable":true,"href":"https:\/\/bogensportdiscount.ch\/it\/wp-json\/wp\/v2\/comments?post=394143"}],"wp:featuredmedia":[{"embeddable":true,"href":"https:\/\/bogensportdiscount.ch\/it\/wp-json\/wp\/v2\/media\/524005"}],"wp:attachment":[{"href":"https:\/\/bogensportdiscount.ch\/it\/wp-json\/wp\/v2\/media?parent=394143"}],"wp:term":[{"taxonomy":"product_brand","embeddable":true,"href":"https:\/\/bogensportdiscount.ch\/it\/wp-json\/wp\/v2\/product_brand?post=394143"},{"taxonomy":"product_cat","embeddable":true,"href":"https:\/\/bogensportdiscount.ch\/it\/wp-json\/wp\/v2\/product_cat?post=394143"},{"taxonomy":"product_tag","embeddable":true,"href":"https:\/\/bogensportdiscount.ch\/it\/wp-json\/wp\/v2\/product_tag?post=394143"}],"curies":[{"name":"wp","href":"https:\/\/api.w.org\/{rel}","templated":true}]}}