{"id":394086,"date":"2026-04-05T14:32:15","date_gmt":"2026-04-05T12:32:15","guid":{"rendered":"https:\/\/bogensportdiscount.ch\/produkt\/bearpaw-3d-target-franzbogen-walking-big-badger\/"},"modified":"2026-05-14T07:14:02","modified_gmt":"2026-05-14T05:14:02","slug":"bearpaw-3d-ziel-franzbogen-walking-big-badger","status":"publish","type":"product","link":"https:\/\/bogensportdiscount.ch\/it\/prodotto\/bearpaw-3d-ziel-franzbogen-walking-big-badger\/","title":{"rendered":"BEARPAW BERSAGLIO 3D FRANZBOGEN GRANDE TASSO IN CAMMINO"},"content":{"rendered":"<p>Il bersaglio 3D BEARPAW \u00abWalking Big Badger\u00bb della serie Franzbogen \u00e8 una figura di tasso realistica per l'utilizzo su percorsi di tiro con l'arco 3D. La rappresentazione realistica in posa di cammino consente un allenamento pratico e rende il bersaglio una sfida adeguata nelle stazioni dedicate ai piccoli predatori.<\/p>\n<p>Il bersaglio 3D \u00e8 prodotto in Germania e rispetta i consueti standard di qualit\u00e0 nel tiro con l'arco. \u00c8 classificato nella categoria \u00abPiccoli predatori\u00bb ed \u00e8 quindi progettato per le corrispondenti stazioni dei percorsi.<\/p>\n<ul>\n<li>Rappresentazione realistica di un tasso in posizione di cammino<\/li>\n<li>Adatto per percorsi di tiro con l'arco 3D<\/li>\n<li>Produzione in Germania<\/li>\n<li>Marca: BEARPAW \/ Serie Franzbogen<\/li>\n<\/ul>","protected":false},"excerpt":{"rendered":"<table>\n<tr>\n<th>Propriet\u00e0<\/th>\n<th>Valore<\/th>\n<\/tr>\n<tr>\n<td>Marca<\/td>\n<td>Zampa d'orso<\/td>\n<\/tr>\n<tr>\n<td>Paese di origine<\/td>\n<td>Germania<\/td>\n<\/tr>\n<tr>\n<td>GTIN<\/td>\n<td>4251973252491<\/td>\n<\/tr>\n<\/table>","protected":false},"featured_media":453442,"comment_status":"open","ping_status":"closed","template":"","meta":[],"product_brand":[442],"product_cat":[4143,4144,4314],"product_tag":[3546],"class_list":{"0":"post-394086","1":"product","2":"type-product","3":"status-publish","4":"has-post-thumbnail","6":"product_brand-bearpaw","7":"product_cat-ziele-auflagen","8":"product_cat-3d-ziele","9":"product_cat-kleine-raubtiere","10":"product_tag-neuheit","11":"product_shipping_class-bsd-standard","13":"first","14":"onbackorder","15":"shipping-taxable","16":"purchasable","17":"product-type-simple"},"yoast_head":"<!-- This site is optimized with the Yoast SEO plugin v27.6 - https:\/\/yoast.com\/product\/yoast-seo-wordpress\/ -->\n<title>BEARPAW 3D-ZIEL FRANZBOGEN GEHENDER GROSSER DACHS - Bogensportdiscount \u2013 B\u00f6gen, Pfeile, Targets &amp; Zubeh\u00f6r<\/title>\n<meta name=\"description\" content=\"BEARPAW 3D-ZIEL FRANZBOGEN GEHENDER GROSSER DACHS g\u00fcnstig kaufen bei Bogensportdiscount \u2013 Top-Marken, schneller Versand aus der Schweiz.\" \/>\n<meta name=\"robots\" content=\"index, follow, max-snippet:-1, max-image-preview:large, max-video-preview:-1\" \/>\n<link rel=\"canonical\" href=\"https:\/\/bogensportdiscount.ch\/it\/prodotto\/bearpaw-3d-ziel-franzbogen-walking-big-badger\/\" \/>\n<meta property=\"og:locale\" content=\"it_IT\" \/>\n<meta property=\"og:type\" content=\"article\" \/>\n<meta property=\"og:title\" content=\"BEARPAW 3D-ZIEL FRANZBOGEN GEHENDER GROSSER DACHS - Bogensportdiscount \u2013 B\u00f6gen, Pfeile, Targets &amp; Zubeh\u00f6r\" \/>\n<meta property=\"og:description\" content=\"BEARPAW 3D-ZIEL FRANZBOGEN GEHENDER GROSSER DACHS g\u00fcnstig kaufen bei Bogensportdiscount \u2013 Top-Marken, schneller Versand aus der Schweiz.\" \/>\n<meta property=\"og:url\" content=\"https:\/\/bogensportdiscount.ch\/it\/prodotto\/bearpaw-3d-ziel-franzbogen-walking-big-badger\/\" \/>\n<meta property=\"og:site_name\" content=\"Bogensportdiscount \u2013 B\u00f6gen, Pfeile, Targets &amp; Zubeh\u00f6r\" \/>\n<meta property=\"article:modified_time\" content=\"2026-05-14T05:14:02+00:00\" \/>\n<meta property=\"og:image\" content=\"https:\/\/bogensportdiscount.ch\/wp-content\/uploads\/bsm-images\/a094034_1.png\" \/>\n\t<meta property=\"og:image:width\" content=\"400\" \/>\n\t<meta property=\"og:image:height\" content=\"400\" \/>\n\t<meta property=\"og:image:type\" content=\"image\/png\" \/>\n<meta name=\"twitter:card\" content=\"summary_large_image\" \/>\n<script type=\"application\/ld+json\" class=\"yoast-schema-graph\">{\"@context\":\"https:\\\/\\\/schema.org\",\"@graph\":[{\"@type\":\"WebPage\",\"@id\":\"https:\\\/\\\/bogensportdiscount.ch\\\/produkt\\\/bearpaw-3d-ziel-franzbogen-walking-big-badger\\\/\",\"url\":\"https:\\\/\\\/bogensportdiscount.ch\\\/produkt\\\/bearpaw-3d-ziel-franzbogen-walking-big-badger\\\/\",\"name\":\"BEARPAW 3D-ZIEL FRANZBOGEN GEHENDER GROSSER DACHS - Bogensportdiscount \u2013 B\u00f6gen, Pfeile, Targets &amp; Zubeh\u00f6r\",\"isPartOf\":{\"@id\":\"https:\\\/\\\/bogensportdiscount.ch\\\/#website\"},\"primaryImageOfPage\":{\"@id\":\"https:\\\/\\\/bogensportdiscount.ch\\\/produkt\\\/bearpaw-3d-ziel-franzbogen-walking-big-badger\\\/#primaryimage\"},\"image\":{\"@id\":\"https:\\\/\\\/bogensportdiscount.ch\\\/produkt\\\/bearpaw-3d-ziel-franzbogen-walking-big-badger\\\/#primaryimage\"},\"thumbnailUrl\":\"https:\\\/\\\/bogensportdiscount.ch\\\/wp-content\\\/uploads\\\/bsm-images\\\/a094034_1.png\",\"datePublished\":\"2026-04-05T12:32:15+00:00\",\"dateModified\":\"2026-05-14T05:14:02+00:00\",\"description\":\"BEARPAW 3D-ZIEL FRANZBOGEN GEHENDER GROSSER DACHS g\u00fcnstig kaufen bei Bogensportdiscount \u2013 Top-Marken, schneller Versand aus der Schweiz.\",\"breadcrumb\":{\"@id\":\"https:\\\/\\\/bogensportdiscount.ch\\\/produkt\\\/bearpaw-3d-ziel-franzbogen-walking-big-badger\\\/#breadcrumb\"},\"inLanguage\":\"it-IT\",\"potentialAction\":[{\"@type\":\"ReadAction\",\"target\":[\"https:\\\/\\\/bogensportdiscount.ch\\\/produkt\\\/bearpaw-3d-ziel-franzbogen-walking-big-badger\\\/\"]}]},{\"@type\":\"ImageObject\",\"inLanguage\":\"it-IT\",\"@id\":\"https:\\\/\\\/bogensportdiscount.ch\\\/produkt\\\/bearpaw-3d-ziel-franzbogen-walking-big-badger\\\/#primaryimage\",\"url\":\"https:\\\/\\\/bogensportdiscount.ch\\\/wp-content\\\/uploads\\\/bsm-images\\\/a094034_1.png\",\"contentUrl\":\"https:\\\/\\\/bogensportdiscount.ch\\\/wp-content\\\/uploads\\\/bsm-images\\\/a094034_1.png\",\"width\":400,\"height\":400},{\"@type\":\"BreadcrumbList\",\"@id\":\"https:\\\/\\\/bogensportdiscount.ch\\\/produkt\\\/bearpaw-3d-ziel-franzbogen-walking-big-badger\\\/#breadcrumb\",\"itemListElement\":[{\"@type\":\"ListItem\",\"position\":1,\"name\":\"Home\",\"item\":\"https:\\\/\\\/bogensportdiscount.ch\\\/\"},{\"@type\":\"ListItem\",\"position\":2,\"name\":\"Shop\",\"item\":\"https:\\\/\\\/bogensportdiscount.ch\\\/shop\\\/\"},{\"@type\":\"ListItem\",\"position\":3,\"name\":\"BEARPAW 3D TARGET FRANZBOGEN WALKING BIG BADGER\"}]},{\"@type\":\"WebSite\",\"@id\":\"https:\\\/\\\/bogensportdiscount.ch\\\/#website\",\"url\":\"https:\\\/\\\/bogensportdiscount.ch\\\/\",\"name\":\"Bogensportdiscount\",\"description\":\"\",\"potentialAction\":[{\"@type\":\"SearchAction\",\"target\":{\"@type\":\"EntryPoint\",\"urlTemplate\":\"https:\\\/\\\/bogensportdiscount.ch\\\/?s={search_term_string}\"},\"query-input\":{\"@type\":\"PropertyValueSpecification\",\"valueRequired\":true,\"valueName\":\"search_term_string\"}}],\"inLanguage\":\"it-IT\"}]}<\/script>\n<!-- \/ Yoast SEO plugin. -->","yoast_head_json":{"title":"BEARPAW 3D-ZIEL FRANZBOGEN GEHENDER GROSSER DACHS - Bogensportdiscount \u2013 B\u00f6gen, Pfeile, Targets &amp; Zubeh\u00f6r","description":"BEARPAW 3D-ZIEL FRANZBOGEN GEHENDER GROSSER DACHS g\u00fcnstig kaufen bei Bogensportdiscount \u2013 Top-Marken, schneller Versand aus der Schweiz.","robots":{"index":"index","follow":"follow","max-snippet":"max-snippet:-1","max-image-preview":"max-image-preview:large","max-video-preview":"max-video-preview:-1"},"canonical":"https:\/\/bogensportdiscount.ch\/it\/prodotto\/bearpaw-3d-ziel-franzbogen-walking-big-badger\/","og_locale":"it_IT","og_type":"article","og_title":"BEARPAW 3D-ZIEL FRANZBOGEN GEHENDER GROSSER DACHS - Bogensportdiscount \u2013 B\u00f6gen, Pfeile, Targets &amp; Zubeh\u00f6r","og_description":"BEARPAW 3D-ZIEL FRANZBOGEN GEHENDER GROSSER DACHS g\u00fcnstig kaufen bei Bogensportdiscount \u2013 Top-Marken, schneller Versand aus der Schweiz.","og_url":"https:\/\/bogensportdiscount.ch\/it\/prodotto\/bearpaw-3d-ziel-franzbogen-walking-big-badger\/","og_site_name":"Bogensportdiscount \u2013 B\u00f6gen, Pfeile, Targets &amp; Zubeh\u00f6r","article_modified_time":"2026-05-14T05:14:02+00:00","og_image":[{"width":400,"height":400,"url":"https:\/\/bogensportdiscount.ch\/wp-content\/uploads\/bsm-images\/a094034_1.png","type":"image\/png"}],"twitter_card":"summary_large_image","schema":{"@context":"https:\/\/schema.org","@graph":[{"@type":"WebPage","@id":"https:\/\/bogensportdiscount.ch\/produkt\/bearpaw-3d-ziel-franzbogen-walking-big-badger\/","url":"https:\/\/bogensportdiscount.ch\/produkt\/bearpaw-3d-ziel-franzbogen-walking-big-badger\/","name":"BEARPAW 3D-ZIEL FRANZBOGEN GEHENDER GROSSER DACHS - Bogensportdiscount \u2013 B\u00f6gen, Pfeile, Targets &amp; Zubeh\u00f6r","isPartOf":{"@id":"https:\/\/bogensportdiscount.ch\/#website"},"primaryImageOfPage":{"@id":"https:\/\/bogensportdiscount.ch\/produkt\/bearpaw-3d-ziel-franzbogen-walking-big-badger\/#primaryimage"},"image":{"@id":"https:\/\/bogensportdiscount.ch\/produkt\/bearpaw-3d-ziel-franzbogen-walking-big-badger\/#primaryimage"},"thumbnailUrl":"https:\/\/bogensportdiscount.ch\/wp-content\/uploads\/bsm-images\/a094034_1.png","datePublished":"2026-04-05T12:32:15+00:00","dateModified":"2026-05-14T05:14:02+00:00","description":"BEARPAW 3D-ZIEL FRANZBOGEN GEHENDER GROSSER DACHS g\u00fcnstig kaufen bei Bogensportdiscount \u2013 Top-Marken, schneller Versand aus der Schweiz.","breadcrumb":{"@id":"https:\/\/bogensportdiscount.ch\/produkt\/bearpaw-3d-ziel-franzbogen-walking-big-badger\/#breadcrumb"},"inLanguage":"it-IT","potentialAction":[{"@type":"ReadAction","target":["https:\/\/bogensportdiscount.ch\/produkt\/bearpaw-3d-ziel-franzbogen-walking-big-badger\/"]}]},{"@type":"ImageObject","inLanguage":"it-IT","@id":"https:\/\/bogensportdiscount.ch\/produkt\/bearpaw-3d-ziel-franzbogen-walking-big-badger\/#primaryimage","url":"https:\/\/bogensportdiscount.ch\/wp-content\/uploads\/bsm-images\/a094034_1.png","contentUrl":"https:\/\/bogensportdiscount.ch\/wp-content\/uploads\/bsm-images\/a094034_1.png","width":400,"height":400},{"@type":"BreadcrumbList","@id":"https:\/\/bogensportdiscount.ch\/produkt\/bearpaw-3d-ziel-franzbogen-walking-big-badger\/#breadcrumb","itemListElement":[{"@type":"ListItem","position":1,"name":"Home","item":"https:\/\/bogensportdiscount.ch\/"},{"@type":"ListItem","position":2,"name":"Shop","item":"https:\/\/bogensportdiscount.ch\/shop\/"},{"@type":"ListItem","position":3,"name":"BEARPAW 3D TARGET FRANZBOGEN WALKING BIG BADGER"}]},{"@type":"WebSite","@id":"https:\/\/bogensportdiscount.ch\/#website","url":"https:\/\/bogensportdiscount.ch\/","name":"Bogensportdiscount","description":"","potentialAction":[{"@type":"SearchAction","target":{"@type":"EntryPoint","urlTemplate":"https:\/\/bogensportdiscount.ch\/?s={search_term_string}"},"query-input":{"@type":"PropertyValueSpecification","valueRequired":true,"valueName":"search_term_string"}}],"inLanguage":"it-IT"}]}},"_links":{"self":[{"href":"https:\/\/bogensportdiscount.ch\/it\/wp-json\/wp\/v2\/product\/394086","targetHints":{"allow":["GET"]}}],"collection":[{"href":"https:\/\/bogensportdiscount.ch\/it\/wp-json\/wp\/v2\/product"}],"about":[{"href":"https:\/\/bogensportdiscount.ch\/it\/wp-json\/wp\/v2\/types\/product"}],"replies":[{"embeddable":true,"href":"https:\/\/bogensportdiscount.ch\/it\/wp-json\/wp\/v2\/comments?post=394086"}],"wp:featuredmedia":[{"embeddable":true,"href":"https:\/\/bogensportdiscount.ch\/it\/wp-json\/wp\/v2\/media\/453442"}],"wp:attachment":[{"href":"https:\/\/bogensportdiscount.ch\/it\/wp-json\/wp\/v2\/media?parent=394086"}],"wp:term":[{"taxonomy":"product_brand","embeddable":true,"href":"https:\/\/bogensportdiscount.ch\/it\/wp-json\/wp\/v2\/product_brand?post=394086"},{"taxonomy":"product_cat","embeddable":true,"href":"https:\/\/bogensportdiscount.ch\/it\/wp-json\/wp\/v2\/product_cat?post=394086"},{"taxonomy":"product_tag","embeddable":true,"href":"https:\/\/bogensportdiscount.ch\/it\/wp-json\/wp\/v2\/product_tag?post=394086"}],"curies":[{"name":"wp","href":"https:\/\/api.w.org\/{rel}","templated":true}]}}