{"id":393995,"date":"2026-04-05T14:31:56","date_gmt":"2026-04-05T12:31:56","guid":{"rendered":"https:\/\/bogensportdiscount.ch\/produkt\/bearpaw-parabolic-4-rw-natural-barred-50-pk-feathers\/"},"modified":"2026-04-17T09:36:16","modified_gmt":"2026-04-17T07:36:16","slug":"bearpaw-federn-parabolisch-4-zoll-rw-naturell-gestreift-50er-pack","status":"publish","type":"product","link":"https:\/\/bogensportdiscount.ch\/it\/prodotto\/bearpaw-federn-parabolisch-4-zoll-rw-naturell-gestreift-50er-pack\/","title":{"rendered":"BEARPAW PARABOLIC 4\u2033 RW NATURAL BARRED 50\/PK PIUME"},"content":{"rendered":"<p>Die Bearpaw Parabolisch 4&#8243; Federn in Naturell Gestreift sind klassische Naturfedern f\u00fcr die traditionelle Pfeilbefiederung. Die parabolische Form sorgt f\u00fcr eine gleichm\u00e4ssige Stabilisierung des Pfeils im Flug, w\u00e4hrend die Rechtsdrehung (RW) eine kontrollierte Rotation bewirkt.<\/p>\n<p>Die nat\u00fcrlichen, gestreiften Federn bringen nicht nur funktionale Vorteile, sondern verleihen dem Pfeil auch ein authentisches, traditionelles Erscheinungsbild. Das 50er-Pack eignet sich sowohl f\u00fcr das Befiedern einer gr\u00f6sseren Anzahl Pfeile als auch als Vorrat f\u00fcr laufende Projekte.<\/p>\n<ul>\n<li>Parabolische Form f\u00fcr stabile Flugbahn<\/li>\n<li>Rechtsdrehung (RW) f\u00fcr kontrollierte Pfeilrotation<\/li>\n<li>Nat\u00fcrliche, gestreifte Optik<\/li>\n<li>Vorteilhaftes 50er-Pack<\/li>\n<\/ul>","protected":false},"excerpt":{"rendered":"<p><strong>Marchio:<\/strong> Zampa d'orso<br \/><strong>Farbe:<\/strong> Wei\u00df<br \/><strong>Tipo:<\/strong> Barred color<br \/><strong>L\u00e4nge (Zoll):<\/strong> 4<br \/><strong>Packaging:<\/strong> 50\/Pk<br \/><strong>Form:<\/strong> Parabolic<br \/><strong>GTIN:<\/strong> 4251973207125<\/p>","protected":false},"featured_media":453631,"comment_status":"open","ping_status":"closed","template":"","meta":[],"product_brand":[442],"product_cat":[4307],"product_tag":[3546],"class_list":{"0":"post-393995","1":"product","2":"type-product","3":"status-publish","4":"has-post-thumbnail","6":"product_brand-bearpaw","7":"product_cat-federn-vanes-nocks-wraps","8":"product_tag-neuheit","10":"first","11":"onbackorder","12":"shipping-taxable","13":"purchasable","14":"product-type-simple"},"_links":{"self":[{"href":"https:\/\/bogensportdiscount.ch\/it\/wp-json\/wp\/v2\/product\/393995","targetHints":{"allow":["GET"]}}],"collection":[{"href":"https:\/\/bogensportdiscount.ch\/it\/wp-json\/wp\/v2\/product"}],"about":[{"href":"https:\/\/bogensportdiscount.ch\/it\/wp-json\/wp\/v2\/types\/product"}],"replies":[{"embeddable":true,"href":"https:\/\/bogensportdiscount.ch\/it\/wp-json\/wp\/v2\/comments?post=393995"}],"wp:featuredmedia":[{"embeddable":true,"href":"https:\/\/bogensportdiscount.ch\/it\/wp-json\/wp\/v2\/media\/453631"}],"wp:attachment":[{"href":"https:\/\/bogensportdiscount.ch\/it\/wp-json\/wp\/v2\/media?parent=393995"}],"wp:term":[{"taxonomy":"product_brand","embeddable":true,"href":"https:\/\/bogensportdiscount.ch\/it\/wp-json\/wp\/v2\/product_brand?post=393995"},{"taxonomy":"product_cat","embeddable":true,"href":"https:\/\/bogensportdiscount.ch\/it\/wp-json\/wp\/v2\/product_cat?post=393995"},{"taxonomy":"product_tag","embeddable":true,"href":"https:\/\/bogensportdiscount.ch\/it\/wp-json\/wp\/v2\/product_tag?post=393995"}],"curies":[{"name":"wp","href":"https:\/\/api.w.org\/{rel}","templated":true}]}}