{"id":393984,"date":"2026-04-05T14:31:53","date_gmt":"2026-04-05T12:31:53","guid":{"rendered":"https:\/\/bogensportdiscount.ch\/produkt\/kinetic-tiller-bolt-std-size-9-45mm-with-marks-high-hardness-steel-set-of-2\/"},"modified":"2026-04-15T12:16:53","modified_gmt":"2026-04-15T10:16:53","slug":"kinetic-tiller-bolzen-standardgroesse-9-45mm-hochhaerte-stahl-2er-set","status":"publish","type":"product","link":"https:\/\/bogensportdiscount.ch\/it\/prodotto\/kinetic-tiller-bolzen-standardgroesse-9-45mm-hochhaerte-stahl-2er-set\/","title":{"rendered":"BULLONE KINETIC PER TIMONE MISURA STD 9,45 MM CON MARCATURE ACCIAIO AD ALTA DUREZZA SET DI 2"},"content":{"rendered":"<p>Die KINETIC Tiller-Bolzen in der Standardgr\u00f6sse 9.45 mm sind aus hochhartem Stahl gefertigt und bieten damit eine robuste und langlebige Grundlage f\u00fcr die Tiller-Einstellung am Recurvebogen. Die aufgedruckten Markierungen erm\u00f6glichen eine reproduzierbare und genaue Justierung, was besonders bei regelm\u00e4ssigen Anpassungen der Wurfarmh\u00f6he von Vorteil ist.<\/p>\n<p>Das Set enth\u00e4lt 2 Bolzen, sodass beide Wurfarme eines Recurvebogens gleichzeitig ausgestattet oder ein Ersatzbolzen bereitgehalten werden kann. Durch die Standardgr\u00f6sse sind die Bolzen mit einer Vielzahl g\u00e4ngiger Recurveb\u00f6gen kompatibel.<\/p>\n<ul>\n<li>Standardgr\u00f6sse 9.45 mm<\/li>\n<li>Hochhartem Stahl f\u00fcr lange Haltbarkeit<\/li>\n<li>Markierungen f\u00fcr pr\u00e4zise Tiller-Einstellung<\/li>\n<li>Set \u00e0 2 Bolzen<\/li>\n<\/ul>","protected":false},"excerpt":{"rendered":"<p><strong>Thread Size:<\/strong> M12 x 1.25<br \/><strong>Materiale:<\/strong> 420 High Hardness Steel<br \/><strong>Farbe:<\/strong> Nero<br \/><strong>Compatibility:<\/strong> Most Kinetic risers<br \/><strong>Quantity:<\/strong> 2 bolts per set<\/p>","protected":false},"featured_media":441031,"comment_status":"open","ping_status":"closed","template":"","meta":[],"product_brand":[439],"product_cat":[4522],"product_tag":[3546],"class_list":{"0":"post-393984","1":"product","2":"type-product","3":"status-publish","4":"has-post-thumbnail","6":"product_brand-kinetic","7":"product_cat-einzelteile-fuer-recurve-boegen-recurve-boegen","8":"product_tag-neuheit","10":"first","11":"instock","12":"shipping-taxable","13":"purchasable","14":"product-type-simple"},"_links":{"self":[{"href":"https:\/\/bogensportdiscount.ch\/it\/wp-json\/wp\/v2\/product\/393984","targetHints":{"allow":["GET"]}}],"collection":[{"href":"https:\/\/bogensportdiscount.ch\/it\/wp-json\/wp\/v2\/product"}],"about":[{"href":"https:\/\/bogensportdiscount.ch\/it\/wp-json\/wp\/v2\/types\/product"}],"replies":[{"embeddable":true,"href":"https:\/\/bogensportdiscount.ch\/it\/wp-json\/wp\/v2\/comments?post=393984"}],"wp:featuredmedia":[{"embeddable":true,"href":"https:\/\/bogensportdiscount.ch\/it\/wp-json\/wp\/v2\/media\/441031"}],"wp:attachment":[{"href":"https:\/\/bogensportdiscount.ch\/it\/wp-json\/wp\/v2\/media?parent=393984"}],"wp:term":[{"taxonomy":"product_brand","embeddable":true,"href":"https:\/\/bogensportdiscount.ch\/it\/wp-json\/wp\/v2\/product_brand?post=393984"},{"taxonomy":"product_cat","embeddable":true,"href":"https:\/\/bogensportdiscount.ch\/it\/wp-json\/wp\/v2\/product_cat?post=393984"},{"taxonomy":"product_tag","embeddable":true,"href":"https:\/\/bogensportdiscount.ch\/it\/wp-json\/wp\/v2\/product_tag?post=393984"}],"curies":[{"name":"wp","href":"https:\/\/api.w.org\/{rel}","templated":true}]}}