{"id":393978,"date":"2026-04-05T14:31:52","date_gmt":"2026-04-05T12:31:52","guid":{"rendered":"https:\/\/bogensportdiscount.ch\/produkt\/killerinstict-killer-instinct-everything-crossbow-lube-single-pack\/"},"modified":"2026-04-15T12:16:53","modified_gmt":"2026-04-15T10:16:53","slug":"killer-instinct-armbrust-schmiermittel-everything-crossbow-lube-einzelpack","status":"publish","type":"product","link":"https:\/\/bogensportdiscount.ch\/it\/prodotto\/killer-instinct-armbrust-schmiermittel-everything-crossbow-lube-einzelpack\/","title":{"rendered":"KILLERINSTICT KILLER INSTINCT TUTTO BALESTRA LUBRIFICANTE CONFEZIONE SINGOLA"},"content":{"rendered":"<p>Das Killer Instinct Everything Crossbow Lube ist ein Schmiermittel speziell f\u00fcr Armbr\u00fcste. Es eignet sich f\u00fcr die Pflege und Wartung beweglicher Teile wie Schienen, Sehnen und Mechanismen.<\/p>\n<p>Das Produkt wird als Einzelpack geliefert und ist auf die Anforderungen moderner Armbr\u00fcste abgestimmt. Regelm\u00e4ssige Schmierung verl\u00e4ngert die Lebensdauer der Armbrust und sorgt f\u00fcr einen gleichm\u00e4ssigen Schussablauf.<\/p>\n<ul>\n<li>Geeignet f\u00fcr alle g\u00e4ngigen Armbrusttypen<\/li>\n<li>Sch\u00fctzt bewegliche Teile vor Verschleiss<\/li>\n<li>Einfache Anwendung als Einzelpack<\/li>\n<li>Produkt aus den USA<\/li>\n<\/ul>","protected":false},"excerpt":{"rendered":"<table>\n<tr>\n<th>Propriet\u00e0<\/th>\n<th>Valore<\/th>\n<\/tr>\n<tr>\n<td>Marchio<\/td>\n<td>Killer Instinct<\/td>\n<\/tr>\n<tr>\n<td>GTIN<\/td>\n<td>850042815236<\/td>\n<\/tr>\n<tr>\n<td>Herkunftsland<\/td>\n<td>USA<\/td>\n<\/tr>\n<\/table>","protected":false},"featured_media":441049,"comment_status":"open","ping_status":"closed","template":"","meta":[],"product_brand":[627],"product_cat":[4137],"product_tag":[3546],"class_list":{"0":"post-393978","1":"product","2":"type-product","3":"status-publish","4":"has-post-thumbnail","6":"product_brand-killerinstict","7":"product_cat-weitere","8":"product_tag-neuheit","10":"first","11":"instock","12":"shipping-taxable","13":"purchasable","14":"product-type-simple"},"_links":{"self":[{"href":"https:\/\/bogensportdiscount.ch\/it\/wp-json\/wp\/v2\/product\/393978","targetHints":{"allow":["GET"]}}],"collection":[{"href":"https:\/\/bogensportdiscount.ch\/it\/wp-json\/wp\/v2\/product"}],"about":[{"href":"https:\/\/bogensportdiscount.ch\/it\/wp-json\/wp\/v2\/types\/product"}],"replies":[{"embeddable":true,"href":"https:\/\/bogensportdiscount.ch\/it\/wp-json\/wp\/v2\/comments?post=393978"}],"wp:featuredmedia":[{"embeddable":true,"href":"https:\/\/bogensportdiscount.ch\/it\/wp-json\/wp\/v2\/media\/441049"}],"wp:attachment":[{"href":"https:\/\/bogensportdiscount.ch\/it\/wp-json\/wp\/v2\/media?parent=393978"}],"wp:term":[{"taxonomy":"product_brand","embeddable":true,"href":"https:\/\/bogensportdiscount.ch\/it\/wp-json\/wp\/v2\/product_brand?post=393978"},{"taxonomy":"product_cat","embeddable":true,"href":"https:\/\/bogensportdiscount.ch\/it\/wp-json\/wp\/v2\/product_cat?post=393978"},{"taxonomy":"product_tag","embeddable":true,"href":"https:\/\/bogensportdiscount.ch\/it\/wp-json\/wp\/v2\/product_tag?post=393978"}],"curies":[{"name":"wp","href":"https:\/\/api.w.org\/{rel}","templated":true}]}}