{"id":393973,"date":"2026-04-05T14:31:51","date_gmt":"2026-04-05T12:31:51","guid":{"rendered":"https:\/\/bogensportdiscount.ch\/produkt\/killerinstict-killer-instinct-lethal-405hd-compound-crossbow-package\/"},"modified":"2026-04-20T12:49:37","modified_gmt":"2026-04-20T10:49:37","slug":"killer-instinct-compound-armbrust-lethal-405hd-paket","status":"publish","type":"product","link":"https:\/\/bogensportdiscount.ch\/it\/prodotto\/killer-instinct-compound-armbrust-lethal-405hd-paket\/","title":{"rendered":"KILLERINSTICT KILLER INSTINCT LETHAL 405HD COMPOUND ARMBRUST PAKET"},"content":{"rendered":"<p>Die Killer Instinct Lethal 405HD ist eine Compound-Armbrust mit einem Zuggewicht von 210 lbs und einer Pfeilgeschwindigkeit von 405 FPS. Das Paket enth\u00e4lt das n\u00f6tige Zubeh\u00f6r f\u00fcr den sofortigen Einsatz.<\/p>\n<p>Dank der hohen Pfeilgeschwindigkeit eignet sich die Lethal 405HD sowohl f\u00fcr die Jagd als auch f\u00fcr den sportlichen Einsatz. Die Compound-Bauweise sorgt f\u00fcr eine gleichm\u00e4ssige Kraft\u00fcbertragung und eine stabile Schussleistung.<\/p>\n<ul>\n<li>Zuggewicht: 210 lbs<\/li>\n<li>Pfeilgeschwindigkeit: 405 FPS<\/li>\n<li>Compound-Armbrust mit Paketinhalt<\/li>\n<li>Hergestellt in Taiwan<\/li>\n<\/ul>","protected":false},"excerpt":{"rendered":"<table>\n<tr>\n<th>Propriet\u00e0<\/th>\n<th>Valore<\/th>\n<\/tr>\n<tr>\n<td>Peso del treno<\/td>\n<td>210 lbs<\/td>\n<\/tr>\n<tr>\n<td>Velocit\u00e0<\/td>\n<td>405 FPS<\/td>\n<\/tr>\n<tr>\n<td>Paese di origine<\/td>\n<td>Taiwan<\/td>\n<\/tr>\n<tr>\n<td>GTIN<\/td>\n<td>850042815328<\/td>\n<\/tr>\n<\/table>","protected":false},"featured_media":453631,"comment_status":"open","ping_status":"closed","template":"","meta":[],"product_brand":[627],"product_cat":[4162],"product_tag":[3546],"class_list":{"0":"post-393973","1":"product","2":"type-product","3":"status-publish","4":"has-post-thumbnail","6":"product_brand-killerinstict","7":"product_cat-compound-armbrueste-armbueste","8":"product_tag-neuheit","10":"first","11":"instock","12":"shipping-taxable","13":"purchasable","14":"product-type-simple"},"yoast_head":"<!-- This site is optimized with the Yoast SEO plugin v27.4 - https:\/\/yoast.com\/product\/yoast-seo-wordpress\/ -->\n<title>PACCHETTO BALESTRA COMPOUND KILLERINSTICT KILLER INSTINCT LETHAL 405HD - Bogensportdiscount \u2013 Archi, frecce, bersagli e accessori<\/title>\n<meta name=\"description\" content=\"Acquista a un prezzo vantaggioso il pacchetto balestra compound KILLERINSTICT KILLER INSTINCT LETHAL 405HD su Bogensportdiscount \u2013 Le migliori marche, spedizione veloce dalla Svizzera.\" \/>\n<meta name=\"robots\" content=\"noindex, follow, max-snippet:-1, max-image-preview:large, max-video-preview:-1\" \/>\n<meta property=\"og:locale\" content=\"it_IT\" \/>\n<meta property=\"og:type\" content=\"article\" \/>\n<meta property=\"og:title\" content=\"PACCHETTO BALESTRA COMPOUND KILLERINSTICT KILLER INSTINCT LETHAL 405HD - Bogensportdiscount \u2013 Archi, frecce, bersagli e accessori\" \/>\n<meta property=\"og:description\" content=\"Acquista a un prezzo vantaggioso il pacchetto balestra compound KILLERINSTICT KILLER INSTINCT LETHAL 405HD su Bogensportdiscount \u2013 Le migliori marche, spedizione veloce dalla Svizzera.\" \/>\n<meta property=\"og:url\" content=\"https:\/\/bogensportdiscount.ch\/it\/prodotto\/killer-instinct-compound-armbrust-lethal-405hd-paket\/\" \/>\n<meta property=\"og:site_name\" content=\"Bogensportdiscount \u2013 B\u00f6gen, Pfeile, Targets &amp; Zubeh\u00f6r\" \/>\n<meta property=\"article:modified_time\" content=\"2026-04-20T10:49:37+00:00\" \/>\n<meta property=\"og:image\" content=\"https:\/\/bogensportdiscount.ch\/wp-content\/uploads\/bsm-images\/A093292_1.png\" \/>\n\t<meta property=\"og:image:width\" content=\"6250\" \/>\n\t<meta property=\"og:image:height\" content=\"6250\" \/>\n\t<meta property=\"og:image:type\" content=\"image\/png\" \/>\n<meta name=\"twitter:card\" content=\"summary_large_image\" \/>\n<script type=\"application\/ld+json\" class=\"yoast-schema-graph\">{\"@context\":\"https:\\\/\\\/schema.org\",\"@graph\":[{\"@type\":\"WebPage\",\"@id\":\"https:\\\/\\\/bogensportdiscount.ch\\\/it\\\/prodotto\\\/killer-instinct-compound-armbrust-lethal-405hd-paket\\\/\",\"url\":\"https:\\\/\\\/bogensportdiscount.ch\\\/it\\\/prodotto\\\/killer-instinct-compound-armbrust-lethal-405hd-paket\\\/\",\"name\":\"KILLERINSTICT KILLER INSTINCT LETHAL 405HD COMPOUND ARMBRUST PAKET - Bogensportdiscount \u2013 B\u00f6gen, Pfeile, Targets &amp; Zubeh\u00f6r\",\"isPartOf\":{\"@id\":\"https:\\\/\\\/bogensportdiscount.ch\\\/#website\"},\"primaryImageOfPage\":{\"@id\":\"https:\\\/\\\/bogensportdiscount.ch\\\/it\\\/prodotto\\\/killer-instinct-compound-armbrust-lethal-405hd-paket\\\/#primaryimage\"},\"image\":{\"@id\":\"https:\\\/\\\/bogensportdiscount.ch\\\/it\\\/prodotto\\\/killer-instinct-compound-armbrust-lethal-405hd-paket\\\/#primaryimage\"},\"thumbnailUrl\":\"https:\\\/\\\/bogensportdiscount.ch\\\/wp-content\\\/uploads\\\/2026\\\/04\\\/bogensportdiscount.ch-pfeile-boegen-zubehoer-fuer-anfaenger-und-profis-zum-besten-preis-Symbolbild-kein-foto-zu-diesem-artikel_01.jpg\",\"datePublished\":\"2026-04-05T12:31:51+00:00\",\"dateModified\":\"2026-04-20T10:49:37+00:00\",\"description\":\"KILLERINSTICT KILLER INSTINCT LETHAL 405HD COMPOUND ARMBRUST PAKET g\u00fcnstig kaufen bei Bogensportdiscount \u2013 Top-Marken, schneller Versand aus der Schweiz.\",\"breadcrumb\":{\"@id\":\"https:\\\/\\\/bogensportdiscount.ch\\\/it\\\/prodotto\\\/killer-instinct-compound-armbrust-lethal-405hd-paket\\\/#breadcrumb\"},\"inLanguage\":\"it-IT\",\"potentialAction\":[{\"@type\":\"ReadAction\",\"target\":[\"https:\\\/\\\/bogensportdiscount.ch\\\/it\\\/prodotto\\\/killer-instinct-compound-armbrust-lethal-405hd-paket\\\/\"]}]},{\"@type\":\"ImageObject\",\"inLanguage\":\"it-IT\",\"@id\":\"https:\\\/\\\/bogensportdiscount.ch\\\/it\\\/prodotto\\\/killer-instinct-compound-armbrust-lethal-405hd-paket\\\/#primaryimage\",\"url\":\"https:\\\/\\\/bogensportdiscount.ch\\\/wp-content\\\/uploads\\\/2026\\\/04\\\/bogensportdiscount.ch-pfeile-boegen-zubehoer-fuer-anfaenger-und-profis-zum-besten-preis-Symbolbild-kein-foto-zu-diesem-artikel_01.jpg\",\"contentUrl\":\"https:\\\/\\\/bogensportdiscount.ch\\\/wp-content\\\/uploads\\\/2026\\\/04\\\/bogensportdiscount.ch-pfeile-boegen-zubehoer-fuer-anfaenger-und-profis-zum-besten-preis-Symbolbild-kein-foto-zu-diesem-artikel_01.jpg\",\"width\":1080,\"height\":1080},{\"@type\":\"BreadcrumbList\",\"@id\":\"https:\\\/\\\/bogensportdiscount.ch\\\/it\\\/prodotto\\\/killer-instinct-compound-armbrust-lethal-405hd-paket\\\/#breadcrumb\",\"itemListElement\":[{\"@type\":\"ListItem\",\"position\":1,\"name\":\"Home\",\"item\":\"https:\\\/\\\/bogensportdiscount.ch\\\/\"},{\"@type\":\"ListItem\",\"position\":2,\"name\":\"Shop\",\"item\":\"https:\\\/\\\/bogensportdiscount.ch\\\/shop\\\/\"},{\"@type\":\"ListItem\",\"position\":3,\"name\":\"KILLERINSTICT KILLER INSTINCT LETHAL 405HD COMPOUND ARMBRUST PAKET\"}]},{\"@type\":\"WebSite\",\"@id\":\"https:\\\/\\\/bogensportdiscount.ch\\\/#website\",\"url\":\"https:\\\/\\\/bogensportdiscount.ch\\\/\",\"name\":\"Bogensportdiscount\",\"description\":\"\",\"potentialAction\":[{\"@type\":\"SearchAction\",\"target\":{\"@type\":\"EntryPoint\",\"urlTemplate\":\"https:\\\/\\\/bogensportdiscount.ch\\\/?s={search_term_string}\"},\"query-input\":{\"@type\":\"PropertyValueSpecification\",\"valueRequired\":true,\"valueName\":\"search_term_string\"}}],\"inLanguage\":\"it-IT\"}]}<\/script>\n<!-- \/ Yoast SEO plugin. -->","yoast_head_json":{"title":"PACCHETTO BALESTRA COMPOUND KILLERINSTICT KILLER INSTINCT LETHAL 405HD - Bogensportdiscount \u2013 Archi, frecce, bersagli e accessori","description":"Acquista a un prezzo vantaggioso il pacchetto balestra compound KILLERINSTICT KILLER INSTINCT LETHAL 405HD su Bogensportdiscount \u2013 Le migliori marche, spedizione veloce dalla Svizzera.","robots":{"index":"noindex","follow":"follow","max-snippet":"max-snippet:-1","max-image-preview":"max-image-preview:large","max-video-preview":"max-video-preview:-1"},"og_locale":"it_IT","og_type":"article","og_title":"PACCHETTO BALESTRA COMPOUND KILLERINSTICT KILLER INSTINCT LETHAL 405HD - Bogensportdiscount \u2013 Archi, frecce, bersagli e accessori","og_description":"Acquista a un prezzo vantaggioso il pacchetto balestra compound KILLERINSTICT KILLER INSTINCT LETHAL 405HD su Bogensportdiscount \u2013 Le migliori marche, spedizione veloce dalla Svizzera.","og_url":"https:\/\/bogensportdiscount.ch\/it\/prodotto\/killer-instinct-compound-armbrust-lethal-405hd-paket\/","og_site_name":"Bogensportdiscount \u2013 B\u00f6gen, Pfeile, Targets &amp; Zubeh\u00f6r","article_modified_time":"2026-04-20T10:49:37+00:00","og_image":[{"url":"https:\/\/bogensportdiscount.ch\/wp-content\/uploads\/bsm-images\/A093292_1.png","width":6250,"height":6250,"type":"image\/png"}],"twitter_card":"summary_large_image","schema":{"@context":"https:\/\/schema.org","@graph":[{"@type":"WebPage","@id":"https:\/\/bogensportdiscount.ch\/it\/prodotto\/killer-instinct-compound-armbrust-lethal-405hd-paket\/","url":"https:\/\/bogensportdiscount.ch\/it\/prodotto\/killer-instinct-compound-armbrust-lethal-405hd-paket\/","name":"PACCHETTO BALESTRA COMPOUND KILLERINSTICT KILLER INSTINCT LETHAL 405HD - Bogensportdiscount \u2013 Archi, frecce, bersagli e accessori","isPartOf":{"@id":"https:\/\/bogensportdiscount.ch\/#website"},"primaryImageOfPage":{"@id":"https:\/\/bogensportdiscount.ch\/it\/prodotto\/killer-instinct-compound-armbrust-lethal-405hd-paket\/#primaryimage"},"image":{"@id":"https:\/\/bogensportdiscount.ch\/it\/prodotto\/killer-instinct-compound-armbrust-lethal-405hd-paket\/#primaryimage"},"thumbnailUrl":"https:\/\/bogensportdiscount.ch\/wp-content\/uploads\/2026\/04\/bogensportdiscount.ch-pfeile-boegen-zubehoer-fuer-anfaenger-und-profis-zum-besten-preis-Symbolbild-kein-foto-zu-diesem-artikel_01.jpg","datePublished":"2026-04-05T12:31:51+00:00","dateModified":"2026-04-20T10:49:37+00:00","description":"Acquista a un prezzo vantaggioso il pacchetto balestra compound KILLERINSTICT KILLER INSTINCT LETHAL 405HD su Bogensportdiscount \u2013 Le migliori marche, spedizione veloce dalla Svizzera.","breadcrumb":{"@id":"https:\/\/bogensportdiscount.ch\/it\/prodotto\/killer-instinct-compound-armbrust-lethal-405hd-paket\/#breadcrumb"},"inLanguage":"it-IT","potentialAction":[{"@type":"ReadAction","target":["https:\/\/bogensportdiscount.ch\/it\/prodotto\/killer-instinct-compound-armbrust-lethal-405hd-paket\/"]}]},{"@type":"ImageObject","inLanguage":"it-IT","@id":"https:\/\/bogensportdiscount.ch\/it\/prodotto\/killer-instinct-compound-armbrust-lethal-405hd-paket\/#primaryimage","url":"https:\/\/bogensportdiscount.ch\/wp-content\/uploads\/2026\/04\/bogensportdiscount.ch-pfeile-boegen-zubehoer-fuer-anfaenger-und-profis-zum-besten-preis-Symbolbild-kein-foto-zu-diesem-artikel_01.jpg","contentUrl":"https:\/\/bogensportdiscount.ch\/wp-content\/uploads\/2026\/04\/bogensportdiscount.ch-pfeile-boegen-zubehoer-fuer-anfaenger-und-profis-zum-besten-preis-Symbolbild-kein-foto-zu-diesem-artikel_01.jpg","width":1080,"height":1080},{"@type":"BreadcrumbList","@id":"https:\/\/bogensportdiscount.ch\/it\/prodotto\/killer-instinct-compound-armbrust-lethal-405hd-paket\/#breadcrumb","itemListElement":[{"@type":"ListItem","position":1,"name":"Home","item":"https:\/\/bogensportdiscount.ch\/"},{"@type":"ListItem","position":2,"name":"Shop","item":"https:\/\/bogensportdiscount.ch\/shop\/"},{"@type":"ListItem","position":3,"name":"KILLERINSTICT KILLER INSTINCT LETHAL 405HD COMPOUND ARMBRUST PAKET"}]},{"@type":"WebSite","@id":"https:\/\/bogensportdiscount.ch\/#website","url":"https:\/\/bogensportdiscount.ch\/","name":"Bogensportdiscount","description":"","potentialAction":[{"@type":"SearchAction","target":{"@type":"EntryPoint","urlTemplate":"https:\/\/bogensportdiscount.ch\/?s={search_term_string}"},"query-input":{"@type":"PropertyValueSpecification","valueRequired":true,"valueName":"search_term_string"}}],"inLanguage":"it-IT"}]}},"_links":{"self":[{"href":"https:\/\/bogensportdiscount.ch\/it\/wp-json\/wp\/v2\/product\/393973","targetHints":{"allow":["GET"]}}],"collection":[{"href":"https:\/\/bogensportdiscount.ch\/it\/wp-json\/wp\/v2\/product"}],"about":[{"href":"https:\/\/bogensportdiscount.ch\/it\/wp-json\/wp\/v2\/types\/product"}],"replies":[{"embeddable":true,"href":"https:\/\/bogensportdiscount.ch\/it\/wp-json\/wp\/v2\/comments?post=393973"}],"wp:featuredmedia":[{"embeddable":true,"href":"https:\/\/bogensportdiscount.ch\/it\/wp-json\/wp\/v2\/media\/453631"}],"wp:attachment":[{"href":"https:\/\/bogensportdiscount.ch\/it\/wp-json\/wp\/v2\/media?parent=393973"}],"wp:term":[{"taxonomy":"product_brand","embeddable":true,"href":"https:\/\/bogensportdiscount.ch\/it\/wp-json\/wp\/v2\/product_brand?post=393973"},{"taxonomy":"product_cat","embeddable":true,"href":"https:\/\/bogensportdiscount.ch\/it\/wp-json\/wp\/v2\/product_cat?post=393973"},{"taxonomy":"product_tag","embeddable":true,"href":"https:\/\/bogensportdiscount.ch\/it\/wp-json\/wp\/v2\/product_tag?post=393973"}],"curies":[{"name":"wp","href":"https:\/\/api.w.org\/{rel}","templated":true}]}}