{"id":393927,"date":"2026-04-05T14:31:40","date_gmt":"2026-04-05T12:31:40","guid":{"rendered":"https:\/\/bogensportdiscount.ch\/produkt\/bearpaw-traditional-armguards-klet-short-16cm\/"},"modified":"2026-05-14T07:13:59","modified_gmt":"2026-05-14T05:13:59","slug":"bearpaw-traditioneller-armschutz-klet-short-16cm","status":"publish","type":"product","link":"https:\/\/bogensportdiscount.ch\/it\/prodotto\/bearpaw-traditioneller-armschutz-klet-short-16cm\/","title":{"rendered":"BEARPAW PARABRACCIO TRADIZIONALE KLET SHORT 16cm"},"content":{"rendered":"<p>Il BEARPAW Klet Short \u00e8 un parabraccio tradizionale con una lunghezza di 16 cm. Protegge in modo affidabile l'avambraccio dal colpo della corda durante il tiro ed \u00e8 particolarmente adatto agli arcieri che preferiscono un parabraccio compatto e leggero.<\/p>\n<p>La forma corta lo rende ideale per archi con ridotto ritorno della corda e per gli arcieri che necessitano di una copertura minima. Il parabraccio si indossa facilmente e si adatta al braccio.<\/p>\n<ul>\n<li>Lunghezza: 16 cm<\/li>\n<li>Forma compatta e corta<\/li>\n<li>Adatto per il tiro con l'arco tradizionale<\/li>\n<li>Protezione dall'impatto della corda sull'avambraccio<\/li>\n<\/ul>","protected":false},"excerpt":{"rendered":"<table>\n<tr>\n<th>Propriet\u00e0<\/th>\n<th>Valore<\/th>\n<\/tr>\n<tr>\n<td>Marca<\/td>\n<td>Zampa d'orso<\/td>\n<\/tr>\n<tr>\n<td>Colore<\/td>\n<td>Marrone<\/td>\n<\/tr>\n<tr>\n<td>Lunghezza (cm)<\/td>\n<td>16<\/td>\n<\/tr>\n<tr>\n<td>Paese di origine<\/td>\n<td>Pakistan<\/td>\n<\/tr>\n<tr>\n<td>GTIN<\/td>\n<td>4251973258592<\/td>\n<\/tr>\n<\/table>","protected":false},"featured_media":522706,"comment_status":"open","ping_status":"closed","template":"","meta":[],"product_brand":[442],"product_cat":[4124,4153,4157],"product_tag":[3546],"class_list":{"0":"post-393927","1":"product","2":"type-product","3":"status-publish","4":"has-post-thumbnail","6":"product_brand-bearpaw","7":"product_cat-bogenschuetzer-ausruestung","8":"product_cat-arm-brustschutz","9":"product_cat-traditioneller-armschutz","10":"product_tag-neuheit","11":"product_shipping_class-bsd-standard","13":"first","14":"instock","15":"shipping-taxable","16":"purchasable","17":"product-type-simple"},"yoast_head":"<!-- This site is optimized with the Yoast SEO plugin v27.6 - https:\/\/yoast.com\/product\/yoast-seo-wordpress\/ -->\n<title>BEARPAW TRADITIONELLE ARMSCH\u00dcTZER KLET SHORT 16cm - Bogensportdiscount \u2013 B\u00f6gen, Pfeile, Targets &amp; Zubeh\u00f6r<\/title>\n<meta name=\"description\" content=\"BEARPAW TRADITIONELLE ARMSCH\u00dcTZER KLET SHORT 16cm g\u00fcnstig kaufen bei Bogensportdiscount \u2013 Top-Marken, schneller Versand aus der Schweiz.\" \/>\n<meta name=\"robots\" content=\"index, follow, max-snippet:-1, max-image-preview:large, max-video-preview:-1\" \/>\n<link rel=\"canonical\" href=\"https:\/\/bogensportdiscount.ch\/it\/prodotto\/bearpaw-traditioneller-armschutz-klet-short-16cm\/\" \/>\n<meta property=\"og:locale\" content=\"it_IT\" \/>\n<meta property=\"og:type\" content=\"article\" \/>\n<meta property=\"og:title\" content=\"BEARPAW TRADITIONELLE ARMSCH\u00dcTZER KLET SHORT 16cm - Bogensportdiscount \u2013 B\u00f6gen, Pfeile, Targets &amp; Zubeh\u00f6r\" \/>\n<meta property=\"og:description\" content=\"BEARPAW TRADITIONELLE ARMSCH\u00dcTZER KLET SHORT 16cm g\u00fcnstig kaufen bei Bogensportdiscount \u2013 Top-Marken, schneller Versand aus der Schweiz.\" \/>\n<meta property=\"og:url\" content=\"https:\/\/bogensportdiscount.ch\/it\/prodotto\/bearpaw-traditioneller-armschutz-klet-short-16cm\/\" \/>\n<meta property=\"og:site_name\" content=\"Bogensportdiscount \u2013 B\u00f6gen, Pfeile, Targets &amp; Zubeh\u00f6r\" \/>\n<meta property=\"article:modified_time\" content=\"2026-05-14T05:13:59+00:00\" \/>\n<meta property=\"og:image\" content=\"https:\/\/bogensportdiscount.ch\/wp-content\/uploads\/2026\/04\/a092968_1.png\" \/>\n\t<meta property=\"og:image:width\" content=\"313\" \/>\n\t<meta property=\"og:image:height\" content=\"400\" \/>\n\t<meta property=\"og:image:type\" content=\"image\/png\" \/>\n<meta name=\"twitter:card\" content=\"summary_large_image\" \/>\n<script type=\"application\/ld+json\" class=\"yoast-schema-graph\">{\"@context\":\"https:\\\/\\\/schema.org\",\"@graph\":[{\"@type\":\"WebPage\",\"@id\":\"https:\\\/\\\/bogensportdiscount.ch\\\/produkt\\\/bearpaw-traditioneller-armschutz-klet-short-16cm\\\/\",\"url\":\"https:\\\/\\\/bogensportdiscount.ch\\\/produkt\\\/bearpaw-traditioneller-armschutz-klet-short-16cm\\\/\",\"name\":\"BEARPAW TRADITIONELLE ARMSCH\u00dcTZER KLET SHORT 16cm - Bogensportdiscount \u2013 B\u00f6gen, Pfeile, Targets &amp; Zubeh\u00f6r\",\"isPartOf\":{\"@id\":\"https:\\\/\\\/bogensportdiscount.ch\\\/#website\"},\"primaryImageOfPage\":{\"@id\":\"https:\\\/\\\/bogensportdiscount.ch\\\/produkt\\\/bearpaw-traditioneller-armschutz-klet-short-16cm\\\/#primaryimage\"},\"image\":{\"@id\":\"https:\\\/\\\/bogensportdiscount.ch\\\/produkt\\\/bearpaw-traditioneller-armschutz-klet-short-16cm\\\/#primaryimage\"},\"thumbnailUrl\":\"https:\\\/\\\/bogensportdiscount.ch\\\/wp-content\\\/uploads\\\/2026\\\/04\\\/a092968_1.png\",\"datePublished\":\"2026-04-05T12:31:40+00:00\",\"dateModified\":\"2026-05-14T05:13:59+00:00\",\"description\":\"BEARPAW TRADITIONELLE ARMSCH\u00dcTZER KLET SHORT 16cm g\u00fcnstig kaufen bei Bogensportdiscount \u2013 Top-Marken, schneller Versand aus der Schweiz.\",\"breadcrumb\":{\"@id\":\"https:\\\/\\\/bogensportdiscount.ch\\\/produkt\\\/bearpaw-traditioneller-armschutz-klet-short-16cm\\\/#breadcrumb\"},\"inLanguage\":\"it-IT\",\"potentialAction\":[{\"@type\":\"ReadAction\",\"target\":[\"https:\\\/\\\/bogensportdiscount.ch\\\/produkt\\\/bearpaw-traditioneller-armschutz-klet-short-16cm\\\/\"]}]},{\"@type\":\"ImageObject\",\"inLanguage\":\"it-IT\",\"@id\":\"https:\\\/\\\/bogensportdiscount.ch\\\/produkt\\\/bearpaw-traditioneller-armschutz-klet-short-16cm\\\/#primaryimage\",\"url\":\"https:\\\/\\\/bogensportdiscount.ch\\\/wp-content\\\/uploads\\\/2026\\\/04\\\/a092968_1.png\",\"contentUrl\":\"https:\\\/\\\/bogensportdiscount.ch\\\/wp-content\\\/uploads\\\/2026\\\/04\\\/a092968_1.png\",\"width\":313,\"height\":400},{\"@type\":\"BreadcrumbList\",\"@id\":\"https:\\\/\\\/bogensportdiscount.ch\\\/produkt\\\/bearpaw-traditioneller-armschutz-klet-short-16cm\\\/#breadcrumb\",\"itemListElement\":[{\"@type\":\"ListItem\",\"position\":1,\"name\":\"Home\",\"item\":\"https:\\\/\\\/bogensportdiscount.ch\\\/\"},{\"@type\":\"ListItem\",\"position\":2,\"name\":\"Shop\",\"item\":\"https:\\\/\\\/bogensportdiscount.ch\\\/shop\\\/\"},{\"@type\":\"ListItem\",\"position\":3,\"name\":\"BEARPAW TRADITIONAL ARMGUARDS KLET SHORT 16cm\"}]},{\"@type\":\"WebSite\",\"@id\":\"https:\\\/\\\/bogensportdiscount.ch\\\/#website\",\"url\":\"https:\\\/\\\/bogensportdiscount.ch\\\/\",\"name\":\"Bogensportdiscount\",\"description\":\"\",\"potentialAction\":[{\"@type\":\"SearchAction\",\"target\":{\"@type\":\"EntryPoint\",\"urlTemplate\":\"https:\\\/\\\/bogensportdiscount.ch\\\/?s={search_term_string}\"},\"query-input\":{\"@type\":\"PropertyValueSpecification\",\"valueRequired\":true,\"valueName\":\"search_term_string\"}}],\"inLanguage\":\"it-IT\"}]}<\/script>\n<!-- \/ Yoast SEO plugin. -->","yoast_head_json":{"title":"BEARPAW TRADITIONELLE ARMSCH\u00dcTZER KLET SHORT 16cm - Bogensportdiscount \u2013 B\u00f6gen, Pfeile, Targets &amp; Zubeh\u00f6r","description":"BEARPAW TRADITIONELLE ARMSCH\u00dcTZER KLET SHORT 16cm g\u00fcnstig kaufen bei Bogensportdiscount \u2013 Top-Marken, schneller Versand aus der Schweiz.","robots":{"index":"index","follow":"follow","max-snippet":"max-snippet:-1","max-image-preview":"max-image-preview:large","max-video-preview":"max-video-preview:-1"},"canonical":"https:\/\/bogensportdiscount.ch\/it\/prodotto\/bearpaw-traditioneller-armschutz-klet-short-16cm\/","og_locale":"it_IT","og_type":"article","og_title":"BEARPAW TRADITIONELLE ARMSCH\u00dcTZER KLET SHORT 16cm - Bogensportdiscount \u2013 B\u00f6gen, Pfeile, Targets &amp; Zubeh\u00f6r","og_description":"BEARPAW TRADITIONELLE ARMSCH\u00dcTZER KLET SHORT 16cm g\u00fcnstig kaufen bei Bogensportdiscount \u2013 Top-Marken, schneller Versand aus der Schweiz.","og_url":"https:\/\/bogensportdiscount.ch\/it\/prodotto\/bearpaw-traditioneller-armschutz-klet-short-16cm\/","og_site_name":"Bogensportdiscount \u2013 B\u00f6gen, Pfeile, Targets &amp; Zubeh\u00f6r","article_modified_time":"2026-05-14T05:13:59+00:00","og_image":[{"width":313,"height":400,"url":"https:\/\/bogensportdiscount.ch\/wp-content\/uploads\/2026\/04\/a092968_1.png","type":"image\/png"}],"twitter_card":"summary_large_image","schema":{"@context":"https:\/\/schema.org","@graph":[{"@type":"WebPage","@id":"https:\/\/bogensportdiscount.ch\/produkt\/bearpaw-traditioneller-armschutz-klet-short-16cm\/","url":"https:\/\/bogensportdiscount.ch\/produkt\/bearpaw-traditioneller-armschutz-klet-short-16cm\/","name":"BEARPAW TRADITIONELLE ARMSCH\u00dcTZER KLET SHORT 16cm - Bogensportdiscount \u2013 B\u00f6gen, Pfeile, Targets &amp; Zubeh\u00f6r","isPartOf":{"@id":"https:\/\/bogensportdiscount.ch\/#website"},"primaryImageOfPage":{"@id":"https:\/\/bogensportdiscount.ch\/produkt\/bearpaw-traditioneller-armschutz-klet-short-16cm\/#primaryimage"},"image":{"@id":"https:\/\/bogensportdiscount.ch\/produkt\/bearpaw-traditioneller-armschutz-klet-short-16cm\/#primaryimage"},"thumbnailUrl":"https:\/\/bogensportdiscount.ch\/wp-content\/uploads\/2026\/04\/a092968_1.png","datePublished":"2026-04-05T12:31:40+00:00","dateModified":"2026-05-14T05:13:59+00:00","description":"BEARPAW TRADITIONELLE ARMSCH\u00dcTZER KLET SHORT 16cm g\u00fcnstig kaufen bei Bogensportdiscount \u2013 Top-Marken, schneller Versand aus der Schweiz.","breadcrumb":{"@id":"https:\/\/bogensportdiscount.ch\/produkt\/bearpaw-traditioneller-armschutz-klet-short-16cm\/#breadcrumb"},"inLanguage":"it-IT","potentialAction":[{"@type":"ReadAction","target":["https:\/\/bogensportdiscount.ch\/produkt\/bearpaw-traditioneller-armschutz-klet-short-16cm\/"]}]},{"@type":"ImageObject","inLanguage":"it-IT","@id":"https:\/\/bogensportdiscount.ch\/produkt\/bearpaw-traditioneller-armschutz-klet-short-16cm\/#primaryimage","url":"https:\/\/bogensportdiscount.ch\/wp-content\/uploads\/2026\/04\/a092968_1.png","contentUrl":"https:\/\/bogensportdiscount.ch\/wp-content\/uploads\/2026\/04\/a092968_1.png","width":313,"height":400},{"@type":"BreadcrumbList","@id":"https:\/\/bogensportdiscount.ch\/produkt\/bearpaw-traditioneller-armschutz-klet-short-16cm\/#breadcrumb","itemListElement":[{"@type":"ListItem","position":1,"name":"Home","item":"https:\/\/bogensportdiscount.ch\/"},{"@type":"ListItem","position":2,"name":"Shop","item":"https:\/\/bogensportdiscount.ch\/shop\/"},{"@type":"ListItem","position":3,"name":"BEARPAW TRADITIONAL ARMGUARDS KLET SHORT 16cm"}]},{"@type":"WebSite","@id":"https:\/\/bogensportdiscount.ch\/#website","url":"https:\/\/bogensportdiscount.ch\/","name":"Bogensportdiscount","description":"","potentialAction":[{"@type":"SearchAction","target":{"@type":"EntryPoint","urlTemplate":"https:\/\/bogensportdiscount.ch\/?s={search_term_string}"},"query-input":{"@type":"PropertyValueSpecification","valueRequired":true,"valueName":"search_term_string"}}],"inLanguage":"it-IT"}]}},"_links":{"self":[{"href":"https:\/\/bogensportdiscount.ch\/it\/wp-json\/wp\/v2\/product\/393927","targetHints":{"allow":["GET"]}}],"collection":[{"href":"https:\/\/bogensportdiscount.ch\/it\/wp-json\/wp\/v2\/product"}],"about":[{"href":"https:\/\/bogensportdiscount.ch\/it\/wp-json\/wp\/v2\/types\/product"}],"replies":[{"embeddable":true,"href":"https:\/\/bogensportdiscount.ch\/it\/wp-json\/wp\/v2\/comments?post=393927"}],"wp:featuredmedia":[{"embeddable":true,"href":"https:\/\/bogensportdiscount.ch\/it\/wp-json\/wp\/v2\/media\/522706"}],"wp:attachment":[{"href":"https:\/\/bogensportdiscount.ch\/it\/wp-json\/wp\/v2\/media?parent=393927"}],"wp:term":[{"taxonomy":"product_brand","embeddable":true,"href":"https:\/\/bogensportdiscount.ch\/it\/wp-json\/wp\/v2\/product_brand?post=393927"},{"taxonomy":"product_cat","embeddable":true,"href":"https:\/\/bogensportdiscount.ch\/it\/wp-json\/wp\/v2\/product_cat?post=393927"},{"taxonomy":"product_tag","embeddable":true,"href":"https:\/\/bogensportdiscount.ch\/it\/wp-json\/wp\/v2\/product_tag?post=393927"}],"curies":[{"name":"wp","href":"https:\/\/api.w.org\/{rel}","templated":true}]}}