{"id":393912,"date":"2026-04-05T14:31:36","date_gmt":"2026-04-05T12:31:36","guid":{"rendered":"https:\/\/bogensportdiscount.ch\/produkt\/bearpaw-traditional-armguards-wild-20cm\/"},"modified":"2026-05-14T07:13:59","modified_gmt":"2026-05-14T05:13:59","slug":"bearpaw-traditioneller-armschutz-wild-20cm","status":"publish","type":"product","link":"https:\/\/bogensportdiscount.ch\/it\/prodotto\/bearpaw-traditioneller-armschutz-wild-20cm\/","title":{"rendered":"BEARPAW TRADITIONAL ARMGUARDS WILD 20cm"},"content":{"rendered":"<p>Il BEARPAW Wild parabraccio \u00e8 un classico protezione per l'avambraccio per arcieri che praticano il tiro con l'arco tradizionale. Con una lunghezza di 20 cm offre una superficie di protezione adeguata per l'avambraccio.<\/p>\n<p>Il parabraccio protegge l'avambraccio dall'impatto della corda dell'arco al momento dello scocco, riducendo cos\u00ec lesioni e dolori. \u00c8 facile da indossare ed \u00e8 progettato per un uso regolare durante l'allenamento e la gara.<\/p>\n<ul>\n<li>Lunghezza: 20 cm<\/li>\n<li>Adatto per il tiro con l'arco tradizionale<\/li>\n<li>Protegge l'avambraccio dal colpo della corda<\/li>\n<li>Disponibile in spine 300, 350, 400, 500 e 600<\/li>\n<\/ul>","protected":false},"excerpt":{"rendered":"<table>\n<tr>\n<th>Propriet\u00e0<\/th>\n<th>Valore<\/th>\n<\/tr>\n<tr>\n<td>Marca<\/td>\n<td>Zampa d'orso<\/td>\n<\/tr>\n<tr>\n<td>Colore<\/td>\n<td>Marrone<\/td>\n<\/tr>\n<tr>\n<td>Lunghezza (cm)<\/td>\n<td>20<\/td>\n<\/tr>\n<tr>\n<td>Paese di origine<\/td>\n<td>Pakistan<\/td>\n<\/tr>\n<tr>\n<td>GTIN<\/td>\n<td>4251973200928<\/td>\n<\/tr>\n<\/table>","protected":false},"featured_media":522757,"comment_status":"open","ping_status":"closed","template":"","meta":[],"product_brand":[442],"product_cat":[4124,4153,4157],"product_tag":[3546],"class_list":{"0":"post-393912","1":"product","2":"type-product","3":"status-publish","4":"has-post-thumbnail","6":"product_brand-bearpaw","7":"product_cat-bogenschuetzer-ausruestung","8":"product_cat-arm-brustschutz","9":"product_cat-traditioneller-armschutz","10":"product_tag-neuheit","11":"product_shipping_class-bsd-standard","13":"first","14":"instock","15":"shipping-taxable","16":"purchasable","17":"product-type-simple"},"yoast_head":"<!-- This site is optimized with the Yoast SEO plugin v27.6 - https:\/\/yoast.com\/product\/yoast-seo-wordpress\/ -->\n<title>BEARPAW TRADITIONAL ARMGUARDS WILD 20cm - Bogensportdiscount \u2013 Archi, frecce, bersagli &amp; accessori<\/title>\n<meta name=\"description\" content=\"Acquisti BEARPAW TRADITIONAL ARMGUARDS WILD 20cm a prezzi convenienti su Bogensportdiscount \u2013 Le migliori marche, spedizione rapida dalla Svizzera.\" \/>\n<meta name=\"robots\" content=\"index, follow, max-snippet:-1, max-image-preview:large, max-video-preview:-1\" \/>\n<link rel=\"canonical\" href=\"https:\/\/bogensportdiscount.ch\/it\/prodotto\/bearpaw-traditioneller-armschutz-wild-20cm\/\" \/>\n<meta property=\"og:locale\" content=\"it_IT\" \/>\n<meta property=\"og:type\" content=\"article\" \/>\n<meta property=\"og:title\" content=\"BEARPAW TRADITIONAL ARMGUARDS WILD 20cm - Bogensportdiscount \u2013 Archi, frecce, bersagli &amp; accessori\" \/>\n<meta property=\"og:description\" content=\"Acquisti BEARPAW TRADITIONAL ARMGUARDS WILD 20cm a prezzi convenienti su Bogensportdiscount \u2013 Le migliori marche, spedizione rapida dalla Svizzera.\" \/>\n<meta property=\"og:url\" content=\"https:\/\/bogensportdiscount.ch\/it\/prodotto\/bearpaw-traditioneller-armschutz-wild-20cm\/\" \/>\n<meta property=\"og:site_name\" content=\"Bogensportdiscount \u2013 B\u00f6gen, Pfeile, Targets &amp; Zubeh\u00f6r\" \/>\n<meta property=\"article:modified_time\" content=\"2026-05-14T05:13:59+00:00\" \/>\n<meta property=\"og:image\" content=\"https:\/\/bogensportdiscount.ch\/wp-content\/uploads\/2026\/04\/a092914_1.png\" \/>\n\t<meta property=\"og:image:width\" content=\"400\" \/>\n\t<meta property=\"og:image:height\" content=\"298\" \/>\n\t<meta property=\"og:image:type\" content=\"image\/png\" \/>\n<meta name=\"twitter:card\" content=\"summary_large_image\" \/>\n<script type=\"application\/ld+json\" class=\"yoast-schema-graph\">{\"@context\":\"https:\\\/\\\/schema.org\",\"@graph\":[{\"@type\":\"WebPage\",\"@id\":\"https:\\\/\\\/bogensportdiscount.ch\\\/produkt\\\/bearpaw-traditioneller-armschutz-wild-20cm\\\/\",\"url\":\"https:\\\/\\\/bogensportdiscount.ch\\\/produkt\\\/bearpaw-traditioneller-armschutz-wild-20cm\\\/\",\"name\":\"BEARPAW TRADITIONAL ARMGUARDS WILD 20cm - Bogensportdiscount \u2013 B\u00f6gen, Pfeile, Targets &amp; Zubeh\u00f6r\",\"isPartOf\":{\"@id\":\"https:\\\/\\\/bogensportdiscount.ch\\\/#website\"},\"primaryImageOfPage\":{\"@id\":\"https:\\\/\\\/bogensportdiscount.ch\\\/produkt\\\/bearpaw-traditioneller-armschutz-wild-20cm\\\/#primaryimage\"},\"image\":{\"@id\":\"https:\\\/\\\/bogensportdiscount.ch\\\/produkt\\\/bearpaw-traditioneller-armschutz-wild-20cm\\\/#primaryimage\"},\"thumbnailUrl\":\"https:\\\/\\\/bogensportdiscount.ch\\\/wp-content\\\/uploads\\\/2026\\\/04\\\/a092914_1.png\",\"datePublished\":\"2026-04-05T12:31:36+00:00\",\"dateModified\":\"2026-05-14T05:13:59+00:00\",\"description\":\"BEARPAW TRADITIONAL ARMGUARDS WILD 20cm g\u00fcnstig kaufen bei Bogensportdiscount \u2013 Top-Marken, schneller Versand aus der Schweiz.\",\"breadcrumb\":{\"@id\":\"https:\\\/\\\/bogensportdiscount.ch\\\/produkt\\\/bearpaw-traditioneller-armschutz-wild-20cm\\\/#breadcrumb\"},\"inLanguage\":\"it-IT\",\"potentialAction\":[{\"@type\":\"ReadAction\",\"target\":[\"https:\\\/\\\/bogensportdiscount.ch\\\/produkt\\\/bearpaw-traditioneller-armschutz-wild-20cm\\\/\"]}]},{\"@type\":\"ImageObject\",\"inLanguage\":\"it-IT\",\"@id\":\"https:\\\/\\\/bogensportdiscount.ch\\\/produkt\\\/bearpaw-traditioneller-armschutz-wild-20cm\\\/#primaryimage\",\"url\":\"https:\\\/\\\/bogensportdiscount.ch\\\/wp-content\\\/uploads\\\/2026\\\/04\\\/a092914_1.png\",\"contentUrl\":\"https:\\\/\\\/bogensportdiscount.ch\\\/wp-content\\\/uploads\\\/2026\\\/04\\\/a092914_1.png\",\"width\":400,\"height\":298},{\"@type\":\"BreadcrumbList\",\"@id\":\"https:\\\/\\\/bogensportdiscount.ch\\\/produkt\\\/bearpaw-traditioneller-armschutz-wild-20cm\\\/#breadcrumb\",\"itemListElement\":[{\"@type\":\"ListItem\",\"position\":1,\"name\":\"Home\",\"item\":\"https:\\\/\\\/bogensportdiscount.ch\\\/\"},{\"@type\":\"ListItem\",\"position\":2,\"name\":\"Shop\",\"item\":\"https:\\\/\\\/bogensportdiscount.ch\\\/shop\\\/\"},{\"@type\":\"ListItem\",\"position\":3,\"name\":\"BEARPAW TRADITIONAL ARMGUARDS WILD 20cm\"}]},{\"@type\":\"WebSite\",\"@id\":\"https:\\\/\\\/bogensportdiscount.ch\\\/#website\",\"url\":\"https:\\\/\\\/bogensportdiscount.ch\\\/\",\"name\":\"Bogensportdiscount\",\"description\":\"\",\"potentialAction\":[{\"@type\":\"SearchAction\",\"target\":{\"@type\":\"EntryPoint\",\"urlTemplate\":\"https:\\\/\\\/bogensportdiscount.ch\\\/?s={search_term_string}\"},\"query-input\":{\"@type\":\"PropertyValueSpecification\",\"valueRequired\":true,\"valueName\":\"search_term_string\"}}],\"inLanguage\":\"it-IT\"}]}<\/script>\n<!-- \/ Yoast SEO plugin. -->","yoast_head_json":{"title":"BEARPAW TRADITIONAL ARMGUARDS WILD 20cm - Bogensportdiscount \u2013 Archi, frecce, bersagli &amp; accessori","description":"Acquisti BEARPAW TRADITIONAL ARMGUARDS WILD 20cm a prezzi convenienti su Bogensportdiscount \u2013 Le migliori marche, spedizione rapida dalla Svizzera.","robots":{"index":"index","follow":"follow","max-snippet":"max-snippet:-1","max-image-preview":"max-image-preview:large","max-video-preview":"max-video-preview:-1"},"canonical":"https:\/\/bogensportdiscount.ch\/it\/prodotto\/bearpaw-traditioneller-armschutz-wild-20cm\/","og_locale":"it_IT","og_type":"article","og_title":"BEARPAW TRADITIONAL ARMGUARDS WILD 20cm - Bogensportdiscount \u2013 Archi, frecce, bersagli &amp; accessori","og_description":"Acquisti BEARPAW TRADITIONAL ARMGUARDS WILD 20cm a prezzi convenienti su Bogensportdiscount \u2013 Le migliori marche, spedizione rapida dalla Svizzera.","og_url":"https:\/\/bogensportdiscount.ch\/it\/prodotto\/bearpaw-traditioneller-armschutz-wild-20cm\/","og_site_name":"Bogensportdiscount \u2013 B\u00f6gen, Pfeile, Targets &amp; Zubeh\u00f6r","article_modified_time":"2026-05-14T05:13:59+00:00","og_image":[{"width":400,"height":298,"url":"https:\/\/bogensportdiscount.ch\/wp-content\/uploads\/2026\/04\/a092914_1.png","type":"image\/png"}],"twitter_card":"summary_large_image","schema":{"@context":"https:\/\/schema.org","@graph":[{"@type":"WebPage","@id":"https:\/\/bogensportdiscount.ch\/produkt\/bearpaw-traditioneller-armschutz-wild-20cm\/","url":"https:\/\/bogensportdiscount.ch\/produkt\/bearpaw-traditioneller-armschutz-wild-20cm\/","name":"BEARPAW TRADITIONAL ARMGUARDS WILD 20cm - Bogensportdiscount \u2013 Archi, frecce, bersagli &amp; accessori","isPartOf":{"@id":"https:\/\/bogensportdiscount.ch\/#website"},"primaryImageOfPage":{"@id":"https:\/\/bogensportdiscount.ch\/produkt\/bearpaw-traditioneller-armschutz-wild-20cm\/#primaryimage"},"image":{"@id":"https:\/\/bogensportdiscount.ch\/produkt\/bearpaw-traditioneller-armschutz-wild-20cm\/#primaryimage"},"thumbnailUrl":"https:\/\/bogensportdiscount.ch\/wp-content\/uploads\/2026\/04\/a092914_1.png","datePublished":"2026-04-05T12:31:36+00:00","dateModified":"2026-05-14T05:13:59+00:00","description":"Acquisti BEARPAW TRADITIONAL ARMGUARDS WILD 20cm a prezzi convenienti su Bogensportdiscount \u2013 Le migliori marche, spedizione rapida dalla Svizzera.","breadcrumb":{"@id":"https:\/\/bogensportdiscount.ch\/produkt\/bearpaw-traditioneller-armschutz-wild-20cm\/#breadcrumb"},"inLanguage":"it-IT","potentialAction":[{"@type":"ReadAction","target":["https:\/\/bogensportdiscount.ch\/produkt\/bearpaw-traditioneller-armschutz-wild-20cm\/"]}]},{"@type":"ImageObject","inLanguage":"it-IT","@id":"https:\/\/bogensportdiscount.ch\/produkt\/bearpaw-traditioneller-armschutz-wild-20cm\/#primaryimage","url":"https:\/\/bogensportdiscount.ch\/wp-content\/uploads\/2026\/04\/a092914_1.png","contentUrl":"https:\/\/bogensportdiscount.ch\/wp-content\/uploads\/2026\/04\/a092914_1.png","width":400,"height":298},{"@type":"BreadcrumbList","@id":"https:\/\/bogensportdiscount.ch\/produkt\/bearpaw-traditioneller-armschutz-wild-20cm\/#breadcrumb","itemListElement":[{"@type":"ListItem","position":1,"name":"Home","item":"https:\/\/bogensportdiscount.ch\/"},{"@type":"ListItem","position":2,"name":"Shop","item":"https:\/\/bogensportdiscount.ch\/shop\/"},{"@type":"ListItem","position":3,"name":"BEARPAW TRADITIONAL ARMGUARDS WILD 20cm"}]},{"@type":"WebSite","@id":"https:\/\/bogensportdiscount.ch\/#website","url":"https:\/\/bogensportdiscount.ch\/","name":"Bogensportdiscount","description":"","potentialAction":[{"@type":"SearchAction","target":{"@type":"EntryPoint","urlTemplate":"https:\/\/bogensportdiscount.ch\/?s={search_term_string}"},"query-input":{"@type":"PropertyValueSpecification","valueRequired":true,"valueName":"search_term_string"}}],"inLanguage":"it-IT"}]}},"_links":{"self":[{"href":"https:\/\/bogensportdiscount.ch\/it\/wp-json\/wp\/v2\/product\/393912","targetHints":{"allow":["GET"]}}],"collection":[{"href":"https:\/\/bogensportdiscount.ch\/it\/wp-json\/wp\/v2\/product"}],"about":[{"href":"https:\/\/bogensportdiscount.ch\/it\/wp-json\/wp\/v2\/types\/product"}],"replies":[{"embeddable":true,"href":"https:\/\/bogensportdiscount.ch\/it\/wp-json\/wp\/v2\/comments?post=393912"}],"wp:featuredmedia":[{"embeddable":true,"href":"https:\/\/bogensportdiscount.ch\/it\/wp-json\/wp\/v2\/media\/522757"}],"wp:attachment":[{"href":"https:\/\/bogensportdiscount.ch\/it\/wp-json\/wp\/v2\/media?parent=393912"}],"wp:term":[{"taxonomy":"product_brand","embeddable":true,"href":"https:\/\/bogensportdiscount.ch\/it\/wp-json\/wp\/v2\/product_brand?post=393912"},{"taxonomy":"product_cat","embeddable":true,"href":"https:\/\/bogensportdiscount.ch\/it\/wp-json\/wp\/v2\/product_cat?post=393912"},{"taxonomy":"product_tag","embeddable":true,"href":"https:\/\/bogensportdiscount.ch\/it\/wp-json\/wp\/v2\/product_tag?post=393912"}],"curies":[{"name":"wp","href":"https:\/\/api.w.org\/{rel}","templated":true}]}}