{"id":393891,"date":"2026-04-05T14:31:32","date_gmt":"2026-04-05T12:31:32","guid":{"rendered":"https:\/\/bogensportdiscount.ch\/produkt\/apexgear-apex-bow-quivers-gear-nexus-5-arrow-black\/"},"modified":"2026-04-15T12:16:50","modified_gmt":"2026-04-15T10:16:50","slug":"apexgear-bogenkoecher-nexus-5-pfeil-schwarz","status":"publish","type":"product","link":"https:\/\/bogensportdiscount.ch\/it\/prodotto\/apexgear-bogenkoecher-nexus-5-pfeil-schwarz\/","title":{"rendered":"APEXGEAR APEX BOW QUIVERS GEAR NEXUS 5 ARROW \/ NERO"},"content":{"rendered":"<p>Der APEXGEAR Nexus Bogenk\u00f6cher ist ein am Bogen befestigbarer K\u00f6cher mit einer Kapazit\u00e4t f\u00fcr 5 Pfeile. Er eignet sich f\u00fcr Rechts- und Linksh\u00e4nder gleichermassen und ist in Schwarz erh\u00e4ltlich.<\/p>\n<p>Dank der beidh\u00e4ndigen Kompatibilit\u00e4t l\u00e4sst sich der K\u00f6cher flexibel an verschiedenen Bogenmodellen montieren. Das schlichte schwarze Design f\u00fcgt sich unauff\u00e4llig in die Ausr\u00fcstung ein.<\/p>\n<ul>\n<li>Kapazit\u00e4t f\u00fcr 5 Pfeile<\/li>\n<li>Geeignet f\u00fcr Rechts- und Linksh\u00e4nder<\/li>\n<li>Farbe: Schwarz<\/li>\n<li>Direkte Bogenmontage<\/li>\n<\/ul>","protected":false},"excerpt":{"rendered":"<table>\n<tr>\n<th>Propriet\u00e0<\/th>\n<th>Valore<\/th>\n<\/tr>\n<tr>\n<td>Marchio<\/td>\n<td>Apex Gear<\/td>\n<\/tr>\n<tr>\n<td>H\u00e4ndigkeit<\/td>\n<td>Beidh\u00e4ndig<\/td>\n<\/tr>\n<tr>\n<td>Colore<\/td>\n<td>Schwarz<\/td>\n<\/tr>\n<tr>\n<td>Pfeilkapazit\u00e4t<\/td>\n<td>5 Pfeile<\/td>\n<\/tr>\n<\/table>","protected":false},"featured_media":453391,"comment_status":"open","ping_status":"closed","template":"","meta":[],"product_brand":[561],"product_cat":[4163],"product_tag":[3546],"class_list":{"0":"post-393891","1":"product","2":"type-product","3":"status-publish","4":"has-post-thumbnail","6":"product_brand-apexgear","7":"product_cat-anbaukoecher","8":"product_tag-neuheit","10":"first","11":"instock","12":"shipping-taxable","13":"purchasable","14":"product-type-simple"},"_links":{"self":[{"href":"https:\/\/bogensportdiscount.ch\/it\/wp-json\/wp\/v2\/product\/393891","targetHints":{"allow":["GET"]}}],"collection":[{"href":"https:\/\/bogensportdiscount.ch\/it\/wp-json\/wp\/v2\/product"}],"about":[{"href":"https:\/\/bogensportdiscount.ch\/it\/wp-json\/wp\/v2\/types\/product"}],"replies":[{"embeddable":true,"href":"https:\/\/bogensportdiscount.ch\/it\/wp-json\/wp\/v2\/comments?post=393891"}],"wp:featuredmedia":[{"embeddable":true,"href":"https:\/\/bogensportdiscount.ch\/it\/wp-json\/wp\/v2\/media\/453391"}],"wp:attachment":[{"href":"https:\/\/bogensportdiscount.ch\/it\/wp-json\/wp\/v2\/media?parent=393891"}],"wp:term":[{"taxonomy":"product_brand","embeddable":true,"href":"https:\/\/bogensportdiscount.ch\/it\/wp-json\/wp\/v2\/product_brand?post=393891"},{"taxonomy":"product_cat","embeddable":true,"href":"https:\/\/bogensportdiscount.ch\/it\/wp-json\/wp\/v2\/product_cat?post=393891"},{"taxonomy":"product_tag","embeddable":true,"href":"https:\/\/bogensportdiscount.ch\/it\/wp-json\/wp\/v2\/product_tag?post=393891"}],"curies":[{"name":"wp","href":"https:\/\/api.w.org\/{rel}","templated":true}]}}