{"id":393885,"date":"2026-04-05T14:31:30","date_gmt":"2026-04-05T12:31:30","guid":{"rendered":"https:\/\/bogensportdiscount.ch\/produkt\/fivics-center-ring-washer-for-argon-x-riser\/"},"modified":"2026-04-17T19:12:30","modified_gmt":"2026-04-17T17:12:30","slug":"fivics-center-ring-washer-argon-x-riser","status":"publish","type":"product","link":"https:\/\/bogensportdiscount.ch\/it\/prodotto\/fivics-center-ring-washer-argon-x-riser\/","title":{"rendered":"RONDELLA CENTRALE FIVICS PER RISER ARGON X"},"content":{"rendered":"<p>Die FIVICS Center Ring Washer wurde speziell f\u00fcr den Argon X Riser entwickelt und stellt ein Original-Ersatz- bzw. Zubeh\u00f6rteil aus dem Hause FIVICS dar. Sie sorgt f\u00fcr eine pr\u00e4zise Ausrichtung und gleichm\u00e4ssige Kraftverteilung bei der Montage.<\/p>\n<p>Dieses Kleinteil ist ideal f\u00fcr Bogensch\u00fctzen, die ihren Argon X Riser warten oder defekte Teile ersetzen m\u00f6chten, ohne auf Originalqualit\u00e4t verzichten zu wollen.<\/p>\n<ul>\n<li>Original FIVICS Ersatzteil<\/li>\n<li>Passend f\u00fcr den Argon X Riser<\/li>\n<li>Sorgt f\u00fcr korrekte Zentrierung am Riserk\u00f6rper<\/li>\n<li>Kompaktes Zubeh\u00f6r f\u00fcr Wartung und Reparatur<\/li>\n<\/ul>","protected":false},"excerpt":{"rendered":"<p><strong>Marchio:<\/strong> Fivics<\/p>","protected":false},"featured_media":453631,"comment_status":"open","ping_status":"closed","template":"","meta":[],"product_brand":[429],"product_cat":[4522],"product_tag":[3546],"class_list":{"0":"post-393885","1":"product","2":"type-product","3":"status-publish","4":"has-post-thumbnail","6":"product_brand-fivics","7":"product_cat-einzelteile-fuer-recurve-boegen-recurve-boegen","8":"product_tag-neuheit","10":"first","11":"onbackorder","12":"shipping-taxable","13":"purchasable","14":"product-type-simple"},"_links":{"self":[{"href":"https:\/\/bogensportdiscount.ch\/it\/wp-json\/wp\/v2\/product\/393885","targetHints":{"allow":["GET"]}}],"collection":[{"href":"https:\/\/bogensportdiscount.ch\/it\/wp-json\/wp\/v2\/product"}],"about":[{"href":"https:\/\/bogensportdiscount.ch\/it\/wp-json\/wp\/v2\/types\/product"}],"replies":[{"embeddable":true,"href":"https:\/\/bogensportdiscount.ch\/it\/wp-json\/wp\/v2\/comments?post=393885"}],"wp:featuredmedia":[{"embeddable":true,"href":"https:\/\/bogensportdiscount.ch\/it\/wp-json\/wp\/v2\/media\/453631"}],"wp:attachment":[{"href":"https:\/\/bogensportdiscount.ch\/it\/wp-json\/wp\/v2\/media?parent=393885"}],"wp:term":[{"taxonomy":"product_brand","embeddable":true,"href":"https:\/\/bogensportdiscount.ch\/it\/wp-json\/wp\/v2\/product_brand?post=393885"},{"taxonomy":"product_cat","embeddable":true,"href":"https:\/\/bogensportdiscount.ch\/it\/wp-json\/wp\/v2\/product_cat?post=393885"},{"taxonomy":"product_tag","embeddable":true,"href":"https:\/\/bogensportdiscount.ch\/it\/wp-json\/wp\/v2\/product_tag?post=393885"}],"curies":[{"name":"wp","href":"https:\/\/api.w.org\/{rel}","templated":true}]}}