{"id":393882,"date":"2026-04-05T14:31:29","date_gmt":"2026-04-05T12:31:29","guid":{"rendered":"https:\/\/bogensportdiscount.ch\/produkt\/fivics-limb-tiller-bolt-for-titan-argon-vellator\/"},"modified":"2026-04-17T19:13:01","modified_gmt":"2026-04-17T17:13:01","slug":"fivics-wurfarmlager-tillerschraube-titan-argon-vellator","status":"publish","type":"product","link":"https:\/\/bogensportdiscount.ch\/it\/prodotto\/fivics-wurfarmlager-tillerschraube-titan-argon-vellator\/","title":{"rendered":"BULLONE DI BLOCCAGGIO PER ARTI FIVICS PER TITANIO, ARGON E VELLATOR"},"content":{"rendered":"<p>Die FIVICS Wurfarmlager-Tillerschraube ist ein Originalersatzteil f\u00fcr die Recurvebogen-Modelle Titan, Argon und Vellator von FIVICS. Sie dient zur Feinjustierung des Tiller-Werts, also des Abstands zwischen Wurfarm und Sehne am oberen und unteren Wurfarm.<\/p>\n<p>Eine korrekt eingestellte Tillerschraube ist wichtig f\u00fcr eine ausgewogene Kraftverteilung auf die Wurfarme und beeinflusst das Abschussverhalten des Bogens direkt. Dieses Teil sollte als direkter Ersatz f\u00fcr defekte oder verlorene Originalschrauben verwendet werden.<\/p>\n<ul>\n<li>Originalersatzteil von FIVICS<\/li>\n<li>Kompatibel mit Titan, Argon und Vellator<\/li>\n<li>Zur Tiller-Einstellung am Recurvebogen<\/li>\n<li>Pr\u00e4zise Passform f\u00fcr die genannten Modelle<\/li>\n<\/ul>","protected":false},"excerpt":{"rendered":"<p>Originale FIVICS Tillerschraube f\u00fcr die Recurvebogen-Modelle Titan, Argon und Vellator. Das Ersatzteil erm\u00f6glicht die pr\u00e4zise Einstellung des Wurfarmlagers (Tiller) und ist speziell f\u00fcr diese FIVICS-Bogenmodelle gefertigt.<\/p>","protected":false},"featured_media":453631,"comment_status":"open","ping_status":"closed","template":"","meta":[],"product_brand":[429],"product_cat":[4522],"product_tag":[3546],"class_list":{"0":"post-393882","1":"product","2":"type-product","3":"status-publish","4":"has-post-thumbnail","6":"product_brand-fivics","7":"product_cat-einzelteile-fuer-recurve-boegen-recurve-boegen","8":"product_tag-neuheit","10":"first","11":"onbackorder","12":"shipping-taxable","13":"purchasable","14":"product-type-simple"},"_links":{"self":[{"href":"https:\/\/bogensportdiscount.ch\/it\/wp-json\/wp\/v2\/product\/393882","targetHints":{"allow":["GET"]}}],"collection":[{"href":"https:\/\/bogensportdiscount.ch\/it\/wp-json\/wp\/v2\/product"}],"about":[{"href":"https:\/\/bogensportdiscount.ch\/it\/wp-json\/wp\/v2\/types\/product"}],"replies":[{"embeddable":true,"href":"https:\/\/bogensportdiscount.ch\/it\/wp-json\/wp\/v2\/comments?post=393882"}],"wp:featuredmedia":[{"embeddable":true,"href":"https:\/\/bogensportdiscount.ch\/it\/wp-json\/wp\/v2\/media\/453631"}],"wp:attachment":[{"href":"https:\/\/bogensportdiscount.ch\/it\/wp-json\/wp\/v2\/media?parent=393882"}],"wp:term":[{"taxonomy":"product_brand","embeddable":true,"href":"https:\/\/bogensportdiscount.ch\/it\/wp-json\/wp\/v2\/product_brand?post=393882"},{"taxonomy":"product_cat","embeddable":true,"href":"https:\/\/bogensportdiscount.ch\/it\/wp-json\/wp\/v2\/product_cat?post=393882"},{"taxonomy":"product_tag","embeddable":true,"href":"https:\/\/bogensportdiscount.ch\/it\/wp-json\/wp\/v2\/product_tag?post=393882"}],"curies":[{"name":"wp","href":"https:\/\/api.w.org\/{rel}","templated":true}]}}