{"id":393873,"date":"2026-04-05T14:31:27","date_gmt":"2026-04-05T12:31:27","guid":{"rendered":"https:\/\/bogensportdiscount.ch\/produkt\/gold-tip-accu-bushing-x-cutter-246-nock-12-pk\/"},"modified":"2026-04-15T12:16:48","modified_gmt":"2026-04-15T10:16:48","slug":"goldtip-accu-bushing-x-cutter-246-nock-12er-pack","status":"publish","type":"product","link":"https:\/\/bogensportdiscount.ch\/it\/prodotto\/goldtip-accu-bushing-x-cutter-246-nock-12er-pack\/","title":{"rendered":"TAGLIERINO A X CON PUNTA D'ORO (.246 NOCI) 12\/pz."},"content":{"rendered":"<p>Das GOLDTIP Accu Bushing X-Cutter erm\u00f6glicht die sichere Montage von .246 Nocks in X-Cutter Pfeilsch\u00e4ften. Die Bushings werden in den Pfeilschaft eingesetzt und bieten eine stabile, passgenaue Aufnahme f\u00fcr die Nocke.<\/p>\n<p>Nock-Bushings wie dieses sorgen f\u00fcr eine gleichm\u00e4ssige Nockenausrichtung und tragen zur Schusswiederholbarkeit bei. Das Set mit 12 St\u00fcck eignet sich f\u00fcr die Erstausstattung oder als Ersatzmaterial.<\/p>\n<ul>\n<li>Kompatibel mit GOLDTIP X-Cutter Pfeilsch\u00e4ften<\/li>\n<li>Passend f\u00fcr .246 Nocks<\/li>\n<li>12 St\u00fcck pro Packung<\/li>\n<li>Stabile Nockenaufnahme f\u00fcr konsistente Ergebnisse<\/li>\n<\/ul>","protected":false},"excerpt":{"rendered":"<p><strong>Marchio:<\/strong> Gold Tip<br \/><strong>GTIN:<\/strong> 791331910761<\/p>","protected":false},"featured_media":445110,"comment_status":"open","ping_status":"closed","template":"","meta":[],"product_brand":[855],"product_cat":[4550],"product_tag":[3546],"class_list":{"0":"post-393873","1":"product","2":"type-product","3":"status-publish","4":"has-post-thumbnail","6":"product_brand-goldtip","7":"product_cat-uni-bushings-pfeil-komponenten","8":"product_tag-neuheit","10":"first","11":"instock","12":"shipping-taxable","13":"purchasable","14":"product-type-simple"},"_links":{"self":[{"href":"https:\/\/bogensportdiscount.ch\/it\/wp-json\/wp\/v2\/product\/393873","targetHints":{"allow":["GET"]}}],"collection":[{"href":"https:\/\/bogensportdiscount.ch\/it\/wp-json\/wp\/v2\/product"}],"about":[{"href":"https:\/\/bogensportdiscount.ch\/it\/wp-json\/wp\/v2\/types\/product"}],"replies":[{"embeddable":true,"href":"https:\/\/bogensportdiscount.ch\/it\/wp-json\/wp\/v2\/comments?post=393873"}],"wp:featuredmedia":[{"embeddable":true,"href":"https:\/\/bogensportdiscount.ch\/it\/wp-json\/wp\/v2\/media\/445110"}],"wp:attachment":[{"href":"https:\/\/bogensportdiscount.ch\/it\/wp-json\/wp\/v2\/media?parent=393873"}],"wp:term":[{"taxonomy":"product_brand","embeddable":true,"href":"https:\/\/bogensportdiscount.ch\/it\/wp-json\/wp\/v2\/product_brand?post=393873"},{"taxonomy":"product_cat","embeddable":true,"href":"https:\/\/bogensportdiscount.ch\/it\/wp-json\/wp\/v2\/product_cat?post=393873"},{"taxonomy":"product_tag","embeddable":true,"href":"https:\/\/bogensportdiscount.ch\/it\/wp-json\/wp\/v2\/product_tag?post=393873"}],"curies":[{"name":"wp","href":"https:\/\/api.w.org\/{rel}","templated":true}]}}