{"id":393842,"date":"2026-04-05T14:31:20","date_gmt":"2026-04-05T12:31:20","guid":{"rendered":"https:\/\/bogensportdiscount.ch\/produkt\/mathews-bowsling-coyote\/"},"modified":"2026-04-15T12:16:47","modified_gmt":"2026-04-15T10:16:47","slug":"mathews-bogenschlinge-coyote","status":"publish","type":"product","link":"https:\/\/bogensportdiscount.ch\/it\/prodotto\/mathews-bogenschlinge-coyote\/","title":{"rendered":"MATHEWS BOWSLING COYOTE"},"content":{"rendered":"<p>Die Mathews Bogenschlinge Coyote ist eine Bogentragschlinge des amerikanischen Bogenherstellers Mathews. Sie ist in der Farbe Gr\u00fcn erh\u00e4ltlich und eignet sich zum komfortablen Tragen des Bogens.<\/p>\n<p>Bogenschlingen erm\u00f6glichen es, den Bogen sicher und griffbereit am K\u00f6rper zu tragen, ohne ihn in der Hand halten zu m\u00fcssen. Die Coyote-Schlinge von Mathews ist auf die Anforderungen aktiver Bogensch\u00fctzen ausgelegt.<\/p>\n<ul>\n<li>Hersteller: Mathews (USA)<\/li>\n<li>Farbe: Gr\u00fcn<\/li>\n<li>Geeignet f\u00fcr Compound-B\u00f6gen<\/li>\n<li>Kategorie: Bogenschlingen und Spannschn\u00fcre<\/li>\n<\/ul>","protected":false},"excerpt":{"rendered":"<table>\n<tr>\n<th>Propriet\u00e0<\/th>\n<th>Valore<\/th>\n<\/tr>\n<tr>\n<td>Marchio<\/td>\n<td>Mathews<\/td>\n<\/tr>\n<tr>\n<td>Colore<\/td>\n<td>Gr\u00fcn<\/td>\n<\/tr>\n<tr>\n<td>Herkunftsland<\/td>\n<td>USA<\/td>\n<\/tr>\n<\/table>","protected":false},"featured_media":453376,"comment_status":"open","ping_status":"closed","template":"","meta":[],"product_brand":[427],"product_cat":[4332],"product_tag":[3546],"class_list":{"0":"post-393842","1":"product","2":"type-product","3":"status-publish","4":"has-post-thumbnail","6":"product_brand-mathews","7":"product_cat-bogen-handgelenkschlinge","8":"product_tag-neuheit","10":"first","11":"instock","12":"shipping-taxable","13":"purchasable","14":"product-type-simple"},"_links":{"self":[{"href":"https:\/\/bogensportdiscount.ch\/it\/wp-json\/wp\/v2\/product\/393842","targetHints":{"allow":["GET"]}}],"collection":[{"href":"https:\/\/bogensportdiscount.ch\/it\/wp-json\/wp\/v2\/product"}],"about":[{"href":"https:\/\/bogensportdiscount.ch\/it\/wp-json\/wp\/v2\/types\/product"}],"replies":[{"embeddable":true,"href":"https:\/\/bogensportdiscount.ch\/it\/wp-json\/wp\/v2\/comments?post=393842"}],"wp:featuredmedia":[{"embeddable":true,"href":"https:\/\/bogensportdiscount.ch\/it\/wp-json\/wp\/v2\/media\/453376"}],"wp:attachment":[{"href":"https:\/\/bogensportdiscount.ch\/it\/wp-json\/wp\/v2\/media?parent=393842"}],"wp:term":[{"taxonomy":"product_brand","embeddable":true,"href":"https:\/\/bogensportdiscount.ch\/it\/wp-json\/wp\/v2\/product_brand?post=393842"},{"taxonomy":"product_cat","embeddable":true,"href":"https:\/\/bogensportdiscount.ch\/it\/wp-json\/wp\/v2\/product_cat?post=393842"},{"taxonomy":"product_tag","embeddable":true,"href":"https:\/\/bogensportdiscount.ch\/it\/wp-json\/wp\/v2\/product_tag?post=393842"}],"curies":[{"name":"wp","href":"https:\/\/api.w.org\/{rel}","templated":true}]}}