{"id":393830,"date":"2026-04-05T14:31:17","date_gmt":"2026-04-05T12:31:17","guid":{"rendered":"https:\/\/bogensportdiscount.ch\/produkt\/core-jet-metal-riser-tiller-screws\/"},"modified":"2026-04-17T13:16:48","modified_gmt":"2026-04-17T11:16:48","slug":"core-jet-metal-riser-tiller-schrauben","status":"publish","type":"product","link":"https:\/\/bogensportdiscount.ch\/it\/prodotto\/core-jet-metal-riser-tiller-schrauben\/","title":{"rendered":"VITI PER BARRA DI COMANDO IN METALLO CORE JET"},"content":{"rendered":"<p>Die CORE Jet Metal Riser Tiller-Schrauben sind Ersatz- bzw. Zubeh\u00f6rschrauben, die speziell f\u00fcr den CORE Jet Metallriser entwickelt wurden. Sie erm\u00f6glichen die pr\u00e4zise Einstellung des Tillers, also des Abstands zwischen Sehne und den Wurfarmans\u00e4tzen am Riser.<\/p>\n<p>Die korrekte Tiller-Einstellung ist beim Recurvebogen entscheidend f\u00fcr eine gleichm\u00e4ssige Lastverteilung auf beide Wurfarme und beeinflusst das Abschussverhalten direkt. Diese Schrauben sind als Ersatzteil oder zur Erg\u00e4nzung gedacht und ausschliesslich f\u00fcr den Einsatz am CORE Jet Metal Riser vorgesehen.<\/p>\n<ul>\n<li>Passend f\u00fcr den CORE Jet Metal Riser<\/li>\n<li>F\u00fcr die Einstellung des Tillers am Recurvebogen<\/li>\n<li>Solide Metallausf\u00fchrung<\/li>\n<li>Kompaktes Zubeh\u00f6r zum kleinen Preis<\/li>\n<\/ul>","protected":false},"excerpt":{"rendered":"<p><strong>Marchio:<\/strong> Core<\/p>","protected":false},"featured_media":441159,"comment_status":"open","ping_status":"closed","template":"","meta":[],"product_brand":[423],"product_cat":[4522],"product_tag":[3546],"class_list":{"0":"post-393830","1":"product","2":"type-product","3":"status-publish","4":"has-post-thumbnail","6":"product_brand-core","7":"product_cat-einzelteile-fuer-recurve-boegen-recurve-boegen","8":"product_tag-neuheit","10":"first","11":"instock","12":"shipping-taxable","13":"purchasable","14":"product-type-simple"},"_links":{"self":[{"href":"https:\/\/bogensportdiscount.ch\/it\/wp-json\/wp\/v2\/product\/393830","targetHints":{"allow":["GET"]}}],"collection":[{"href":"https:\/\/bogensportdiscount.ch\/it\/wp-json\/wp\/v2\/product"}],"about":[{"href":"https:\/\/bogensportdiscount.ch\/it\/wp-json\/wp\/v2\/types\/product"}],"replies":[{"embeddable":true,"href":"https:\/\/bogensportdiscount.ch\/it\/wp-json\/wp\/v2\/comments?post=393830"}],"wp:featuredmedia":[{"embeddable":true,"href":"https:\/\/bogensportdiscount.ch\/it\/wp-json\/wp\/v2\/media\/441159"}],"wp:attachment":[{"href":"https:\/\/bogensportdiscount.ch\/it\/wp-json\/wp\/v2\/media?parent=393830"}],"wp:term":[{"taxonomy":"product_brand","embeddable":true,"href":"https:\/\/bogensportdiscount.ch\/it\/wp-json\/wp\/v2\/product_brand?post=393830"},{"taxonomy":"product_cat","embeddable":true,"href":"https:\/\/bogensportdiscount.ch\/it\/wp-json\/wp\/v2\/product_cat?post=393830"},{"taxonomy":"product_tag","embeddable":true,"href":"https:\/\/bogensportdiscount.ch\/it\/wp-json\/wp\/v2\/product_tag?post=393830"}],"curies":[{"name":"wp","href":"https:\/\/api.w.org\/{rel}","templated":true}]}}